{"id":6240,"date":"2023-11-21T22:34:09","date_gmt":"2023-11-22T08:34:09","guid":{"rendered":"https:\/\/tahitisailanddive.com\/motor-catamaran-migaloo-43\/"},"modified":"2023-11-21T22:34:34","modified_gmt":"2023-11-22T08:34:34","slug":"motor-catamaran-migaloo-43","status":"publish","type":"page","link":"https:\/\/tahitisailanddive.com\/en\/motor-catamaran-migaloo-43\/","title":{"rendered":"Motor catamaran MIGALOO 43&#8242;"},"content":{"rendered":"[vc_row css=&#8221;.vc_custom_1466759083652{padding-top: 30px !important;padding-right: 30px !important;padding-bottom: 30px !important;padding-left: 30px !important;background-color: rgba(255,255,255,0.8) !important;*background-color: rgb(255,255,255) !important;border-radius: 5px !important;}&#8221;][vc_column width=&#8221;2\/3&#8243; css=&#8221;.vc_custom_1466113602123{padding-top: 30px !important;}&#8221;][vc_column_text]\n<h1><span style=\"font-size: 32px;\"><em><span style=\"font-family: georgia,palatino; color: #0489c1;\">Motor catamaran<br \/>\n<\/span><\/em><\/span><span style=\"font-size: 32px; color: #333333;\"><span style=\"font-family: georgia, palatino;\"><span style=\"font-family: Open Sans;\">&#8220;MIGALOO&#8221; 43&#8242;<br \/>\n<\/span><\/span><\/span><\/h1>\n<p style=\"text-align: justify;\"><span style=\"color: #333333;\">This MIGALOO motor catamaran has a large panoramic saloon which allows you to enjoy the view of the sea and the anchorage:<\/span><\/p>\n<p>&nbsp;<\/p>\n<div id=\"gallery-0\" class=\"wpex-gallery wpex-row lightbox-group clr\"><figure class=\"gallery-item span_1_of_3 col col-1\"><a href=\"https:\/\/tahitisailanddive.com\/wp-content\/uploads\/2023\/11\/catamaran-migaloo-croisiere-tahiti-01.jpg\" title=\"\" class=\"wpex-lightbox-group-item\" data-type=\"image\"><img loading=\"lazy\" decoding=\"async\" src=\"https:\/\/tahitisailanddive.com\/wp-content\/uploads\/2023\/11\/catamaran-migaloo-croisiere-tahiti-01.jpg\" width=\"800\" height=\"558\" alt=\"Catamaran-migaloo-croisiere-tahiti-01\" \/><\/a><\/figure><figure class=\"gallery-item span_1_of_3 col col-2\"><a href=\"https:\/\/tahitisailanddive.com\/wp-content\/uploads\/2023\/11\/catamaran-migaloo-croisiere-tahiti-02.jpg\" title=\"\" class=\"wpex-lightbox-group-item\" data-type=\"image\"><img loading=\"lazy\" decoding=\"async\" src=\"https:\/\/tahitisailanddive.com\/wp-content\/uploads\/2023\/11\/catamaran-migaloo-croisiere-tahiti-02.jpg\" width=\"800\" height=\"558\" alt=\"Catamaran-migaloo-croisiere-tahiti-02\" \/><\/a><\/figure><figure class=\"gallery-item span_1_of_3 col col-3\"><a href=\"https:\/\/tahitisailanddive.com\/wp-content\/uploads\/2023\/11\/catamaran-migaloo-croisiere-tahiti-03.jpg\" title=\"\" class=\"wpex-lightbox-group-item\" data-type=\"image\"><img loading=\"lazy\" decoding=\"async\" src=\"https:\/\/tahitisailanddive.com\/wp-content\/uploads\/2023\/11\/catamaran-migaloo-croisiere-tahiti-03.jpg\" width=\"1024\" height=\"369\" alt=\"Catamaran-migaloo-croisiere-tahiti-03\" \/><\/a><\/figure><figure class=\"gallery-item span_1_of_3 col col-1\"><a href=\"https:\/\/tahitisailanddive.com\/wp-content\/uploads\/2023\/11\/catamaran-migaloo-croisiere-tahiti-04.jpg\" title=\"\" class=\"wpex-lightbox-group-item\" data-type=\"image\"><img loading=\"lazy\" decoding=\"async\" src=\"https:\/\/tahitisailanddive.com\/wp-content\/uploads\/2023\/11\/catamaran-migaloo-croisiere-tahiti-04.jpg\" width=\"800\" height=\"558\" alt=\"Catamaran-migaloo-croisiere-tahiti-04\" \/><\/a><\/figure><figure class=\"gallery-item span_1_of_3 col col-2\"><a href=\"https:\/\/tahitisailanddive.com\/wp-content\/uploads\/2023\/11\/catamaran-migaloo-croisiere-tahiti-05.jpg\" title=\"\" class=\"wpex-lightbox-group-item\" data-type=\"image\"><img loading=\"lazy\" decoding=\"async\" src=\"https:\/\/tahitisailanddive.com\/wp-content\/uploads\/2023\/11\/catamaran-migaloo-croisiere-tahiti-05.jpg\" width=\"800\" height=\"962\" alt=\"Catamaran-migaloo-croisiere-tahiti-05\" \/><\/a><\/figure><figure class=\"gallery-item span_1_of_3 col col-3\"><a href=\"https:\/\/tahitisailanddive.com\/wp-content\/uploads\/2023\/11\/catamaran-migaloo-croisiere-tahiti-06.jpg\" title=\"\" class=\"wpex-lightbox-group-item\" data-type=\"image\"><img loading=\"lazy\" decoding=\"async\" src=\"https:\/\/tahitisailanddive.com\/wp-content\/uploads\/2023\/11\/catamaran-migaloo-croisiere-tahiti-06.jpg\" width=\"800\" height=\"600\" alt=\"Catamaran-migaloo-croisiere-tahiti-06\" \/><\/a><\/figure><figure class=\"gallery-item span_1_of_3 col col-1\"><a href=\"https:\/\/tahitisailanddive.com\/wp-content\/uploads\/2023\/11\/catamaran-migaloo-croisiere-tahiti-07.jpg\" title=\"\" class=\"wpex-lightbox-group-item\" data-type=\"image\"><img loading=\"lazy\" decoding=\"async\" src=\"https:\/\/tahitisailanddive.com\/wp-content\/uploads\/2023\/11\/catamaran-migaloo-croisiere-tahiti-07.jpg\" width=\"800\" height=\"600\" alt=\"Catamaran-migaloo-croisiere-tahiti-07\" \/><\/a><\/figure><figure class=\"gallery-item span_1_of_3 col col-2\"><a href=\"https:\/\/tahitisailanddive.com\/wp-content\/uploads\/2023\/11\/catamaran-migaloo-croisiere-tahiti-08.jpg\" title=\"\" class=\"wpex-lightbox-group-item\" data-type=\"image\"><img loading=\"lazy\" decoding=\"async\" src=\"https:\/\/tahitisailanddive.com\/wp-content\/uploads\/2023\/11\/catamaran-migaloo-croisiere-tahiti-08.jpg\" width=\"768\" height=\"1024\" alt=\"Catamaran-migaloo-croisiere-tahiti-08\" \/><\/a><\/figure><figure class=\"gallery-item span_1_of_3 col col-3\"><a href=\"https:\/\/tahitisailanddive.com\/wp-content\/uploads\/2023\/11\/catamaran-migaloo-croisiere-tahiti-09.jpg\" title=\"\" class=\"wpex-lightbox-group-item\" data-type=\"image\"><img loading=\"lazy\" decoding=\"async\" src=\"https:\/\/tahitisailanddive.com\/wp-content\/uploads\/2023\/11\/catamaran-migaloo-croisiere-tahiti-09.jpg\" width=\"768\" height=\"1024\" alt=\"Catamaran-migaloo-croisiere-tahiti-09\" \/><\/a><\/figure><figure class=\"gallery-item span_1_of_3 col col-1\"><a href=\"https:\/\/tahitisailanddive.com\/wp-content\/uploads\/2023\/11\/catamaran-migaloo-croisiere-tahiti-10.jpg\" title=\"\" class=\"wpex-lightbox-group-item\" data-type=\"image\"><img loading=\"lazy\" decoding=\"async\" src=\"https:\/\/tahitisailanddive.com\/wp-content\/uploads\/2023\/11\/catamaran-migaloo-croisiere-tahiti-10.jpg\" width=\"800\" height=\"600\" alt=\"Catamaran-migaloo-croisiere-tahiti-10\" \/><\/a><\/figure><figure class=\"gallery-item span_1_of_3 col col-2\"><a href=\"https:\/\/tahitisailanddive.com\/wp-content\/uploads\/2023\/11\/catamaran-migaloo-croisiere-tahiti-11.jpg\" title=\"\" class=\"wpex-lightbox-group-item\" data-type=\"image\"><img loading=\"lazy\" decoding=\"async\" src=\"https:\/\/tahitisailanddive.com\/wp-content\/uploads\/2023\/11\/catamaran-migaloo-croisiere-tahiti-11.jpg\" width=\"800\" height=\"473\" alt=\"Catamaran-migaloo-croisiere-tahiti-11\" \/><\/a><\/figure><figure class=\"gallery-item span_1_of_3 col col-3\"><a href=\"https:\/\/tahitisailanddive.com\/wp-content\/uploads\/2023\/11\/catamaran-migaloo-croisiere-tahiti-12.jpg\" title=\"\" class=\"wpex-lightbox-group-item\" data-type=\"image\"><img loading=\"lazy\" decoding=\"async\" src=\"https:\/\/tahitisailanddive.com\/wp-content\/uploads\/2023\/11\/catamaran-migaloo-croisiere-tahiti-12-800x1024.jpg\" width=\"800\" height=\"1024\" alt=\"Catamaran-migaloo-croisiere-tahiti-12\" \/><\/a><\/figure><figure class=\"gallery-item span_1_of_3 col col-1\"><a href=\"https:\/\/tahitisailanddive.com\/wp-content\/uploads\/2023\/11\/catamaran-migaloo-croisiere-tahiti-13.jpg\" title=\"\" class=\"wpex-lightbox-group-item\" data-type=\"image\"><img loading=\"lazy\" decoding=\"async\" src=\"https:\/\/tahitisailanddive.com\/wp-content\/uploads\/2023\/11\/catamaran-migaloo-croisiere-tahiti-13.jpg\" width=\"1024\" height=\"481\" alt=\"Catamaran-migaloo-croisiere-tahiti-13\" \/><\/a><\/figure><figure class=\"gallery-item span_1_of_3 col col-2\"><a href=\"https:\/\/tahitisailanddive.com\/wp-content\/uploads\/2023\/11\/catamaran-migaloo-croisiere-tahiti-14.jpg\" title=\"\" class=\"wpex-lightbox-group-item\" data-type=\"image\"><img loading=\"lazy\" decoding=\"async\" src=\"https:\/\/tahitisailanddive.com\/wp-content\/uploads\/2023\/11\/catamaran-migaloo-croisiere-tahiti-14.jpg\" width=\"800\" height=\"497\" alt=\"Catamaran-migaloo-croisiere-tahiti-14\" \/><\/a><\/figure><figure class=\"gallery-item span_1_of_3 col col-3\"><a href=\"https:\/\/tahitisailanddive.com\/wp-content\/uploads\/2023\/11\/catamaran-migaloo-croisiere-tahiti-15.jpg\" title=\"\" class=\"wpex-lightbox-group-item\" data-type=\"image\"><img loading=\"lazy\" decoding=\"async\" src=\"https:\/\/tahitisailanddive.com\/wp-content\/uploads\/2023\/11\/catamaran-migaloo-croisiere-tahiti-15-800x1024.jpg\" width=\"800\" height=\"1024\" alt=\"Catamaran-migaloo-croisiere-tahiti-15\" \/><\/a><\/figure><figure class=\"gallery-item span_1_of_3 col col-1\"><a href=\"https:\/\/tahitisailanddive.com\/wp-content\/uploads\/2023\/11\/catamaran-migaloo-croisiere-tahiti-16.jpg\" title=\"\" class=\"wpex-lightbox-group-item\" data-type=\"image\"><img loading=\"lazy\" decoding=\"async\" src=\"https:\/\/tahitisailanddive.com\/wp-content\/uploads\/2023\/11\/catamaran-migaloo-croisiere-tahiti-16.jpg\" width=\"800\" height=\"600\" alt=\"Catamaran-migaloo-croisiere-tahiti-16\" \/><\/a><\/figure><\/div>\n\n<h2><\/h2>\n[\/vc_column_text][vc_btn title=&#8221;BOOK YOUR CRUISE ON BOARD THE MIGALOO 43&apos; CATAMARAN&#8221; color=&#8221;primary&#8221; css_animation=&#8221;appear&#8221; link=&#8221;url:http%3A%2F%2Ftahitisailanddive.com%2Fcontact-tahiti-sail-and-dive-croisieres-tahiti%2F|&#8221;][\/vc_column][vc_column width=&#8221;1\/3&#8243; css=&#8221;.vc_custom_1466759117188{margin-top: 35px !important;padding-top: 5px !important;padding-right: 20px !important;padding-bottom: 20px !important;padding-left: 20px !important;background-color: #0489c1 !important;border-radius: 5px !important;}&#8221;][vc_column_text css=&#8221;.vc_custom_1699621959777{padding-top: 0px !important;}&#8221;]\n<h4><span style=\"color: #333333;\"><a href=\"https:\/\/tahitisailanddive.com\/wp-content\/uploads\/2023\/11\/catamaran-moteur-migaloo-43-tahiti-croisiere.jpg\"><img loading=\"lazy\" decoding=\"async\" class=\"alignleft size-medium wp-image-6141\" src=\"https:\/\/tahitisailanddive.com\/wp-content\/uploads\/2023\/11\/catamaran-moteur-migaloo-43-tahiti-croisiere-162x300.jpg\" alt=\"motor-catamaran-migaloo-43-tahiti-cruise\" width=\"162\" height=\"300\" srcset=\"https:\/\/tahitisailanddive.com\/wp-content\/uploads\/2023\/11\/catamaran-moteur-migaloo-43-tahiti-croisiere-162x300.jpg 162w, https:\/\/tahitisailanddive.com\/wp-content\/uploads\/2023\/11\/catamaran-moteur-migaloo-43-tahiti-croisiere.jpg 400w\" sizes=\"(max-width: 162px) 100vw, 162px\" \/><\/a><\/span><\/h4>\n<h4><\/h4>\n<h4><\/h4>\n<h4><span style=\"color: #ffffff;\">\u00c9QUIPMENT :<\/span><\/h4>\n<h4><span style=\"color: #ffffff;\"><span class=\"fa fa-check\"  style=\"color: #ffffff;font-size: 16px;\"><\/span> 3 double cabins with private bathrooms (hot water shower, sink and toilet)<br \/>\n<\/span><\/h4>\n<h4><span style=\"color: #ffffff;\"><span class=\"fa fa-check\"  style=\"color: #ffffff;font-size: 16px;\"><\/span> Large panoramic square and fully equipped kitchen (oven, 4-burner stove, 2 fridges, complete kitchenware)<br \/>\n<\/span><\/h4>\n<h4><span style=\"color: #ffffff;\"><span class=\"fa fa-check\"  style=\"color: #ffffff;font-size: 16px;\"><\/span> Hot water including on the rear deck.<br \/>\n<\/span><\/h4>\n<h4><span style=\"color: #ffffff;\"><span class=\"fa fa-check\"  style=\"color: #ffffff;font-size: 16px;\"><\/span> Two VOLVO 300 HP engines<br \/>\n<\/span><\/h4>\n<h4><span style=\"color: #ffffff;\"><span class=\"fa fa-check\"  style=\"color: #ffffff;font-size: 16px;\"><\/span> Semi-rigid tender<br \/>\n3.60 meter with 8 HP engine<br \/>\n<\/span><\/h4>\n<h4><span style=\"color: #ffffff;\"><span class=\"fa fa-check\"  style=\"color: #ffffff;font-size: 16px;\"><\/span> Fixed VHF ICOM ICM601 &#8211; AIS Transmission\/reception, Raymarine I60 wind network, depth sounder, survival and security boat for 8 people<br \/>\n<\/span><\/h4>\n<h4><span style=\"color: #ffffff;\"><span class=\"fa fa-check\"  style=\"color: #ffffff;font-size: 16px;\"><\/span> Chart reader, Raymarine ST60001 autopilot, GPS Raymarine E Series plotter<br \/>\n<\/span><\/h4>\n<h4><span style=\"color: #ffffff;\"><span class=\"fa fa-check\"  style=\"color: #ffffff;font-size: 16px;\"><\/span> Desalinator<br \/>\n<\/span><\/h4>\n<h4><span style=\"color: #ffffff;\"><span class=\"fa fa-check\"  style=\"color: #ffffff;font-size: 16px;\"><\/span> Air Conditioning Group &#8211; CLIMMAT &#8211; Saloon + Master cabin<br \/>\n<\/span><\/h4>\n<h4><span style=\"color: #ffffff;\"><span class=\"fa fa-check\"  style=\"color: #ffffff;font-size: 16px;\"><\/span> 4 Fly solar panels &#8211; 310w, Inverter Victron 12VA\/3000 VA &#8211; (12V\/220V) + 2 AR solar panels &#8211; 320w<br \/>\n<\/span><\/h4>\n<h4><span style=\"color: #ffffff;\"><span class=\"fa fa-check\"  style=\"color: #ffffff;font-size: 16px;\"><\/span> 120 liter kitchen refrigerator, 60 liter pilot seat refrigerator, 120 l refrigerator\/60 l freezer &#8211; Rear cabin<br \/>\n<\/span><\/h4>\n<h4><span style=\"color: #ffffff;\"><span class=\"fa fa-check\"  style=\"color: #ffffff;font-size: 16px;\"><\/span> Microwave oven, ice maker &#8211; Gelcubes &#8211; 15Kg\/24h, auto Radio &#8211; CD<br \/>\n<\/span><\/h4>\n<h4><span style=\"color: #ffffff;\"><span class=\"fa fa-check\"  style=\"color: #ffffff;font-size: 16px;\"><\/span> Living room TV + owner\u2019s cabin TV<br \/>\n<\/span><\/h4>\n<h4><span style=\"color: #ffffff;\"><span class=\"fa fa-check\"  style=\"color: #ffffff;font-size: 16px;\"><\/span> Paddle, kayak<br \/>\n<\/span><\/h4>\n<h4><span style=\"color: #0489c1;\"><span style=\"color: #ffffff;\"><span class=\"fa fa-check\"  style=\"color: #ffffff;font-size: 16px;\"><\/span> Library\/Board games<\/span><br \/>\n<\/span><\/h4>\n[\/vc_column_text][vc_empty_space][vc_separator][vc_column_text]\n<h4><span style=\"color: #ffffff;\">TECHNICAL CHARACTERISTICS :<\/span><\/h4>\n<p><span style=\"color: #ffffff;\">Hull length: 13.40 m<\/span><br \/>\n<span style=\"color: #ffffff;\">Length at waterline: 11.90 meters<\/span><br \/>\n<span style=\"color: #ffffff;\">Engine: 2 \u00d7 300 HP<\/span><br \/>\n<span style=\"color: #ffffff;\">Speed: 18 knots<\/span><br \/>\n<span style=\"color: #ffffff;\">Fuel: 396,3 Gal \/1500 L<\/span><br \/>\n<span style=\"color: #ffffff;\">Navigation category: Cruisers<\/span>[\/vc_column_text][vc_empty_space][vc_separator][vc_empty_space][\/vc_column][\/vc_row][vc_row][vc_column][vc_separator][\/vc_column][\/vc_row][vc_row][vc_column][vc_column_text]\n<p style=\"text-align: center;\">The photos and programs presented on www.tahitisailanddive.com are non-contractual and subject to modification without notice.<\/p>\n[\/vc_column_text][\/vc_column][\/vc_row]\n","protected":false},"excerpt":{"rendered":"<p>[vc_row css=&#8221;.vc_custom_1466759083652{padding-top: 30px !important;padding-right: 30px !important;padding-bottom: 30px !important;padding-left: 30px !important;background-color: rgba(255,255,255,0.8) !important;*background-color: rgb(255,255,255) !important;border-radius: 5px !important;}&#8221;][vc_column width=&#8221;2\/3&#8243; css=&#8221;.vc_custom_1466113602123{padding-top: 30px !important;}&#8221;][vc_column_text] Motor catamaran &#8220;MIGALOO&#8221; 43&#8242; This MIGALOO motor catamaran has a large panoramic saloon which allows you to enjoy the view&hellip;<\/p>\n","protected":false},"author":3,"featured_media":0,"parent":0,"menu_order":0,"comment_status":"closed","ping_status":"closed","template":"","meta":{"footnotes":""},"yoast_head":"<!-- This site is optimized with the Yoast SEO plugin v17.7.1 - https:\/\/yoast.com\/wordpress\/plugins\/seo\/ -->\n<title>Motor catamaran MIGALOO 43&#039; - Croisi\u00e8re Tahiti catamaran location voile et plong\u00e9e charter skipper \u00e0 Tahiti<\/title>\n<meta name=\"description\" content=\"Cruise to Tahiti on a LAGOON POWER catamaran, \u201cMIGALOO 43&#039;\u201d. This catamaran offers all the comfort you want for tailor-made cruises.\" \/>\n<meta name=\"robots\" content=\"index, follow, max-snippet:-1, max-image-preview:large, max-video-preview:-1\" \/>\n<link rel=\"canonical\" href=\"https:\/\/tahitisailanddive.com\/en\/motor-catamaran-migaloo-43\/\" \/>\n<meta property=\"og:locale\" content=\"en_US\" \/>\n<meta property=\"og:type\" content=\"article\" \/>\n<meta property=\"og:title\" content=\"Motor catamaran MIGALOO 43&#039; - Croisi\u00e8re Tahiti catamaran location voile et plong\u00e9e charter skipper \u00e0 Tahiti\" \/>\n<meta property=\"og:description\" content=\"Cruise to Tahiti on a LAGOON POWER catamaran, \u201cMIGALOO 43&#039;\u201d. This catamaran offers all the comfort you want for tailor-made cruises.\" \/>\n<meta property=\"og:url\" content=\"https:\/\/tahitisailanddive.com\/en\/motor-catamaran-migaloo-43\/\" \/>\n<meta property=\"og:site_name\" content=\"Croisi\u00e8re Tahiti catamaran location voile et plong\u00e9e charter skipper \u00e0 Tahiti\" \/>\n<meta property=\"article:publisher\" content=\"https:\/\/fr-fr.facebook.com\/people\/Tahitisailanddive-Sailanddive\/100007454959306\" \/>\n<meta property=\"article:modified_time\" content=\"2023-11-22T08:34:34+00:00\" \/>\n<meta property=\"og:image\" content=\"https:\/\/tahitisailanddive.com\/wp-content\/uploads\/2023\/11\/catamaran-moteur-migaloo-43-tahiti-croisiere-162x300.jpg\" \/>\n<meta name=\"twitter:label1\" content=\"Est. reading time\" \/>\n\t<meta name=\"twitter:data1\" content=\"3 minutes\" \/>\n<script type=\"application\/ld+json\" class=\"yoast-schema-graph\">{\"@context\":\"https:\/\/schema.org\",\"@graph\":[{\"@type\":\"WebSite\",\"@id\":\"https:\/\/tahitisailanddive.com\/#website\",\"url\":\"https:\/\/tahitisailanddive.com\/\",\"name\":\"Croisi\\u00e8re Tahiti catamaran location voile et plong\\u00e9e charter skipper \\u00e0 Tahiti\",\"description\":\"Croisi\\u00e8re Tahiti en catamaran. Venez admirer Tahiti en croisi\\u00e8re sur nos catamarans, voile et plong\\u00e9e \\u00e0 : Tahiti, Moorea, Bora Bora, Rangiroa, Fakarava, Tetiaora\\u2026\",\"potentialAction\":[{\"@type\":\"SearchAction\",\"target\":{\"@type\":\"EntryPoint\",\"urlTemplate\":\"https:\/\/tahitisailanddive.com\/?s={search_term_string}\"},\"query-input\":\"required name=search_term_string\"}],\"inLanguage\":\"en-US\"},{\"@type\":\"ImageObject\",\"@id\":\"https:\/\/tahitisailanddive.com\/en\/motor-catamaran-migaloo-43\/#primaryimage\",\"inLanguage\":\"en-US\",\"url\":\"https:\/\/tahitisailanddive.com\/wp-content\/uploads\/2023\/11\/catamaran-moteur-migaloo-43-tahiti-croisiere.jpg\",\"contentUrl\":\"https:\/\/tahitisailanddive.com\/wp-content\/uploads\/2023\/11\/catamaran-moteur-migaloo-43-tahiti-croisiere.jpg\",\"width\":400,\"height\":743,\"caption\":\"catamaran-moteur-migaloo-43-tahiti-croisiere\"},{\"@type\":\"WebPage\",\"@id\":\"https:\/\/tahitisailanddive.com\/en\/motor-catamaran-migaloo-43\/#webpage\",\"url\":\"https:\/\/tahitisailanddive.com\/en\/motor-catamaran-migaloo-43\/\",\"name\":\"Motor catamaran MIGALOO 43' - Croisi\\u00e8re Tahiti catamaran location voile et plong\\u00e9e charter skipper \\u00e0 Tahiti\",\"isPartOf\":{\"@id\":\"https:\/\/tahitisailanddive.com\/#website\"},\"primaryImageOfPage\":{\"@id\":\"https:\/\/tahitisailanddive.com\/en\/motor-catamaran-migaloo-43\/#primaryimage\"},\"datePublished\":\"2023-11-22T08:34:09+00:00\",\"dateModified\":\"2023-11-22T08:34:34+00:00\",\"description\":\"Cruise to Tahiti on a LAGOON POWER catamaran, \\u201cMIGALOO 43'\\u201d. This catamaran offers all the comfort you want for tailor-made cruises.\",\"breadcrumb\":{\"@id\":\"https:\/\/tahitisailanddive.com\/en\/motor-catamaran-migaloo-43\/#breadcrumb\"},\"inLanguage\":\"en-US\",\"potentialAction\":[{\"@type\":\"ReadAction\",\"target\":[\"https:\/\/tahitisailanddive.com\/en\/motor-catamaran-migaloo-43\/\"]}]},{\"@type\":\"BreadcrumbList\",\"@id\":\"https:\/\/tahitisailanddive.com\/en\/motor-catamaran-migaloo-43\/#breadcrumb\",\"itemListElement\":[{\"@type\":\"ListItem\",\"position\":1,\"name\":\"Accueil\",\"item\":\"https:\/\/tahitisailanddive.com\/en\/\"},{\"@type\":\"ListItem\",\"position\":2,\"name\":\"Motor catamaran MIGALOO 43&prime;\"}]}]}<\/script>\n<!-- \/ Yoast SEO plugin. -->","yoast_head_json":{"title":"Motor catamaran MIGALOO 43' - Croisi\u00e8re Tahiti catamaran location voile et plong\u00e9e charter skipper \u00e0 Tahiti","description":"Cruise to Tahiti on a LAGOON POWER catamaran, \u201cMIGALOO 43'\u201d. This catamaran offers all the comfort you want for tailor-made cruises.","robots":{"index":"index","follow":"follow","max-snippet":"max-snippet:-1","max-image-preview":"max-image-preview:large","max-video-preview":"max-video-preview:-1"},"canonical":"https:\/\/tahitisailanddive.com\/en\/motor-catamaran-migaloo-43\/","og_locale":"en_US","og_type":"article","og_title":"Motor catamaran MIGALOO 43' - Croisi\u00e8re Tahiti catamaran location voile et plong\u00e9e charter skipper \u00e0 Tahiti","og_description":"Cruise to Tahiti on a LAGOON POWER catamaran, \u201cMIGALOO 43'\u201d. This catamaran offers all the comfort you want for tailor-made cruises.","og_url":"https:\/\/tahitisailanddive.com\/en\/motor-catamaran-migaloo-43\/","og_site_name":"Croisi\u00e8re Tahiti catamaran location voile et plong\u00e9e charter skipper \u00e0 Tahiti","article_publisher":"https:\/\/fr-fr.facebook.com\/people\/Tahitisailanddive-Sailanddive\/100007454959306","article_modified_time":"2023-11-22T08:34:34+00:00","og_image":[{"url":"https:\/\/tahitisailanddive.com\/wp-content\/uploads\/2023\/11\/catamaran-moteur-migaloo-43-tahiti-croisiere-162x300.jpg"}],"twitter_misc":{"Est. reading time":"3 minutes"},"schema":{"@context":"https:\/\/schema.org","@graph":[{"@type":"WebSite","@id":"https:\/\/tahitisailanddive.com\/#website","url":"https:\/\/tahitisailanddive.com\/","name":"Croisi\u00e8re Tahiti catamaran location voile et plong\u00e9e charter skipper \u00e0 Tahiti","description":"Croisi\u00e8re Tahiti en catamaran. Venez admirer Tahiti en croisi\u00e8re sur nos catamarans, voile et plong\u00e9e \u00e0 : Tahiti, Moorea, Bora Bora, Rangiroa, Fakarava, Tetiaora\u2026","potentialAction":[{"@type":"SearchAction","target":{"@type":"EntryPoint","urlTemplate":"https:\/\/tahitisailanddive.com\/?s={search_term_string}"},"query-input":"required name=search_term_string"}],"inLanguage":"en-US"},{"@type":"ImageObject","@id":"https:\/\/tahitisailanddive.com\/en\/motor-catamaran-migaloo-43\/#primaryimage","inLanguage":"en-US","url":"https:\/\/tahitisailanddive.com\/wp-content\/uploads\/2023\/11\/catamaran-moteur-migaloo-43-tahiti-croisiere.jpg","contentUrl":"https:\/\/tahitisailanddive.com\/wp-content\/uploads\/2023\/11\/catamaran-moteur-migaloo-43-tahiti-croisiere.jpg","width":400,"height":743,"caption":"catamaran-moteur-migaloo-43-tahiti-croisiere"},{"@type":"WebPage","@id":"https:\/\/tahitisailanddive.com\/en\/motor-catamaran-migaloo-43\/#webpage","url":"https:\/\/tahitisailanddive.com\/en\/motor-catamaran-migaloo-43\/","name":"Motor catamaran MIGALOO 43' - Croisi\u00e8re Tahiti catamaran location voile et plong\u00e9e charter skipper \u00e0 Tahiti","isPartOf":{"@id":"https:\/\/tahitisailanddive.com\/#website"},"primaryImageOfPage":{"@id":"https:\/\/tahitisailanddive.com\/en\/motor-catamaran-migaloo-43\/#primaryimage"},"datePublished":"2023-11-22T08:34:09+00:00","dateModified":"2023-11-22T08:34:34+00:00","description":"Cruise to Tahiti on a LAGOON POWER catamaran, \u201cMIGALOO 43'\u201d. This catamaran offers all the comfort you want for tailor-made cruises.","breadcrumb":{"@id":"https:\/\/tahitisailanddive.com\/en\/motor-catamaran-migaloo-43\/#breadcrumb"},"inLanguage":"en-US","potentialAction":[{"@type":"ReadAction","target":["https:\/\/tahitisailanddive.com\/en\/motor-catamaran-migaloo-43\/"]}]},{"@type":"BreadcrumbList","@id":"https:\/\/tahitisailanddive.com\/en\/motor-catamaran-migaloo-43\/#breadcrumb","itemListElement":[{"@type":"ListItem","position":1,"name":"Accueil","item":"https:\/\/tahitisailanddive.com\/en\/"},{"@type":"ListItem","position":2,"name":"Motor catamaran MIGALOO 43&prime;"}]}]}},"_links":{"self":[{"href":"https:\/\/tahitisailanddive.com\/en\/wp-json\/wp\/v2\/pages\/6240"}],"collection":[{"href":"https:\/\/tahitisailanddive.com\/en\/wp-json\/wp\/v2\/pages"}],"about":[{"href":"https:\/\/tahitisailanddive.com\/en\/wp-json\/wp\/v2\/types\/page"}],"author":[{"embeddable":true,"href":"https:\/\/tahitisailanddive.com\/en\/wp-json\/wp\/v2\/users\/3"}],"replies":[{"embeddable":true,"href":"https:\/\/tahitisailanddive.com\/en\/wp-json\/wp\/v2\/comments?post=6240"}],"version-history":[{"count":6,"href":"https:\/\/tahitisailanddive.com\/en\/wp-json\/wp\/v2\/pages\/6240\/revisions"}],"predecessor-version":[{"id":6246,"href":"https:\/\/tahitisailanddive.com\/en\/wp-json\/wp\/v2\/pages\/6240\/revisions\/6246"}],"wp:attachment":[{"href":"https:\/\/tahitisailanddive.com\/en\/wp-json\/wp\/v2\/media?parent=6240"}],"curies":[{"name":"wp","href":"https:\/\/api.w.org\/{rel}","templated":true}]}}