{"id":4497,"date":"2016-06-23T08:37:13","date_gmt":"2016-06-23T18:37:13","guid":{"rendered":"http:\/\/tahitisailanddive.com\/mentions-legales\/"},"modified":"2023-11-21T23:57:14","modified_gmt":"2023-11-22T09:57:14","slug":"legal-notice-tahiti-sail-and-dive","status":"publish","type":"page","link":"https:\/\/tahitisailanddive.com\/en\/legal-notice-tahiti-sail-and-dive\/","title":{"rendered":"Legal Notice"},"content":{"rendered":"<div class=\"gdl-page-float-left\">\n<div class=\"gdl-page-item\">\n<div class=\"sixteen columns mt0\">\n<div class=\"gdl-page-content\">\n<div class=\"three-fourth\">\n<article id=\"post-185\" class=\"post-185 page type-page status-publish hentry clearfix\">\n<div class=\"page-body clearfix\">\n<div>\n<p><strong>CREATION OF THE SITE:<\/strong><br \/>\nTAHITI SAIL AND DIVE<br \/>\nPapeete Yachts Pier<br \/>\nBox 2487<br \/>\n98718 PUNAAUIA &#8211; TAHITI<br \/>\nTahiti +689 87 74 61 20<br \/>\nMail : contact@tahitisailanddive.com<\/p>\n<p><strong>SITE DESIGN AND REFERENCING:<\/strong><br \/>\nJean-Marc B\u00e9guin<br \/>\n<a href=\"http:\/\/jmbeguin.com\/\">Graphic designer and web designer \u2013 Toulouse &#8211; France<\/a><br \/>\n<a title=\"Jmbeguin - Graphic Designer Web Designer Toulouse - France\" href=\"http:\/\/www.jmbeguin.com\" target=\"_blank\" rel=\"noopener noreferrer\">jmbeguin.com<\/a><\/p>\n<p><strong>HOSTING :<br \/>\n<\/strong>www.tahitisailanddive.com is hosted by the company OVH<br \/>\nHead office: 2 rue Kellermann \u2013 59100 Roubaix \u2013 France<br \/>\n<a href=\"http:\/\/www.ovh.com\" target=\"_blank\" rel=\"noopener noreferrer\">http:\/\/www.ovh.com<\/a><\/p>\n<p><strong>PROPERTY :<br \/>\n<\/strong>This entire site is subject to French and international legislation<br \/>\non copyright and intellectual property. The general structure, as well as the texts, photos, images making up this site are the property of Tahiti Sail And Dive.<br \/>\nThe reproduction of all or part of this site on any electronic medium is strictly prohibited, unless expressly authorized by the owner of the site.<\/p>\n<\/div>\n<p><strong>PARTNER DIRECTORIES:<\/strong><br \/>\n<a href=\"http:\/\/www.annumer.fr\" title=\"Annumer.fr: the sea directory\">Free sea directory<\/a>\n<\/div>\n<\/article>\n<\/div>\n<\/div>\n<\/div>\n<\/div>\n<\/div>\n","protected":false},"excerpt":{"rendered":"<p>CREATION OF THE SITE: TAHITI SAIL AND DIVE Papeete Yachts Pier Box 2487 98718 PUNAAUIA &#8211; TAHITI Tahiti +689 87 74 61 20 Mail : contact@tahitisailanddive.com SITE DESIGN AND REFERENCING: Jean-Marc B\u00e9guin Graphic designer and web designer \u2013 Toulouse &#8211;&hellip;<\/p>\n","protected":false},"author":3,"featured_media":0,"parent":0,"menu_order":0,"comment_status":"closed","ping_status":"closed","template":"","meta":{"footnotes":""},"yoast_head":"<!-- This site is optimized with the Yoast SEO plugin v17.7.1 - https:\/\/yoast.com\/wordpress\/plugins\/seo\/ -->\n<title>Legal Notice - Croisi\u00e8re Tahiti catamaran location voile et plong\u00e9e charter skipper \u00e0 Tahiti<\/title>\n<meta name=\"description\" content=\"CREATION OF THE SITE: TAHITI SAIL AND DIVE Papeete Yachts Pier Box 2487 98718 PUNAAUIA - TAHITI Tahiti +689 87 74 61 20 Mail :\" \/>\n<meta name=\"robots\" content=\"index, follow, max-snippet:-1, max-image-preview:large, max-video-preview:-1\" \/>\n<link rel=\"canonical\" href=\"https:\/\/tahitisailanddive.com\/en\/legal-notice-tahiti-sail-and-dive\/\" \/>\n<meta property=\"og:locale\" content=\"en_US\" \/>\n<meta property=\"og:type\" content=\"article\" \/>\n<meta property=\"og:title\" content=\"Legal Notice - Croisi\u00e8re Tahiti catamaran location voile et plong\u00e9e charter skipper \u00e0 Tahiti\" \/>\n<meta property=\"og:description\" content=\"CREATION OF THE SITE: TAHITI SAIL AND DIVE Papeete Yachts Pier Box 2487 98718 PUNAAUIA - TAHITI Tahiti +689 87 74 61 20 Mail :\" \/>\n<meta property=\"og:url\" content=\"https:\/\/tahitisailanddive.com\/en\/legal-notice-tahiti-sail-and-dive\/\" \/>\n<meta property=\"og:site_name\" content=\"Croisi\u00e8re Tahiti catamaran location voile et plong\u00e9e charter skipper \u00e0 Tahiti\" \/>\n<meta property=\"article:publisher\" content=\"https:\/\/fr-fr.facebook.com\/people\/Tahitisailanddive-Sailanddive\/100007454959306\" \/>\n<meta property=\"article:modified_time\" content=\"2023-11-22T09:57:14+00:00\" \/>\n<meta name=\"twitter:label1\" content=\"Est. reading time\" \/>\n\t<meta name=\"twitter:data1\" content=\"1 minute\" \/>\n<script type=\"application\/ld+json\" class=\"yoast-schema-graph\">{\"@context\":\"https:\/\/schema.org\",\"@graph\":[{\"@type\":\"WebSite\",\"@id\":\"https:\/\/tahitisailanddive.com\/#website\",\"url\":\"https:\/\/tahitisailanddive.com\/\",\"name\":\"Croisi\\u00e8re Tahiti catamaran location voile et plong\\u00e9e charter skipper \\u00e0 Tahiti\",\"description\":\"Croisi\\u00e8re Tahiti en catamaran. Venez admirer Tahiti en croisi\\u00e8re sur nos catamarans, voile et plong\\u00e9e \\u00e0 : Tahiti, Moorea, Bora Bora, Rangiroa, Fakarava, Tetiaora\\u2026\",\"potentialAction\":[{\"@type\":\"SearchAction\",\"target\":{\"@type\":\"EntryPoint\",\"urlTemplate\":\"https:\/\/tahitisailanddive.com\/?s={search_term_string}\"},\"query-input\":\"required name=search_term_string\"}],\"inLanguage\":\"en-US\"},{\"@type\":\"WebPage\",\"@id\":\"https:\/\/tahitisailanddive.com\/en\/legal-notice-tahiti-sail-and-dive\/#webpage\",\"url\":\"https:\/\/tahitisailanddive.com\/en\/legal-notice-tahiti-sail-and-dive\/\",\"name\":\"Legal Notice - Croisi\\u00e8re Tahiti catamaran location voile et plong\\u00e9e charter skipper \\u00e0 Tahiti\",\"isPartOf\":{\"@id\":\"https:\/\/tahitisailanddive.com\/#website\"},\"datePublished\":\"2016-06-23T18:37:13+00:00\",\"dateModified\":\"2023-11-22T09:57:14+00:00\",\"description\":\"CREATION OF THE SITE: TAHITI SAIL AND DIVE Papeete Yachts Pier Box 2487 98718 PUNAAUIA - TAHITI Tahiti +689 87 74 61 20 Mail :\",\"breadcrumb\":{\"@id\":\"https:\/\/tahitisailanddive.com\/en\/legal-notice-tahiti-sail-and-dive\/#breadcrumb\"},\"inLanguage\":\"en-US\",\"potentialAction\":[{\"@type\":\"ReadAction\",\"target\":[\"https:\/\/tahitisailanddive.com\/en\/legal-notice-tahiti-sail-and-dive\/\"]}]},{\"@type\":\"BreadcrumbList\",\"@id\":\"https:\/\/tahitisailanddive.com\/en\/legal-notice-tahiti-sail-and-dive\/#breadcrumb\",\"itemListElement\":[{\"@type\":\"ListItem\",\"position\":1,\"name\":\"Accueil\",\"item\":\"https:\/\/tahitisailanddive.com\/en\/\"},{\"@type\":\"ListItem\",\"position\":2,\"name\":\"Legal Notice\"}]}]}<\/script>\n<!-- \/ Yoast SEO plugin. -->","yoast_head_json":{"title":"Legal Notice - Croisi\u00e8re Tahiti catamaran location voile et plong\u00e9e charter skipper \u00e0 Tahiti","description":"CREATION OF THE SITE: TAHITI SAIL AND DIVE Papeete Yachts Pier Box 2487 98718 PUNAAUIA - TAHITI Tahiti +689 87 74 61 20 Mail :","robots":{"index":"index","follow":"follow","max-snippet":"max-snippet:-1","max-image-preview":"max-image-preview:large","max-video-preview":"max-video-preview:-1"},"canonical":"https:\/\/tahitisailanddive.com\/en\/legal-notice-tahiti-sail-and-dive\/","og_locale":"en_US","og_type":"article","og_title":"Legal Notice - Croisi\u00e8re Tahiti catamaran location voile et plong\u00e9e charter skipper \u00e0 Tahiti","og_description":"CREATION OF THE SITE: TAHITI SAIL AND DIVE Papeete Yachts Pier Box 2487 98718 PUNAAUIA - TAHITI Tahiti +689 87 74 61 20 Mail :","og_url":"https:\/\/tahitisailanddive.com\/en\/legal-notice-tahiti-sail-and-dive\/","og_site_name":"Croisi\u00e8re Tahiti catamaran location voile et plong\u00e9e charter skipper \u00e0 Tahiti","article_publisher":"https:\/\/fr-fr.facebook.com\/people\/Tahitisailanddive-Sailanddive\/100007454959306","article_modified_time":"2023-11-22T09:57:14+00:00","twitter_misc":{"Est. reading time":"1 minute"},"schema":{"@context":"https:\/\/schema.org","@graph":[{"@type":"WebSite","@id":"https:\/\/tahitisailanddive.com\/#website","url":"https:\/\/tahitisailanddive.com\/","name":"Croisi\u00e8re Tahiti catamaran location voile et plong\u00e9e charter skipper \u00e0 Tahiti","description":"Croisi\u00e8re Tahiti en catamaran. Venez admirer Tahiti en croisi\u00e8re sur nos catamarans, voile et plong\u00e9e \u00e0 : Tahiti, Moorea, Bora Bora, Rangiroa, Fakarava, Tetiaora\u2026","potentialAction":[{"@type":"SearchAction","target":{"@type":"EntryPoint","urlTemplate":"https:\/\/tahitisailanddive.com\/?s={search_term_string}"},"query-input":"required name=search_term_string"}],"inLanguage":"en-US"},{"@type":"WebPage","@id":"https:\/\/tahitisailanddive.com\/en\/legal-notice-tahiti-sail-and-dive\/#webpage","url":"https:\/\/tahitisailanddive.com\/en\/legal-notice-tahiti-sail-and-dive\/","name":"Legal Notice - Croisi\u00e8re Tahiti catamaran location voile et plong\u00e9e charter skipper \u00e0 Tahiti","isPartOf":{"@id":"https:\/\/tahitisailanddive.com\/#website"},"datePublished":"2016-06-23T18:37:13+00:00","dateModified":"2023-11-22T09:57:14+00:00","description":"CREATION OF THE SITE: TAHITI SAIL AND DIVE Papeete Yachts Pier Box 2487 98718 PUNAAUIA - TAHITI Tahiti +689 87 74 61 20 Mail :","breadcrumb":{"@id":"https:\/\/tahitisailanddive.com\/en\/legal-notice-tahiti-sail-and-dive\/#breadcrumb"},"inLanguage":"en-US","potentialAction":[{"@type":"ReadAction","target":["https:\/\/tahitisailanddive.com\/en\/legal-notice-tahiti-sail-and-dive\/"]}]},{"@type":"BreadcrumbList","@id":"https:\/\/tahitisailanddive.com\/en\/legal-notice-tahiti-sail-and-dive\/#breadcrumb","itemListElement":[{"@type":"ListItem","position":1,"name":"Accueil","item":"https:\/\/tahitisailanddive.com\/en\/"},{"@type":"ListItem","position":2,"name":"Legal Notice"}]}]}},"_links":{"self":[{"href":"https:\/\/tahitisailanddive.com\/en\/wp-json\/wp\/v2\/pages\/4497"}],"collection":[{"href":"https:\/\/tahitisailanddive.com\/en\/wp-json\/wp\/v2\/pages"}],"about":[{"href":"https:\/\/tahitisailanddive.com\/en\/wp-json\/wp\/v2\/types\/page"}],"author":[{"embeddable":true,"href":"https:\/\/tahitisailanddive.com\/en\/wp-json\/wp\/v2\/users\/3"}],"replies":[{"embeddable":true,"href":"https:\/\/tahitisailanddive.com\/en\/wp-json\/wp\/v2\/comments?post=4497"}],"version-history":[{"count":1,"href":"https:\/\/tahitisailanddive.com\/en\/wp-json\/wp\/v2\/pages\/4497\/revisions"}],"predecessor-version":[{"id":6265,"href":"https:\/\/tahitisailanddive.com\/en\/wp-json\/wp\/v2\/pages\/4497\/revisions\/6265"}],"wp:attachment":[{"href":"https:\/\/tahitisailanddive.com\/en\/wp-json\/wp\/v2\/media?parent=4497"}],"curies":[{"name":"wp","href":"https:\/\/api.w.org\/{rel}","templated":true}]}}