{"id":4492,"date":"2016-07-17T00:42:07","date_gmt":"2016-07-17T10:42:07","guid":{"rendered":"http:\/\/tahitisailanddive.com\/infos-pratiques-croisiere-tahiti-polynesie\/"},"modified":"2018-03-24T12:11:39","modified_gmt":"2018-03-24T22:11:39","slug":"practical-information-tahiti-cruise-polynesia","status":"publish","type":"page","link":"https:\/\/tahitisailanddive.com\/en\/practical-information-tahiti-cruise-polynesia\/","title":{"rendered":"Practical information Tahiti cruise &#8211; Polynesia"},"content":{"rendered":"[vc_row][vc_column typography_style=&#8221;white-shadow&#8221;][vc_column_text]\n<h1 style=\"text-align: center;\"><span style=\"font-size: 36px; color: #ffffff; line-height: 1em;\"><em><span style=\"font-family: georgia, palatino;\">Practical information to prepare at best<br \/>\n<span style=\"font-size: 44px; line-height: 1em;\">your trip to Tahiti<\/span><\/span><\/em><\/span><br \/>\n<span style=\"font-family: Open\\ Sans; font-size: 36px; color: #ffffff; line-height: 1em;\">and sailing cruise in French Polynesia.<\/span><\/h1>\n[\/vc_column_text][\/vc_column][\/vc_row][vc_row][vc_column width=&#8221;2\/3&#8243; css_animation=&#8221;left-to-right&#8221; css=&#8221;.vc_custom_1468767208826{padding-top: 20px !important;padding-right: 20px !important;padding-bottom: 20px !important;padding-left: 20px !important;background-color: rgba(255,255,255,0.8) !important;*background-color: rgb(255,255,255) !important;border-radius: 5px !important;}&#8221;][vc_column_text]\n<h1 style=\"text-align: justify;\"><span style=\"color: #0489c1; font-size: 28px;\"><em><span style=\"font-family: georgia, palatino;\">P<span id=\"result_box\" class=\"\" lang=\"en\" tabindex=\"-1\">REPARE YOUR CRUISE<br \/>\n<span class=\"\">IN CATAMARAN AT TAHITI AND ITS ISLANDS:<\/span><\/span><\/span><\/em><\/span><\/h1>\n<h2 style=\"text-align: justify;\"><\/h2>\n<h2 style=\"text-align: justify;\"><span style=\"color: #0489c1;\">C<span id=\"result_box\" class=\"\" lang=\"en\" tabindex=\"-1\"><span class=\"\">LIMATE AND NAVIGATION:<\/span><\/span><\/span><\/h2>\n<p style=\"text-align: justify;\"><strong><span style=\"color: #0489c1;\">L<span id=\"result_box\" class=\"\" lang=\"en\" tabindex=\"-1\"><span class=\"\">ocated in the intertropical zone, French Polynesia benefits from a climatic unit, with a sun present on average 8 hours a day and a low annual thermal amplitude with temperatures oscillating between 75,2 and 86 \u00b0F (24 and 30 \u00b0C) all the year.<\/span><\/span><\/span><\/strong><\/p>\n<p style=\"text-align: justify;\"><span style=\"color: #0489c1;\">\u2022<\/span> <span id=\"result_box\" class=\"\" lang=\"en\" tabindex=\"-1\"><span class=\"\"><strong>&#8220;Cool&#8221; season from April to October<\/strong> (austral winter):<\/span><\/span><br \/>\n&gt; p<span id=\"result_box\" class=\"\" lang=\"en\" tabindex=\"-1\"><span class=\"\">erfect conditions for cruising, regular trade winds south-east, sunny days and well ventilated.<\/span><\/span><\/p>\n<p style=\"text-align: justify;\"><span style=\"color: #0489c1;\">\u2022<\/span> <strong>R<\/strong><span id=\"result_box\" class=\"\" lang=\"en\" tabindex=\"-1\"><span class=\"\"><strong>ainy season from November to March<\/strong> (austral summer):<\/span><\/span><br \/>\n&gt; <span id=\"result_box\" class=\"\" lang=\"en\" tabindex=\"-1\"><span class=\"\">hurricane season with frequent rains and stronger winds.<\/span><\/span><\/p>\n<p style=\"text-align: justify;\"><span style=\"color: #0489c1;\">\u2022<\/span> <span id=\"result_box\" class=\"\" lang=\"en\" tabindex=\"-1\">Tides: not very important or almost zero in the lagoons.<\/span><\/p>\n<h2 style=\"text-align: justify;\"><span style=\"color: #0489c1;\"><span id=\"result_box\" class=\"\" lang=\"en\" tabindex=\"-1\"><span class=\"\">HEALTH AND VACCINES:<\/span><\/span><\/span><\/h2>\n<p style=\"text-align: justify;\"><span id=\"result_box\" class=\"\" lang=\"en\" tabindex=\"-1\"><span class=\"\">Vaccinations recommended by your country<br \/>\n<\/span><\/span><\/p>\n<h2 style=\"text-align: justify;\"><span style=\"color: #0489c1;\"><span id=\"result_box\" class=\"\" lang=\"en\" tabindex=\"-1\"><span class=\"\">EQUIPMENT TO BE PROVIDED:<\/span><\/span><\/span><\/h2>\n<p style=\"text-align: justify;\"><a href=\"https:\/\/tahitisailanddive.com\/wp-content\/uploads\/2016\/07\/croisiere-tahiti-climat-800.jpg\"><img loading=\"lazy\" decoding=\"async\" class=\"alignleft wp-image-3549 size-medium\" src=\"https:\/\/tahitisailanddive.com\/wp-content\/uploads\/2016\/07\/croisiere-tahiti-climat-800-300x225.jpg\" alt=\"croisiere-tahiti-climat\" width=\"300\" height=\"225\" srcset=\"https:\/\/tahitisailanddive.com\/wp-content\/uploads\/2016\/07\/croisiere-tahiti-climat-800-300x225.jpg 300w, https:\/\/tahitisailanddive.com\/wp-content\/uploads\/2016\/07\/croisiere-tahiti-climat-800-768x576.jpg 768w, https:\/\/tahitisailanddive.com\/wp-content\/uploads\/2016\/07\/croisiere-tahiti-climat-800.jpg 800w\" sizes=\"(max-width: 300px) 100vw, 300px\" \/><\/a><strong><span id=\"result_box\" class=\"\" lang=\"en\" tabindex=\"-1\"><span class=\"\">Plan for light clothes:<\/span><\/span><\/strong><br \/>\n<span id=\"result_box\" class=\"\" lang=\"en\" tabindex=\"-1\"><span class=\"\">The climate is very mild in Tahiti and on the Polynesian islands, summer clothes and beachwear are recommended.<\/span> <span class=\"\">In catamaran cruising, the essential thing to remember is your sun protection!<\/span> <span class=\"\">Sun creams, sunglasses, hats &#8230;<\/span><br \/>\n<span class=\"\">In case of rain or wind, for evenings and cooler nights from June to August, plan a small woolen and waterproof clothing.<\/span><\/span><\/p>\n<p style=\"text-align: justify;\"><a href=\"https:\/\/tahitisailanddive.com\/wp-content\/uploads\/2016\/07\/tahiti-croisiere-catamaran-coucher-soleil-800.jpg\"><img loading=\"lazy\" decoding=\"async\" class=\"alignleft size-medium wp-image-3551\" src=\"https:\/\/tahitisailanddive.com\/wp-content\/uploads\/2016\/07\/tahiti-croisiere-catamaran-coucher-soleil-800-300x200.jpg\" alt=\"tahiti-croisiere-catamaran-coucher-soleil\" width=\"300\" height=\"200\" srcset=\"https:\/\/tahitisailanddive.com\/wp-content\/uploads\/2016\/07\/tahiti-croisiere-catamaran-coucher-soleil-800-300x200.jpg 300w, https:\/\/tahitisailanddive.com\/wp-content\/uploads\/2016\/07\/tahiti-croisiere-catamaran-coucher-soleil-800-768x512.jpg 768w, https:\/\/tahitisailanddive.com\/wp-content\/uploads\/2016\/07\/tahiti-croisiere-catamaran-coucher-soleil-800.jpg 800w\" sizes=\"(max-width: 300px) 100vw, 300px\" \/><\/a><strong>To protect<\/strong> <span id=\"result_box\" class=\"\" lang=\"en\" tabindex=\"-1\"><span class=\"\"><strong>your feet<\/strong>, provide shoes to walk in the water because the beaches are often lined with corals, but, on the ground, prefer the &#8220;tong&#8221; or light savate, because everyone takes off their shoes before entering a house<\/span> <span class=\"\">or a bungalow.<\/span><\/span><\/p>\n<p style=\"text-align: justify;\"><strong><span id=\"result_box\" class=\"\" lang=\"en\" tabindex=\"-1\"><span class=\"\">In case of mosquitoes:<\/span><\/span><\/strong>\u00a0<span id=\"result_box\" class=\"\" lang=\"en\" tabindex=\"-1\"><span class=\"\">think of providing a classic repellent, <strong>but no anti-malarial treatment is to be expected.<\/strong><\/span><\/span><\/p>\n<p style=\"text-align: justify;\"><a href=\"https:\/\/tahitisailanddive.com\/wp-content\/uploads\/2016\/07\/tahiti-croisiere-catamaran-plongee-800.jpg\"><img loading=\"lazy\" decoding=\"async\" class=\"alignleft size-medium wp-image-3558\" src=\"https:\/\/tahitisailanddive.com\/wp-content\/uploads\/2016\/07\/tahiti-croisiere-catamaran-plongee-800-300x200.jpg\" alt=\"tahiti-croisiere-catamaran-plongee-800\" width=\"300\" height=\"200\" srcset=\"https:\/\/tahitisailanddive.com\/wp-content\/uploads\/2016\/07\/tahiti-croisiere-catamaran-plongee-800-300x200.jpg 300w, https:\/\/tahitisailanddive.com\/wp-content\/uploads\/2016\/07\/tahiti-croisiere-catamaran-plongee-800-768x512.jpg 768w, https:\/\/tahitisailanddive.com\/wp-content\/uploads\/2016\/07\/tahiti-croisiere-catamaran-plongee-800.jpg 800w\" sizes=\"(max-width: 300px) 100vw, 300px\" \/><\/a><strong>F<span id=\"result_box\" class=\"\" lang=\"en\" tabindex=\"-1\"><span class=\"\">or the rest of the equipment snorkel or underwater diving, canoeing, paddle, trolling &#8230; we take care of providing them!<\/span><\/span><\/strong><\/p>\n<h2 style=\"text-align: justify;\"><span style=\"color: #0489c1;\"><a href=\"https:\/\/tahitisailanddive.com\/wp-content\/uploads\/2016\/07\/tahiti-croisiere-catamaran-plage-800.jpg\"><img loading=\"lazy\" decoding=\"async\" class=\"alignleft size-medium wp-image-3561\" src=\"https:\/\/tahitisailanddive.com\/wp-content\/uploads\/2016\/07\/tahiti-croisiere-catamaran-plage-800-300x200.jpg\" alt=\"tahiti-croisiere-catamaran-plage\" width=\"300\" height=\"200\" srcset=\"https:\/\/tahitisailanddive.com\/wp-content\/uploads\/2016\/07\/tahiti-croisiere-catamaran-plage-800-300x200.jpg 300w, https:\/\/tahitisailanddive.com\/wp-content\/uploads\/2016\/07\/tahiti-croisiere-catamaran-plage-800-768x512.jpg 768w, https:\/\/tahitisailanddive.com\/wp-content\/uploads\/2016\/07\/tahiti-croisiere-catamaran-plage-800.jpg 800w\" sizes=\"(max-width: 300px) 100vw, 300px\" \/><\/a>PETIT LEXIQUE TAHITIEN :<\/span><\/h2>\n<p style=\"text-align: justify;\">&#8211; Hello : <strong>\u2018ia ora na<br \/>\n<\/strong>&#8211; How are you? : <strong><strong>e aha te huru?<\/strong><\/strong><br \/>\n&#8211; All right, thank you : <strong>maita\u2019i mauruuru<\/strong><strong><br \/>\n<\/strong>&#8211; Thanks : <strong>mauruuru <\/strong>(a lot :<strong> +roa<\/strong>)<br \/>\n&#8211; Yes \/ No : <strong>e, \u2018oia<\/strong> \/ <strong>&#8216;aita<\/strong><br \/>\n&#8211; How much costs? : <strong>ehia moni<\/strong><br \/>\n&#8211; Bye : <strong>nana<\/strong><\/p>\n[\/vc_column_text][\/vc_column][vc_column width=&#8221;1\/3&#8243; css_animation=&#8221;right-to-left&#8221;][vc_column_text css=&#8221;.vc_custom_1468792409856{padding-top: 20px !important;padding-right: 20px !important;padding-bottom: 20px !important;padding-left: 20px !important;background-color: rgba(255,255,255,0.8) !important;*background-color: rgb(255,255,255) !important;border-radius: 5px !important;}&#8221;]\n<h1 style=\"text-align: left;\"><span style=\"font-size: 28px; color: #0489c1;\"><em><span style=\"font-family: georgia, palatino;\">POLYNESIA INFORMATIONS:<br \/>\n<\/span><\/em><\/span><\/h1>\n<h2 style=\"text-align: left;\"><\/h2>\n<h2 style=\"text-align: left;\"><span style=\"color: #0489c1;\">AREA:<br \/>\n<\/span><\/h2>\n<p><strong>4170 km2<\/strong> (<span id=\"result_box\" class=\"\" lang=\"en\" tabindex=\"-1\"><span title=\"4170 km2 (\u00e9merg\u00e9e), surface \u00e9quivalente \u00e0 l'Europe \">emerged), equivalent area to Europe<\/span><\/span><\/p>\n<h2><span style=\"color: #0489c1;\">ARCHIPELS:<\/span><\/h2>\n<p>&#8211; <strong><span id=\"result_box\" class=\"\" lang=\"en\" tabindex=\"-1\"><span title=\"- L'archipel de la Soci\u00e9t\u00e9, o\u00f9 se trouvent les \u00celes du Vent (Tahiti, Moorea et Tetiaroa) et les \u00celes Sous le Vent (Raiatea, Tahaa, Huahine, Bora Bora) \">The archipelago of the Society, where are the Windward Islands (Tahiti, Moorea and Tetiaroa) and the Leeward Islands (Raiatea, Tahaa, Huahine, Bora Bora)<br \/>\n<\/span><span title=\"- L'archipel des Marquises \">&#8211; The Marquesas archipelago<br \/>\n<\/span><span title=\"- L'archipel des Australes \">&#8211; The Austral Archipelago<br \/>\n<\/span><span title=\"- L'archipel des Tuamotu et des Gambier \">&#8211; The archipelago of Tuamotu and Gambier<\/span><\/span><\/strong><\/p>\n<h2><span style=\"color: #0489c1;\"><span id=\"result_box\" class=\"\" lang=\"en\" tabindex=\"-1\"><span title=\"ORIGINES ETHNIQUES : \">ETHNIC ORIGINS:<\/span><\/span><\/span><\/h2>\n<p>&#8211; Polynesian: 65 %<br \/>\n&#8211; Foreigners: 10 %<br \/>\n&#8211; Chinese: 7 %<br \/>\n&#8211; Half (mixed race) : 18 %<\/p>\n<h2><span style=\"color: #0489c1;\">FORMALITIES:<\/span><\/h2>\n<p><span style=\"color: #0489c1;\">\u2022<\/span> N<span id=\"result_box\" class=\"\" lang=\"en\" tabindex=\"-1\"><span title=\"\u2022 Aucun visa pour les ressortissants Europ\u00e9ens \">o visa for European nationals<\/span><\/span><br \/>\n<span style=\"color: #0489c1;\">\u2022<\/span> <span id=\"result_box\" class=\"\" lang=\"en\" tabindex=\"-1\"><span title=\"\u2022 Passeport en cours de validit\u00e9 + 6 mois apr\u00e8s date de retour. \">Valid passport + 6 months after return date.<\/span><\/span><\/p>\n<h2><span style=\"color: #0489c1;\">CAPITAL CITY:<\/span><\/h2>\n<p><strong>Papeete<\/strong><\/p>\n<h2><span style=\"color: #0489c1;\">AIRPORT:<\/span><\/h2>\n<p><strong>Tahiti Faa\u2019a<\/strong> (Southwest of <strong>Papeete<\/strong>)<\/p>\n<p>&nbsp;<\/p>\n<h2><span style=\"color: #0489c1;\">LANGUAGES:<\/span><\/h2>\n<p>French, Ma&#8217;ohi<\/p>\n<h2><span style=\"color: #0489c1;\"><span id=\"result_box\" class=\"\" lang=\"en\" tabindex=\"-1\"><span title=\"MONNAIE : \">CHANGE:<\/span><\/span><\/span><\/h2>\n<p><span id=\"result_box\" class=\"\" lang=\"en\" tabindex=\"-1\"><span title=\"Franc Pacifique \">Pacific Franc<\/span><\/span><br \/>\n1 dollar US = 96.66 FCP<br \/>\n1 FCP = 0,01 dollar US<br \/>\n1 euro = 119.33 FCP<br \/>\n1 FCP = 0,008 euros<\/p>\n<h2><span style=\"color: #0489c1;\">POPULATION:<\/span><\/h2>\n<p><span id=\"result_box\" class=\"\" lang=\"en\" tabindex=\"-1\"><span title=\"Polyn\u00e9sie : 240 000 hab. \">Polynesia: 240,000 inhabitants<br \/>\n<\/span><span title=\"Papeete : 118 000 hab. \">Papeete: 118,000 inhabitants<\/span><\/span><\/p>\n<h2><span style=\"color: #0489c1;\">T\u00c9L\u00c9PHONE :<\/span><\/h2>\n<p>C<span id=\"result_box\" class=\"\" lang=\"en\" tabindex=\"-1\"><span title=\"Indicatif : +(00) 689[\/vc_column_text][\/vc_column][\/vc_row]\">alling Code: + (00) 689<\/span><\/span>[\/vc_column_text][\/vc_column][\/vc_row]\n","protected":false},"excerpt":{"rendered":"<p>[vc_row][vc_column typography_style=&#8221;white-shadow&#8221;][vc_column_text] Practical information to prepare at best your trip to Tahiti and sailing cruise in French Polynesia. [\/vc_column_text][\/vc_column][\/vc_row][vc_row][vc_column width=&#8221;2\/3&#8243; css_animation=&#8221;left-to-right&#8221; css=&#8221;.vc_custom_1468767208826{padding-top: 20px !important;padding-right: 20px !important;padding-bottom: 20px !important;padding-left: 20px !important;background-color: rgba(255,255,255,0.8) !important;*background-color: rgb(255,255,255) !important;border-radius: 5px !important;}&#8221;][vc_column_text] PREPARE YOUR CRUISE IN&hellip;<\/p>\n","protected":false},"author":3,"featured_media":0,"parent":0,"menu_order":0,"comment_status":"closed","ping_status":"closed","template":"","meta":{"footnotes":""},"yoast_head":"<!-- This site is optimized with the Yoast SEO plugin v17.7.1 - https:\/\/yoast.com\/wordpress\/plugins\/seo\/ -->\n<title>Practical information Tahiti cruise - Polynesia - Croisi\u00e8re Tahiti catamaran location voile et plong\u00e9e charter skipper \u00e0 Tahiti<\/title>\n<meta name=\"description\" content=\"Prepare your cruise in Catamaran at Tahiti and its islands. Tahiti Sail and Dive.\" \/>\n<meta name=\"robots\" content=\"index, follow, max-snippet:-1, max-image-preview:large, max-video-preview:-1\" \/>\n<link rel=\"canonical\" href=\"https:\/\/tahitisailanddive.com\/en\/practical-information-tahiti-cruise-polynesia\/\" \/>\n<meta property=\"og:locale\" content=\"en_US\" \/>\n<meta property=\"og:type\" content=\"article\" \/>\n<meta property=\"og:title\" content=\"Practical information Tahiti cruise - Polynesia - Croisi\u00e8re Tahiti catamaran location voile et plong\u00e9e charter skipper \u00e0 Tahiti\" \/>\n<meta property=\"og:description\" content=\"Prepare your cruise in Catamaran at Tahiti and its islands. Tahiti Sail and Dive.\" \/>\n<meta property=\"og:url\" content=\"https:\/\/tahitisailanddive.com\/en\/practical-information-tahiti-cruise-polynesia\/\" \/>\n<meta property=\"og:site_name\" content=\"Croisi\u00e8re Tahiti catamaran location voile et plong\u00e9e charter skipper \u00e0 Tahiti\" \/>\n<meta property=\"article:publisher\" content=\"https:\/\/fr-fr.facebook.com\/people\/Tahitisailanddive-Sailanddive\/100007454959306\" \/>\n<meta property=\"article:modified_time\" content=\"2018-03-24T22:11:39+00:00\" \/>\n<meta property=\"og:image\" content=\"https:\/\/tahitisailanddive.com\/wp-content\/uploads\/2016\/07\/croisiere-tahiti-climat-800-300x225.jpg\" \/>\n<meta name=\"twitter:label1\" content=\"Est. reading time\" \/>\n\t<meta name=\"twitter:data1\" content=\"3 minutes\" \/>\n<script type=\"application\/ld+json\" class=\"yoast-schema-graph\">{\"@context\":\"https:\/\/schema.org\",\"@graph\":[{\"@type\":\"WebSite\",\"@id\":\"https:\/\/tahitisailanddive.com\/#website\",\"url\":\"https:\/\/tahitisailanddive.com\/\",\"name\":\"Croisi\\u00e8re Tahiti catamaran location voile et plong\\u00e9e charter skipper \\u00e0 Tahiti\",\"description\":\"Croisi\\u00e8re Tahiti en catamaran. Venez admirer Tahiti en croisi\\u00e8re sur nos catamarans, voile et plong\\u00e9e \\u00e0 : Tahiti, Moorea, Bora Bora, Rangiroa, Fakarava, Tetiaora\\u2026\",\"potentialAction\":[{\"@type\":\"SearchAction\",\"target\":{\"@type\":\"EntryPoint\",\"urlTemplate\":\"https:\/\/tahitisailanddive.com\/?s={search_term_string}\"},\"query-input\":\"required name=search_term_string\"}],\"inLanguage\":\"en-US\"},{\"@type\":\"ImageObject\",\"@id\":\"https:\/\/tahitisailanddive.com\/en\/practical-information-tahiti-cruise-polynesia\/#primaryimage\",\"inLanguage\":\"en-US\",\"url\":\"https:\/\/tahitisailanddive.com\/wp-content\/uploads\/2016\/07\/croisiere-tahiti-climat-800.jpg\",\"contentUrl\":\"https:\/\/tahitisailanddive.com\/wp-content\/uploads\/2016\/07\/croisiere-tahiti-climat-800.jpg\",\"width\":800,\"height\":600,\"caption\":\"croisiere-tahiti-climat\"},{\"@type\":\"WebPage\",\"@id\":\"https:\/\/tahitisailanddive.com\/en\/practical-information-tahiti-cruise-polynesia\/#webpage\",\"url\":\"https:\/\/tahitisailanddive.com\/en\/practical-information-tahiti-cruise-polynesia\/\",\"name\":\"Practical information Tahiti cruise - Polynesia - Croisi\\u00e8re Tahiti catamaran location voile et plong\\u00e9e charter skipper \\u00e0 Tahiti\",\"isPartOf\":{\"@id\":\"https:\/\/tahitisailanddive.com\/#website\"},\"primaryImageOfPage\":{\"@id\":\"https:\/\/tahitisailanddive.com\/en\/practical-information-tahiti-cruise-polynesia\/#primaryimage\"},\"datePublished\":\"2016-07-17T10:42:07+00:00\",\"dateModified\":\"2018-03-24T22:11:39+00:00\",\"description\":\"Prepare your cruise in Catamaran at Tahiti and its islands. Tahiti Sail and Dive.\",\"breadcrumb\":{\"@id\":\"https:\/\/tahitisailanddive.com\/en\/practical-information-tahiti-cruise-polynesia\/#breadcrumb\"},\"inLanguage\":\"en-US\",\"potentialAction\":[{\"@type\":\"ReadAction\",\"target\":[\"https:\/\/tahitisailanddive.com\/en\/practical-information-tahiti-cruise-polynesia\/\"]}]},{\"@type\":\"BreadcrumbList\",\"@id\":\"https:\/\/tahitisailanddive.com\/en\/practical-information-tahiti-cruise-polynesia\/#breadcrumb\",\"itemListElement\":[{\"@type\":\"ListItem\",\"position\":1,\"name\":\"Accueil\",\"item\":\"https:\/\/tahitisailanddive.com\/en\/\"},{\"@type\":\"ListItem\",\"position\":2,\"name\":\"Practical information Tahiti cruise &#8211; Polynesia\"}]}]}<\/script>\n<!-- \/ Yoast SEO plugin. -->","yoast_head_json":{"title":"Practical information Tahiti cruise - Polynesia - Croisi\u00e8re Tahiti catamaran location voile et plong\u00e9e charter skipper \u00e0 Tahiti","description":"Prepare your cruise in Catamaran at Tahiti and its islands. Tahiti Sail and Dive.","robots":{"index":"index","follow":"follow","max-snippet":"max-snippet:-1","max-image-preview":"max-image-preview:large","max-video-preview":"max-video-preview:-1"},"canonical":"https:\/\/tahitisailanddive.com\/en\/practical-information-tahiti-cruise-polynesia\/","og_locale":"en_US","og_type":"article","og_title":"Practical information Tahiti cruise - Polynesia - Croisi\u00e8re Tahiti catamaran location voile et plong\u00e9e charter skipper \u00e0 Tahiti","og_description":"Prepare your cruise in Catamaran at Tahiti and its islands. Tahiti Sail and Dive.","og_url":"https:\/\/tahitisailanddive.com\/en\/practical-information-tahiti-cruise-polynesia\/","og_site_name":"Croisi\u00e8re Tahiti catamaran location voile et plong\u00e9e charter skipper \u00e0 Tahiti","article_publisher":"https:\/\/fr-fr.facebook.com\/people\/Tahitisailanddive-Sailanddive\/100007454959306","article_modified_time":"2018-03-24T22:11:39+00:00","og_image":[{"url":"https:\/\/tahitisailanddive.com\/wp-content\/uploads\/2016\/07\/croisiere-tahiti-climat-800-300x225.jpg"}],"twitter_misc":{"Est. reading time":"3 minutes"},"schema":{"@context":"https:\/\/schema.org","@graph":[{"@type":"WebSite","@id":"https:\/\/tahitisailanddive.com\/#website","url":"https:\/\/tahitisailanddive.com\/","name":"Croisi\u00e8re Tahiti catamaran location voile et plong\u00e9e charter skipper \u00e0 Tahiti","description":"Croisi\u00e8re Tahiti en catamaran. Venez admirer Tahiti en croisi\u00e8re sur nos catamarans, voile et plong\u00e9e \u00e0 : Tahiti, Moorea, Bora Bora, Rangiroa, Fakarava, Tetiaora\u2026","potentialAction":[{"@type":"SearchAction","target":{"@type":"EntryPoint","urlTemplate":"https:\/\/tahitisailanddive.com\/?s={search_term_string}"},"query-input":"required name=search_term_string"}],"inLanguage":"en-US"},{"@type":"ImageObject","@id":"https:\/\/tahitisailanddive.com\/en\/practical-information-tahiti-cruise-polynesia\/#primaryimage","inLanguage":"en-US","url":"https:\/\/tahitisailanddive.com\/wp-content\/uploads\/2016\/07\/croisiere-tahiti-climat-800.jpg","contentUrl":"https:\/\/tahitisailanddive.com\/wp-content\/uploads\/2016\/07\/croisiere-tahiti-climat-800.jpg","width":800,"height":600,"caption":"croisiere-tahiti-climat"},{"@type":"WebPage","@id":"https:\/\/tahitisailanddive.com\/en\/practical-information-tahiti-cruise-polynesia\/#webpage","url":"https:\/\/tahitisailanddive.com\/en\/practical-information-tahiti-cruise-polynesia\/","name":"Practical information Tahiti cruise - Polynesia - Croisi\u00e8re Tahiti catamaran location voile et plong\u00e9e charter skipper \u00e0 Tahiti","isPartOf":{"@id":"https:\/\/tahitisailanddive.com\/#website"},"primaryImageOfPage":{"@id":"https:\/\/tahitisailanddive.com\/en\/practical-information-tahiti-cruise-polynesia\/#primaryimage"},"datePublished":"2016-07-17T10:42:07+00:00","dateModified":"2018-03-24T22:11:39+00:00","description":"Prepare your cruise in Catamaran at Tahiti and its islands. Tahiti Sail and Dive.","breadcrumb":{"@id":"https:\/\/tahitisailanddive.com\/en\/practical-information-tahiti-cruise-polynesia\/#breadcrumb"},"inLanguage":"en-US","potentialAction":[{"@type":"ReadAction","target":["https:\/\/tahitisailanddive.com\/en\/practical-information-tahiti-cruise-polynesia\/"]}]},{"@type":"BreadcrumbList","@id":"https:\/\/tahitisailanddive.com\/en\/practical-information-tahiti-cruise-polynesia\/#breadcrumb","itemListElement":[{"@type":"ListItem","position":1,"name":"Accueil","item":"https:\/\/tahitisailanddive.com\/en\/"},{"@type":"ListItem","position":2,"name":"Practical information Tahiti cruise &#8211; Polynesia"}]}]}},"_links":{"self":[{"href":"https:\/\/tahitisailanddive.com\/en\/wp-json\/wp\/v2\/pages\/4492"}],"collection":[{"href":"https:\/\/tahitisailanddive.com\/en\/wp-json\/wp\/v2\/pages"}],"about":[{"href":"https:\/\/tahitisailanddive.com\/en\/wp-json\/wp\/v2\/types\/page"}],"author":[{"embeddable":true,"href":"https:\/\/tahitisailanddive.com\/en\/wp-json\/wp\/v2\/users\/3"}],"replies":[{"embeddable":true,"href":"https:\/\/tahitisailanddive.com\/en\/wp-json\/wp\/v2\/comments?post=4492"}],"version-history":[{"count":0,"href":"https:\/\/tahitisailanddive.com\/en\/wp-json\/wp\/v2\/pages\/4492\/revisions"}],"wp:attachment":[{"href":"https:\/\/tahitisailanddive.com\/en\/wp-json\/wp\/v2\/media?parent=4492"}],"curies":[{"name":"wp","href":"https:\/\/api.w.org\/{rel}","templated":true}]}}