{"id":4480,"date":"2016-06-15T03:27:04","date_gmt":"2016-06-15T13:27:04","guid":{"rendered":"http:\/\/tahitisailanddive.com\/contact-tahiti-sail-and-dive-croisieres-tahiti\/"},"modified":"2025-06-19T10:08:22","modified_gmt":"2025-06-19T20:08:22","slug":"contact-tahiti-sail-and-dive-cruises-tahiti","status":"publish","type":"page","link":"https:\/\/tahitisailanddive.com\/en\/contact-tahiti-sail-and-dive-cruises-tahiti\/","title":{"rendered":"Contact Tahiti Sail and Dive &#8211; Tahiti cruises"},"content":{"rendered":"[vc_row css=&#8221;.vc_custom_1467713188838{margin-bottom: 30px !important;border-radius: 5px !important;}&#8221;][vc_column typography_style=&#8221;white-shadow&#8221; css=&#8221;.vc_custom_1467713292329{padding-top: 20px !important;}&#8221;][vc_column_text css_animation=&#8221;appear&#8221;]\n<h1 style=\"text-align: center;\"><span style=\"color: #ffffff; font-size: 38px; line-height: 0.9em;\"><em><span style=\"font-family: georgia,palatino;\">Let&#8217;s prepare the cruise of your dreams together<\/span><\/em><br \/>\n<span style=\"font-size: 32px;\">in Tahiti and its islands aboard our catamarans,<\/span><br \/>\n<em><span style=\"font-family: georgia,palatino;\">let us know your wishes,<br \/>\nwe take care of the rest!<\/span><\/em><\/span><\/h1>\n[\/vc_column_text][\/vc_column][\/vc_row][vc_row css_animation=&#8221;right-to-left&#8221; css=&#8221;.vc_custom_1466725475259{padding-top: 20px !important;padding-right: 20px !important;padding-bottom: 20px !important;padding-left: 20px !important;background-color: #0489c1 !important;border-radius: 5px !important;}&#8221;][vc_column width=&#8221;2\/3&#8243;][vc_column_text]\n<h1><span style=\"font-family: Open Sans; font-size: 32px; color: #ffffff;\">Send us your message:<\/span><\/h1>\n<div role=\"form\" class=\"wpcf7\" id=\"wpcf7-f6492-o1\" lang=\"fr-FR\" dir=\"ltr\">\n<div class=\"screen-reader-response\"><\/div>\n<form action=\"\/en\/wp-json\/wp\/v2\/pages\/4480#wpcf7-f6492-o1\" method=\"post\" class=\"wpcf7-form\" novalidate=\"novalidate\">\n<div style=\"display: none;\">\n<input type=\"hidden\" name=\"_wpcf7\" value=\"6492\" \/>\n<input type=\"hidden\" name=\"_wpcf7_version\" value=\"4.7\" \/>\n<input type=\"hidden\" name=\"_wpcf7_locale\" value=\"fr_FR\" \/>\n<input type=\"hidden\" name=\"_wpcf7_unit_tag\" value=\"wpcf7-f6492-o1\" \/>\n<input type=\"hidden\" name=\"_wpnonce\" value=\"401fd279ff\" \/>\n<\/div>\n<p><label> Nom \/ Name *<br \/>\n    <span class=\"wpcf7-form-control-wrap your-name\"><input type=\"text\" name=\"your-name\" value=\"\" size=\"40\" class=\"wpcf7-form-control wpcf7-text wpcf7-validates-as-required\" aria-required=\"true\" aria-invalid=\"false\" \/><\/span> <\/label><\/p>\n<p><label> E-mail *<br \/>\n    <span class=\"wpcf7-form-control-wrap your-email\"><input type=\"email\" name=\"your-email\" value=\"\" size=\"40\" class=\"wpcf7-form-control wpcf7-text wpcf7-email wpcf7-validates-as-required wpcf7-validates-as-email\" aria-required=\"true\" aria-invalid=\"false\" \/><\/span> <\/label><\/p>\n<p><label> T\u00e9l\u00e9phone \/ Phone *<br \/>\n    <span class=\"wpcf7-form-control-wrap tel-446\"><input type=\"tel\" name=\"tel-446\" value=\"\" size=\"40\" class=\"wpcf7-form-control wpcf7-text wpcf7-tel wpcf7-validates-as-required wpcf7-validates-as-tel\" aria-required=\"true\" aria-invalid=\"false\" \/><\/span> <\/label><\/p>\n<p><label> Sujet \/ Subject *<br \/>\n    <span class=\"wpcf7-form-control-wrap your-subject\"><input type=\"text\" name=\"your-subject\" value=\"\" size=\"40\" class=\"wpcf7-form-control wpcf7-text wpcf7-validates-as-required\" aria-required=\"true\" aria-invalid=\"false\" \/><\/span> <\/label><\/p>\n<p><label> Message *<br \/>\n    <span class=\"wpcf7-form-control-wrap your-message\"><textarea name=\"your-message\" cols=\"40\" rows=\"10\" class=\"wpcf7-form-control wpcf7-textarea wpcf7-validates-as-required\" aria-required=\"true\" aria-invalid=\"false\"><\/textarea><\/span> <\/label><\/p>\n<p><label> Quiz :<br \/>\n<span class=\"wpcf7-form-control-wrap quiz-128\"><label><span class=\"wpcf7-quiz-label\">Quelle est la capitale de Tahiti ? \/ What is the capital of Tahiti? :<\/span> <input type=\"text\" name=\"quiz-128\" size=\"40\" class=\"wpcf7-form-control wpcf7-quiz\" autocomplete=\"off\" aria-required=\"true\" aria-invalid=\"false\" \/><\/label><input type=\"hidden\" name=\"_wpcf7_quiz_answer_quiz-128\" value=\"47880637fd2eebb99487a9d7a9530c52\" \/><\/span> <\/label><\/p>\n<p><input type=\"submit\" value=\"Envoyer \/ Submit\" class=\"wpcf7-form-control wpcf7-submit\" \/><\/p>\n<div class=\"wpcf7-response-output wpcf7-display-none\"><\/div><\/form><\/div>[\/vc_column_text][\/vc_column][vc_column width=&#8221;1\/3&#8243; css=&#8221;.vc_custom_1466590353992{padding-top: 80px !important;background-color: rgba(4,137,193,0.34) !important;*background-color: rgb(4,137,193) !important;}&#8221;][vc_column_text]<span style=\"color: #333333;\"><strong>Tahiti Cruises Catamaran<\/strong><\/span><br \/>\n<span style=\"color: #333333;\"><strong>Sail &amp; Dive<br \/>\n<\/strong><\/span><strong>Sailing and diving cruise stay<br \/>\n<\/strong><strong>Catamaran rental with skipper in Tahiti.<\/strong><span style=\"color: #333333;\"><br \/>\nTAHITI SAIL AND DIVE<br \/>\nMarina de Papeete<br \/>\n98714 Papeete<br \/>\nFC5H+QC5<br \/>\nTahiti &#8211; French polynesia<\/span><br \/>\n<span style=\"color: #333333; font-size: 16px;\"><strong>Tahiti : 00 689 87 74 61 20<\/strong><\/span><strong><br \/>\n <span style=\"font-size: 16px; color: #333333;\">WhatsApp : 00 33 (0) 6 65 20 42 43<\/span> <strong><br \/>\n<\/strong><\/strong>[\/vc_column_text][\/vc_column][\/vc_row][vc_row css_animation=&#8221;left-to-right&#8221;][vc_column][vc_gmaps link=&#8221;#E-8_JTNDaWZyYW1lJTIwc3JjJTNEJTIyaHR0cHMlM0ElMkYlMkZ3d3cuZ29vZ2xlLmNvbSUyRm1hcHMlMkZlbWJlZCUzRnBiJTNEJTIxMW0xNCUyMTFtMTIlMjExbTMlMjExZDM4MDQuMzQ5NTczMDU5OTA4JTIxMmQtMTQ5LjU3MTk3MDAyMTkzNDczJTIxM2QtMTcuNTM4NTM1Njc0NDQzNjU0JTIxMm0zJTIxMWYwJTIxMmYwJTIxM2YwJTIxM20yJTIxMWkxMDI0JTIxMmk3NjglMjE0ZjEzLjElMjE1ZTAlMjEzbTIlMjExc2ZyJTIxMnNmciUyMTR2MTQ2NjU4NjU3MjM0MSUyMiUyMHdpZHRoJTNEJTIyNjAwJTIyJTIwaGVpZ2h0JTNEJTIyNDUwJTIyJTIwZnJhbWVib3JkZXIlM0QlMjIwJTIyJTIwc3R5bGUlM0QlMjJib3JkZXIlM0EwJTIyJTIwYWxsb3dmdWxsc2NyZWVuJTNEJTIyJTIyJTNFJTNDJTJGaWZyYW1lJTNF&#8221;][\/vc_column][\/vc_row]\n","protected":false},"excerpt":{"rendered":"<p>[vc_row css=&#8221;.vc_custom_1467713188838{margin-bottom: 30px !important;border-radius: 5px !important;}&#8221;][vc_column typography_style=&#8221;white-shadow&#8221; css=&#8221;.vc_custom_1467713292329{padding-top: 20px !important;}&#8221;][vc_column_text css_animation=&#8221;appear&#8221;] Let&#8217;s prepare the cruise of your dreams together in Tahiti and its islands aboard our catamarans, let us know your wishes, we take care of the rest! [\/vc_column_text][\/vc_column][\/vc_row][vc_row css_animation=&#8221;right-to-left&#8221;&hellip;<\/p>\n","protected":false},"author":3,"featured_media":0,"parent":0,"menu_order":0,"comment_status":"closed","ping_status":"closed","template":"","meta":{"footnotes":""},"yoast_head":"<!-- This site is optimized with the Yoast SEO plugin v17.7.1 - https:\/\/yoast.com\/wordpress\/plugins\/seo\/ -->\n<title>Contact Tahiti Sail and Dive - Tahiti cruises - Croisi\u00e8re Tahiti catamaran location voile et plong\u00e9e charter skipper \u00e0 Tahiti<\/title>\n<meta name=\"description\" content=\"Let&#039;s prepare together the cruise of your dreams in Tahiti and its islands aboard our catamarans\" \/>\n<meta name=\"robots\" content=\"index, follow, max-snippet:-1, max-image-preview:large, max-video-preview:-1\" \/>\n<link rel=\"canonical\" href=\"https:\/\/tahitisailanddive.com\/en\/contact-tahiti-sail-and-dive-cruises-tahiti\/\" \/>\n<meta property=\"og:locale\" content=\"en_US\" \/>\n<meta property=\"og:type\" content=\"article\" \/>\n<meta property=\"og:title\" content=\"Contact Tahiti Sail and Dive - Tahiti cruises - Croisi\u00e8re Tahiti catamaran location voile et plong\u00e9e charter skipper \u00e0 Tahiti\" \/>\n<meta property=\"og:description\" content=\"Let&#039;s prepare together the cruise of your dreams in Tahiti and its islands aboard our catamarans\" \/>\n<meta property=\"og:url\" content=\"https:\/\/tahitisailanddive.com\/en\/contact-tahiti-sail-and-dive-cruises-tahiti\/\" \/>\n<meta property=\"og:site_name\" content=\"Croisi\u00e8re Tahiti catamaran location voile et plong\u00e9e charter skipper \u00e0 Tahiti\" \/>\n<meta property=\"article:publisher\" content=\"https:\/\/fr-fr.facebook.com\/people\/Tahitisailanddive-Sailanddive\/100007454959306\" \/>\n<meta property=\"article:modified_time\" content=\"2025-06-19T20:08:22+00:00\" \/>\n<meta name=\"twitter:label1\" content=\"Est. reading time\" \/>\n\t<meta name=\"twitter:data1\" content=\"1 minute\" \/>\n<script type=\"application\/ld+json\" class=\"yoast-schema-graph\">{\"@context\":\"https:\/\/schema.org\",\"@graph\":[{\"@type\":\"WebSite\",\"@id\":\"https:\/\/tahitisailanddive.com\/#website\",\"url\":\"https:\/\/tahitisailanddive.com\/\",\"name\":\"Croisi\\u00e8re Tahiti catamaran location voile et plong\\u00e9e charter skipper \\u00e0 Tahiti\",\"description\":\"Croisi\\u00e8re Tahiti en catamaran. Venez admirer Tahiti en croisi\\u00e8re sur nos catamarans, voile et plong\\u00e9e \\u00e0 : Tahiti, Moorea, Bora Bora, Rangiroa, Fakarava, Tetiaora\\u2026\",\"potentialAction\":[{\"@type\":\"SearchAction\",\"target\":{\"@type\":\"EntryPoint\",\"urlTemplate\":\"https:\/\/tahitisailanddive.com\/?s={search_term_string}\"},\"query-input\":\"required name=search_term_string\"}],\"inLanguage\":\"en-US\"},{\"@type\":\"WebPage\",\"@id\":\"https:\/\/tahitisailanddive.com\/en\/contact-tahiti-sail-and-dive-cruises-tahiti\/#webpage\",\"url\":\"https:\/\/tahitisailanddive.com\/en\/contact-tahiti-sail-and-dive-cruises-tahiti\/\",\"name\":\"Contact Tahiti Sail and Dive - Tahiti cruises - Croisi\\u00e8re Tahiti catamaran location voile et plong\\u00e9e charter skipper \\u00e0 Tahiti\",\"isPartOf\":{\"@id\":\"https:\/\/tahitisailanddive.com\/#website\"},\"datePublished\":\"2016-06-15T13:27:04+00:00\",\"dateModified\":\"2025-06-19T20:08:22+00:00\",\"description\":\"Let's prepare together the cruise of your dreams in Tahiti and its islands aboard our catamarans\",\"breadcrumb\":{\"@id\":\"https:\/\/tahitisailanddive.com\/en\/contact-tahiti-sail-and-dive-cruises-tahiti\/#breadcrumb\"},\"inLanguage\":\"en-US\",\"potentialAction\":[{\"@type\":\"ReadAction\",\"target\":[\"https:\/\/tahitisailanddive.com\/en\/contact-tahiti-sail-and-dive-cruises-tahiti\/\"]}]},{\"@type\":\"BreadcrumbList\",\"@id\":\"https:\/\/tahitisailanddive.com\/en\/contact-tahiti-sail-and-dive-cruises-tahiti\/#breadcrumb\",\"itemListElement\":[{\"@type\":\"ListItem\",\"position\":1,\"name\":\"Accueil\",\"item\":\"https:\/\/tahitisailanddive.com\/en\/\"},{\"@type\":\"ListItem\",\"position\":2,\"name\":\"Contact Tahiti Sail and Dive &#8211; Tahiti cruises\"}]}]}<\/script>\n<!-- \/ Yoast SEO plugin. -->","yoast_head_json":{"title":"Contact Tahiti Sail and Dive - Tahiti cruises - Croisi\u00e8re Tahiti catamaran location voile et plong\u00e9e charter skipper \u00e0 Tahiti","description":"Let's prepare together the cruise of your dreams in Tahiti and its islands aboard our catamarans","robots":{"index":"index","follow":"follow","max-snippet":"max-snippet:-1","max-image-preview":"max-image-preview:large","max-video-preview":"max-video-preview:-1"},"canonical":"https:\/\/tahitisailanddive.com\/en\/contact-tahiti-sail-and-dive-cruises-tahiti\/","og_locale":"en_US","og_type":"article","og_title":"Contact Tahiti Sail and Dive - Tahiti cruises - Croisi\u00e8re Tahiti catamaran location voile et plong\u00e9e charter skipper \u00e0 Tahiti","og_description":"Let's prepare together the cruise of your dreams in Tahiti and its islands aboard our catamarans","og_url":"https:\/\/tahitisailanddive.com\/en\/contact-tahiti-sail-and-dive-cruises-tahiti\/","og_site_name":"Croisi\u00e8re Tahiti catamaran location voile et plong\u00e9e charter skipper \u00e0 Tahiti","article_publisher":"https:\/\/fr-fr.facebook.com\/people\/Tahitisailanddive-Sailanddive\/100007454959306","article_modified_time":"2025-06-19T20:08:22+00:00","twitter_misc":{"Est. reading time":"1 minute"},"schema":{"@context":"https:\/\/schema.org","@graph":[{"@type":"WebSite","@id":"https:\/\/tahitisailanddive.com\/#website","url":"https:\/\/tahitisailanddive.com\/","name":"Croisi\u00e8re Tahiti catamaran location voile et plong\u00e9e charter skipper \u00e0 Tahiti","description":"Croisi\u00e8re Tahiti en catamaran. Venez admirer Tahiti en croisi\u00e8re sur nos catamarans, voile et plong\u00e9e \u00e0 : Tahiti, Moorea, Bora Bora, Rangiroa, Fakarava, Tetiaora\u2026","potentialAction":[{"@type":"SearchAction","target":{"@type":"EntryPoint","urlTemplate":"https:\/\/tahitisailanddive.com\/?s={search_term_string}"},"query-input":"required name=search_term_string"}],"inLanguage":"en-US"},{"@type":"WebPage","@id":"https:\/\/tahitisailanddive.com\/en\/contact-tahiti-sail-and-dive-cruises-tahiti\/#webpage","url":"https:\/\/tahitisailanddive.com\/en\/contact-tahiti-sail-and-dive-cruises-tahiti\/","name":"Contact Tahiti Sail and Dive - Tahiti cruises - Croisi\u00e8re Tahiti catamaran location voile et plong\u00e9e charter skipper \u00e0 Tahiti","isPartOf":{"@id":"https:\/\/tahitisailanddive.com\/#website"},"datePublished":"2016-06-15T13:27:04+00:00","dateModified":"2025-06-19T20:08:22+00:00","description":"Let's prepare together the cruise of your dreams in Tahiti and its islands aboard our catamarans","breadcrumb":{"@id":"https:\/\/tahitisailanddive.com\/en\/contact-tahiti-sail-and-dive-cruises-tahiti\/#breadcrumb"},"inLanguage":"en-US","potentialAction":[{"@type":"ReadAction","target":["https:\/\/tahitisailanddive.com\/en\/contact-tahiti-sail-and-dive-cruises-tahiti\/"]}]},{"@type":"BreadcrumbList","@id":"https:\/\/tahitisailanddive.com\/en\/contact-tahiti-sail-and-dive-cruises-tahiti\/#breadcrumb","itemListElement":[{"@type":"ListItem","position":1,"name":"Accueil","item":"https:\/\/tahitisailanddive.com\/en\/"},{"@type":"ListItem","position":2,"name":"Contact Tahiti Sail and Dive &#8211; Tahiti cruises"}]}]}},"_links":{"self":[{"href":"https:\/\/tahitisailanddive.com\/en\/wp-json\/wp\/v2\/pages\/4480"}],"collection":[{"href":"https:\/\/tahitisailanddive.com\/en\/wp-json\/wp\/v2\/pages"}],"about":[{"href":"https:\/\/tahitisailanddive.com\/en\/wp-json\/wp\/v2\/types\/page"}],"author":[{"embeddable":true,"href":"https:\/\/tahitisailanddive.com\/en\/wp-json\/wp\/v2\/users\/3"}],"replies":[{"embeddable":true,"href":"https:\/\/tahitisailanddive.com\/en\/wp-json\/wp\/v2\/comments?post=4480"}],"version-history":[{"count":33,"href":"https:\/\/tahitisailanddive.com\/en\/wp-json\/wp\/v2\/pages\/4480\/revisions"}],"predecessor-version":[{"id":6575,"href":"https:\/\/tahitisailanddive.com\/en\/wp-json\/wp\/v2\/pages\/4480\/revisions\/6575"}],"wp:attachment":[{"href":"https:\/\/tahitisailanddive.com\/en\/wp-json\/wp\/v2\/media?parent=4480"}],"curies":[{"name":"wp","href":"https:\/\/api.w.org\/{rel}","templated":true}]}}