{"id":4448,"date":"2016-06-22T09:56:38","date_gmt":"2016-06-22T19:56:38","guid":{"rendered":"http:\/\/tahitisailanddive.com\/catamaran-leopard-43-go-zone\/"},"modified":"2023-11-22T00:06:49","modified_gmt":"2023-11-22T10:06:49","slug":"catamaran-leopard-43-go-zone","status":"publish","type":"page","link":"https:\/\/tahitisailanddive.com\/en\/catamaran-leopard-43-go-zone\/","title":{"rendered":"CATAMARAN LEOPARD 43\u2032, \u00ab GO ZONE \u00bb"},"content":{"rendered":"[vc_row css=&#8221;.vc_custom_1466759354276{padding: 30px !important;background-color: rgba(255,255,255,0.8) !important;*background-color: rgb(255,255,255) !important;border-radius: 5px !important;}&#8221;][vc_column width=&#8221;2\/3&#8243; css=&#8221;.vc_custom_1466113602123{padding-top: 30px !important;}&#8221;][vc_column_text]\n<h1><span style=\"font-size: 32px;\"><em><span style=\"font-family: georgia,palatino; color: #0489c1;\">Catamaran <\/span><\/em><span style=\"font-family: georgia,palatino; color: #0489c1;\"><span style=\"font-family: Open Sans;\">LEOPARD 43\u2032<\/span><\/span><\/span><br \/>\n<span style=\"font-family: Open Sans; font-size: 24px;\">\u00ab GO ZONE \u00bb<\/span><\/h1>\n<p style=\"text-align: justify;\"><span style=\"color: #333333;\"><strong>The Leopard 43, a sailing catamaran<\/strong>, was specifically built for cruising and can accommodate up to twelve passengers.<\/span><\/p>\n<p>with their own bathrooms as well as a large living room. \u200b 116 \/ 5000 Translation results Translation result Catamaran arranged in four independent double cabins with their own bathrooms as well as a large lounge.<br \/>\nAll cabins have numerous hatches.<br \/>\nA spacious head room, refrigeration space.<br \/>\nAn upstairs kitchen and a large, fully covered cockpit.<\/p>\n<p><span style=\"font-size: 14px;\"><strong>Perfectly suited for a cruise for four couples, two families or groups.<\/strong><\/span><\/p>\n<p><img loading=\"lazy\" decoding=\"async\" class=\"aligncenter wp-image-2915 size-full\" src=\"https:\/\/tahitisailanddive.com\/wp-content\/uploads\/2016\/06\/catamaran-croisiere-leopard-go-zone-43-17.jpg\" alt=\"catamaran-cruise-leopard-go-zone-43-17\" width=\"875\" height=\"550\" srcset=\"https:\/\/tahitisailanddive.com\/wp-content\/uploads\/2016\/06\/catamaran-croisiere-leopard-go-zone-43-17.jpg 875w, https:\/\/tahitisailanddive.com\/wp-content\/uploads\/2016\/06\/catamaran-croisiere-leopard-go-zone-43-17-300x189.jpg 300w, https:\/\/tahitisailanddive.com\/wp-content\/uploads\/2016\/06\/catamaran-croisiere-leopard-go-zone-43-17-768x483.jpg 768w\" sizes=\"(max-width: 875px) 100vw, 875px\" \/><\/p>\n<div id=\"gallery-0\" class=\"wpex-gallery wpex-row lightbox-group clr\"><figure class=\"gallery-item span_1_of_3 col col-1\"><a href=\"https:\/\/tahitisailanddive.com\/wp-content\/uploads\/2016\/06\/catamaran-croisiere-leopard-go-zone-43-15.jpg\" title=\"\" class=\"wpex-lightbox-group-item\" data-type=\"image\"><img loading=\"lazy\" decoding=\"async\" src=\"https:\/\/tahitisailanddive.com\/wp-content\/uploads\/2016\/06\/catamaran-croisiere-leopard-go-zone-43-15.jpg\" width=\"875\" height=\"583\" alt=\"Catamaran Croisiere Leopard Go Zone 43 15\" \/><\/a><\/figure><figure class=\"gallery-item span_1_of_3 col col-2\"><a href=\"https:\/\/tahitisailanddive.com\/wp-content\/uploads\/2016\/06\/catamaran-croisiere-leopard-go-zone-43-5.jpg\" title=\"\" class=\"wpex-lightbox-group-item\" data-type=\"image\"><img loading=\"lazy\" decoding=\"async\" src=\"https:\/\/tahitisailanddive.com\/wp-content\/uploads\/2016\/06\/catamaran-croisiere-leopard-go-zone-43-5.jpg\" width=\"600\" height=\"350\" alt=\"Catamaran Croisiere Leopard Go Zone 43 5\" \/><\/a><\/figure><figure class=\"gallery-item span_1_of_3 col col-3\"><a href=\"https:\/\/tahitisailanddive.com\/wp-content\/uploads\/2016\/06\/catamaran-croisiere-leopard-go-zone-43-6.jpg\" title=\"\" class=\"wpex-lightbox-group-item\" data-type=\"image\"><img loading=\"lazy\" decoding=\"async\" src=\"https:\/\/tahitisailanddive.com\/wp-content\/uploads\/2016\/06\/catamaran-croisiere-leopard-go-zone-43-6.jpg\" width=\"600\" height=\"350\" alt=\"Catamaran Croisiere Leopard Go Zone 43 6\" \/><\/a><\/figure><figure class=\"gallery-item span_1_of_3 col col-1\"><a href=\"https:\/\/tahitisailanddive.com\/wp-content\/uploads\/2016\/06\/catamaran-croisiere-leopard-go-zone-43-11.jpg\" title=\"\" class=\"wpex-lightbox-group-item\" data-type=\"image\"><img loading=\"lazy\" decoding=\"async\" src=\"https:\/\/tahitisailanddive.com\/wp-content\/uploads\/2016\/06\/catamaran-croisiere-leopard-go-zone-43-11.jpg\" width=\"900\" height=\"594\" alt=\"Catamaran Croisiere Leopard Go Zone 43 11\" \/><\/a><\/figure><figure class=\"gallery-item span_1_of_3 col col-2\"><a href=\"https:\/\/tahitisailanddive.com\/wp-content\/uploads\/2016\/06\/catamaran-croisiere-leopard-go-zone-43-14.jpg\" title=\"\" class=\"wpex-lightbox-group-item\" data-type=\"image\"><img loading=\"lazy\" decoding=\"async\" src=\"https:\/\/tahitisailanddive.com\/wp-content\/uploads\/2016\/06\/catamaran-croisiere-leopard-go-zone-43-14.jpg\" width=\"850\" height=\"638\" alt=\"Catamaran Croisiere Leopard Go Zone 43 14\" \/><\/a><\/figure><figure class=\"gallery-item span_1_of_3 col col-3\"><a href=\"https:\/\/tahitisailanddive.com\/wp-content\/uploads\/2019\/03\/catamaran-gozone-tahiti-charter-bienvenue.jpg\" title=\"\" class=\"wpex-lightbox-group-item\" data-type=\"image\"><img loading=\"lazy\" decoding=\"async\" src=\"https:\/\/tahitisailanddive.com\/wp-content\/uploads\/2019\/03\/catamaran-gozone-tahiti-charter-bienvenue.jpg\" width=\"400\" height=\"600\" alt=\"Catamaran-gozone-tahiti-charter-bienvenue\" \/><\/a><\/figure><figure class=\"gallery-item span_1_of_3 col col-1\"><a href=\"https:\/\/tahitisailanddive.com\/wp-content\/uploads\/2019\/03\/catamaran-gozone-tahiti-croisiere-banquette.jpg\" title=\"\" class=\"wpex-lightbox-group-item\" data-type=\"image\"><img loading=\"lazy\" decoding=\"async\" src=\"https:\/\/tahitisailanddive.com\/wp-content\/uploads\/2019\/03\/catamaran-gozone-tahiti-croisiere-banquette.jpg\" width=\"700\" height=\"400\" alt=\"Catamaran-gozone-tahiti-croisiere-banquette\" \/><\/a><\/figure><figure class=\"gallery-item span_1_of_3 col col-2\"><a href=\"https:\/\/tahitisailanddive.com\/wp-content\/uploads\/2019\/03\/catamaran-gozone-tahiti-croisiere-tdb.jpg\" title=\"\" class=\"wpex-lightbox-group-item\" data-type=\"image\"><img loading=\"lazy\" decoding=\"async\" src=\"https:\/\/tahitisailanddive.com\/wp-content\/uploads\/2019\/03\/catamaran-gozone-tahiti-croisiere-tdb.jpg\" width=\"700\" height=\"525\" alt=\"Catamaran-gozone-tahiti-croisiere-tdb\" \/><\/a><\/figure><figure class=\"gallery-item span_1_of_3 col col-3\"><a href=\"https:\/\/tahitisailanddive.com\/wp-content\/uploads\/2019\/03\/catamaran-gozone-tahiti-croisiere-cabine2.jpg\" title=\"\" class=\"wpex-lightbox-group-item\" data-type=\"image\"><img loading=\"lazy\" decoding=\"async\" src=\"https:\/\/tahitisailanddive.com\/wp-content\/uploads\/2019\/03\/catamaran-gozone-tahiti-croisiere-cabine2.jpg\" width=\"700\" height=\"400\" alt=\"Catamaran-gozone-tahiti-croisiere-cabine2\" \/><\/a><\/figure><figure class=\"gallery-item span_1_of_3 col col-1\"><a href=\"https:\/\/tahitisailanddive.com\/wp-content\/uploads\/2019\/03\/catamaran-gozone-tahiti-croisiere-cabine3.jpg\" title=\"\" class=\"wpex-lightbox-group-item\" data-type=\"image\"><img loading=\"lazy\" decoding=\"async\" src=\"https:\/\/tahitisailanddive.com\/wp-content\/uploads\/2019\/03\/catamaran-gozone-tahiti-croisiere-cabine3.jpg\" width=\"700\" height=\"400\" alt=\"Catamaran-gozone-tahiti-croisiere-cabine3\" \/><\/a><\/figure><figure class=\"gallery-item span_1_of_3 col col-2\"><a href=\"https:\/\/tahitisailanddive.com\/wp-content\/uploads\/2019\/03\/catamaran-gozone-tahiti-croisiere-cabine.jpg\" title=\"\" class=\"wpex-lightbox-group-item\" data-type=\"image\"><img loading=\"lazy\" decoding=\"async\" src=\"https:\/\/tahitisailanddive.com\/wp-content\/uploads\/2019\/03\/catamaran-gozone-tahiti-croisiere-cabine.jpg\" width=\"700\" height=\"400\" alt=\"Catamaran-gozone-tahiti-croisiere-cabine\" \/><\/a><\/figure><figure class=\"gallery-item span_1_of_3 col col-3\"><a href=\"https:\/\/tahitisailanddive.com\/wp-content\/uploads\/2019\/03\/catamaran-gozone-tahiti-croisiere-sdb.jpg\" title=\"\" class=\"wpex-lightbox-group-item\" data-type=\"image\"><img loading=\"lazy\" decoding=\"async\" src=\"https:\/\/tahitisailanddive.com\/wp-content\/uploads\/2019\/03\/catamaran-gozone-tahiti-croisiere-sdb.jpg\" width=\"525\" height=\"700\" alt=\"Catamaran-gozone-tahiti-croisiere-sdb\" \/><\/a><\/figure><figure class=\"gallery-item span_1_of_3 col col-1\"><a href=\"https:\/\/tahitisailanddive.com\/wp-content\/uploads\/2019\/03\/croisiere-tahiti-catamaran-sdb-charter.jpg\" title=\"\" class=\"wpex-lightbox-group-item\" data-type=\"image\"><img loading=\"lazy\" decoding=\"async\" src=\"https:\/\/tahitisailanddive.com\/wp-content\/uploads\/2019\/03\/croisiere-tahiti-catamaran-sdb-charter.jpg\" width=\"525\" height=\"700\" alt=\"Croisiere-tahiti-catamaran-sdb-charter\" \/><\/a><\/figure><figure class=\"gallery-item span_1_of_3 col col-2\"><a href=\"https:\/\/tahitisailanddive.com\/wp-content\/uploads\/2016\/06\/catamaran-croisiere-leopard-go-zone-43-16.jpg\" title=\"\" class=\"wpex-lightbox-group-item\" data-type=\"image\"><img loading=\"lazy\" decoding=\"async\" src=\"https:\/\/tahitisailanddive.com\/wp-content\/uploads\/2016\/06\/catamaran-croisiere-leopard-go-zone-43-16.jpg\" width=\"875\" height=\"583\" alt=\"Catamaran Croisiere Leopard Go Zone 43 16\" \/><\/a><\/figure><figure class=\"gallery-item span_1_of_3 col col-3\"><a href=\"https:\/\/tahitisailanddive.com\/wp-content\/uploads\/2016\/06\/catamaran-croisiere-leopard-go-zone-43-13.jpg\" title=\"\" class=\"wpex-lightbox-group-item\" data-type=\"image\"><img loading=\"lazy\" decoding=\"async\" src=\"https:\/\/tahitisailanddive.com\/wp-content\/uploads\/2016\/06\/catamaran-croisiere-leopard-go-zone-43-13.jpg\" width=\"875\" height=\"656\" alt=\"Catamaran Croisiere Leopard Go Zone 43 13\" \/><\/a><\/figure><figure class=\"gallery-item span_1_of_3 col col-1\"><a href=\"https:\/\/tahitisailanddive.com\/wp-content\/uploads\/2019\/03\/catamaran-gozone-tahiti-croisiere-famille.jpg\" title=\"\" class=\"wpex-lightbox-group-item\" data-type=\"image\"><img loading=\"lazy\" decoding=\"async\" src=\"https:\/\/tahitisailanddive.com\/wp-content\/uploads\/2019\/03\/catamaran-gozone-tahiti-croisiere-famille.jpg\" width=\"700\" height=\"525\" alt=\"Catamaran-gozone-tahiti-croisiere-famille\" \/><\/a><\/figure><figure class=\"gallery-item span_1_of_3 col col-2\"><a href=\"https:\/\/tahitisailanddive.com\/wp-content\/uploads\/2019\/03\/catamaran-gozone-tahiti-croisiere-famille2.jpg\" title=\"\" class=\"wpex-lightbox-group-item\" data-type=\"image\"><img loading=\"lazy\" decoding=\"async\" src=\"https:\/\/tahitisailanddive.com\/wp-content\/uploads\/2019\/03\/catamaran-gozone-tahiti-croisiere-famille2.jpg\" width=\"700\" height=\"467\" alt=\"Catamaran-gozone-tahiti-croisiere-famille2\" \/><\/a><\/figure><figure class=\"gallery-item span_1_of_3 col col-3\"><a href=\"https:\/\/tahitisailanddive.com\/wp-content\/uploads\/2019\/03\/catamaran-gozone-tahiti-croisiere-table.jpg\" title=\"\" class=\"wpex-lightbox-group-item\" data-type=\"image\"><img loading=\"lazy\" decoding=\"async\" src=\"https:\/\/tahitisailanddive.com\/wp-content\/uploads\/2019\/03\/catamaran-gozone-tahiti-croisiere-table.jpg\" width=\"700\" height=\"400\" alt=\"Catamaran-gozone-tahiti-croisiere-table\" \/><\/a><\/figure><figure class=\"gallery-item span_1_of_3 col col-1\"><a href=\"https:\/\/tahitisailanddive.com\/wp-content\/uploads\/2019\/03\/catamaran-gozone-tahiti-croisiere.jpg\" title=\"\" class=\"wpex-lightbox-group-item\" data-type=\"image\"><img loading=\"lazy\" decoding=\"async\" src=\"https:\/\/tahitisailanddive.com\/wp-content\/uploads\/2019\/03\/catamaran-gozone-tahiti-croisiere.jpg\" width=\"700\" height=\"400\" alt=\"Catamaran-gozone-tahiti-croisiere\" \/><\/a><\/figure><figure class=\"gallery-item span_1_of_3 col col-2\"><a href=\"https:\/\/tahitisailanddive.com\/wp-content\/uploads\/2019\/03\/croisiere-tahiti-catamaran-voilier-charter.jpg\" title=\"\" class=\"wpex-lightbox-group-item\" data-type=\"image\"><img loading=\"lazy\" decoding=\"async\" src=\"https:\/\/tahitisailanddive.com\/wp-content\/uploads\/2019\/03\/croisiere-tahiti-catamaran-voilier-charter.jpg\" width=\"700\" height=\"525\" alt=\"Croisiere-tahiti-catamaran-voilier-charter\" \/><\/a><\/figure><\/div>\n\n<h2><\/h2>\n[\/vc_column_text][vc_empty_space][vc_btn title=&#8221;BOOK YOUR CRUISE IN THE CATAMARAN LEOPARD &apos;43 GO ZONE&#8221; color=&#8221;primary&#8221; css_animation=&#8221;appear&#8221; link=&#8221;url:http%3A%2F%2Ftahitisailanddive.com%2Fcontact-tahiti-sail-and-dive-croisieres-tahiti%2F|&#8221;][\/vc_column][vc_column width=&#8221;1\/3&#8243; css=&#8221;.vc_custom_1466759569873{margin-top: 35px !important;margin-right: 35px !important;margin-bottom: 35px !important;margin-left: 35px !important;padding-top: 5px !important;padding-right: 20px !important;padding-bottom: 20px !important;padding-left: 20px !important;background-color: #0489c1 !important;border-radius: 5px !important;}&#8221;][vc_column_text css=&#8221;.vc_custom_1638455481892{padding-top: 0px !important;}&#8221;]\n<h4><span style=\"color: #333333;\"><a href=\"https:\/\/tahitisailanddive.com\/wp-content\/uploads\/2016\/06\/catamaran-leopard-43.jpg\"><img loading=\"lazy\" decoding=\"async\" class=\"alignleft size-full wp-image-2926\" src=\"https:\/\/tahitisailanddive.com\/wp-content\/uploads\/2016\/06\/catamaran-leopard-43.jpg\" alt=\"catamaran-leopard-43\" width=\"332\" height=\"600\" srcset=\"https:\/\/tahitisailanddive.com\/wp-content\/uploads\/2016\/06\/catamaran-leopard-43.jpg 332w, https:\/\/tahitisailanddive.com\/wp-content\/uploads\/2016\/06\/catamaran-leopard-43-166x300.jpg 166w\" sizes=\"(max-width: 332px) 100vw, 332px\" \/><\/a><\/span><\/h4>\n<h4><\/h4>\n<h4><\/h4>\n<h4><span style=\"color: #ffffff;\">\u00c9QUIPMENT :<\/span><\/h4>\n<h4><span style=\"color: #ffffff;\"><span class=\"fa fa-check\"  style=\"color: #ffffff;font-size: 16px;\"><\/span> 4 double cabins with private bathrooms (hot water shower, sink and toilet)<br \/>\n<\/span><\/h4>\n<h4><span style=\"color: #ffffff;\"><span class=\"fa fa-check\"  style=\"color: #ffffff;font-size: 16px;\"><\/span> Fully equipped kitchen<br \/>\n<\/span><\/h4>\n<h4><span style=\"color: #ffffff;\"><span class=\"fa fa-check\"  style=\"color: #ffffff;font-size: 16px;\"><\/span> Solar panels<br \/>\n<\/span><\/h4>\n<h4><span style=\"color: #ffffff;\"><span class=\"fa fa-check\"  style=\"color: #ffffff;font-size: 16px;\"><\/span> Desalinator<br \/>\n<\/span><\/h4>\n<h4><span style=\"color: #ffffff;\"><span class=\"fa fa-check\"  style=\"color: #ffffff;font-size: 16px;\"><\/span> Radio CD\/MP3<br \/>\n<\/span><\/h4>\n<h4><span style=\"color: #ffffff;\"><span class=\"fa fa-check\"  style=\"color: #ffffff;font-size: 16px;\"><\/span> Snorkeling equipment<br \/>\n<\/span><\/h4>\n<h4><span style=\"color: #ffffff;\"><span class=\"fa fa-check\"  style=\"color: #ffffff;font-size: 16px;\"><\/span> Barbecue<br \/>\n<\/span><\/h4>\n<h4><span style=\"color: #ffffff;\"><span class=\"fa fa-check\"  style=\"color: #ffffff;font-size: 16px;\"><\/span> Kayaks<br \/>\n<\/span><\/h4>\n<h4><span style=\"color: #0489c1;\"><span style=\"color: #ffffff;\"><span class=\"fa fa-check\"  style=\"color: #ffffff;font-size: 16px;\"><\/span> Library\/Board games<\/span><br \/>\n<\/span><\/h4>\n[\/vc_column_text][vc_empty_space][vc_separator][vc_column_text]\n<h4><span style=\"color: #ffffff;\">TECHNICAL CHARACTERISTICS :<\/span><\/h4>\n<p><span style=\"color: #ffffff;\">Hull length: 12.95 meters<\/span><br \/>\n<span style=\"color: #ffffff;\">Length at waterline: 11.50 meters<\/span><br \/>\n<span style=\"color: #ffffff;\">Engine: 2 \u00d7 40 HP<\/span><br \/>\n<span style=\"color: #ffffff;\">Fuel: 2 x 95,1 Gal \/ 2 x 360 L<\/span><br \/>\n<span style=\"color: #ffffff;\">Navigation category: 1st CE A\/1 Certification<\/span>[\/vc_column_text][vc_empty_space][vc_separator][vc_empty_space][vc_column_text]<span style=\"color: #ffffff;\">DOWNLOAD THE BROCHURE:<\/span><\/p>\n<p><a href=\"https:\/\/tahitisailanddive.com\/wp-content\/uploads\/2016\/06\/fiche-technique-bateau-L43.pdf\"><img loading=\"lazy\" decoding=\"async\" class=\"size-full wp-image-2971 alignleft\" src=\"https:\/\/tahitisailanddive.com\/wp-content\/uploads\/2016\/06\/brochure-leopard-43-1.jpg\" alt=\"brochure-leopard-43\" width=\"200\" height=\"155\"><\/a>[\/vc_column_text][\/vc_column][\/vc_row][vc_row][vc_column][vc_separator][\/vc_column][\/vc_row][vc_row][vc_column][vc_column_text]\n<p style=\"text-align: center;\">The photos and programs presented on www.tahitisailanddive.com are non-contractual and subject to modification without notice.<\/p>\n[\/vc_column_text][\/vc_column][\/vc_row]\n","protected":false},"excerpt":{"rendered":"<p>[vc_row css=&#8221;.vc_custom_1466759354276{padding: 30px !important;background-color: rgba(255,255,255,0.8) !important;*background-color: rgb(255,255,255) !important;border-radius: 5px !important;}&#8221;][vc_column width=&#8221;2\/3&#8243; css=&#8221;.vc_custom_1466113602123{padding-top: 30px !important;}&#8221;][vc_column_text] Catamaran LEOPARD 43\u2032 \u00ab GO ZONE \u00bb The Leopard 43, a sailing catamaran, was specifically built for cruising and can accommodate up to twelve passengers. with&hellip;<\/p>\n","protected":false},"author":3,"featured_media":4179,"parent":0,"menu_order":0,"comment_status":"closed","ping_status":"closed","template":"","meta":{"footnotes":""},"yoast_head":"<!-- This site is optimized with the Yoast SEO plugin v17.7.1 - https:\/\/yoast.com\/wordpress\/plugins\/seo\/ -->\n<title>CATAMARAN LEOPARD 43\u2032, \u00ab GO ZONE \u00bb - Croisi\u00e8re Tahiti catamaran location voile et plong\u00e9e charter skipper \u00e0 Tahiti<\/title>\n<meta name=\"description\" content=\"cruise in CATAMARAN LEOPARD 43\u2032, \u201cGO ZONE\u201d in Tahiti. The Leopard 43 was specifically built for cruising.\" \/>\n<meta name=\"robots\" content=\"index, follow, max-snippet:-1, max-image-preview:large, max-video-preview:-1\" \/>\n<link rel=\"canonical\" href=\"https:\/\/tahitisailanddive.com\/en\/catamaran-leopard-43-go-zone\/\" \/>\n<meta property=\"og:locale\" content=\"en_US\" \/>\n<meta property=\"og:type\" content=\"article\" \/>\n<meta property=\"og:title\" content=\"CATAMARAN LEOPARD 43\u2032, \u00ab GO ZONE \u00bb - Croisi\u00e8re Tahiti catamaran location voile et plong\u00e9e charter skipper \u00e0 Tahiti\" \/>\n<meta property=\"og:description\" content=\"cruise in CATAMARAN LEOPARD 43\u2032, \u201cGO ZONE\u201d in Tahiti. The Leopard 43 was specifically built for cruising.\" \/>\n<meta property=\"og:url\" content=\"https:\/\/tahitisailanddive.com\/en\/catamaran-leopard-43-go-zone\/\" \/>\n<meta property=\"og:site_name\" content=\"Croisi\u00e8re Tahiti catamaran location voile et plong\u00e9e charter skipper \u00e0 Tahiti\" \/>\n<meta property=\"article:publisher\" content=\"https:\/\/fr-fr.facebook.com\/people\/Tahitisailanddive-Sailanddive\/100007454959306\" \/>\n<meta property=\"article:modified_time\" content=\"2023-11-22T10:06:49+00:00\" \/>\n<meta property=\"og:image\" content=\"https:\/\/tahitisailanddive.com\/wp-content\/uploads\/2016\/06\/catamaran-croisiere-leopard-go-zone-43.jpg\" \/>\n\t<meta property=\"og:image:width\" content=\"600\" \/>\n\t<meta property=\"og:image:height\" content=\"400\" \/>\n<meta name=\"twitter:label1\" content=\"Est. reading time\" \/>\n\t<meta name=\"twitter:data1\" content=\"2 minutes\" \/>\n<script type=\"application\/ld+json\" class=\"yoast-schema-graph\">{\"@context\":\"https:\/\/schema.org\",\"@graph\":[{\"@type\":\"WebSite\",\"@id\":\"https:\/\/tahitisailanddive.com\/#website\",\"url\":\"https:\/\/tahitisailanddive.com\/\",\"name\":\"Croisi\\u00e8re Tahiti catamaran location voile et plong\\u00e9e charter skipper \\u00e0 Tahiti\",\"description\":\"Croisi\\u00e8re Tahiti en catamaran. Venez admirer Tahiti en croisi\\u00e8re sur nos catamarans, voile et plong\\u00e9e \\u00e0 : Tahiti, Moorea, Bora Bora, Rangiroa, Fakarava, Tetiaora\\u2026\",\"potentialAction\":[{\"@type\":\"SearchAction\",\"target\":{\"@type\":\"EntryPoint\",\"urlTemplate\":\"https:\/\/tahitisailanddive.com\/?s={search_term_string}\"},\"query-input\":\"required name=search_term_string\"}],\"inLanguage\":\"en-US\"},{\"@type\":\"ImageObject\",\"@id\":\"https:\/\/tahitisailanddive.com\/en\/catamaran-leopard-43-go-zone\/#primaryimage\",\"inLanguage\":\"en-US\",\"url\":\"https:\/\/tahitisailanddive.com\/wp-content\/uploads\/2016\/06\/catamaran-croisiere-leopard-go-zone-43.jpg\",\"contentUrl\":\"https:\/\/tahitisailanddive.com\/wp-content\/uploads\/2016\/06\/catamaran-croisiere-leopard-go-zone-43.jpg\",\"width\":600,\"height\":400},{\"@type\":\"WebPage\",\"@id\":\"https:\/\/tahitisailanddive.com\/en\/catamaran-leopard-43-go-zone\/#webpage\",\"url\":\"https:\/\/tahitisailanddive.com\/en\/catamaran-leopard-43-go-zone\/\",\"name\":\"CATAMARAN LEOPARD 43\\u2032, \\u00ab GO ZONE \\u00bb - Croisi\\u00e8re Tahiti catamaran location voile et plong\\u00e9e charter skipper \\u00e0 Tahiti\",\"isPartOf\":{\"@id\":\"https:\/\/tahitisailanddive.com\/#website\"},\"primaryImageOfPage\":{\"@id\":\"https:\/\/tahitisailanddive.com\/en\/catamaran-leopard-43-go-zone\/#primaryimage\"},\"datePublished\":\"2016-06-22T19:56:38+00:00\",\"dateModified\":\"2023-11-22T10:06:49+00:00\",\"description\":\"cruise in CATAMARAN LEOPARD 43\\u2032, \\u201cGO ZONE\\u201d in Tahiti. The Leopard 43 was specifically built for cruising.\",\"breadcrumb\":{\"@id\":\"https:\/\/tahitisailanddive.com\/en\/catamaran-leopard-43-go-zone\/#breadcrumb\"},\"inLanguage\":\"en-US\",\"potentialAction\":[{\"@type\":\"ReadAction\",\"target\":[\"https:\/\/tahitisailanddive.com\/en\/catamaran-leopard-43-go-zone\/\"]}]},{\"@type\":\"BreadcrumbList\",\"@id\":\"https:\/\/tahitisailanddive.com\/en\/catamaran-leopard-43-go-zone\/#breadcrumb\",\"itemListElement\":[{\"@type\":\"ListItem\",\"position\":1,\"name\":\"Accueil\",\"item\":\"https:\/\/tahitisailanddive.com\/en\/\"},{\"@type\":\"ListItem\",\"position\":2,\"name\":\"CATAMARAN LEOPARD 43\\u2032, \\u00ab GO ZONE \\u00bb\"}]}]}<\/script>\n<!-- \/ Yoast SEO plugin. -->","yoast_head_json":{"title":"CATAMARAN LEOPARD 43\u2032, \u00ab GO ZONE \u00bb - Croisi\u00e8re Tahiti catamaran location voile et plong\u00e9e charter skipper \u00e0 Tahiti","description":"cruise in CATAMARAN LEOPARD 43\u2032, \u201cGO ZONE\u201d in Tahiti. The Leopard 43 was specifically built for cruising.","robots":{"index":"index","follow":"follow","max-snippet":"max-snippet:-1","max-image-preview":"max-image-preview:large","max-video-preview":"max-video-preview:-1"},"canonical":"https:\/\/tahitisailanddive.com\/en\/catamaran-leopard-43-go-zone\/","og_locale":"en_US","og_type":"article","og_title":"CATAMARAN LEOPARD 43\u2032, \u00ab GO ZONE \u00bb - Croisi\u00e8re Tahiti catamaran location voile et plong\u00e9e charter skipper \u00e0 Tahiti","og_description":"cruise in CATAMARAN LEOPARD 43\u2032, \u201cGO ZONE\u201d in Tahiti. The Leopard 43 was specifically built for cruising.","og_url":"https:\/\/tahitisailanddive.com\/en\/catamaran-leopard-43-go-zone\/","og_site_name":"Croisi\u00e8re Tahiti catamaran location voile et plong\u00e9e charter skipper \u00e0 Tahiti","article_publisher":"https:\/\/fr-fr.facebook.com\/people\/Tahitisailanddive-Sailanddive\/100007454959306","article_modified_time":"2023-11-22T10:06:49+00:00","og_image":[{"width":600,"height":400,"url":"https:\/\/tahitisailanddive.com\/wp-content\/uploads\/2016\/06\/catamaran-croisiere-leopard-go-zone-43.jpg","type":"image\/jpeg"}],"twitter_misc":{"Est. reading time":"2 minutes"},"schema":{"@context":"https:\/\/schema.org","@graph":[{"@type":"WebSite","@id":"https:\/\/tahitisailanddive.com\/#website","url":"https:\/\/tahitisailanddive.com\/","name":"Croisi\u00e8re Tahiti catamaran location voile et plong\u00e9e charter skipper \u00e0 Tahiti","description":"Croisi\u00e8re Tahiti en catamaran. Venez admirer Tahiti en croisi\u00e8re sur nos catamarans, voile et plong\u00e9e \u00e0 : Tahiti, Moorea, Bora Bora, Rangiroa, Fakarava, Tetiaora\u2026","potentialAction":[{"@type":"SearchAction","target":{"@type":"EntryPoint","urlTemplate":"https:\/\/tahitisailanddive.com\/?s={search_term_string}"},"query-input":"required name=search_term_string"}],"inLanguage":"en-US"},{"@type":"ImageObject","@id":"https:\/\/tahitisailanddive.com\/en\/catamaran-leopard-43-go-zone\/#primaryimage","inLanguage":"en-US","url":"https:\/\/tahitisailanddive.com\/wp-content\/uploads\/2016\/06\/catamaran-croisiere-leopard-go-zone-43.jpg","contentUrl":"https:\/\/tahitisailanddive.com\/wp-content\/uploads\/2016\/06\/catamaran-croisiere-leopard-go-zone-43.jpg","width":600,"height":400},{"@type":"WebPage","@id":"https:\/\/tahitisailanddive.com\/en\/catamaran-leopard-43-go-zone\/#webpage","url":"https:\/\/tahitisailanddive.com\/en\/catamaran-leopard-43-go-zone\/","name":"CATAMARAN LEOPARD 43\u2032, \u00ab GO ZONE \u00bb - Croisi\u00e8re Tahiti catamaran location voile et plong\u00e9e charter skipper \u00e0 Tahiti","isPartOf":{"@id":"https:\/\/tahitisailanddive.com\/#website"},"primaryImageOfPage":{"@id":"https:\/\/tahitisailanddive.com\/en\/catamaran-leopard-43-go-zone\/#primaryimage"},"datePublished":"2016-06-22T19:56:38+00:00","dateModified":"2023-11-22T10:06:49+00:00","description":"cruise in CATAMARAN LEOPARD 43\u2032, \u201cGO ZONE\u201d in Tahiti. The Leopard 43 was specifically built for cruising.","breadcrumb":{"@id":"https:\/\/tahitisailanddive.com\/en\/catamaran-leopard-43-go-zone\/#breadcrumb"},"inLanguage":"en-US","potentialAction":[{"@type":"ReadAction","target":["https:\/\/tahitisailanddive.com\/en\/catamaran-leopard-43-go-zone\/"]}]},{"@type":"BreadcrumbList","@id":"https:\/\/tahitisailanddive.com\/en\/catamaran-leopard-43-go-zone\/#breadcrumb","itemListElement":[{"@type":"ListItem","position":1,"name":"Accueil","item":"https:\/\/tahitisailanddive.com\/en\/"},{"@type":"ListItem","position":2,"name":"CATAMARAN LEOPARD 43\u2032, \u00ab GO ZONE \u00bb"}]}]}},"_links":{"self":[{"href":"https:\/\/tahitisailanddive.com\/en\/wp-json\/wp\/v2\/pages\/4448"}],"collection":[{"href":"https:\/\/tahitisailanddive.com\/en\/wp-json\/wp\/v2\/pages"}],"about":[{"href":"https:\/\/tahitisailanddive.com\/en\/wp-json\/wp\/v2\/types\/page"}],"author":[{"embeddable":true,"href":"https:\/\/tahitisailanddive.com\/en\/wp-json\/wp\/v2\/users\/3"}],"replies":[{"embeddable":true,"href":"https:\/\/tahitisailanddive.com\/en\/wp-json\/wp\/v2\/comments?post=4448"}],"version-history":[{"count":7,"href":"https:\/\/tahitisailanddive.com\/en\/wp-json\/wp\/v2\/pages\/4448\/revisions"}],"predecessor-version":[{"id":6273,"href":"https:\/\/tahitisailanddive.com\/en\/wp-json\/wp\/v2\/pages\/4448\/revisions\/6273"}],"wp:featuredmedia":[{"embeddable":true,"href":"https:\/\/tahitisailanddive.com\/en\/wp-json\/wp\/v2\/media\/4179"}],"wp:attachment":[{"href":"https:\/\/tahitisailanddive.com\/en\/wp-json\/wp\/v2\/media?parent=4448"}],"curies":[{"name":"wp","href":"https:\/\/api.w.org\/{rel}","templated":true}]}}