{"id":4436,"date":"2016-06-22T10:13:30","date_gmt":"2016-06-22T20:13:30","guid":{"rendered":"http:\/\/tahitisailanddive.com\/catamaran-bahia-46-dalila\/"},"modified":"2023-11-21T22:21:20","modified_gmt":"2023-11-22T08:21:20","slug":"catamaran-kaipoa-44","status":"publish","type":"page","link":"https:\/\/tahitisailanddive.com\/en\/catamaran-kaipoa-44\/","title":{"rendered":"Catamaran KAIPOA 44\u2032"},"content":{"rendered":"[vc_row css=&#8221;.vc_custom_1466759083652{padding-top: 30px !important;padding-right: 30px !important;padding-bottom: 30px !important;padding-left: 30px !important;background-color: rgba(255,255,255,0.8) !important;*background-color: rgb(255,255,255) !important;border-radius: 5px !important;}&#8221;][vc_column width=&#8221;2\/3&#8243; css=&#8221;.vc_custom_1466113602123{padding-top: 30px !important;}&#8221;][vc_column_text]\n<h1><span style=\"font-size: 32px;\"><em><span style=\"font-family: georgia,palatino; color: #0489c1;\">Catamaran NAUTITECH 441<br \/>\n<\/span><\/em><\/span><span style=\"font-size: 32px; color: #333333;\"><span style=\"font-family: georgia, palatino;\"><span style=\"font-family: Open Sans;\">&#8220;KAIPOA&#8221;<\/span><\/span><\/span><\/h1>\n<p style=\"text-align: justify;\"><span style=\"color: #333333;\">This NAUTITECH 441 catamaran offers all the comfort you want for your tailor-made cruise:<\/span><\/p>\n<p>&nbsp;<\/p>\n<div id=\"gallery-0\" class=\"wpex-gallery wpex-row lightbox-group clr\"><figure class=\"gallery-item span_1_of_3 col col-1\"><a href=\"https:\/\/tahitisailanddive.com\/wp-content\/uploads\/2021\/12\/catamaran-nautitech-44-Kaipoa-croisiere-tahiti-1.jpg\" title=\"\" class=\"wpex-lightbox-group-item\" data-type=\"image\"><img loading=\"lazy\" decoding=\"async\" src=\"https:\/\/tahitisailanddive.com\/wp-content\/uploads\/2021\/12\/catamaran-nautitech-44-Kaipoa-croisiere-tahiti-1.jpg\" width=\"640\" height=\"853\" alt=\"Catamaran-nautitech-44-Kaipoa-croisiere-tahiti-1\" \/><\/a><\/figure><figure class=\"gallery-item span_1_of_3 col col-2\"><a href=\"https:\/\/tahitisailanddive.com\/wp-content\/uploads\/2021\/12\/catamaran-nautitech-44-Kaipoa-croisiere-tahiti-2.jpg\" title=\"\" class=\"wpex-lightbox-group-item\" data-type=\"image\"><img loading=\"lazy\" decoding=\"async\" src=\"https:\/\/tahitisailanddive.com\/wp-content\/uploads\/2021\/12\/catamaran-nautitech-44-Kaipoa-croisiere-tahiti-2.jpg\" width=\"700\" height=\"933\" alt=\"Catamaran Nautitech 44 Kaipoa Croisiere Tahiti 2\" \/><\/a><\/figure><figure class=\"gallery-item span_1_of_3 col col-3\"><a href=\"https:\/\/tahitisailanddive.com\/wp-content\/uploads\/2021\/12\/catamaran-nautitech-44-Kaipoa-croisiere-tahiti-3.jpg\" title=\"\" class=\"wpex-lightbox-group-item\" data-type=\"image\"><img loading=\"lazy\" decoding=\"async\" src=\"https:\/\/tahitisailanddive.com\/wp-content\/uploads\/2021\/12\/catamaran-nautitech-44-Kaipoa-croisiere-tahiti-3.jpg\" width=\"900\" height=\"506\" alt=\"Catamaran Nautitech 44 Kaipoa Croisiere Tahiti 3\" \/><\/a><\/figure><figure class=\"gallery-item span_1_of_3 col col-1\"><a href=\"https:\/\/tahitisailanddive.com\/wp-content\/uploads\/2021\/12\/catamaran-nautitech-44-Kaipoa-croisiere-tahiti-4.jpg\" title=\"\" class=\"wpex-lightbox-group-item\" data-type=\"image\"><img loading=\"lazy\" decoding=\"async\" src=\"https:\/\/tahitisailanddive.com\/wp-content\/uploads\/2021\/12\/catamaran-nautitech-44-Kaipoa-croisiere-tahiti-4-700x1024.jpg\" width=\"700\" height=\"1024\" alt=\"Catamaran Nautitech 44 Kaipoa Croisiere Tahiti 4\" \/><\/a><\/figure><figure class=\"gallery-item span_1_of_3 col col-2\"><a href=\"https:\/\/tahitisailanddive.com\/wp-content\/uploads\/2021\/12\/catamaran-nautitech-44-Kaipoa-croisiere-tahiti-5.jpg\" title=\"\" class=\"wpex-lightbox-group-item\" data-type=\"image\"><img loading=\"lazy\" decoding=\"async\" src=\"https:\/\/tahitisailanddive.com\/wp-content\/uploads\/2021\/12\/catamaran-nautitech-44-Kaipoa-croisiere-tahiti-5-700x1024.jpg\" width=\"700\" height=\"1024\" alt=\"Catamaran Nautitech 44 Kaipoa Croisiere Tahiti 5\" \/><\/a><\/figure><figure class=\"gallery-item span_1_of_3 col col-3\"><a href=\"https:\/\/tahitisailanddive.com\/wp-content\/uploads\/2021\/12\/catamaran-nautitech-44-Kaipoa-croisiere-tahiti-6.jpg\" title=\"\" class=\"wpex-lightbox-group-item\" data-type=\"image\"><img loading=\"lazy\" decoding=\"async\" src=\"https:\/\/tahitisailanddive.com\/wp-content\/uploads\/2021\/12\/catamaran-nautitech-44-Kaipoa-croisiere-tahiti-6-700x1024.jpg\" width=\"700\" height=\"1024\" alt=\"Catamaran Nautitech 44 Kaipoa Croisiere Tahiti 6\" \/><\/a><\/figure><figure class=\"gallery-item span_1_of_3 col col-1\"><a href=\"https:\/\/tahitisailanddive.com\/wp-content\/uploads\/2021\/12\/catamaran-nautitech-44-Kaipoa-croisiere-tahiti-7.jpg\" title=\"\" class=\"wpex-lightbox-group-item\" data-type=\"image\"><img loading=\"lazy\" decoding=\"async\" src=\"https:\/\/tahitisailanddive.com\/wp-content\/uploads\/2021\/12\/catamaran-nautitech-44-Kaipoa-croisiere-tahiti-7.jpg\" width=\"900\" height=\"506\" alt=\"Catamaran Nautitech 44 Kaipoa Croisiere Tahiti 7\" \/><\/a><\/figure><figure class=\"gallery-item span_1_of_3 col col-2\"><a href=\"https:\/\/tahitisailanddive.com\/wp-content\/uploads\/2021\/12\/catamaran-nautitech-44-Kaipoa-croisiere-tahiti-8.jpg\" title=\"\" class=\"wpex-lightbox-group-item\" data-type=\"image\"><img loading=\"lazy\" decoding=\"async\" src=\"https:\/\/tahitisailanddive.com\/wp-content\/uploads\/2021\/12\/catamaran-nautitech-44-Kaipoa-croisiere-tahiti-8.jpg\" width=\"900\" height=\"506\" alt=\"Catamaran Nautitech 44 Kaipoa Croisiere Tahiti 8\" \/><\/a><\/figure><figure class=\"gallery-item span_1_of_3 col col-3\"><a href=\"https:\/\/tahitisailanddive.com\/wp-content\/uploads\/2021\/12\/catamaran-nautitech-44-Kaipoa-croisiere-tahiti-9.jpg\" title=\"\" class=\"wpex-lightbox-group-item\" data-type=\"image\"><img loading=\"lazy\" decoding=\"async\" src=\"https:\/\/tahitisailanddive.com\/wp-content\/uploads\/2021\/12\/catamaran-nautitech-44-Kaipoa-croisiere-tahiti-9.jpg\" width=\"900\" height=\"506\" alt=\"Catamaran Nautitech 44 Kaipoa Croisiere Tahiti 9\" \/><\/a><\/figure><figure class=\"gallery-item span_1_of_3 col col-1\"><a href=\"https:\/\/tahitisailanddive.com\/wp-content\/uploads\/2021\/12\/catamaran-nautitech-44-Kaipoa-croisiere-tahiti-10.jpg\" title=\"\" class=\"wpex-lightbox-group-item\" data-type=\"image\"><img loading=\"lazy\" decoding=\"async\" src=\"https:\/\/tahitisailanddive.com\/wp-content\/uploads\/2021\/12\/catamaran-nautitech-44-Kaipoa-croisiere-tahiti-10-700x1024.jpg\" width=\"700\" height=\"1024\" alt=\"Catamaran Nautitech 44 Kaipoa Croisiere Tahiti 10\" \/><\/a><\/figure><figure class=\"gallery-item span_1_of_3 col col-2\"><a href=\"https:\/\/tahitisailanddive.com\/wp-content\/uploads\/2021\/12\/catamaran-nautitech-44-Kaipoa-croisiere-tahiti-11.jpg\" title=\"\" class=\"wpex-lightbox-group-item\" data-type=\"image\"><img loading=\"lazy\" decoding=\"async\" src=\"https:\/\/tahitisailanddive.com\/wp-content\/uploads\/2021\/12\/catamaran-nautitech-44-Kaipoa-croisiere-tahiti-11.jpg\" width=\"900\" height=\"506\" alt=\"Catamaran Nautitech 44 Kaipoa Croisiere Tahiti 11\" \/><\/a><\/figure><figure class=\"gallery-item span_1_of_3 col col-3\"><a href=\"https:\/\/tahitisailanddive.com\/wp-content\/uploads\/2021\/12\/catamaran-nautitech-44-Kaipoa-croisiere-tahiti-12.jpg\" title=\"\" class=\"wpex-lightbox-group-item\" data-type=\"image\"><img loading=\"lazy\" decoding=\"async\" src=\"https:\/\/tahitisailanddive.com\/wp-content\/uploads\/2021\/12\/catamaran-nautitech-44-Kaipoa-croisiere-tahiti-12.jpg\" width=\"900\" height=\"506\" alt=\"Catamaran Nautitech 44 Kaipoa Croisiere Tahiti 12\" \/><\/a><\/figure><figure class=\"gallery-item span_1_of_3 col col-1\"><a href=\"https:\/\/tahitisailanddive.com\/wp-content\/uploads\/2021\/12\/catamaran-nautitech-44-Kaipoa-croisiere-tahiti-13.jpg\" title=\"\" class=\"wpex-lightbox-group-item\" data-type=\"image\"><img loading=\"lazy\" decoding=\"async\" src=\"https:\/\/tahitisailanddive.com\/wp-content\/uploads\/2021\/12\/catamaran-nautitech-44-Kaipoa-croisiere-tahiti-13.jpg\" width=\"900\" height=\"506\" alt=\"Catamaran Nautitech 44 Kaipoa Croisiere Tahiti 13\" \/><\/a><\/figure><\/div>\n\n<h2><\/h2>\n[\/vc_column_text][vc_btn title=&#8221;BOOK YOUR CRUISE ON BOARD CATAMARAN NAUTITECH 441 &quot;KAIPOA&quot;&#8221; color=&#8221;primary&#8221; css_animation=&#8221;appear&#8221; link=&#8221;url:http%3A%2F%2Ftahitisailanddive.com%2Fcontact-tahiti-sail-and-dive-croisieres-tahiti%2F|&#8221;][\/vc_column][vc_column width=&#8221;1\/3&#8243; css=&#8221;.vc_custom_1466759117188{margin-top: 35px !important;padding-top: 5px !important;padding-right: 20px !important;padding-bottom: 20px !important;padding-left: 20px !important;background-color: #0489c1 !important;border-radius: 5px !important;}&#8221;][vc_column_text css=&#8221;.vc_custom_1638456844197{padding-top: 0px !important;}&#8221;]\n<h4><span style=\"color: #333333;\"><a href=\"https:\/\/tahitisailanddive.com\/wp-content\/uploads\/2021\/12\/catamaran-44-Kaipoa-croisiere-tahiti-fiche.jpg\"><img loading=\"lazy\" decoding=\"async\" class=\"alignleft wp-image-5879 size-medium\" src=\"https:\/\/tahitisailanddive.com\/wp-content\/uploads\/2021\/12\/catamaran-44-Kaipoa-croisiere-tahiti-fiche-165x300.jpg\" alt=\"\" width=\"165\" height=\"300\" srcset=\"https:\/\/tahitisailanddive.com\/wp-content\/uploads\/2021\/12\/catamaran-44-Kaipoa-croisiere-tahiti-fiche-165x300.jpg 165w, https:\/\/tahitisailanddive.com\/wp-content\/uploads\/2021\/12\/catamaran-44-Kaipoa-croisiere-tahiti-fiche.jpg 439w\" sizes=\"(max-width: 165px) 100vw, 165px\" \/><\/a><\/span><\/h4>\n<h4><\/h4>\n<h4><\/h4>\n<h4><span style=\"color: #ffffff;\">\u00c9QUIPMENT :<\/span><\/h4>\n<h4><span style=\"color: #ffffff;\"><span class=\"fa fa-check\"  style=\"color: #ffffff;font-size: 16px;\"><\/span> 4 double cabins with private bathrooms (hot water shower, sink and toilet)<br \/>\n<\/span><\/h4>\n<h4><span style=\"color: #ffffff;\"><span class=\"fa fa-check\"  style=\"color: #ffffff;font-size: 16px;\"><\/span> A large square and kitchen<br \/>\nfully equipped<br \/>\n<\/span><\/h4>\n<h4><span style=\"color: #ffffff;\"><span class=\"fa fa-check\"  style=\"color: #ffffff;font-size: 16px;\"><\/span> Solar panels<br \/>\n<\/span><\/h4>\n<h4><span style=\"color: #ffffff;\"><span class=\"fa fa-check\"  style=\"color: #ffffff;font-size: 16px;\"><\/span> Desalinator<br \/>\n<\/span><\/h4>\n<h4><span style=\"color: #ffffff;\"><span class=\"fa fa-check\"  style=\"color: #ffffff;font-size: 16px;\"><\/span> Radio CD\/MP3<br \/>\n<\/span><\/h4>\n<h4><span style=\"color: #ffffff;\"><span class=\"fa fa-check\"  style=\"color: #ffffff;font-size: 16px;\"><\/span> Snorkeling equipment<br \/>\n<\/span><\/h4>\n<h4><span style=\"color: #ffffff;\"><span class=\"fa fa-check\"  style=\"color: #ffffff;font-size: 16px;\"><\/span> Barbecue<br \/>\n<\/span><\/h4>\n<h4><span style=\"color: #ffffff;\"><span class=\"fa fa-check\"  style=\"color: #ffffff;font-size: 16px;\"><\/span> Kayaks<br \/>\n<\/span><\/h4>\n<h4><span style=\"color: #0489c1;\"><span style=\"color: #ffffff;\"><span class=\"fa fa-check\"  style=\"color: #ffffff;font-size: 16px;\"><\/span> Library\/Board games<\/span><br \/>\n<\/span><\/h4>\n[\/vc_column_text][vc_empty_space][vc_separator][vc_column_text]\n<h4><span style=\"color: #ffffff;\">TECHNICAL CHARACTERISTICS :<\/span><\/h4>\n<p><span style=\"color: #ffffff;\">Hull length: 14 m<\/span><br \/>\n<span style=\"color: #ffffff;\">Length at waterline: 13.50 m<\/span><br \/>\n<span style=\"color: #ffffff;\">Engine: 2 \u00d7 39 HP<\/span><br \/>\n<span style=\"color: #ffffff;\">Fuel : 2 x 66,1 Gal \/ 250 L<\/span><br \/>\n<span style=\"color: #ffffff;\">Navigation category: 1st CE A\/1 Certification<\/span>[\/vc_column_text][vc_empty_space][vc_separator][vc_empty_space][\/vc_column][\/vc_row][vc_row][vc_column][vc_separator][\/vc_column][\/vc_row][vc_row][vc_column][vc_column_text]\n<p style=\"text-align: center;\">The photos and programs presented on www.tahitisailanddive.com are non-contractual and subject to modification without notice.<\/p>\n[\/vc_column_text][\/vc_column][\/vc_row]\n","protected":false},"excerpt":{"rendered":"<p>[vc_row css=&#8221;.vc_custom_1466759083652{padding-top: 30px !important;padding-right: 30px !important;padding-bottom: 30px !important;padding-left: 30px !important;background-color: rgba(255,255,255,0.8) !important;*background-color: rgb(255,255,255) !important;border-radius: 5px !important;}&#8221;][vc_column width=&#8221;2\/3&#8243; css=&#8221;.vc_custom_1466113602123{padding-top: 30px !important;}&#8221;][vc_column_text] Catamaran NAUTITECH 441 &#8220;KAIPOA&#8221; This NAUTITECH 441 catamaran offers all the comfort you want for your tailor-made cruise: &nbsp; [\/vc_column_text][vc_btn&hellip;<\/p>\n","protected":false},"author":3,"featured_media":0,"parent":0,"menu_order":0,"comment_status":"closed","ping_status":"closed","template":"","meta":{"footnotes":""},"yoast_head":"<!-- This site is optimized with the Yoast SEO plugin v17.7.1 - https:\/\/yoast.com\/wordpress\/plugins\/seo\/ -->\n<title>Catamaran KAIPOA 44\u2032 - Croisi\u00e8re Tahiti catamaran location voile et plong\u00e9e charter skipper \u00e0 Tahiti<\/title>\n<meta name=\"description\" content=\"Croisi\u00e8re \u00e0 Tahiti en catamaran NAUTITECH 441, \u00ab KAIPOA \u00bb. This catamaran offers all the comfort you want for tailor-made cruises.\" \/>\n<meta name=\"robots\" content=\"index, follow, max-snippet:-1, max-image-preview:large, max-video-preview:-1\" \/>\n<link rel=\"canonical\" href=\"https:\/\/tahitisailanddive.com\/en\/catamaran-kaipoa-44\/\" \/>\n<meta property=\"og:locale\" content=\"en_US\" \/>\n<meta property=\"og:type\" content=\"article\" \/>\n<meta property=\"og:title\" content=\"Catamaran KAIPOA 44\u2032 - Croisi\u00e8re Tahiti catamaran location voile et plong\u00e9e charter skipper \u00e0 Tahiti\" \/>\n<meta property=\"og:description\" content=\"Croisi\u00e8re \u00e0 Tahiti en catamaran NAUTITECH 441, \u00ab KAIPOA \u00bb. This catamaran offers all the comfort you want for tailor-made cruises.\" \/>\n<meta property=\"og:url\" content=\"https:\/\/tahitisailanddive.com\/en\/catamaran-kaipoa-44\/\" \/>\n<meta property=\"og:site_name\" content=\"Croisi\u00e8re Tahiti catamaran location voile et plong\u00e9e charter skipper \u00e0 Tahiti\" \/>\n<meta property=\"article:publisher\" content=\"https:\/\/fr-fr.facebook.com\/people\/Tahitisailanddive-Sailanddive\/100007454959306\" \/>\n<meta property=\"article:modified_time\" content=\"2023-11-22T08:21:20+00:00\" \/>\n<meta property=\"og:image\" content=\"https:\/\/tahitisailanddive.com\/wp-content\/uploads\/2021\/12\/catamaran-nautitech-44-Kaipoa-croisiere-tahiti-1.jpg\" \/>\n<meta name=\"twitter:label1\" content=\"Est. reading time\" \/>\n\t<meta name=\"twitter:data1\" content=\"2 minutes\" \/>\n<script type=\"application\/ld+json\" class=\"yoast-schema-graph\">{\"@context\":\"https:\/\/schema.org\",\"@graph\":[{\"@type\":\"WebSite\",\"@id\":\"https:\/\/tahitisailanddive.com\/#website\",\"url\":\"https:\/\/tahitisailanddive.com\/\",\"name\":\"Croisi\\u00e8re Tahiti catamaran location voile et plong\\u00e9e charter skipper \\u00e0 Tahiti\",\"description\":\"Croisi\\u00e8re Tahiti en catamaran. Venez admirer Tahiti en croisi\\u00e8re sur nos catamarans, voile et plong\\u00e9e \\u00e0 : Tahiti, Moorea, Bora Bora, Rangiroa, Fakarava, Tetiaora\\u2026\",\"potentialAction\":[{\"@type\":\"SearchAction\",\"target\":{\"@type\":\"EntryPoint\",\"urlTemplate\":\"https:\/\/tahitisailanddive.com\/?s={search_term_string}\"},\"query-input\":\"required name=search_term_string\"}],\"inLanguage\":\"en-US\"},{\"@type\":\"ImageObject\",\"@id\":\"https:\/\/tahitisailanddive.com\/en\/catamaran-kaipoa-44\/#primaryimage\",\"inLanguage\":\"en-US\",\"url\":\"https:\/\/tahitisailanddive.com\/wp-content\/uploads\/2021\/12\/catamaran-44-Kaipoa-croisiere-tahiti-fiche.jpg\",\"contentUrl\":\"https:\/\/tahitisailanddive.com\/wp-content\/uploads\/2021\/12\/catamaran-44-Kaipoa-croisiere-tahiti-fiche.jpg\",\"width\":439,\"height\":800},{\"@type\":\"WebPage\",\"@id\":\"https:\/\/tahitisailanddive.com\/en\/catamaran-kaipoa-44\/#webpage\",\"url\":\"https:\/\/tahitisailanddive.com\/en\/catamaran-kaipoa-44\/\",\"name\":\"Catamaran KAIPOA 44\\u2032 - Croisi\\u00e8re Tahiti catamaran location voile et plong\\u00e9e charter skipper \\u00e0 Tahiti\",\"isPartOf\":{\"@id\":\"https:\/\/tahitisailanddive.com\/#website\"},\"primaryImageOfPage\":{\"@id\":\"https:\/\/tahitisailanddive.com\/en\/catamaran-kaipoa-44\/#primaryimage\"},\"datePublished\":\"2016-06-22T20:13:30+00:00\",\"dateModified\":\"2023-11-22T08:21:20+00:00\",\"description\":\"Croisi\\u00e8re \\u00e0 Tahiti en catamaran NAUTITECH 441, \\u00ab KAIPOA \\u00bb. This catamaran offers all the comfort you want for tailor-made cruises.\",\"breadcrumb\":{\"@id\":\"https:\/\/tahitisailanddive.com\/en\/catamaran-kaipoa-44\/#breadcrumb\"},\"inLanguage\":\"en-US\",\"potentialAction\":[{\"@type\":\"ReadAction\",\"target\":[\"https:\/\/tahitisailanddive.com\/en\/catamaran-kaipoa-44\/\"]}]},{\"@type\":\"BreadcrumbList\",\"@id\":\"https:\/\/tahitisailanddive.com\/en\/catamaran-kaipoa-44\/#breadcrumb\",\"itemListElement\":[{\"@type\":\"ListItem\",\"position\":1,\"name\":\"Accueil\",\"item\":\"https:\/\/tahitisailanddive.com\/en\/\"},{\"@type\":\"ListItem\",\"position\":2,\"name\":\"Catamaran KAIPOA 44\\u2032\"}]}]}<\/script>\n<!-- \/ Yoast SEO plugin. -->","yoast_head_json":{"title":"Catamaran KAIPOA 44\u2032 - Croisi\u00e8re Tahiti catamaran location voile et plong\u00e9e charter skipper \u00e0 Tahiti","description":"Croisi\u00e8re \u00e0 Tahiti en catamaran NAUTITECH 441, \u00ab KAIPOA \u00bb. This catamaran offers all the comfort you want for tailor-made cruises.","robots":{"index":"index","follow":"follow","max-snippet":"max-snippet:-1","max-image-preview":"max-image-preview:large","max-video-preview":"max-video-preview:-1"},"canonical":"https:\/\/tahitisailanddive.com\/en\/catamaran-kaipoa-44\/","og_locale":"en_US","og_type":"article","og_title":"Catamaran KAIPOA 44\u2032 - Croisi\u00e8re Tahiti catamaran location voile et plong\u00e9e charter skipper \u00e0 Tahiti","og_description":"Croisi\u00e8re \u00e0 Tahiti en catamaran NAUTITECH 441, \u00ab KAIPOA \u00bb. This catamaran offers all the comfort you want for tailor-made cruises.","og_url":"https:\/\/tahitisailanddive.com\/en\/catamaran-kaipoa-44\/","og_site_name":"Croisi\u00e8re Tahiti catamaran location voile et plong\u00e9e charter skipper \u00e0 Tahiti","article_publisher":"https:\/\/fr-fr.facebook.com\/people\/Tahitisailanddive-Sailanddive\/100007454959306","article_modified_time":"2023-11-22T08:21:20+00:00","og_image":[{"url":"https:\/\/tahitisailanddive.com\/wp-content\/uploads\/2021\/12\/catamaran-nautitech-44-Kaipoa-croisiere-tahiti-1.jpg"}],"twitter_misc":{"Est. reading time":"2 minutes"},"schema":{"@context":"https:\/\/schema.org","@graph":[{"@type":"WebSite","@id":"https:\/\/tahitisailanddive.com\/#website","url":"https:\/\/tahitisailanddive.com\/","name":"Croisi\u00e8re Tahiti catamaran location voile et plong\u00e9e charter skipper \u00e0 Tahiti","description":"Croisi\u00e8re Tahiti en catamaran. Venez admirer Tahiti en croisi\u00e8re sur nos catamarans, voile et plong\u00e9e \u00e0 : Tahiti, Moorea, Bora Bora, Rangiroa, Fakarava, Tetiaora\u2026","potentialAction":[{"@type":"SearchAction","target":{"@type":"EntryPoint","urlTemplate":"https:\/\/tahitisailanddive.com\/?s={search_term_string}"},"query-input":"required name=search_term_string"}],"inLanguage":"en-US"},{"@type":"ImageObject","@id":"https:\/\/tahitisailanddive.com\/en\/catamaran-kaipoa-44\/#primaryimage","inLanguage":"en-US","url":"https:\/\/tahitisailanddive.com\/wp-content\/uploads\/2021\/12\/catamaran-44-Kaipoa-croisiere-tahiti-fiche.jpg","contentUrl":"https:\/\/tahitisailanddive.com\/wp-content\/uploads\/2021\/12\/catamaran-44-Kaipoa-croisiere-tahiti-fiche.jpg","width":439,"height":800},{"@type":"WebPage","@id":"https:\/\/tahitisailanddive.com\/en\/catamaran-kaipoa-44\/#webpage","url":"https:\/\/tahitisailanddive.com\/en\/catamaran-kaipoa-44\/","name":"Catamaran KAIPOA 44\u2032 - Croisi\u00e8re Tahiti catamaran location voile et plong\u00e9e charter skipper \u00e0 Tahiti","isPartOf":{"@id":"https:\/\/tahitisailanddive.com\/#website"},"primaryImageOfPage":{"@id":"https:\/\/tahitisailanddive.com\/en\/catamaran-kaipoa-44\/#primaryimage"},"datePublished":"2016-06-22T20:13:30+00:00","dateModified":"2023-11-22T08:21:20+00:00","description":"Croisi\u00e8re \u00e0 Tahiti en catamaran NAUTITECH 441, \u00ab KAIPOA \u00bb. This catamaran offers all the comfort you want for tailor-made cruises.","breadcrumb":{"@id":"https:\/\/tahitisailanddive.com\/en\/catamaran-kaipoa-44\/#breadcrumb"},"inLanguage":"en-US","potentialAction":[{"@type":"ReadAction","target":["https:\/\/tahitisailanddive.com\/en\/catamaran-kaipoa-44\/"]}]},{"@type":"BreadcrumbList","@id":"https:\/\/tahitisailanddive.com\/en\/catamaran-kaipoa-44\/#breadcrumb","itemListElement":[{"@type":"ListItem","position":1,"name":"Accueil","item":"https:\/\/tahitisailanddive.com\/en\/"},{"@type":"ListItem","position":2,"name":"Catamaran KAIPOA 44\u2032"}]}]}},"_links":{"self":[{"href":"https:\/\/tahitisailanddive.com\/en\/wp-json\/wp\/v2\/pages\/4436"}],"collection":[{"href":"https:\/\/tahitisailanddive.com\/en\/wp-json\/wp\/v2\/pages"}],"about":[{"href":"https:\/\/tahitisailanddive.com\/en\/wp-json\/wp\/v2\/types\/page"}],"author":[{"embeddable":true,"href":"https:\/\/tahitisailanddive.com\/en\/wp-json\/wp\/v2\/users\/3"}],"replies":[{"embeddable":true,"href":"https:\/\/tahitisailanddive.com\/en\/wp-json\/wp\/v2\/comments?post=4436"}],"version-history":[{"count":4,"href":"https:\/\/tahitisailanddive.com\/en\/wp-json\/wp\/v2\/pages\/4436\/revisions"}],"predecessor-version":[{"id":6239,"href":"https:\/\/tahitisailanddive.com\/en\/wp-json\/wp\/v2\/pages\/4436\/revisions\/6239"}],"wp:attachment":[{"href":"https:\/\/tahitisailanddive.com\/en\/wp-json\/wp\/v2\/media?parent=4436"}],"curies":[{"name":"wp","href":"https:\/\/api.w.org\/{rel}","templated":true}]}}