{"id":4432,"date":"2017-02-22T23:49:05","date_gmt":"2017-02-23T09:49:05","guid":{"rendered":"http:\/\/tahitisailanddive.com\/annulation-croisiere\/"},"modified":"2018-03-24T12:07:55","modified_gmt":"2018-03-24T22:07:55","slug":"cruise-cancellation","status":"publish","type":"page","link":"https:\/\/tahitisailanddive.com\/en\/cruise-cancellation\/","title":{"rendered":"Cruise cancellation"},"content":{"rendered":"[vc_row][vc_column][vc_column_text css=&#8221;.vc_custom_1487843460770{padding-top: 20px !important;padding-right: 20px !important;padding-bottom: 20px !important;padding-left: 20px !important;background-color: rgba(247,247,247,0.78) !important;*background-color: rgb(247,247,247) !important;border-radius: 5px !important;}&#8221;]\n<p style=\"text-align: center;\"><span style=\"color: #0489c1;\"><strong><em><span style=\"font-family: georgia,palatino; font-size: 24px;\"><span id=\"result_box\" class=\"\" lang=\"en\"><span class=\"\">You wished to cancel your transaction<\/span><\/span>.<\/span><\/em><\/strong><\/span><br \/>\n<span style=\"font-size: 24px; font-family: Open Sans;\"><a href=\"https:\/\/tahitisailanddive.com\/en\/acheter-votre-croisiere\/\"><span id=\"result_box\" class=\"\" lang=\"en\"><span class=\"\">You can resume it by clicking here.<\/span><\/span><\/a><\/span><\/p>\n<p style=\"text-align: center;\"><span style=\"font-size: 24px; font-family: Open Sans;\"><span id=\"result_box\" class=\"\" lang=\"en\"><span class=\"\">We remain at your disposal for any further information<\/span><\/span><br \/>\n<span id=\"result_box\" class=\"\" lang=\"en\"><span class=\"\">by our contact page.<\/span><\/span><br \/>\n<\/span><\/p>\n[\/vc_column_text][\/vc_column][\/vc_row]\n","protected":false},"excerpt":{"rendered":"<p>[vc_row][vc_column][vc_column_text css=&#8221;.vc_custom_1487843460770{padding-top: 20px !important;padding-right: 20px !important;padding-bottom: 20px !important;padding-left: 20px !important;background-color: rgba(247,247,247,0.78) !important;*background-color: rgb(247,247,247) !important;border-radius: 5px !important;}&#8221;] You wished to cancel your transaction. You can resume it by clicking here. We remain at your disposal for any further information by our&hellip;<\/p>\n","protected":false},"author":3,"featured_media":0,"parent":0,"menu_order":0,"comment_status":"closed","ping_status":"closed","template":"","meta":{"footnotes":""},"yoast_head":"<!-- This site is optimized with the Yoast SEO plugin v17.7.1 - https:\/\/yoast.com\/wordpress\/plugins\/seo\/ -->\n<title>Cruise cancellation - Croisi\u00e8re Tahiti catamaran location voile et plong\u00e9e charter skipper \u00e0 Tahiti<\/title>\n<meta name=\"description\" content=\"You wished to cancel your transaction. You can resume it by clicking here. We remain at your disposal for any further information by our contact page.\" \/>\n<meta name=\"robots\" content=\"index, follow, max-snippet:-1, max-image-preview:large, max-video-preview:-1\" \/>\n<link rel=\"canonical\" href=\"https:\/\/tahitisailanddive.com\/en\/cruise-cancellation\/\" \/>\n<meta property=\"og:locale\" content=\"en_US\" \/>\n<meta property=\"og:type\" content=\"article\" \/>\n<meta property=\"og:title\" content=\"Cruise cancellation - Croisi\u00e8re Tahiti catamaran location voile et plong\u00e9e charter skipper \u00e0 Tahiti\" \/>\n<meta property=\"og:description\" content=\"You wished to cancel your transaction. You can resume it by clicking here. We remain at your disposal for any further information by our contact page.\" \/>\n<meta property=\"og:url\" content=\"https:\/\/tahitisailanddive.com\/en\/cruise-cancellation\/\" \/>\n<meta property=\"og:site_name\" content=\"Croisi\u00e8re Tahiti catamaran location voile et plong\u00e9e charter skipper \u00e0 Tahiti\" \/>\n<meta property=\"article:publisher\" content=\"https:\/\/fr-fr.facebook.com\/people\/Tahitisailanddive-Sailanddive\/100007454959306\" \/>\n<meta property=\"article:modified_time\" content=\"2018-03-24T22:07:55+00:00\" \/>\n<script type=\"application\/ld+json\" class=\"yoast-schema-graph\">{\"@context\":\"https:\/\/schema.org\",\"@graph\":[{\"@type\":\"WebSite\",\"@id\":\"https:\/\/tahitisailanddive.com\/#website\",\"url\":\"https:\/\/tahitisailanddive.com\/\",\"name\":\"Croisi\\u00e8re Tahiti catamaran location voile et plong\\u00e9e charter skipper \\u00e0 Tahiti\",\"description\":\"Croisi\\u00e8re Tahiti en catamaran. Venez admirer Tahiti en croisi\\u00e8re sur nos catamarans, voile et plong\\u00e9e \\u00e0 : Tahiti, Moorea, Bora Bora, Rangiroa, Fakarava, Tetiaora\\u2026\",\"potentialAction\":[{\"@type\":\"SearchAction\",\"target\":{\"@type\":\"EntryPoint\",\"urlTemplate\":\"https:\/\/tahitisailanddive.com\/?s={search_term_string}\"},\"query-input\":\"required name=search_term_string\"}],\"inLanguage\":\"en-US\"},{\"@type\":\"WebPage\",\"@id\":\"https:\/\/tahitisailanddive.com\/en\/cruise-cancellation\/#webpage\",\"url\":\"https:\/\/tahitisailanddive.com\/en\/cruise-cancellation\/\",\"name\":\"Cruise cancellation - Croisi\\u00e8re Tahiti catamaran location voile et plong\\u00e9e charter skipper \\u00e0 Tahiti\",\"isPartOf\":{\"@id\":\"https:\/\/tahitisailanddive.com\/#website\"},\"datePublished\":\"2017-02-23T09:49:05+00:00\",\"dateModified\":\"2018-03-24T22:07:55+00:00\",\"description\":\"You wished to cancel your transaction. You can resume it by clicking here. We remain at your disposal for any further information by our contact page.\",\"breadcrumb\":{\"@id\":\"https:\/\/tahitisailanddive.com\/en\/cruise-cancellation\/#breadcrumb\"},\"inLanguage\":\"en-US\",\"potentialAction\":[{\"@type\":\"ReadAction\",\"target\":[\"https:\/\/tahitisailanddive.com\/en\/cruise-cancellation\/\"]}]},{\"@type\":\"BreadcrumbList\",\"@id\":\"https:\/\/tahitisailanddive.com\/en\/cruise-cancellation\/#breadcrumb\",\"itemListElement\":[{\"@type\":\"ListItem\",\"position\":1,\"name\":\"Accueil\",\"item\":\"https:\/\/tahitisailanddive.com\/en\/\"},{\"@type\":\"ListItem\",\"position\":2,\"name\":\"Cruise cancellation\"}]}]}<\/script>\n<!-- \/ Yoast SEO plugin. -->","yoast_head_json":{"title":"Cruise cancellation - Croisi\u00e8re Tahiti catamaran location voile et plong\u00e9e charter skipper \u00e0 Tahiti","description":"You wished to cancel your transaction. You can resume it by clicking here. We remain at your disposal for any further information by our contact page.","robots":{"index":"index","follow":"follow","max-snippet":"max-snippet:-1","max-image-preview":"max-image-preview:large","max-video-preview":"max-video-preview:-1"},"canonical":"https:\/\/tahitisailanddive.com\/en\/cruise-cancellation\/","og_locale":"en_US","og_type":"article","og_title":"Cruise cancellation - Croisi\u00e8re Tahiti catamaran location voile et plong\u00e9e charter skipper \u00e0 Tahiti","og_description":"You wished to cancel your transaction. You can resume it by clicking here. We remain at your disposal for any further information by our contact page.","og_url":"https:\/\/tahitisailanddive.com\/en\/cruise-cancellation\/","og_site_name":"Croisi\u00e8re Tahiti catamaran location voile et plong\u00e9e charter skipper \u00e0 Tahiti","article_publisher":"https:\/\/fr-fr.facebook.com\/people\/Tahitisailanddive-Sailanddive\/100007454959306","article_modified_time":"2018-03-24T22:07:55+00:00","schema":{"@context":"https:\/\/schema.org","@graph":[{"@type":"WebSite","@id":"https:\/\/tahitisailanddive.com\/#website","url":"https:\/\/tahitisailanddive.com\/","name":"Croisi\u00e8re Tahiti catamaran location voile et plong\u00e9e charter skipper \u00e0 Tahiti","description":"Croisi\u00e8re Tahiti en catamaran. Venez admirer Tahiti en croisi\u00e8re sur nos catamarans, voile et plong\u00e9e \u00e0 : Tahiti, Moorea, Bora Bora, Rangiroa, Fakarava, Tetiaora\u2026","potentialAction":[{"@type":"SearchAction","target":{"@type":"EntryPoint","urlTemplate":"https:\/\/tahitisailanddive.com\/?s={search_term_string}"},"query-input":"required name=search_term_string"}],"inLanguage":"en-US"},{"@type":"WebPage","@id":"https:\/\/tahitisailanddive.com\/en\/cruise-cancellation\/#webpage","url":"https:\/\/tahitisailanddive.com\/en\/cruise-cancellation\/","name":"Cruise cancellation - Croisi\u00e8re Tahiti catamaran location voile et plong\u00e9e charter skipper \u00e0 Tahiti","isPartOf":{"@id":"https:\/\/tahitisailanddive.com\/#website"},"datePublished":"2017-02-23T09:49:05+00:00","dateModified":"2018-03-24T22:07:55+00:00","description":"You wished to cancel your transaction. You can resume it by clicking here. We remain at your disposal for any further information by our contact page.","breadcrumb":{"@id":"https:\/\/tahitisailanddive.com\/en\/cruise-cancellation\/#breadcrumb"},"inLanguage":"en-US","potentialAction":[{"@type":"ReadAction","target":["https:\/\/tahitisailanddive.com\/en\/cruise-cancellation\/"]}]},{"@type":"BreadcrumbList","@id":"https:\/\/tahitisailanddive.com\/en\/cruise-cancellation\/#breadcrumb","itemListElement":[{"@type":"ListItem","position":1,"name":"Accueil","item":"https:\/\/tahitisailanddive.com\/en\/"},{"@type":"ListItem","position":2,"name":"Cruise cancellation"}]}]}},"_links":{"self":[{"href":"https:\/\/tahitisailanddive.com\/en\/wp-json\/wp\/v2\/pages\/4432"}],"collection":[{"href":"https:\/\/tahitisailanddive.com\/en\/wp-json\/wp\/v2\/pages"}],"about":[{"href":"https:\/\/tahitisailanddive.com\/en\/wp-json\/wp\/v2\/types\/page"}],"author":[{"embeddable":true,"href":"https:\/\/tahitisailanddive.com\/en\/wp-json\/wp\/v2\/users\/3"}],"replies":[{"embeddable":true,"href":"https:\/\/tahitisailanddive.com\/en\/wp-json\/wp\/v2\/comments?post=4432"}],"version-history":[{"count":0,"href":"https:\/\/tahitisailanddive.com\/en\/wp-json\/wp\/v2\/pages\/4432\/revisions"}],"wp:attachment":[{"href":"https:\/\/tahitisailanddive.com\/en\/wp-json\/wp\/v2\/media?parent=4432"}],"curies":[{"name":"wp","href":"https:\/\/api.w.org\/{rel}","templated":true}]}}