{"id":4420,"date":"2017-02-22T23:05:04","date_gmt":"2017-02-23T09:05:04","guid":{"rendered":"http:\/\/tahitisailanddive.com\/acheter-votre-croisiere\/"},"modified":"2023-12-08T21:42:04","modified_gmt":"2023-12-09T07:42:04","slug":"buy-your-cruise-in-tahiti","status":"publish","type":"page","link":"https:\/\/tahitisailanddive.com\/en\/buy-your-cruise-in-tahiti\/","title":{"rendered":"Buy your cruise in Tahiti"},"content":{"rendered":"[vc_row][vc_column css=&#8221;.vc_custom_1487841717658{background-color: rgba(249,249,249,0.78) !important;*background-color: rgb(249,249,249) !important;border-radius: 5px !important;}&#8221;][vc_column_text css=&#8221;.vc_custom_1700648219315{padding-top: 20px !important;padding-right: 20px !important;padding-bottom: 20px !important;padding-left: 20px !important;}&#8221;]\n<h1 style=\"text-align: center;\"><span style=\"color: #0489c1; font-family: Open Sans; font-size: 24px;\"><span class=\"HwtZe\" lang=\"en\"><span style=\"font-family: georgia, palatino;\"><em><span class=\"jCAhz ChMk0b\"><span class=\"ryNqvb\">You contacted us to reserve<\/span><\/span> <\/em><\/span><span class=\"jCAhz ChMk0b\"><span class=\"ryNqvb\"><span style=\"font-family: georgia, palatino;\"><em>a cruise aboard our catamarans<\/em><\/span><br \/>\n<span style=\"font-family: georgia, palatino;\"><em>in Tahiti in French Polynesia.<\/em><\/span><br \/>\n<\/span><\/span><\/span><\/span><span style=\"color: #333333; font-family: Open Sans; font-size: 18px;\"><span class=\"HwtZe\" lang=\"en\"><span class=\"jCAhz ChMk0b\"><span class=\"ryNqvb\">We are pleased to inform you that to validate your cruise,<br \/>\nyou must complete<\/span><\/span> <span class=\"jCAhz ChMk0b\"><span class=\"ryNqvb\">your partial or total payment<br \/>\nwith your Paypal account below:<\/span><\/span><\/span><\/span><\/h1>\n<form action=\"https:\/\/www.paypal.com\/cgi-bin\/webscr\" method=\"post\" target=\"_top\"><input name=\"cmd\" type=\"hidden\" value=\"_s-xclick\" \/><br \/>\n<input name=\"hosted_button_id\" type=\"hidden\" value=\"FZNW4E4CK6ECQ\" \/><br \/>\n<input alt=\"PayPal, le r\u00e9flexe s\u00e9curit\u00e9 pour payer en ligne\" name=\"submit\" src=\"https:\/\/www.paypalobjects.com\/fr_FR\/FR\/i\/btn\/btn_buynowCC_LG.gif\" type=\"image\" \/><br \/>\n<img loading=\"lazy\" decoding=\"async\" src=\"https:\/\/www.paypalobjects.com\/fr_FR\/i\/scr\/pixel.gif\" alt=\"\" width=\"1\" height=\"1\" border=\"0\" \/><\/form>\n<h3 style=\"text-align: center;\"><span style=\"color: #333333; font-family: Open Sans; font-size: 18px;\"><span class=\"HwtZe\" lang=\"en\"><span class=\"jCAhz ChMk0b\"><span class=\"ryNqvb\">After validation of the transaction, we will be able to confirm your stay on our sailboats.<\/span><\/span><\/span><\/span><\/h3>\n[\/vc_column_text][\/vc_column][\/vc_row]\n","protected":false},"excerpt":{"rendered":"<p>[vc_row][vc_column css=&#8221;.vc_custom_1487841717658{background-color: rgba(249,249,249,0.78) !important;*background-color: rgb(249,249,249) !important;border-radius: 5px !important;}&#8221;][vc_column_text css=&#8221;.vc_custom_1700648219315{padding-top: 20px !important;padding-right: 20px !important;padding-bottom: 20px !important;padding-left: 20px !important;}&#8221;] You contacted us to reserve a cruise aboard our catamarans in Tahiti in French Polynesia. We are pleased to inform you that to&hellip;<\/p>\n","protected":false},"author":3,"featured_media":0,"parent":0,"menu_order":0,"comment_status":"closed","ping_status":"closed","template":"","meta":{"footnotes":""},"yoast_head":"<!-- This site is optimized with the Yoast SEO plugin v17.7.1 - https:\/\/yoast.com\/wordpress\/plugins\/seo\/ -->\n<title>Buy your cruise in Tahiti - Croisi\u00e8re Tahiti catamaran location voile et plong\u00e9e charter skipper \u00e0 Tahiti<\/title>\n<meta name=\"description\" content=\"You contacted us to reserve a cruise aboard our catamarans in Tahiti in French Polynesia. We are pleased to inform you that to validate your cruise, you\" \/>\n<meta name=\"robots\" content=\"index, follow, max-snippet:-1, max-image-preview:large, max-video-preview:-1\" \/>\n<link rel=\"canonical\" href=\"https:\/\/tahitisailanddive.com\/en\/buy-your-cruise-in-tahiti\/\" \/>\n<meta property=\"og:locale\" content=\"en_US\" \/>\n<meta property=\"og:type\" content=\"article\" \/>\n<meta property=\"og:title\" content=\"Buy your cruise in Tahiti - Croisi\u00e8re Tahiti catamaran location voile et plong\u00e9e charter skipper \u00e0 Tahiti\" \/>\n<meta property=\"og:description\" content=\"You contacted us to reserve a cruise aboard our catamarans in Tahiti in French Polynesia. We are pleased to inform you that to validate your cruise, you\" \/>\n<meta property=\"og:url\" content=\"https:\/\/tahitisailanddive.com\/en\/buy-your-cruise-in-tahiti\/\" \/>\n<meta property=\"og:site_name\" content=\"Croisi\u00e8re Tahiti catamaran location voile et plong\u00e9e charter skipper \u00e0 Tahiti\" \/>\n<meta property=\"article:publisher\" content=\"https:\/\/fr-fr.facebook.com\/people\/Tahitisailanddive-Sailanddive\/100007454959306\" \/>\n<meta property=\"article:modified_time\" content=\"2023-12-09T07:42:04+00:00\" \/>\n<meta property=\"og:image\" content=\"https:\/\/www.paypalobjects.com\/fr_FR\/i\/scr\/pixel.gif\" \/>\n<script type=\"application\/ld+json\" class=\"yoast-schema-graph\">{\"@context\":\"https:\/\/schema.org\",\"@graph\":[{\"@type\":\"WebSite\",\"@id\":\"https:\/\/tahitisailanddive.com\/#website\",\"url\":\"https:\/\/tahitisailanddive.com\/\",\"name\":\"Croisi\\u00e8re Tahiti catamaran location voile et plong\\u00e9e charter skipper \\u00e0 Tahiti\",\"description\":\"Croisi\\u00e8re Tahiti en catamaran. Venez admirer Tahiti en croisi\\u00e8re sur nos catamarans, voile et plong\\u00e9e \\u00e0 : Tahiti, Moorea, Bora Bora, Rangiroa, Fakarava, Tetiaora\\u2026\",\"potentialAction\":[{\"@type\":\"SearchAction\",\"target\":{\"@type\":\"EntryPoint\",\"urlTemplate\":\"https:\/\/tahitisailanddive.com\/?s={search_term_string}\"},\"query-input\":\"required name=search_term_string\"}],\"inLanguage\":\"en-US\"},{\"@type\":\"ImageObject\",\"@id\":\"https:\/\/tahitisailanddive.com\/en\/buy-your-cruise-in-tahiti\/#primaryimage\",\"inLanguage\":\"en-US\",\"url\":\"https:\/\/www.paypalobjects.com\/fr_FR\/i\/scr\/pixel.gif\",\"contentUrl\":\"https:\/\/www.paypalobjects.com\/fr_FR\/i\/scr\/pixel.gif\"},{\"@type\":\"WebPage\",\"@id\":\"https:\/\/tahitisailanddive.com\/en\/buy-your-cruise-in-tahiti\/#webpage\",\"url\":\"https:\/\/tahitisailanddive.com\/en\/buy-your-cruise-in-tahiti\/\",\"name\":\"Buy your cruise in Tahiti - Croisi\\u00e8re Tahiti catamaran location voile et plong\\u00e9e charter skipper \\u00e0 Tahiti\",\"isPartOf\":{\"@id\":\"https:\/\/tahitisailanddive.com\/#website\"},\"primaryImageOfPage\":{\"@id\":\"https:\/\/tahitisailanddive.com\/en\/buy-your-cruise-in-tahiti\/#primaryimage\"},\"datePublished\":\"2017-02-23T09:05:04+00:00\",\"dateModified\":\"2023-12-09T07:42:04+00:00\",\"description\":\"You contacted us to reserve a cruise aboard our catamarans in Tahiti in French Polynesia. We are pleased to inform you that to validate your cruise, you\",\"breadcrumb\":{\"@id\":\"https:\/\/tahitisailanddive.com\/en\/buy-your-cruise-in-tahiti\/#breadcrumb\"},\"inLanguage\":\"en-US\",\"potentialAction\":[{\"@type\":\"ReadAction\",\"target\":[\"https:\/\/tahitisailanddive.com\/en\/buy-your-cruise-in-tahiti\/\"]}]},{\"@type\":\"BreadcrumbList\",\"@id\":\"https:\/\/tahitisailanddive.com\/en\/buy-your-cruise-in-tahiti\/#breadcrumb\",\"itemListElement\":[{\"@type\":\"ListItem\",\"position\":1,\"name\":\"Accueil\",\"item\":\"https:\/\/tahitisailanddive.com\/en\/\"},{\"@type\":\"ListItem\",\"position\":2,\"name\":\"Buy your cruise in Tahiti\"}]}]}<\/script>\n<!-- \/ Yoast SEO plugin. -->","yoast_head_json":{"title":"Buy your cruise in Tahiti - Croisi\u00e8re Tahiti catamaran location voile et plong\u00e9e charter skipper \u00e0 Tahiti","description":"You contacted us to reserve a cruise aboard our catamarans in Tahiti in French Polynesia. We are pleased to inform you that to validate your cruise, you","robots":{"index":"index","follow":"follow","max-snippet":"max-snippet:-1","max-image-preview":"max-image-preview:large","max-video-preview":"max-video-preview:-1"},"canonical":"https:\/\/tahitisailanddive.com\/en\/buy-your-cruise-in-tahiti\/","og_locale":"en_US","og_type":"article","og_title":"Buy your cruise in Tahiti - Croisi\u00e8re Tahiti catamaran location voile et plong\u00e9e charter skipper \u00e0 Tahiti","og_description":"You contacted us to reserve a cruise aboard our catamarans in Tahiti in French Polynesia. We are pleased to inform you that to validate your cruise, you","og_url":"https:\/\/tahitisailanddive.com\/en\/buy-your-cruise-in-tahiti\/","og_site_name":"Croisi\u00e8re Tahiti catamaran location voile et plong\u00e9e charter skipper \u00e0 Tahiti","article_publisher":"https:\/\/fr-fr.facebook.com\/people\/Tahitisailanddive-Sailanddive\/100007454959306","article_modified_time":"2023-12-09T07:42:04+00:00","og_image":[{"url":"https:\/\/www.paypalobjects.com\/fr_FR\/i\/scr\/pixel.gif"}],"schema":{"@context":"https:\/\/schema.org","@graph":[{"@type":"WebSite","@id":"https:\/\/tahitisailanddive.com\/#website","url":"https:\/\/tahitisailanddive.com\/","name":"Croisi\u00e8re Tahiti catamaran location voile et plong\u00e9e charter skipper \u00e0 Tahiti","description":"Croisi\u00e8re Tahiti en catamaran. Venez admirer Tahiti en croisi\u00e8re sur nos catamarans, voile et plong\u00e9e \u00e0 : Tahiti, Moorea, Bora Bora, Rangiroa, Fakarava, Tetiaora\u2026","potentialAction":[{"@type":"SearchAction","target":{"@type":"EntryPoint","urlTemplate":"https:\/\/tahitisailanddive.com\/?s={search_term_string}"},"query-input":"required name=search_term_string"}],"inLanguage":"en-US"},{"@type":"ImageObject","@id":"https:\/\/tahitisailanddive.com\/en\/buy-your-cruise-in-tahiti\/#primaryimage","inLanguage":"en-US","url":"https:\/\/www.paypalobjects.com\/fr_FR\/i\/scr\/pixel.gif","contentUrl":"https:\/\/www.paypalobjects.com\/fr_FR\/i\/scr\/pixel.gif"},{"@type":"WebPage","@id":"https:\/\/tahitisailanddive.com\/en\/buy-your-cruise-in-tahiti\/#webpage","url":"https:\/\/tahitisailanddive.com\/en\/buy-your-cruise-in-tahiti\/","name":"Buy your cruise in Tahiti - Croisi\u00e8re Tahiti catamaran location voile et plong\u00e9e charter skipper \u00e0 Tahiti","isPartOf":{"@id":"https:\/\/tahitisailanddive.com\/#website"},"primaryImageOfPage":{"@id":"https:\/\/tahitisailanddive.com\/en\/buy-your-cruise-in-tahiti\/#primaryimage"},"datePublished":"2017-02-23T09:05:04+00:00","dateModified":"2023-12-09T07:42:04+00:00","description":"You contacted us to reserve a cruise aboard our catamarans in Tahiti in French Polynesia. We are pleased to inform you that to validate your cruise, you","breadcrumb":{"@id":"https:\/\/tahitisailanddive.com\/en\/buy-your-cruise-in-tahiti\/#breadcrumb"},"inLanguage":"en-US","potentialAction":[{"@type":"ReadAction","target":["https:\/\/tahitisailanddive.com\/en\/buy-your-cruise-in-tahiti\/"]}]},{"@type":"BreadcrumbList","@id":"https:\/\/tahitisailanddive.com\/en\/buy-your-cruise-in-tahiti\/#breadcrumb","itemListElement":[{"@type":"ListItem","position":1,"name":"Accueil","item":"https:\/\/tahitisailanddive.com\/en\/"},{"@type":"ListItem","position":2,"name":"Buy your cruise in Tahiti"}]}]}},"_links":{"self":[{"href":"https:\/\/tahitisailanddive.com\/en\/wp-json\/wp\/v2\/pages\/4420"}],"collection":[{"href":"https:\/\/tahitisailanddive.com\/en\/wp-json\/wp\/v2\/pages"}],"about":[{"href":"https:\/\/tahitisailanddive.com\/en\/wp-json\/wp\/v2\/types\/page"}],"author":[{"embeddable":true,"href":"https:\/\/tahitisailanddive.com\/en\/wp-json\/wp\/v2\/users\/3"}],"replies":[{"embeddable":true,"href":"https:\/\/tahitisailanddive.com\/en\/wp-json\/wp\/v2\/comments?post=4420"}],"version-history":[{"count":43,"href":"https:\/\/tahitisailanddive.com\/en\/wp-json\/wp\/v2\/pages\/4420\/revisions"}],"predecessor-version":[{"id":6446,"href":"https:\/\/tahitisailanddive.com\/en\/wp-json\/wp\/v2\/pages\/4420\/revisions\/6446"}],"wp:attachment":[{"href":"https:\/\/tahitisailanddive.com\/en\/wp-json\/wp\/v2\/media?parent=4420"}],"curies":[{"name":"wp","href":"https:\/\/api.w.org\/{rel}","templated":true}]}}