{"id":4404,"date":"2018-03-24T06:30:19","date_gmt":"2018-03-24T16:30:19","guid":{"rendered":"http:\/\/tahitisailanddive.com\/tahiti-catamaran-cruises-fleet\/"},"modified":"2023-11-21T22:10:15","modified_gmt":"2023-11-22T08:10:15","slug":"tahiti-catamaran-cruises-fleet","status":"publish","type":"page","link":"https:\/\/tahitisailanddive.com\/en\/tahiti-catamaran-cruises-fleet\/","title":{"rendered":"Tahiti catamaran cruise fleet"},"content":{"rendered":"[vc_row][vc_column typography_style=&#8221;white-shadow&#8221; css=&#8221;.vc_custom_1466672909554{padding-top: 30px !important;}&#8221;][vc_column_text css_animation=&#8221;left-to-right&#8221;]\n<h1 style=\"text-align: left;\"><span style=\"font-family: Open Sans; font-size: 32px; color: #ffffff;\"><span style=\"color: #333333;\">\u00a0\u00a0\u00a0\u00a0\u00a0\u00a0\u00a0\u00a0\u00a0\u00a0\u00a0\u00a0\u00a0\u00a0\u00a0 <span style=\"font-size: 24px;\"><em><span style=\"font-family: georgia,palatino;\"><span style=\"font-size: 52px; line-height: 0.7em;\"><span style=\"color: #ffffff;\">Our fleet<\/span><\/span><br \/>\n<\/span><\/em><\/span><span style=\"font-size: 64px; line-height: 0.7em; color: #ffffff;\">\u00a0\u00a0\u00a0\u00a0\u00a0\u00a0\u00a0\u00a0\u00a0\u00a0\u00a0\u00a0\u00a0\u00a0\u00a0\u00a0 of catamarans<\/span><\/span><br \/>\n<\/span><\/h1>\n[\/vc_column_text][\/vc_column][\/vc_row][vc_row][vc_column width=&#8221;1\/2&#8243; css_animation=&#8221;left-to-right&#8221; css=&#8221;.vc_custom_1466725252848{background-color: rgba(255,255,255,0.75) !important;*background-color: rgb(255,255,255) !important;border-radius: 5px !important;}&#8221;][vc_cta h2=&#8221;LEOPARD CATAMARAN 43\u2032 RENTAL,<br \/>\n\u00ab GO ZONE \u00bb&#8221; txt_align=&#8221;center&#8221; css=&#8221;.vc_custom_1638455926476{background-color: rgba(255,255,255,0.3) !important;*background-color: rgb(255,255,255) !important;border-radius: 5px !important;}&#8221;]\n<p style=\"text-align: center;\"><a href=\"https:\/\/tahitisailanddive.com\/en\/catamaran-leopard-43-go-zone\/\"><span style=\"color: #0489c1;\"><strong><img loading=\"lazy\" decoding=\"async\" class=\"aligncenter wp-image-2547 size-medium\" src=\"https:\/\/tahitisailanddive.com\/wp-content\/uploads\/2014\/12\/croisiere-catamotel-tahiti-300x200.jpg\" alt=\"cruise-catamotel-tahiti\" width=\"300\" height=\"200\" srcset=\"https:\/\/tahitisailanddive.com\/wp-content\/uploads\/2014\/12\/croisiere-catamotel-tahiti-300x200.jpg 300w, https:\/\/tahitisailanddive.com\/wp-content\/uploads\/2014\/12\/croisiere-catamotel-tahiti.jpg 600w\" sizes=\"(max-width: 300px) 100vw, 300px\" \/><\/strong><\/span><\/a><br \/>\n<span style=\"color: #0489c1; font-size: 21px;\"><strong>4 double cabins<br \/>\nwith private bathrooms<\/strong><\/span><br \/>\n<span style=\"color: #333333;\"><strong>12.95 m \/ 2 x 40 HP \/ Papeete Quay &#8211; Tahiti<\/strong><\/span><br \/>\n<span style=\"color: #0489c1; font-size: 16px;\">Navigation category 1st CE A\/1 certification<\/span><\/p>\n[\/vc_cta][\/vc_column][vc_column width=&#8221;1\/2&#8243; css_animation=&#8221;right-to-left&#8221;][vc_cta h2=&#8221;CATAMARAN NAUTITECH 441 RENTAL,<br \/>\n\u00ab KAIPOA \u00bb&#8221; txt_align=&#8221;center&#8221; shape=&#8221;square&#8221; css=&#8221;.vc_custom_1638456503222{background-color: rgba(255,255,255,0.75) !important;*background-color: rgb(255,255,255) !important;border-radius: 5px !important;}&#8221;]\n<p style=\"text-align: center;\"><a href=\"https:\/\/tahitisailanddive.com\/en\/catamaran-bahia-46-dalila\/\"><span style=\"color: #0489c1;\"><strong><img loading=\"lazy\" decoding=\"async\" class=\"wp-image-5894 size-medium aligncenter\" src=\"https:\/\/tahitisailanddive.com\/wp-content\/uploads\/2021\/12\/catamaran-nautitech-44-Kaipoa-croisiere-tahiti-11-1-300x169.jpg\" alt=\"\" width=\"300\" height=\"169\" srcset=\"https:\/\/tahitisailanddive.com\/wp-content\/uploads\/2021\/12\/catamaran-nautitech-44-Kaipoa-croisiere-tahiti-11-1-300x169.jpg 300w, https:\/\/tahitisailanddive.com\/wp-content\/uploads\/2021\/12\/catamaran-nautitech-44-Kaipoa-croisiere-tahiti-11-1-768x432.jpg 768w, https:\/\/tahitisailanddive.com\/wp-content\/uploads\/2021\/12\/catamaran-nautitech-44-Kaipoa-croisiere-tahiti-11-1.jpg 900w\" sizes=\"(max-width: 300px) 100vw, 300px\" \/><\/strong><\/span><\/a><br \/>\n<span style=\"color: #0489c1; font-size: 21px;\"><strong>4 double cabins<br \/>\nwith private bathrooms<\/strong><\/span><br \/>\n<span style=\"color: #333333;\"><strong>14 m \/ 2 x 39 HP \/ Quai Papeete &#8211; Tahiti<\/strong><\/span><br \/>\n<span style=\"color: #0489c1; font-size: 16px;\">Navigation category 1st CE A\/1 certification<\/span><\/p>\n[\/vc_cta][\/vc_column][\/vc_row][vc_row][vc_column width=&#8221;1\/2&#8243; css_animation=&#8221;left-to-right&#8221; css=&#8221;.vc_custom_1466725252848{background-color: rgba(255,255,255,0.75) !important;*background-color: rgb(255,255,255) !important;border-radius: 5px !important;}&#8221;][vc_cta h2=&#8221;CATAMARAN ENGINE \u201cMIGALOO 43\u2032\u201d RENTAL&#8221; txt_align=&#8221;center&#8221; css=&#8221;.vc_custom_1699610309207{background-color: rgba(255,255,255,0.3) !important;*background-color: rgb(255,255,255) !important;border-radius: 5px !important;}&#8221;]\n<p style=\"text-align: center;\"><a href=\"https:\/\/tahitisailanddive.com\/en\/motor-catamaran-migaloo-43\/\"><img loading=\"lazy\" decoding=\"async\" class=\"aligncenter wp-image-6180 size-full\" src=\"https:\/\/tahitisailanddive.com\/wp-content\/uploads\/2023\/11\/catamaran-migaloo-croisiere-tahiti-300x200-1.jpg\" alt=\"catamaran-migaloo-cruise-tahiti-300x200\" width=\"300\" height=\"200\" \/><\/a><br \/>\n<span style=\"color: #0489c1; font-size: 21px;\"><strong>3 double cabins<br \/>\nwith private bathrooms<\/strong><\/span><br \/>\n<span style=\"color: #333333;\"><strong>13,40 m \/ 2 x 300 CV \/ Quai Papeete &#8211; Tahiti<\/strong><\/span><br \/>\n<span style=\"color: #0489c1; font-size: 16px;\">Navigation category Cruisers<\/span><\/p>\n[\/vc_cta][\/vc_column][vc_column width=&#8221;1\/2&#8243;][vc_column_text css_animation=&#8221;right-to-left&#8221; css=&#8221;.vc_custom_1699610060941{padding-top: 20px !important;padding-right: 20px !important;padding-bottom: 20px !important;padding-left: 20px !important;background-color: rgba(255,255,255,0.75) !important;*background-color: rgb(255,255,255) !important;border-radius: 5px !important;}&#8221;]\n<p style=\"text-align: justify;\"><span style=\"font-size: 16px;\">Our catamarans all have <strong>four double cabins<\/strong> with <strong>their private bathrooms<\/strong> (shower, hot water and toilet), <strong>spacious cockpits<\/strong> and <strong>cozy lounges<\/strong> as well as <strong>large decks<\/strong> to facilitate your travel and other moments of relaxation.<\/span><\/p>\n<p style=\"text-align: justify;\"><span style=\"font-size: 16px;\"><strong>Extremely stable<\/strong> to avoid seasickness, they are particularly suitable for cruising because they can be navigated in shallow waters for anchoring as close as possible to the beach.<\/span><\/p>\n<p style=\"text-align: justify;\"><span style=\"font-size: 16px;\">Already having all the comforts for a cruise in the best conditions, <strong>we are also at your disposal to take on board any additional and personalized equipment on board.<\/strong><\/span><\/p>\n[\/vc_column_text][\/vc_column][\/vc_row][vc_row][vc_column typography_style=&#8221;white-shadow&#8221;][vc_column_text]\n<h1 style=\"text-align: center;\"><span style=\"color: #ffffff;\"><strong><span style=\"font-size: 36px; line-height: 0.9em;\"><em><span style=\"font-family: georgia,palatino;\">Explore Tahiti and its islands differently\u2026<\/span><\/em><\/span><br \/>\n<span style=\"font-size: 36px; line-height: 0.9em;\">aboard our sailboats, and enjoy your cruise<\/span><br \/>\n<span style=\"font-size: 36px; line-height: 0.9em;\"><em><span style=\"font-family: georgia,palatino;\">a stay as close as possible to your desires!<\/span><\/em><\/span><\/strong><\/span><\/h1>\n[\/vc_column_text][\/vc_column][\/vc_row][vc_row][vc_column][vc_separator][\/vc_column][\/vc_row][vc_row][vc_column][vc_column_text]\n<p style=\"text-align: center;\"><span style=\"color: #ffffff;\"><strong>The photos and programs presented on www.tahitisailanddive.com are non-contractual and subject to modification without notice.<\/strong><\/span><\/p>\n[\/vc_column_text][\/vc_column][\/vc_row]\n","protected":false},"excerpt":{"rendered":"<p>[vc_row][vc_column typography_style=&#8221;white-shadow&#8221; css=&#8221;.vc_custom_1466672909554{padding-top: 30px !important;}&#8221;][vc_column_text css_animation=&#8221;left-to-right&#8221;] \u00a0\u00a0\u00a0\u00a0\u00a0\u00a0\u00a0\u00a0\u00a0\u00a0\u00a0\u00a0\u00a0\u00a0\u00a0 Our fleet \u00a0\u00a0\u00a0\u00a0\u00a0\u00a0\u00a0\u00a0\u00a0\u00a0\u00a0\u00a0\u00a0\u00a0\u00a0\u00a0 of catamarans [\/vc_column_text][\/vc_column][\/vc_row][vc_row][vc_column width=&#8221;1\/2&#8243; css_animation=&#8221;left-to-right&#8221; css=&#8221;.vc_custom_1466725252848{background-color: rgba(255,255,255,0.75) !important;*background-color: rgb(255,255,255) !important;border-radius: 5px !important;}&#8221;][vc_cta h2=&#8221;LEOPARD CATAMARAN 43\u2032 RENTAL, \u00ab GO ZONE \u00bb&#8221; txt_align=&#8221;center&#8221; css=&#8221;.vc_custom_1638455926476{background-color: rgba(255,255,255,0.3) !important;*background-color: rgb(255,255,255) !important;border-radius: 5px !important;}&#8221;] 4 double&hellip;<\/p>\n","protected":false},"author":3,"featured_media":0,"parent":0,"menu_order":0,"comment_status":"closed","ping_status":"closed","template":"","meta":{"footnotes":""},"yoast_head":"<!-- This site is optimized with the Yoast SEO plugin v17.7.1 - https:\/\/yoast.com\/wordpress\/plugins\/seo\/ -->\n<title>Tahiti catamaran cruise fleet - Croisi\u00e8re Tahiti catamaran location voile et plong\u00e9e charter skipper \u00e0 Tahiti<\/title>\n<meta name=\"description\" content=\"Explore Tahiti and its islands differently... aboard our catamarans, and make your cruise a stay that is as close as possible to your desires!\" \/>\n<meta name=\"robots\" content=\"index, follow, max-snippet:-1, max-image-preview:large, max-video-preview:-1\" \/>\n<link rel=\"canonical\" href=\"https:\/\/tahitisailanddive.com\/en\/tahiti-catamaran-cruises-fleet\/\" \/>\n<meta property=\"og:locale\" content=\"en_US\" \/>\n<meta property=\"og:type\" content=\"article\" \/>\n<meta property=\"og:title\" content=\"Tahiti catamaran cruise fleet - Croisi\u00e8re Tahiti catamaran location voile et plong\u00e9e charter skipper \u00e0 Tahiti\" \/>\n<meta property=\"og:description\" content=\"Explore Tahiti and its islands differently... aboard our catamarans, and make your cruise a stay that is as close as possible to your desires!\" \/>\n<meta property=\"og:url\" content=\"https:\/\/tahitisailanddive.com\/en\/tahiti-catamaran-cruises-fleet\/\" \/>\n<meta property=\"og:site_name\" content=\"Croisi\u00e8re Tahiti catamaran location voile et plong\u00e9e charter skipper \u00e0 Tahiti\" \/>\n<meta property=\"article:publisher\" content=\"https:\/\/fr-fr.facebook.com\/people\/Tahitisailanddive-Sailanddive\/100007454959306\" \/>\n<meta property=\"article:modified_time\" content=\"2023-11-22T08:10:15+00:00\" \/>\n<meta property=\"og:image\" content=\"https:\/\/tahitisailanddive.com\/wp-content\/uploads\/2014\/12\/croisiere-catamotel-tahiti-300x200.jpg\" \/>\n<meta name=\"twitter:label1\" content=\"Est. reading time\" \/>\n\t<meta name=\"twitter:data1\" content=\"2 minutes\" \/>\n<script type=\"application\/ld+json\" class=\"yoast-schema-graph\">{\"@context\":\"https:\/\/schema.org\",\"@graph\":[{\"@type\":\"WebSite\",\"@id\":\"https:\/\/tahitisailanddive.com\/#website\",\"url\":\"https:\/\/tahitisailanddive.com\/\",\"name\":\"Croisi\\u00e8re Tahiti catamaran location voile et plong\\u00e9e charter skipper \\u00e0 Tahiti\",\"description\":\"Croisi\\u00e8re Tahiti en catamaran. Venez admirer Tahiti en croisi\\u00e8re sur nos catamarans, voile et plong\\u00e9e \\u00e0 : Tahiti, Moorea, Bora Bora, Rangiroa, Fakarava, Tetiaora\\u2026\",\"potentialAction\":[{\"@type\":\"SearchAction\",\"target\":{\"@type\":\"EntryPoint\",\"urlTemplate\":\"https:\/\/tahitisailanddive.com\/?s={search_term_string}\"},\"query-input\":\"required name=search_term_string\"}],\"inLanguage\":\"en-US\"},{\"@type\":\"ImageObject\",\"@id\":\"https:\/\/tahitisailanddive.com\/en\/tahiti-catamaran-cruises-fleet\/#primaryimage\",\"inLanguage\":\"en-US\",\"url\":\"https:\/\/tahitisailanddive.com\/wp-content\/uploads\/2014\/12\/croisiere-catamotel-tahiti.jpg\",\"contentUrl\":\"https:\/\/tahitisailanddive.com\/wp-content\/uploads\/2014\/12\/croisiere-catamotel-tahiti.jpg\",\"width\":600,\"height\":400,\"caption\":\"croisiere-catamotel-tahiti\"},{\"@type\":\"WebPage\",\"@id\":\"https:\/\/tahitisailanddive.com\/en\/tahiti-catamaran-cruises-fleet\/#webpage\",\"url\":\"https:\/\/tahitisailanddive.com\/en\/tahiti-catamaran-cruises-fleet\/\",\"name\":\"Tahiti catamaran cruise fleet - Croisi\\u00e8re Tahiti catamaran location voile et plong\\u00e9e charter skipper \\u00e0 Tahiti\",\"isPartOf\":{\"@id\":\"https:\/\/tahitisailanddive.com\/#website\"},\"primaryImageOfPage\":{\"@id\":\"https:\/\/tahitisailanddive.com\/en\/tahiti-catamaran-cruises-fleet\/#primaryimage\"},\"datePublished\":\"2018-03-24T16:30:19+00:00\",\"dateModified\":\"2023-11-22T08:10:15+00:00\",\"description\":\"Explore Tahiti and its islands differently... aboard our catamarans, and make your cruise a stay that is as close as possible to your desires!\",\"breadcrumb\":{\"@id\":\"https:\/\/tahitisailanddive.com\/en\/tahiti-catamaran-cruises-fleet\/#breadcrumb\"},\"inLanguage\":\"en-US\",\"potentialAction\":[{\"@type\":\"ReadAction\",\"target\":[\"https:\/\/tahitisailanddive.com\/en\/tahiti-catamaran-cruises-fleet\/\"]}]},{\"@type\":\"BreadcrumbList\",\"@id\":\"https:\/\/tahitisailanddive.com\/en\/tahiti-catamaran-cruises-fleet\/#breadcrumb\",\"itemListElement\":[{\"@type\":\"ListItem\",\"position\":1,\"name\":\"Accueil\",\"item\":\"https:\/\/tahitisailanddive.com\/en\/\"},{\"@type\":\"ListItem\",\"position\":2,\"name\":\"Tahiti catamaran cruise fleet\"}]}]}<\/script>\n<!-- \/ Yoast SEO plugin. -->","yoast_head_json":{"title":"Tahiti catamaran cruise fleet - Croisi\u00e8re Tahiti catamaran location voile et plong\u00e9e charter skipper \u00e0 Tahiti","description":"Explore Tahiti and its islands differently... aboard our catamarans, and make your cruise a stay that is as close as possible to your desires!","robots":{"index":"index","follow":"follow","max-snippet":"max-snippet:-1","max-image-preview":"max-image-preview:large","max-video-preview":"max-video-preview:-1"},"canonical":"https:\/\/tahitisailanddive.com\/en\/tahiti-catamaran-cruises-fleet\/","og_locale":"en_US","og_type":"article","og_title":"Tahiti catamaran cruise fleet - Croisi\u00e8re Tahiti catamaran location voile et plong\u00e9e charter skipper \u00e0 Tahiti","og_description":"Explore Tahiti and its islands differently... aboard our catamarans, and make your cruise a stay that is as close as possible to your desires!","og_url":"https:\/\/tahitisailanddive.com\/en\/tahiti-catamaran-cruises-fleet\/","og_site_name":"Croisi\u00e8re Tahiti catamaran location voile et plong\u00e9e charter skipper \u00e0 Tahiti","article_publisher":"https:\/\/fr-fr.facebook.com\/people\/Tahitisailanddive-Sailanddive\/100007454959306","article_modified_time":"2023-11-22T08:10:15+00:00","og_image":[{"url":"https:\/\/tahitisailanddive.com\/wp-content\/uploads\/2014\/12\/croisiere-catamotel-tahiti-300x200.jpg"}],"twitter_misc":{"Est. reading time":"2 minutes"},"schema":{"@context":"https:\/\/schema.org","@graph":[{"@type":"WebSite","@id":"https:\/\/tahitisailanddive.com\/#website","url":"https:\/\/tahitisailanddive.com\/","name":"Croisi\u00e8re Tahiti catamaran location voile et plong\u00e9e charter skipper \u00e0 Tahiti","description":"Croisi\u00e8re Tahiti en catamaran. Venez admirer Tahiti en croisi\u00e8re sur nos catamarans, voile et plong\u00e9e \u00e0 : Tahiti, Moorea, Bora Bora, Rangiroa, Fakarava, Tetiaora\u2026","potentialAction":[{"@type":"SearchAction","target":{"@type":"EntryPoint","urlTemplate":"https:\/\/tahitisailanddive.com\/?s={search_term_string}"},"query-input":"required name=search_term_string"}],"inLanguage":"en-US"},{"@type":"ImageObject","@id":"https:\/\/tahitisailanddive.com\/en\/tahiti-catamaran-cruises-fleet\/#primaryimage","inLanguage":"en-US","url":"https:\/\/tahitisailanddive.com\/wp-content\/uploads\/2014\/12\/croisiere-catamotel-tahiti.jpg","contentUrl":"https:\/\/tahitisailanddive.com\/wp-content\/uploads\/2014\/12\/croisiere-catamotel-tahiti.jpg","width":600,"height":400,"caption":"croisiere-catamotel-tahiti"},{"@type":"WebPage","@id":"https:\/\/tahitisailanddive.com\/en\/tahiti-catamaran-cruises-fleet\/#webpage","url":"https:\/\/tahitisailanddive.com\/en\/tahiti-catamaran-cruises-fleet\/","name":"Tahiti catamaran cruise fleet - Croisi\u00e8re Tahiti catamaran location voile et plong\u00e9e charter skipper \u00e0 Tahiti","isPartOf":{"@id":"https:\/\/tahitisailanddive.com\/#website"},"primaryImageOfPage":{"@id":"https:\/\/tahitisailanddive.com\/en\/tahiti-catamaran-cruises-fleet\/#primaryimage"},"datePublished":"2018-03-24T16:30:19+00:00","dateModified":"2023-11-22T08:10:15+00:00","description":"Explore Tahiti and its islands differently... aboard our catamarans, and make your cruise a stay that is as close as possible to your desires!","breadcrumb":{"@id":"https:\/\/tahitisailanddive.com\/en\/tahiti-catamaran-cruises-fleet\/#breadcrumb"},"inLanguage":"en-US","potentialAction":[{"@type":"ReadAction","target":["https:\/\/tahitisailanddive.com\/en\/tahiti-catamaran-cruises-fleet\/"]}]},{"@type":"BreadcrumbList","@id":"https:\/\/tahitisailanddive.com\/en\/tahiti-catamaran-cruises-fleet\/#breadcrumb","itemListElement":[{"@type":"ListItem","position":1,"name":"Accueil","item":"https:\/\/tahitisailanddive.com\/en\/"},{"@type":"ListItem","position":2,"name":"Tahiti catamaran cruise fleet"}]}]}},"_links":{"self":[{"href":"https:\/\/tahitisailanddive.com\/en\/wp-json\/wp\/v2\/pages\/4404"}],"collection":[{"href":"https:\/\/tahitisailanddive.com\/en\/wp-json\/wp\/v2\/pages"}],"about":[{"href":"https:\/\/tahitisailanddive.com\/en\/wp-json\/wp\/v2\/types\/page"}],"author":[{"embeddable":true,"href":"https:\/\/tahitisailanddive.com\/en\/wp-json\/wp\/v2\/users\/3"}],"replies":[{"embeddable":true,"href":"https:\/\/tahitisailanddive.com\/en\/wp-json\/wp\/v2\/comments?post=4404"}],"version-history":[{"count":5,"href":"https:\/\/tahitisailanddive.com\/en\/wp-json\/wp\/v2\/pages\/4404\/revisions"}],"predecessor-version":[{"id":6235,"href":"https:\/\/tahitisailanddive.com\/en\/wp-json\/wp\/v2\/pages\/4404\/revisions\/6235"}],"wp:attachment":[{"href":"https:\/\/tahitisailanddive.com\/en\/wp-json\/wp\/v2\/media?parent=4404"}],"curies":[{"name":"wp","href":"https:\/\/api.w.org\/{rel}","templated":true}]}}