{"id":4396,"date":"2018-03-24T01:44:55","date_gmt":"2018-03-24T11:44:55","guid":{"rendered":"http:\/\/tahitisailanddive.com\/catamotel-formula-and-rangiroa-diving-cruise\/"},"modified":"2023-11-22T07:36:46","modified_gmt":"2023-11-22T17:36:46","slug":"catamotel-formula-and-rangiroa-diving-cruise","status":"publish","type":"page","link":"https:\/\/tahitisailanddive.com\/en\/catamotel-formula-and-rangiroa-diving-cruise\/","title":{"rendered":"Catamotel cruise and diving Rangiroa &#8211; Tahiti"},"content":{"rendered":"[vc_row css=&#8221;.vc_custom_1466725708981{padding-top: 30px !important;padding-right: 30px !important;padding-bottom: 30px !important;padding-left: 30px !important;background-color: rgba(255,255,255,0.8) !important;*background-color: rgb(255,255,255) !important;border-radius: 5px !important;}&#8221;][vc_column width=&#8221;2\/3&#8243; css=&#8221;.vc_custom_1466113602123{padding-top: 30px !important;}&#8221;][vc_column_text]\n<h1><span style=\"font-size: 32px; color: #0489c1;\"><em><span style=\"font-family: georgia,palatino;\">Rangiroa Catamotel and Diving<\/span><\/em> <span style=\"font-family: Open Sans;\"> Package<\/span><\/span><\/h1>\n<h3><strong><span style=\"font-size: 21px;\">CATAMARAN RENTAL WITH \u201cCOOKING\u201d HOSTESS ONLY<\/span><br \/>\n<span style=\"font-size: 21px;\">4 nights\/5 days circuit: 8 dives pack<\/span><br \/>\n<\/strong><\/h3>\n<p><strong>Residence on board the catamaran with Diving Pack<\/strong><\/p>\n<p style=\"text-align: justify;\">By choosing this option, you can stay on a catamaran at anchor and enjoy the joys of scuba diving (with our partner Center Eleuthera Plong\u00e9e Rangiroa). Come discover and explore the exceptional Rangiroa atoll by combining scuba diving and life aboard a secure catamaran anchored in the warm turquoise waters of the lagoon. Relaxing, kayaking, sunbathing, snorkeling&#8230; whatever you wish.<\/p>\n<p><strong><em>\u201cI don\u2019t know a more beautiful place in the world, it\u2019s breathtaking. Literally\u2026 &#8220;<\/em><\/strong><br \/>\n<strong>Olivier de Kersauson \u2013 <em>The world as it speaks to me<\/em> \u2013 Ed. Cherche Midi<\/strong><\/p>\n<p><a href=\"https:\/\/tahitisailanddive.com\/wp-content\/uploads\/2016\/06\/croisiere-catamotel-rangiroa-catamaran.jpg\"><img loading=\"lazy\" decoding=\"async\" class=\"alignnone size-full wp-image-3373\" src=\"https:\/\/tahitisailanddive.com\/wp-content\/uploads\/2016\/06\/croisiere-catamotel-rangiroa-catamaran.jpg\" alt=\"croisiere-catamotel-rangiroa-catamaran\" width=\"800\" height=\"516\" srcset=\"https:\/\/tahitisailanddive.com\/wp-content\/uploads\/2016\/06\/croisiere-catamotel-rangiroa-catamaran.jpg 800w, https:\/\/tahitisailanddive.com\/wp-content\/uploads\/2016\/06\/croisiere-catamotel-rangiroa-catamaran-300x194.jpg 300w, https:\/\/tahitisailanddive.com\/wp-content\/uploads\/2016\/06\/croisiere-catamotel-rangiroa-catamaran-768x495.jpg 768w\" sizes=\"(max-width: 800px) 100vw, 800px\" \/><\/a>[\/vc_column_text][vc_empty_space][vc_toggle title=&#8221;Progress of the cruise&#8221; color=&#8221;peacoc&#8221; el_id=&#8221;1466441481864-a84da4ba-762d&#8221;]\n<h3><strong>Day 1 :<\/strong><\/h3>\n<p>Welcome at Rangiroa airport in the morning and boarding our L\u00e9opard 43 catamaran.<br \/>\nAirport\/Catamaran transfer then destination to the appropriate anchorage for the boat not far from the Eleuthera Diving Center (300 meters from the secure anchorage).<br \/>\nWelcome fruit juice, discovery of the boat and installation in the cabins.<br \/>\nLunch at the snack bar in the annex to be provided.<br \/>\nLunch at the snack bar in the annex to be planned. Adaptation and evaluation dive at the Rangiroa Aquarium at 2 p.m. in front of the Tiputa Pass.<br \/>\nSunset Cocktail &amp; Dinner Night on board at Anchorage.<\/p>\n<h3><strong>Day 2 :<\/strong><\/h3>\n<p>Breakfast on one of the largest lagoons in the world.<br \/>\nDiving with the ELEUTHERA RANGIROA center (3 dives during the day).<br \/>\nPreparation for the day&#8217;s dives with the discovery of the Tiputa passes and their sensational fauna. (e.g. Right Exterior, Reentrant, Aquarium, etc.).<br \/>\nLocal meal for lunch at the snack bar to be planned.<br \/>\nSunset Cocktail &amp; Dinner at the Anchorage.<\/p>\n<h3><strong>Day 3 :<\/strong><\/h3>\n<p>Breakfast on the Rangiroa Lagoon.<br \/>\n2 dives with ELEUTHERA RANGIROA.<br \/>\nSunset Cocktail &amp; Dinner at the Anchorage.<br \/>\nDolphin observation of the TIPUTA pass<br \/>\nOptional night dive in the lagoon around 5 p.m..<\/p>\n<h3><strong>Day 4:<\/strong><\/h3>\n<p>2 dives with the ELEUTHERA RANGIROA center.<br \/>\nIn the evening, at sunset, fruit juice cocktail and meal will be taken at the anchorage.<br \/>\nGoing ashore possible to explore the atoll.<br \/>\nFree tour.<\/p>\n<h3><strong>Day 5 :<\/strong><\/h3>\n<p>In the morning after breakfast, swimming and relaxation area at the boat.<br \/>\nLunch at the snack bar opposite the diving club.<br \/>\nTransfer to the airport at 1:45 p.m. for return to Papeete by Air Tahiti plane.<\/p>\n<p>Return to Cruise and Reservation page[\/vc_toggle][vc_btn title=&#8221;BOOK YOUR CRUISE CATAMOTEL AND DIVING RANGIROA &#8211; TAHITI&#8221; color=&#8221;primary&#8221; css_animation=&#8221;appear&#8221; link=&#8221;url:http%3A%2F%2Ftahitisailanddive.com%2Fcontact-tahiti-sail-and-dive-croisieres-tahiti%2F|&#8221;][\/vc_column][vc_column width=&#8221;1\/3&#8243; css_animation=&#8221;right-to-left&#8221; css=&#8221;.vc_custom_1466725718080{margin-top: 140px !important;padding-top: 5px !important;padding-right: 20px !important;padding-bottom: 20px !important;padding-left: 20px !important;background-color: #0489c1 !important;border-radius: 5px !important;}&#8221;][vc_column_text]\n<h4><span style=\"color: #ffffff;\">INCLUDED IN THIS CRUISE:<\/span><\/h4>\n<h4><span style=\"color: #ffffff;\"> <span class=\"fa fa-check\"  style=\"color: #ffffff;font-size: 16px;\"><\/span> Civil liability insurance<\/span><\/h4>\n<h4><span style=\"color: #ffffff;\"><span class=\"fa fa-check\"  style=\"color: #ffffff;font-size: 16px;\"><\/span> Half board with cook on board<\/span><\/h4>\n<h4><span style=\"color: #ffffff;\"><span class=\"fa fa-check\"  style=\"color: #ffffff;font-size: 16px;\"><\/span> Sheets and towels provided<\/span><\/h4>\n<h4><span style=\"color: #ffffff;\"><span class=\"fa fa-check\"  style=\"color: #ffffff;font-size: 16px;\"><\/span> Guide and hostess<\/span><\/h4>\n<h4><span style=\"color: #ffffff;\"><span class=\"fa fa-check\"  style=\"color: #ffffff;font-size: 16px;\"><\/span> Kayaks &#8211; Fins &#8211; Masks &#8211; Snorkels<\/span><\/h4>\n<h4><span style=\"color: #ffffff;\"><span class=\"fa fa-check\"  style=\"color: #ffffff;font-size: 16px;\"><\/span> Gasoline for the annex with 15 HP outboard<\/span><\/h4>\n<h4><span style=\"color: #ffffff;\"><span class=\"fa fa-check\"  style=\"color: #ffffff;font-size: 16px;\"><\/span> Fuel for the main engine<\/span><\/h4>\n<h4><span style=\"color: #ffffff;\"><span class=\"fa fa-check\"  style=\"color: #ffffff;font-size: 16px;\"><\/span> Sailboat rental with hostess<\/span><\/h4>\n<h4><span style=\"color: #ffffff;\"><span class=\"fa fa-check\"  style=\"color: #ffffff;font-size: 16px;\"><\/span> Guarded annex parking<\/span><\/h4>\n<h4><span style=\"color: #ffffff;\"><span class=\"fa fa-check\"  style=\"color: #ffffff;font-size: 16px;\"><\/span> Pick-up by the diving club aboard the catamaran<\/span><\/h4>\n<h4><span style=\"color: #ffffff;\"><span class=\"fa fa-check\"  style=\"color: #ffffff;font-size: 16px;\"><\/span> Pre-refueling service<\/span><\/h4>\n[\/vc_column_text][vc_empty_space][vc_separator][vc_column_text]\n<h4><span style=\"color: #ffffff;\">OUR CATAMOTEL CRUISES IN PICTURES:<\/span><\/h4>\n<div id=\"gallery-0\" class=\"wpex-gallery wpex-row lightbox-group clr\"><figure class=\"gallery-item span_1_of_2 col col-1\"><a href=\"https:\/\/tahitisailanddive.com\/wp-content\/uploads\/2016\/06\/Tuamotu-croisiere-catamaran-tahiti.jpg\" title=\"\" class=\"wpex-lightbox-group-item\" data-type=\"image\"><img loading=\"lazy\" decoding=\"async\" src=\"https:\/\/tahitisailanddive.com\/wp-content\/uploads\/2016\/06\/Tuamotu-croisiere-catamaran-tahiti.jpg\" width=\"540\" height=\"360\" alt=\"Tuamotu Croisiere Catamaran Tahiti\" \/><\/a><\/figure><figure class=\"gallery-item span_1_of_2 col col-2\"><a href=\"https:\/\/tahitisailanddive.com\/wp-content\/uploads\/2016\/06\/requin-croisiere-tahiti-rangiroa.jpg\" title=\"\" class=\"wpex-lightbox-group-item\" data-type=\"image\"><img loading=\"lazy\" decoding=\"async\" src=\"https:\/\/tahitisailanddive.com\/wp-content\/uploads\/2016\/06\/requin-croisiere-tahiti-rangiroa.jpg\" width=\"600\" height=\"400\" alt=\"Requin Croisiere Tahiti Rangiroa\" \/><\/a><\/figure><figure class=\"gallery-item span_1_of_2 col col-1\"><a href=\"https:\/\/tahitisailanddive.com\/wp-content\/uploads\/2016\/06\/plongee-croisiere-tahiti-rangiroa.jpg\" title=\"\" class=\"wpex-lightbox-group-item\" data-type=\"image\"><img loading=\"lazy\" decoding=\"async\" src=\"https:\/\/tahitisailanddive.com\/wp-content\/uploads\/2016\/06\/plongee-croisiere-tahiti-rangiroa.jpg\" width=\"600\" height=\"400\" alt=\"Plongee Croisiere Tahiti Rangiroa\" \/><\/a><\/figure><figure class=\"gallery-item span_1_of_2 col col-2\"><a href=\"https:\/\/tahitisailanddive.com\/wp-content\/uploads\/2016\/06\/DAUPHIN-croisiere-tahiti-plongee-rangiroa.jpg\" title=\"\" class=\"wpex-lightbox-group-item\" data-type=\"image\"><img loading=\"lazy\" decoding=\"async\" src=\"https:\/\/tahitisailanddive.com\/wp-content\/uploads\/2016\/06\/DAUPHIN-croisiere-tahiti-plongee-rangiroa.jpg\" width=\"600\" height=\"400\" alt=\"DAUPHIN Croisiere Tahiti Plongee Rangiroa\" \/><\/a><\/figure><figure class=\"gallery-item span_1_of_2 col col-1\"><a href=\"https:\/\/tahitisailanddive.com\/wp-content\/uploads\/2016\/06\/DALILA-croisiere-tahiti-rangiroa.jpg\" title=\"\" class=\"wpex-lightbox-group-item\" data-type=\"image\"><img loading=\"lazy\" decoding=\"async\" src=\"https:\/\/tahitisailanddive.com\/wp-content\/uploads\/2016\/06\/DALILA-croisiere-tahiti-rangiroa.jpg\" width=\"600\" height=\"400\" alt=\"DALILA Croisiere Tahiti Rangiroa\" \/><\/a><\/figure><figure class=\"gallery-item span_1_of_2 col col-2\"><a href=\"https:\/\/tahitisailanddive.com\/wp-content\/uploads\/2016\/06\/croisiere-tortue-tahiti-rangiroa.jpg\" title=\"\" class=\"wpex-lightbox-group-item\" data-type=\"image\"><img loading=\"lazy\" decoding=\"async\" src=\"https:\/\/tahitisailanddive.com\/wp-content\/uploads\/2016\/06\/croisiere-tortue-tahiti-rangiroa.jpg\" width=\"600\" height=\"400\" alt=\"Croisiere Tortue Tahiti Rangiroa\" \/><\/a><\/figure><figure class=\"gallery-item span_1_of_2 col col-1\"><a href=\"https:\/\/tahitisailanddive.com\/wp-content\/uploads\/2016\/06\/croisiere-tahiti-rangiroa-tortue.jpg\" title=\"\" class=\"wpex-lightbox-group-item\" data-type=\"image\"><img loading=\"lazy\" decoding=\"async\" src=\"https:\/\/tahitisailanddive.com\/wp-content\/uploads\/2016\/06\/croisiere-tahiti-rangiroa-tortue.jpg\" width=\"400\" height=\"266\" alt=\"Croisiere Tahiti Rangiroa Tortue\" \/><\/a><\/figure><figure class=\"gallery-item span_1_of_2 col col-2\"><a href=\"https:\/\/tahitisailanddive.com\/wp-content\/uploads\/2016\/06\/croisiere-tahiti-rangiroa-observation-requin.jpg\" title=\"\" class=\"wpex-lightbox-group-item\" data-type=\"image\"><img loading=\"lazy\" decoding=\"async\" src=\"https:\/\/tahitisailanddive.com\/wp-content\/uploads\/2016\/06\/croisiere-tahiti-rangiroa-observation-requin.jpg\" width=\"600\" height=\"400\" alt=\"Croisiere Tahiti Rangiroa Observation Requin\" \/><\/a><\/figure><figure class=\"gallery-item span_1_of_2 col col-1\"><a href=\"https:\/\/tahitisailanddive.com\/wp-content\/uploads\/2016\/06\/croisiere-tahiti-rangiroa-baleine-2.jpg\" title=\"\" class=\"wpex-lightbox-group-item\" data-type=\"image\"><img loading=\"lazy\" decoding=\"async\" src=\"https:\/\/tahitisailanddive.com\/wp-content\/uploads\/2016\/06\/croisiere-tahiti-rangiroa-baleine-2.jpg\" width=\"598\" height=\"399\" alt=\"Croisiere Tahiti Rangiroa Baleine 2\" \/><\/a><\/figure><figure class=\"gallery-item span_1_of_2 col col-2\"><a href=\"https:\/\/tahitisailanddive.com\/wp-content\/uploads\/2016\/06\/croisiere-tahiti-plongee-napoleon-rangiroa.jpg\" title=\"\" class=\"wpex-lightbox-group-item\" data-type=\"image\"><img loading=\"lazy\" decoding=\"async\" src=\"https:\/\/tahitisailanddive.com\/wp-content\/uploads\/2016\/06\/croisiere-tahiti-plongee-napoleon-rangiroa.jpg\" width=\"600\" height=\"400\" alt=\"Croisiere Tahiti Plongee Napoleon Rangiroa\" \/><\/a><\/figure><figure class=\"gallery-item span_1_of_2 col col-1\"><a href=\"https:\/\/tahitisailanddive.com\/wp-content\/uploads\/2016\/06\/croisiere-tahiti-club-rangiroa.jpg\" title=\"\" class=\"wpex-lightbox-group-item\" data-type=\"image\"><img loading=\"lazy\" decoding=\"async\" src=\"https:\/\/tahitisailanddive.com\/wp-content\/uploads\/2016\/06\/croisiere-tahiti-club-rangiroa.jpg\" width=\"600\" height=\"400\" alt=\"Croisiere Tahiti Club Rangiroa\" \/><\/a><\/figure><figure class=\"gallery-item span_1_of_2 col col-2\"><a href=\"https:\/\/tahitisailanddive.com\/wp-content\/uploads\/2016\/06\/croisiere-plongee-tahiti-rangiroa-DAUPHIN.jpg\" title=\"\" class=\"wpex-lightbox-group-item\" data-type=\"image\"><img loading=\"lazy\" decoding=\"async\" src=\"https:\/\/tahitisailanddive.com\/wp-content\/uploads\/2016\/06\/croisiere-plongee-tahiti-rangiroa-DAUPHIN.jpg\" width=\"600\" height=\"400\" alt=\"Croisiere Plongee Tahiti Rangiroa DAUPHIN\" \/><\/a><\/figure><figure class=\"gallery-item span_1_of_2 col col-1\"><a href=\"https:\/\/tahitisailanddive.com\/wp-content\/uploads\/2016\/06\/catamaran-croisiere-tahiti-tuamotu.jpg\" title=\"\" class=\"wpex-lightbox-group-item\" data-type=\"image\"><img loading=\"lazy\" decoding=\"async\" src=\"https:\/\/tahitisailanddive.com\/wp-content\/uploads\/2016\/06\/catamaran-croisiere-tahiti-tuamotu.jpg\" width=\"436\" height=\"291\" alt=\"Catamaran Croisiere Tahiti Tuamotu\" \/><\/a><\/figure><\/div>\n\n[\/vc_column_text][\/vc_column][\/vc_row][vc_row][vc_column][vc_separator][\/vc_column][\/vc_row][vc_row][vc_column][vc_column_text]\n<p style=\"text-align: center;\">The photos and programs presented on www.tahitisailanddive.com are non-contractual and subject to modification without notice.<\/p>\n[\/vc_column_text][\/vc_column][\/vc_row]\n","protected":false},"excerpt":{"rendered":"<p>[vc_row css=&#8221;.vc_custom_1466725708981{padding-top: 30px !important;padding-right: 30px !important;padding-bottom: 30px !important;padding-left: 30px !important;background-color: rgba(255,255,255,0.8) !important;*background-color: rgb(255,255,255) !important;border-radius: 5px !important;}&#8221;][vc_column width=&#8221;2\/3&#8243; css=&#8221;.vc_custom_1466113602123{padding-top: 30px !important;}&#8221;][vc_column_text] Rangiroa Catamotel and Diving Package CATAMARAN RENTAL WITH \u201cCOOKING\u201d HOSTESS ONLY 4 nights\/5 days circuit: 8 dives pack Residence on&hellip;<\/p>\n","protected":false},"author":3,"featured_media":0,"parent":0,"menu_order":0,"comment_status":"closed","ping_status":"closed","template":"","meta":{"footnotes":""},"yoast_head":"<!-- This site is optimized with the Yoast SEO plugin v17.7.1 - https:\/\/yoast.com\/wordpress\/plugins\/seo\/ -->\n<title>Catamotel cruise and diving Rangiroa - Tahiti - Croisi\u00e8re Tahiti catamaran location voile et plong\u00e9e charter skipper \u00e0 Tahiti<\/title>\n<meta name=\"description\" content=\"Catamotel cruise and diving Rangiroa - Tahiti. CATAMARAN RENTAL WITH \u201cCOOKING\u201d HOSTESS\" \/>\n<meta name=\"robots\" content=\"index, follow, max-snippet:-1, max-image-preview:large, max-video-preview:-1\" \/>\n<link rel=\"canonical\" href=\"https:\/\/tahitisailanddive.com\/en\/catamotel-formula-and-rangiroa-diving-cruise\/\" \/>\n<meta property=\"og:locale\" content=\"en_US\" \/>\n<meta property=\"og:type\" content=\"article\" \/>\n<meta property=\"og:title\" content=\"Catamotel cruise and diving Rangiroa - Tahiti - Croisi\u00e8re Tahiti catamaran location voile et plong\u00e9e charter skipper \u00e0 Tahiti\" \/>\n<meta property=\"og:description\" content=\"Catamotel cruise and diving Rangiroa - Tahiti. CATAMARAN RENTAL WITH \u201cCOOKING\u201d HOSTESS\" \/>\n<meta property=\"og:url\" content=\"https:\/\/tahitisailanddive.com\/en\/catamotel-formula-and-rangiroa-diving-cruise\/\" \/>\n<meta property=\"og:site_name\" content=\"Croisi\u00e8re Tahiti catamaran location voile et plong\u00e9e charter skipper \u00e0 Tahiti\" \/>\n<meta property=\"article:publisher\" content=\"https:\/\/fr-fr.facebook.com\/people\/Tahitisailanddive-Sailanddive\/100007454959306\" \/>\n<meta property=\"article:modified_time\" content=\"2023-11-22T17:36:46+00:00\" \/>\n<meta property=\"og:image\" content=\"https:\/\/tahitisailanddive.com\/wp-content\/uploads\/2016\/06\/croisiere-catamotel-rangiroa-catamaran.jpg\" \/>\n<meta name=\"twitter:label1\" content=\"Est. reading time\" \/>\n\t<meta name=\"twitter:data1\" content=\"4 minutes\" \/>\n<script type=\"application\/ld+json\" class=\"yoast-schema-graph\">{\"@context\":\"https:\/\/schema.org\",\"@graph\":[{\"@type\":\"WebSite\",\"@id\":\"https:\/\/tahitisailanddive.com\/#website\",\"url\":\"https:\/\/tahitisailanddive.com\/\",\"name\":\"Croisi\\u00e8re Tahiti catamaran location voile et plong\\u00e9e charter skipper \\u00e0 Tahiti\",\"description\":\"Croisi\\u00e8re Tahiti en catamaran. Venez admirer Tahiti en croisi\\u00e8re sur nos catamarans, voile et plong\\u00e9e \\u00e0 : Tahiti, Moorea, Bora Bora, Rangiroa, Fakarava, Tetiaora\\u2026\",\"potentialAction\":[{\"@type\":\"SearchAction\",\"target\":{\"@type\":\"EntryPoint\",\"urlTemplate\":\"https:\/\/tahitisailanddive.com\/?s={search_term_string}\"},\"query-input\":\"required name=search_term_string\"}],\"inLanguage\":\"en-US\"},{\"@type\":\"ImageObject\",\"@id\":\"https:\/\/tahitisailanddive.com\/en\/catamotel-formula-and-rangiroa-diving-cruise\/#primaryimage\",\"inLanguage\":\"en-US\",\"url\":\"https:\/\/tahitisailanddive.com\/wp-content\/uploads\/2016\/06\/croisiere-catamotel-rangiroa-catamaran.jpg\",\"contentUrl\":\"https:\/\/tahitisailanddive.com\/wp-content\/uploads\/2016\/06\/croisiere-catamotel-rangiroa-catamaran.jpg\",\"width\":800,\"height\":516,\"caption\":\"croisiere-catamotel-rangiroa-catamaran\"},{\"@type\":\"WebPage\",\"@id\":\"https:\/\/tahitisailanddive.com\/en\/catamotel-formula-and-rangiroa-diving-cruise\/#webpage\",\"url\":\"https:\/\/tahitisailanddive.com\/en\/catamotel-formula-and-rangiroa-diving-cruise\/\",\"name\":\"Catamotel cruise and diving Rangiroa - Tahiti - Croisi\\u00e8re Tahiti catamaran location voile et plong\\u00e9e charter skipper \\u00e0 Tahiti\",\"isPartOf\":{\"@id\":\"https:\/\/tahitisailanddive.com\/#website\"},\"primaryImageOfPage\":{\"@id\":\"https:\/\/tahitisailanddive.com\/en\/catamotel-formula-and-rangiroa-diving-cruise\/#primaryimage\"},\"datePublished\":\"2018-03-24T11:44:55+00:00\",\"dateModified\":\"2023-11-22T17:36:46+00:00\",\"description\":\"Catamotel cruise and diving Rangiroa - Tahiti. CATAMARAN RENTAL WITH \\u201cCOOKING\\u201d HOSTESS\",\"breadcrumb\":{\"@id\":\"https:\/\/tahitisailanddive.com\/en\/catamotel-formula-and-rangiroa-diving-cruise\/#breadcrumb\"},\"inLanguage\":\"en-US\",\"potentialAction\":[{\"@type\":\"ReadAction\",\"target\":[\"https:\/\/tahitisailanddive.com\/en\/catamotel-formula-and-rangiroa-diving-cruise\/\"]}]},{\"@type\":\"BreadcrumbList\",\"@id\":\"https:\/\/tahitisailanddive.com\/en\/catamotel-formula-and-rangiroa-diving-cruise\/#breadcrumb\",\"itemListElement\":[{\"@type\":\"ListItem\",\"position\":1,\"name\":\"Accueil\",\"item\":\"https:\/\/tahitisailanddive.com\/en\/\"},{\"@type\":\"ListItem\",\"position\":2,\"name\":\"Catamotel cruise and diving Rangiroa &#8211; Tahiti\"}]}]}<\/script>\n<!-- \/ Yoast SEO plugin. -->","yoast_head_json":{"title":"Catamotel cruise and diving Rangiroa - Tahiti - Croisi\u00e8re Tahiti catamaran location voile et plong\u00e9e charter skipper \u00e0 Tahiti","description":"Catamotel cruise and diving Rangiroa - Tahiti. CATAMARAN RENTAL WITH \u201cCOOKING\u201d HOSTESS","robots":{"index":"index","follow":"follow","max-snippet":"max-snippet:-1","max-image-preview":"max-image-preview:large","max-video-preview":"max-video-preview:-1"},"canonical":"https:\/\/tahitisailanddive.com\/en\/catamotel-formula-and-rangiroa-diving-cruise\/","og_locale":"en_US","og_type":"article","og_title":"Catamotel cruise and diving Rangiroa - Tahiti - Croisi\u00e8re Tahiti catamaran location voile et plong\u00e9e charter skipper \u00e0 Tahiti","og_description":"Catamotel cruise and diving Rangiroa - Tahiti. CATAMARAN RENTAL WITH \u201cCOOKING\u201d HOSTESS","og_url":"https:\/\/tahitisailanddive.com\/en\/catamotel-formula-and-rangiroa-diving-cruise\/","og_site_name":"Croisi\u00e8re Tahiti catamaran location voile et plong\u00e9e charter skipper \u00e0 Tahiti","article_publisher":"https:\/\/fr-fr.facebook.com\/people\/Tahitisailanddive-Sailanddive\/100007454959306","article_modified_time":"2023-11-22T17:36:46+00:00","og_image":[{"url":"https:\/\/tahitisailanddive.com\/wp-content\/uploads\/2016\/06\/croisiere-catamotel-rangiroa-catamaran.jpg"}],"twitter_misc":{"Est. reading time":"4 minutes"},"schema":{"@context":"https:\/\/schema.org","@graph":[{"@type":"WebSite","@id":"https:\/\/tahitisailanddive.com\/#website","url":"https:\/\/tahitisailanddive.com\/","name":"Croisi\u00e8re Tahiti catamaran location voile et plong\u00e9e charter skipper \u00e0 Tahiti","description":"Croisi\u00e8re Tahiti en catamaran. Venez admirer Tahiti en croisi\u00e8re sur nos catamarans, voile et plong\u00e9e \u00e0 : Tahiti, Moorea, Bora Bora, Rangiroa, Fakarava, Tetiaora\u2026","potentialAction":[{"@type":"SearchAction","target":{"@type":"EntryPoint","urlTemplate":"https:\/\/tahitisailanddive.com\/?s={search_term_string}"},"query-input":"required name=search_term_string"}],"inLanguage":"en-US"},{"@type":"ImageObject","@id":"https:\/\/tahitisailanddive.com\/en\/catamotel-formula-and-rangiroa-diving-cruise\/#primaryimage","inLanguage":"en-US","url":"https:\/\/tahitisailanddive.com\/wp-content\/uploads\/2016\/06\/croisiere-catamotel-rangiroa-catamaran.jpg","contentUrl":"https:\/\/tahitisailanddive.com\/wp-content\/uploads\/2016\/06\/croisiere-catamotel-rangiroa-catamaran.jpg","width":800,"height":516,"caption":"croisiere-catamotel-rangiroa-catamaran"},{"@type":"WebPage","@id":"https:\/\/tahitisailanddive.com\/en\/catamotel-formula-and-rangiroa-diving-cruise\/#webpage","url":"https:\/\/tahitisailanddive.com\/en\/catamotel-formula-and-rangiroa-diving-cruise\/","name":"Catamotel cruise and diving Rangiroa - Tahiti - Croisi\u00e8re Tahiti catamaran location voile et plong\u00e9e charter skipper \u00e0 Tahiti","isPartOf":{"@id":"https:\/\/tahitisailanddive.com\/#website"},"primaryImageOfPage":{"@id":"https:\/\/tahitisailanddive.com\/en\/catamotel-formula-and-rangiroa-diving-cruise\/#primaryimage"},"datePublished":"2018-03-24T11:44:55+00:00","dateModified":"2023-11-22T17:36:46+00:00","description":"Catamotel cruise and diving Rangiroa - Tahiti. CATAMARAN RENTAL WITH \u201cCOOKING\u201d HOSTESS","breadcrumb":{"@id":"https:\/\/tahitisailanddive.com\/en\/catamotel-formula-and-rangiroa-diving-cruise\/#breadcrumb"},"inLanguage":"en-US","potentialAction":[{"@type":"ReadAction","target":["https:\/\/tahitisailanddive.com\/en\/catamotel-formula-and-rangiroa-diving-cruise\/"]}]},{"@type":"BreadcrumbList","@id":"https:\/\/tahitisailanddive.com\/en\/catamotel-formula-and-rangiroa-diving-cruise\/#breadcrumb","itemListElement":[{"@type":"ListItem","position":1,"name":"Accueil","item":"https:\/\/tahitisailanddive.com\/en\/"},{"@type":"ListItem","position":2,"name":"Catamotel cruise and diving Rangiroa &#8211; Tahiti"}]}]}},"_links":{"self":[{"href":"https:\/\/tahitisailanddive.com\/en\/wp-json\/wp\/v2\/pages\/4396"}],"collection":[{"href":"https:\/\/tahitisailanddive.com\/en\/wp-json\/wp\/v2\/pages"}],"about":[{"href":"https:\/\/tahitisailanddive.com\/en\/wp-json\/wp\/v2\/types\/page"}],"author":[{"embeddable":true,"href":"https:\/\/tahitisailanddive.com\/en\/wp-json\/wp\/v2\/users\/3"}],"replies":[{"embeddable":true,"href":"https:\/\/tahitisailanddive.com\/en\/wp-json\/wp\/v2\/comments?post=4396"}],"version-history":[{"count":9,"href":"https:\/\/tahitisailanddive.com\/en\/wp-json\/wp\/v2\/pages\/4396\/revisions"}],"predecessor-version":[{"id":6350,"href":"https:\/\/tahitisailanddive.com\/en\/wp-json\/wp\/v2\/pages\/4396\/revisions\/6350"}],"wp:attachment":[{"href":"https:\/\/tahitisailanddive.com\/en\/wp-json\/wp\/v2\/media?parent=4396"}],"curies":[{"name":"wp","href":"https:\/\/api.w.org\/{rel}","templated":true}]}}