{"id":4390,"date":"2018-03-24T01:30:31","date_gmt":"2018-03-24T11:30:31","guid":{"rendered":"http:\/\/tahitisailanddive.com\/on-demand-cruise\/"},"modified":"2023-11-22T07:43:43","modified_gmt":"2023-11-22T17:43:43","slug":"on-demand-cruise-in-tahiti","status":"publish","type":"page","link":"https:\/\/tahitisailanddive.com\/en\/on-demand-cruise-in-tahiti\/","title":{"rendered":"Cruise Tahiti \u00e0 la carte"},"content":{"rendered":"[vc_row css=&#8221;.vc_custom_1466725757184{padding-top: 30px !important;padding-right: 30px !important;padding-bottom: 30px !important;padding-left: 30px !important;background-color: rgba(255,255,255,0.8) !important;*background-color: rgb(255,255,255) !important;border-radius: 5px !important;}&#8221;][vc_column width=&#8221;2\/3&#8243; css=&#8221;.vc_custom_1466113602123{padding-top: 30px !important;}&#8221;][vc_column_text]\n<h1><span style=\"font-size: 32px; color: #0489c1;\"><em><span style=\"font-family: georgia,palatino;\">Cruise<\/span><\/em> <span style=\"font-family: Open Sans;\">\u201cTahiti and its islands to choose from\u201d<\/span><br \/>\n<\/span><\/h1>\n<h3><span style=\"color: #333333; font-size: 21px;\"><strong>Be the inventor of the cruise of your dreams\u2026<\/strong><\/span><\/h3>\n<p style=\"text-align: justify;\"><span style=\"color: #333333;\">Imagine a route that suits you <strong>between the Society Archipelago<\/strong> and the <strong>Tuamotu Archipelago<\/strong>. We are at your disposal to guide you in your choices according to your aspirations, your availability and the duration of your stay to invent your tailor-made cruise with you.<\/span><\/p>\n<p>Sailing in the turquoise lagoon waters\u2026<br \/>\nDiscover the Pacific Ocean in coastal or offshore navigation\u2026<br \/>\nDiving into the seabed with multiple sensations\u2026<br \/>\nLive the life of Robinson on the most isolated and authentic atolls\u2026<\/p>\n<p>While letting yourself be lulled by the legendary Polynesian sweetness of life\u2026<\/p>\n<p>The cards are in your hands\u2026.<\/p>\n<p><span style=\"color: #0489c1;\"><strong>Contact us so that we can make your project a reality&#8230; however crazy and ambitious it may be!!!!<\/strong><\/span><\/p>\n<h2><a href=\"https:\/\/tahitisailanddive.com\/wp-content\/uploads\/2016\/06\/croisiere-tahiti-catamaran-a-la-carte.jpg\"><img loading=\"lazy\" decoding=\"async\" class=\"alignnone wp-image-3379 size-full\" src=\"https:\/\/tahitisailanddive.com\/wp-content\/uploads\/2016\/06\/croisiere-tahiti-catamaran-a-la-carte.jpg\" alt=\"cruise-tahiti-catamaran-a-la-carte\" width=\"800\" height=\"550\" srcset=\"https:\/\/tahitisailanddive.com\/wp-content\/uploads\/2016\/06\/croisiere-tahiti-catamaran-a-la-carte.jpg 800w, https:\/\/tahitisailanddive.com\/wp-content\/uploads\/2016\/06\/croisiere-tahiti-catamaran-a-la-carte-300x206.jpg 300w, https:\/\/tahitisailanddive.com\/wp-content\/uploads\/2016\/06\/croisiere-tahiti-catamaran-a-la-carte-768x528.jpg 768w\" sizes=\"(max-width: 800px) 100vw, 800px\" \/><\/a><\/h2>\n[\/vc_column_text][vc_empty_space][vc_btn title=&#8221;BOOK YOUR &quot;ON DEMAND&quot; CRUISE IN CATAMARAN SAILING AND DIVING&#8221; color=&#8221;primary&#8221; css_animation=&#8221;appear&#8221; link=&#8221;url:http%3A%2F%2Ftahitisailanddive.com%2Fcontact-tahiti-sail-and-dive-croisieres-tahiti%2F|&#8221;][\/vc_column][vc_column width=&#8221;1\/3&#8243; css=&#8221;.vc_custom_1466725765500{margin-top: 150px !important;padding-top: 5px !important;padding-right: 20px !important;padding-bottom: 20px !important;padding-left: 20px !important;background-color: #0489c1 !important;border-radius: 5px !important;}&#8221;][vc_column_text css=&#8221;.vc_custom_1466722742483{padding-top: 0px !important;}&#8221;]\n<h4><span style=\"color: #ffffff;\">INCLUDED IN THIS CRUISE:<\/span><\/h4>\n<h4><span style=\"color: #ffffff;\"> <span class=\"fa fa-check\"  style=\"color: #ffffff;font-size: 16px;\"><\/span> Guide and hostess<br \/>\n<\/span><\/h4>\n<h4><span style=\"color: #ffffff;\"><span class=\"fa fa-check\"  style=\"color: #ffffff;font-size: 16px;\"><\/span> Sailboat with skipper<br \/>\n<\/span><\/h4>\n<h4><span style=\"color: #ffffff;\">&#8230;<\/span><\/h4>\n[\/vc_column_text][vc_empty_space][vc_separator][vc_column_text]\n<h4><span style=\"color: #333333;\"><span style=\"color: #ffffff;\">OUR CRUISES IN PICTURES:<\/span><br \/>\n<\/span><\/h4>\n<div id=\"gallery-0\" class=\"wpex-gallery wpex-row lightbox-group clr\"><figure class=\"gallery-item span_1_of_2 col col-1\"><a href=\"https:\/\/tahitisailanddive.com\/wp-content\/uploads\/2016\/06\/tahitisailanddive-croisiere-catamaran-2.jpg\" title=\"\" class=\"wpex-lightbox-group-item\" data-type=\"image\"><img loading=\"lazy\" decoding=\"async\" src=\"https:\/\/tahitisailanddive.com\/wp-content\/uploads\/2016\/06\/tahitisailanddive-croisiere-catamaran-2.jpg\" width=\"700\" height=\"400\" alt=\"Tahitisailanddive Croisiere Catamaran 2\" \/><\/a><\/figure><figure class=\"gallery-item span_1_of_2 col col-2\"><a href=\"https:\/\/tahitisailanddive.com\/wp-content\/uploads\/2016\/06\/tahitisailanddive-croisiere-catamaran-3.jpg\" title=\"\" class=\"wpex-lightbox-group-item\" data-type=\"image\"><img loading=\"lazy\" decoding=\"async\" src=\"https:\/\/tahitisailanddive.com\/wp-content\/uploads\/2016\/06\/tahitisailanddive-croisiere-catamaran-3.jpg\" width=\"700\" height=\"400\" alt=\"Tahitisailanddive Croisiere Catamaran 3\" \/><\/a><\/figure><figure class=\"gallery-item span_1_of_2 col col-1\"><a href=\"https:\/\/tahitisailanddive.com\/wp-content\/uploads\/2016\/06\/tahitisailanddive-croisiere-catamaran-peche.jpg\" title=\"\" class=\"wpex-lightbox-group-item\" data-type=\"image\"><img loading=\"lazy\" decoding=\"async\" src=\"https:\/\/tahitisailanddive.com\/wp-content\/uploads\/2016\/06\/tahitisailanddive-croisiere-catamaran-peche.jpg\" width=\"700\" height=\"400\" alt=\"Tahitisailanddive Croisiere Catamaran Peche\" \/><\/a><\/figure><figure class=\"gallery-item span_1_of_2 col col-2\"><a href=\"https:\/\/tahitisailanddive.com\/wp-content\/uploads\/2016\/06\/tahitisailanddive-croisiere-catamaran-tuamotu.jpg\" title=\"\" class=\"wpex-lightbox-group-item\" data-type=\"image\"><img loading=\"lazy\" decoding=\"async\" src=\"https:\/\/tahitisailanddive.com\/wp-content\/uploads\/2016\/06\/tahitisailanddive-croisiere-catamaran-tuamotu.jpg\" width=\"700\" height=\"400\" alt=\"Tahitisailanddive Croisiere Catamaran Tuamotu\" \/><\/a><\/figure><figure class=\"gallery-item span_1_of_2 col col-1\"><a href=\"https:\/\/tahitisailanddive.com\/wp-content\/uploads\/2016\/06\/tahitisailanddive-croisiere-plongee-raie.jpg\" title=\"\" class=\"wpex-lightbox-group-item\" data-type=\"image\"><img loading=\"lazy\" decoding=\"async\" src=\"https:\/\/tahitisailanddive.com\/wp-content\/uploads\/2016\/06\/tahitisailanddive-croisiere-plongee-raie.jpg\" width=\"700\" height=\"400\" alt=\"Tahitisailanddive Croisiere Plongee Raie\" \/><\/a><\/figure><figure class=\"gallery-item span_1_of_2 col col-2\"><a href=\"https:\/\/tahitisailanddive.com\/wp-content\/uploads\/2016\/06\/tahitisailanddive-croisiere-catamaran-1.jpg\" title=\"\" class=\"wpex-lightbox-group-item\" data-type=\"image\"><img loading=\"lazy\" decoding=\"async\" src=\"https:\/\/tahitisailanddive.com\/wp-content\/uploads\/2016\/06\/tahitisailanddive-croisiere-catamaran-1.jpg\" width=\"700\" height=\"400\" alt=\"Tahitisailanddive Croisiere Catamaran 1\" \/><\/a><\/figure><figure class=\"gallery-item span_1_of_2 col col-1\"><a href=\"https:\/\/tahitisailanddive.com\/wp-content\/uploads\/2016\/06\/tahitisailanddive-croisiere-catamaran-iles.jpg\" title=\"\" class=\"wpex-lightbox-group-item\" data-type=\"image\"><img loading=\"lazy\" decoding=\"async\" src=\"https:\/\/tahitisailanddive.com\/wp-content\/uploads\/2016\/06\/tahitisailanddive-croisiere-catamaran-iles.jpg\" width=\"700\" height=\"400\" alt=\"Tahitisailanddive Croisiere Catamaran Iles\" \/><\/a><\/figure><figure class=\"gallery-item span_1_of_2 col col-2\"><a href=\"https:\/\/tahitisailanddive.com\/wp-content\/uploads\/2016\/06\/tahitisailanddive-croisiere-catamaran-4.jpg\" title=\"\" class=\"wpex-lightbox-group-item\" data-type=\"image\"><img loading=\"lazy\" decoding=\"async\" src=\"https:\/\/tahitisailanddive.com\/wp-content\/uploads\/2016\/06\/tahitisailanddive-croisiere-catamaran-4.jpg\" width=\"700\" height=\"400\" alt=\"Tahitisailanddive Croisiere Catamaran 4\" \/><\/a><\/figure><\/div>\n\n[\/vc_column_text][\/vc_column][\/vc_row][vc_row][vc_column][vc_separator][\/vc_column][\/vc_row][vc_row][vc_column][vc_column_text]\n<p style=\"text-align: center;\">The photos and programs presented on www.tahitisailanddive.com are non-contractual and subject to modification without notice.<\/p>\n[\/vc_column_text][\/vc_column][\/vc_row]\n","protected":false},"excerpt":{"rendered":"<p>[vc_row css=&#8221;.vc_custom_1466725757184{padding-top: 30px !important;padding-right: 30px !important;padding-bottom: 30px !important;padding-left: 30px !important;background-color: rgba(255,255,255,0.8) !important;*background-color: rgb(255,255,255) !important;border-radius: 5px !important;}&#8221;][vc_column width=&#8221;2\/3&#8243; css=&#8221;.vc_custom_1466113602123{padding-top: 30px !important;}&#8221;][vc_column_text] Cruise \u201cTahiti and its islands to choose from\u201d Be the inventor of the cruise of your dreams\u2026 Imagine a route&hellip;<\/p>\n","protected":false},"author":3,"featured_media":0,"parent":0,"menu_order":0,"comment_status":"closed","ping_status":"closed","template":"","meta":{"footnotes":""},"yoast_head":"<!-- This site is optimized with the Yoast SEO plugin v17.7.1 - https:\/\/yoast.com\/wordpress\/plugins\/seo\/ -->\n<title>Cruise Tahiti \u00e0 la carte - Croisi\u00e8re Tahiti catamaran location voile et plong\u00e9e charter skipper \u00e0 Tahiti<\/title>\n<meta name=\"description\" content=\"Tahiti cruise \u00e0 la carte. Be the inventor of the cruise of your dreams... Imagine a journey between the Society Archipelago and the Tuamotu Archipelago.\" \/>\n<meta name=\"robots\" content=\"index, follow, max-snippet:-1, max-image-preview:large, max-video-preview:-1\" \/>\n<link rel=\"canonical\" href=\"https:\/\/tahitisailanddive.com\/en\/on-demand-cruise-in-tahiti\/\" \/>\n<meta property=\"og:locale\" content=\"en_US\" \/>\n<meta property=\"og:type\" content=\"article\" \/>\n<meta property=\"og:title\" content=\"Cruise Tahiti \u00e0 la carte - Croisi\u00e8re Tahiti catamaran location voile et plong\u00e9e charter skipper \u00e0 Tahiti\" \/>\n<meta property=\"og:description\" content=\"Tahiti cruise \u00e0 la carte. Be the inventor of the cruise of your dreams... Imagine a journey between the Society Archipelago and the Tuamotu Archipelago.\" \/>\n<meta property=\"og:url\" content=\"https:\/\/tahitisailanddive.com\/en\/on-demand-cruise-in-tahiti\/\" \/>\n<meta property=\"og:site_name\" content=\"Croisi\u00e8re Tahiti catamaran location voile et plong\u00e9e charter skipper \u00e0 Tahiti\" \/>\n<meta property=\"article:publisher\" content=\"https:\/\/fr-fr.facebook.com\/people\/Tahitisailanddive-Sailanddive\/100007454959306\" \/>\n<meta property=\"article:modified_time\" content=\"2023-11-22T17:43:43+00:00\" \/>\n<meta property=\"og:image\" content=\"https:\/\/tahitisailanddive.com\/wp-content\/uploads\/2016\/06\/croisiere-tahiti-catamaran-a-la-carte.jpg\" \/>\n<meta name=\"twitter:label1\" content=\"Est. reading time\" \/>\n\t<meta name=\"twitter:data1\" content=\"2 minutes\" \/>\n<script type=\"application\/ld+json\" class=\"yoast-schema-graph\">{\"@context\":\"https:\/\/schema.org\",\"@graph\":[{\"@type\":\"WebSite\",\"@id\":\"https:\/\/tahitisailanddive.com\/#website\",\"url\":\"https:\/\/tahitisailanddive.com\/\",\"name\":\"Croisi\\u00e8re Tahiti catamaran location voile et plong\\u00e9e charter skipper \\u00e0 Tahiti\",\"description\":\"Croisi\\u00e8re Tahiti en catamaran. Venez admirer Tahiti en croisi\\u00e8re sur nos catamarans, voile et plong\\u00e9e \\u00e0 : Tahiti, Moorea, Bora Bora, Rangiroa, Fakarava, Tetiaora\\u2026\",\"potentialAction\":[{\"@type\":\"SearchAction\",\"target\":{\"@type\":\"EntryPoint\",\"urlTemplate\":\"https:\/\/tahitisailanddive.com\/?s={search_term_string}\"},\"query-input\":\"required name=search_term_string\"}],\"inLanguage\":\"en-US\"},{\"@type\":\"ImageObject\",\"@id\":\"https:\/\/tahitisailanddive.com\/en\/on-demand-cruise-in-tahiti\/#primaryimage\",\"inLanguage\":\"en-US\",\"url\":\"https:\/\/tahitisailanddive.com\/wp-content\/uploads\/2016\/06\/croisiere-tahiti-catamaran-a-la-carte.jpg\",\"contentUrl\":\"https:\/\/tahitisailanddive.com\/wp-content\/uploads\/2016\/06\/croisiere-tahiti-catamaran-a-la-carte.jpg\",\"width\":800,\"height\":550,\"caption\":\"croisiere-tahiti-catamaran-a-la-carte\"},{\"@type\":\"WebPage\",\"@id\":\"https:\/\/tahitisailanddive.com\/en\/on-demand-cruise-in-tahiti\/#webpage\",\"url\":\"https:\/\/tahitisailanddive.com\/en\/on-demand-cruise-in-tahiti\/\",\"name\":\"Cruise Tahiti \\u00e0 la carte - Croisi\\u00e8re Tahiti catamaran location voile et plong\\u00e9e charter skipper \\u00e0 Tahiti\",\"isPartOf\":{\"@id\":\"https:\/\/tahitisailanddive.com\/#website\"},\"primaryImageOfPage\":{\"@id\":\"https:\/\/tahitisailanddive.com\/en\/on-demand-cruise-in-tahiti\/#primaryimage\"},\"datePublished\":\"2018-03-24T11:30:31+00:00\",\"dateModified\":\"2023-11-22T17:43:43+00:00\",\"description\":\"Tahiti cruise \\u00e0 la carte. Be the inventor of the cruise of your dreams... Imagine a journey between the Society Archipelago and the Tuamotu Archipelago.\",\"breadcrumb\":{\"@id\":\"https:\/\/tahitisailanddive.com\/en\/on-demand-cruise-in-tahiti\/#breadcrumb\"},\"inLanguage\":\"en-US\",\"potentialAction\":[{\"@type\":\"ReadAction\",\"target\":[\"https:\/\/tahitisailanddive.com\/en\/on-demand-cruise-in-tahiti\/\"]}]},{\"@type\":\"BreadcrumbList\",\"@id\":\"https:\/\/tahitisailanddive.com\/en\/on-demand-cruise-in-tahiti\/#breadcrumb\",\"itemListElement\":[{\"@type\":\"ListItem\",\"position\":1,\"name\":\"Accueil\",\"item\":\"https:\/\/tahitisailanddive.com\/en\/\"},{\"@type\":\"ListItem\",\"position\":2,\"name\":\"Cruise Tahiti \\u00e0 la carte\"}]}]}<\/script>\n<!-- \/ Yoast SEO plugin. -->","yoast_head_json":{"title":"Cruise Tahiti \u00e0 la carte - Croisi\u00e8re Tahiti catamaran location voile et plong\u00e9e charter skipper \u00e0 Tahiti","description":"Tahiti cruise \u00e0 la carte. Be the inventor of the cruise of your dreams... Imagine a journey between the Society Archipelago and the Tuamotu Archipelago.","robots":{"index":"index","follow":"follow","max-snippet":"max-snippet:-1","max-image-preview":"max-image-preview:large","max-video-preview":"max-video-preview:-1"},"canonical":"https:\/\/tahitisailanddive.com\/en\/on-demand-cruise-in-tahiti\/","og_locale":"en_US","og_type":"article","og_title":"Cruise Tahiti \u00e0 la carte - Croisi\u00e8re Tahiti catamaran location voile et plong\u00e9e charter skipper \u00e0 Tahiti","og_description":"Tahiti cruise \u00e0 la carte. Be the inventor of the cruise of your dreams... Imagine a journey between the Society Archipelago and the Tuamotu Archipelago.","og_url":"https:\/\/tahitisailanddive.com\/en\/on-demand-cruise-in-tahiti\/","og_site_name":"Croisi\u00e8re Tahiti catamaran location voile et plong\u00e9e charter skipper \u00e0 Tahiti","article_publisher":"https:\/\/fr-fr.facebook.com\/people\/Tahitisailanddive-Sailanddive\/100007454959306","article_modified_time":"2023-11-22T17:43:43+00:00","og_image":[{"url":"https:\/\/tahitisailanddive.com\/wp-content\/uploads\/2016\/06\/croisiere-tahiti-catamaran-a-la-carte.jpg"}],"twitter_misc":{"Est. reading time":"2 minutes"},"schema":{"@context":"https:\/\/schema.org","@graph":[{"@type":"WebSite","@id":"https:\/\/tahitisailanddive.com\/#website","url":"https:\/\/tahitisailanddive.com\/","name":"Croisi\u00e8re Tahiti catamaran location voile et plong\u00e9e charter skipper \u00e0 Tahiti","description":"Croisi\u00e8re Tahiti en catamaran. Venez admirer Tahiti en croisi\u00e8re sur nos catamarans, voile et plong\u00e9e \u00e0 : Tahiti, Moorea, Bora Bora, Rangiroa, Fakarava, Tetiaora\u2026","potentialAction":[{"@type":"SearchAction","target":{"@type":"EntryPoint","urlTemplate":"https:\/\/tahitisailanddive.com\/?s={search_term_string}"},"query-input":"required name=search_term_string"}],"inLanguage":"en-US"},{"@type":"ImageObject","@id":"https:\/\/tahitisailanddive.com\/en\/on-demand-cruise-in-tahiti\/#primaryimage","inLanguage":"en-US","url":"https:\/\/tahitisailanddive.com\/wp-content\/uploads\/2016\/06\/croisiere-tahiti-catamaran-a-la-carte.jpg","contentUrl":"https:\/\/tahitisailanddive.com\/wp-content\/uploads\/2016\/06\/croisiere-tahiti-catamaran-a-la-carte.jpg","width":800,"height":550,"caption":"croisiere-tahiti-catamaran-a-la-carte"},{"@type":"WebPage","@id":"https:\/\/tahitisailanddive.com\/en\/on-demand-cruise-in-tahiti\/#webpage","url":"https:\/\/tahitisailanddive.com\/en\/on-demand-cruise-in-tahiti\/","name":"Cruise Tahiti \u00e0 la carte - Croisi\u00e8re Tahiti catamaran location voile et plong\u00e9e charter skipper \u00e0 Tahiti","isPartOf":{"@id":"https:\/\/tahitisailanddive.com\/#website"},"primaryImageOfPage":{"@id":"https:\/\/tahitisailanddive.com\/en\/on-demand-cruise-in-tahiti\/#primaryimage"},"datePublished":"2018-03-24T11:30:31+00:00","dateModified":"2023-11-22T17:43:43+00:00","description":"Tahiti cruise \u00e0 la carte. Be the inventor of the cruise of your dreams... Imagine a journey between the Society Archipelago and the Tuamotu Archipelago.","breadcrumb":{"@id":"https:\/\/tahitisailanddive.com\/en\/on-demand-cruise-in-tahiti\/#breadcrumb"},"inLanguage":"en-US","potentialAction":[{"@type":"ReadAction","target":["https:\/\/tahitisailanddive.com\/en\/on-demand-cruise-in-tahiti\/"]}]},{"@type":"BreadcrumbList","@id":"https:\/\/tahitisailanddive.com\/en\/on-demand-cruise-in-tahiti\/#breadcrumb","itemListElement":[{"@type":"ListItem","position":1,"name":"Accueil","item":"https:\/\/tahitisailanddive.com\/en\/"},{"@type":"ListItem","position":2,"name":"Cruise Tahiti \u00e0 la carte"}]}]}},"_links":{"self":[{"href":"https:\/\/tahitisailanddive.com\/en\/wp-json\/wp\/v2\/pages\/4390"}],"collection":[{"href":"https:\/\/tahitisailanddive.com\/en\/wp-json\/wp\/v2\/pages"}],"about":[{"href":"https:\/\/tahitisailanddive.com\/en\/wp-json\/wp\/v2\/types\/page"}],"author":[{"embeddable":true,"href":"https:\/\/tahitisailanddive.com\/en\/wp-json\/wp\/v2\/users\/3"}],"replies":[{"embeddable":true,"href":"https:\/\/tahitisailanddive.com\/en\/wp-json\/wp\/v2\/comments?post=4390"}],"version-history":[{"count":9,"href":"https:\/\/tahitisailanddive.com\/en\/wp-json\/wp\/v2\/pages\/4390\/revisions"}],"predecessor-version":[{"id":6360,"href":"https:\/\/tahitisailanddive.com\/en\/wp-json\/wp\/v2\/pages\/4390\/revisions\/6360"}],"wp:attachment":[{"href":"https:\/\/tahitisailanddive.com\/en\/wp-json\/wp\/v2\/media?parent=4390"}],"curies":[{"name":"wp","href":"https:\/\/api.w.org\/{rel}","templated":true}]}}