{"id":4382,"date":"2018-03-24T01:14:05","date_gmt":"2018-03-24T11:14:05","guid":{"rendered":"http:\/\/tahitisailanddive.com\/tahiti-catamaran-cruise-sail-and-diving-tuamotu-rangirao-tikehau\/"},"modified":"2023-11-22T07:19:54","modified_gmt":"2023-11-22T17:19:54","slug":"tahiti-catamaran-cruise-sail-and-diving-tuamotu-rangirao-tikehau","status":"publish","type":"page","link":"https:\/\/tahitisailanddive.com\/en\/tahiti-catamaran-cruise-sail-and-diving-tuamotu-rangirao-tikehau\/","title":{"rendered":"Catamaran cruise Tahiti &#8211; Sailing and diving Tuamotu &#8211; Rangirao &#8211; Tikehau"},"content":{"rendered":"[vc_row css=&#8221;.vc_custom_1466725656010{padding-top: 30px !important;padding-right: 30px !important;padding-bottom: 30px !important;padding-left: 30px !important;background-color: rgba(255,255,255,0.8) !important;*background-color: rgb(255,255,255) !important;border-radius: 5px !important;}&#8221;][vc_column width=&#8221;2\/3&#8243; css=&#8221;.vc_custom_1466112189810{padding-top: 30px !important;}&#8221;][vc_column_text]\n<h3><span style=\"color: #0489c1;\"><span style=\"font-size: 32px;\"><em><span style=\"font-family: georgia,palatino;\">Sailing and Diving<\/span><\/em> <span style=\"font-family: Open Sans;\">Cruise<\/span><br \/>\n<span style=\"font-family: Open Sans;\">TUAMOTU &#8211; RANGIROA &#8211; TIKEHAU<\/span><\/span><br \/>\n<\/span><\/h3>\n<h3><span style=\"font-family: Open Sans;\"><strong><span style=\"font-size: 21px;\">CATAMARAN RENTAL WITH SKIPPER AND HOSTESS<\/span><br \/>\n<span style=\"font-size: 21px;\">7-day circuit with 8-dive Pack package<\/span><br \/>\n<\/strong><\/span><\/h3>\n<p style=\"text-align: justify;\">By choosing this option you can combine the pleasures of scuba diving and sailing.<br \/>\nCome discover and explore the exceptional <strong>Rangiroa<\/strong> atoll by combining scuba diving and sailing on one of the largest lagoons in the world (with our partner Center Eleuthera Plong\u00e9e Rangiroa).<\/p>\n<p><strong><em>\u201cI don\u2019t know a more beautiful place in the world, it\u2019s breathtaking. Literally\u2026 &#8220;<\/em><\/strong><br \/>\n<strong> Olivier de Kersauson \u2013 <em>The world as it speaks to me<\/em> \u2013 Ed. Cherche Midi<\/strong><\/p>\n<h2><a href=\"https:\/\/tahitisailanddive.com\/wp-content\/uploads\/2016\/06\/croisiere-tuamotu-rangiroa-tikehau-catamaran.jpg\"><img loading=\"lazy\" decoding=\"async\" class=\"alignnone size-full wp-image-3371\" src=\"https:\/\/tahitisailanddive.com\/wp-content\/uploads\/2016\/06\/croisiere-tuamotu-rangiroa-tikehau-catamaran.jpg\" alt=\"cruise-tuamotu-rangiroa-tikehau-catamaran\" width=\"800\" height=\"561\" srcset=\"https:\/\/tahitisailanddive.com\/wp-content\/uploads\/2016\/06\/croisiere-tuamotu-rangiroa-tikehau-catamaran.jpg 800w, https:\/\/tahitisailanddive.com\/wp-content\/uploads\/2016\/06\/croisiere-tuamotu-rangiroa-tikehau-catamaran-300x210.jpg 300w, https:\/\/tahitisailanddive.com\/wp-content\/uploads\/2016\/06\/croisiere-tuamotu-rangiroa-tikehau-catamaran-768x539.jpg 768w\" sizes=\"(max-width: 800px) 100vw, 800px\" \/><\/a><\/h2>\n[\/vc_column_text][vc_empty_space][vc_toggle title=&#8221;Progress of the cruise&#8221; color=&#8221;peacoc&#8221; el_id=&#8221;1466441381606-c953e6ce-1bc6&#8243;]\n<h3>Day 1 :<\/h3>\n<p>Welcome at Rangiroa airport in the morning and boarding our leopard 43 catamaran.<br \/>\nWelcome fruit juice, discovery of the boat and installation in the cabins.<br \/>\nYou set sail from the airport to the appropriate anchorage for the boat not far from the Center Eleuthera Plong\u00e9e diving club.<br \/>\nLunch at Tiputa snack bar.<br \/>\nAdaptation dive and exploration at the aquarium at 2 p.m. Tiputa pass with dolphin observation.<\/p>\n<h3>Day 2 :<\/h3>\n<p>Breakfast at anchor on the lagoon.<br \/>\nDiving with ELEUTHERA RANGIROA (3 dives during the day)<br \/>\nPreparation for the day&#8217;s dives with the discovery of the Tiputa passes and their sensational fauna.<br \/>\nReturn to the catamaran.<br \/>\nSunset Cocktail &amp; Dinner at the Anchorage.<br \/>\nNight dive at 5 p.m.<\/p>\n<h3>Day 3 :<\/h3>\n<p>Breakfast on the lagoon.<br \/>\nDiving with ELEUTHERA RANGIROA (early morning).<br \/>\nLocal lunch and sailing towards the Garden of Eden or Blue Lagoon.<br \/>\nDiscovery of the atoll: the Garden of EDEN.<br \/>\nSunset cocktail &amp; Dinner at the Anchorage and Anchorage in the Garden of Eden for the night.<\/p>\n<h3>Day 4:<\/h3>\n<p>After breakfast, departure for the Tiputa pass in the early morning under sail.<br \/>\nAfter about 4 hours of navigation, arrival for lunch with local meal.<br \/>\n1 dive with ELEUTHERA RANGIROA (afternoon).<br \/>\nIn the evening, at sunset, cocktails and meals will be taken at anchor.<br \/>\nFree tour.<\/p>\n<h3>Day 5 :<\/h3>\n<p>Breakfast on the lagoon.<br \/>\n2 dives with ELEUTHERA RANGIROA (morning).<br \/>\nFree diving, snorkeling, underwater fishing, and angling.<br \/>\nIn the evening, at sunset, cocktails and meals will be taken at anchor.<\/p>\n<h3>Day 6 :<\/h3>\n<p>Morning: after breakfast at anchor, descent on the atoll towards the airport.<br \/>\nAfter returning to Papeete by plane.<\/p>\n<p>Return to cruise and booking page[\/vc_toggle][vc_btn title=&#8221;BOOK YOUR SAILING AND DIVING CRUISE TUAMOTU &#8211; RANGIRAO &#8211; TIKEHAU&#8221; color=&#8221;primary&#8221; css_animation=&#8221;appear&#8221; link=&#8221;url:http%3A%2F%2Ftahitisailanddive.com%2Fcontact-tahiti-sail-and-dive-croisieres-tahiti%2F|&#8221;][\/vc_column][vc_column width=&#8221;1\/3&#8243; css_animation=&#8221;right-to-left&#8221; css=&#8221;.vc_custom_1466725664903{margin-top: 200px !important;padding-top: 5px !important;padding-right: 20px !important;padding-bottom: 20px !important;padding-left: 20px !important;background-color: #0489c1 !important;border-radius: 5px !important;}&#8221;][vc_column_text]\n<h4><span style=\"color: #ffffff;\">INCLUDED IN THIS CRUISE:<\/span><\/h4>\n<h4><span style=\"color: #ffffff;\"> <span class=\"fa fa-check\"  style=\"color: #ffffff;font-size: 16px;\"><\/span> Civil liability insurance<\/span><\/h4>\n<h4><span style=\"color: #ffffff;\"><span class=\"fa fa-check\"  style=\"color: #ffffff;font-size: 16px;\"><\/span> Half board with cook on board<\/span><\/h4>\n<h4><span style=\"color: #ffffff;\"><span class=\"fa fa-check\"  style=\"color: #ffffff;font-size: 16px;\"><\/span> Sheets and towels provided<\/span><\/h4>\n<h4><span style=\"color: #ffffff;\"><span class=\"fa fa-check\"  style=\"color: #ffffff;font-size: 16px;\"><\/span> Guide and hostess<\/span><\/h4>\n<h4><span style=\"color: #ffffff;\"><span class=\"fa fa-check\"  style=\"color: #ffffff;font-size: 16px;\"><\/span> Kayaks &#8211; Fins &#8211; Masks &#8211; Snorkels<\/span><\/h4>\n<h4><span style=\"color: #ffffff;\"><span class=\"fa fa-check\"  style=\"color: #ffffff;font-size: 16px;\"><\/span> Gasoline for the annex with 15 HP outboard<\/span><\/h4>\n<h4><span style=\"color: #ffffff;\"><span class=\"fa fa-check\"  style=\"color: #ffffff;font-size: 16px;\"><\/span> Fuel for the main engine<\/span><\/h4>\n<h4><span style=\"color: #ffffff;\"><span class=\"fa fa-check\"  style=\"color: #ffffff;font-size: 16px;\"><\/span> Sailboat rental with hostess<\/span><\/h4>\n<h4><span style=\"color: #ffffff;\"><span class=\"fa fa-check\"  style=\"color: #ffffff;font-size: 16px;\"><\/span> Guarded annex parking<\/span><\/h4>\n<h4><span style=\"color: #ffffff;\"><span class=\"fa fa-check\"  style=\"color: #ffffff;font-size: 16px;\"><\/span> Pick-up by the diving club aboard the catamaran<\/span><\/h4>\n<h4><span style=\"color: #ffffff;\"><span class=\"fa fa-check\"  style=\"color: #ffffff;font-size: 16px;\"><\/span> Pre-refueling service<\/span><\/h4>\n[\/vc_column_text][vc_empty_space][vc_separator][vc_column_text]\n<h4><span style=\"color: #ffffff;\">OUR RANGIROA CRUISES IN IMAGES:<\/span><\/h4>\n<div id=\"gallery-0\" class=\"wpex-gallery wpex-row lightbox-group clr\"><figure class=\"gallery-item span_1_of_2 col col-1\"><a href=\"https:\/\/tahitisailanddive.com\/wp-content\/uploads\/2016\/06\/croisiere-club-rangiroa-catamaran-tahiti-dauphin.jpg\" title=\"\" class=\"wpex-lightbox-group-item\" data-type=\"image\"><img loading=\"lazy\" decoding=\"async\" src=\"https:\/\/tahitisailanddive.com\/wp-content\/uploads\/2016\/06\/croisiere-club-rangiroa-catamaran-tahiti-dauphin.jpg\" width=\"600\" height=\"400\" alt=\"Croisiere Club Rangiroa Catamaran Tahiti Dauphin\" \/><\/a><\/figure><figure class=\"gallery-item span_1_of_2 col col-2\"><a href=\"https:\/\/tahitisailanddive.com\/wp-content\/uploads\/2016\/06\/croisiere-rangiroa-catamaran-tahiti-1.jpg\" title=\"\" class=\"wpex-lightbox-group-item\" data-type=\"image\"><img loading=\"lazy\" decoding=\"async\" src=\"https:\/\/tahitisailanddive.com\/wp-content\/uploads\/2016\/06\/croisiere-rangiroa-catamaran-tahiti-1.jpg\" width=\"600\" height=\"400\" alt=\"Croisiere Rangiroa Catamaran Tahiti 1\" \/><\/a><\/figure><figure class=\"gallery-item span_1_of_2 col col-1\"><a href=\"https:\/\/tahitisailanddive.com\/wp-content\/uploads\/2016\/06\/tuamotu-croisiere-tahiti.jpg\" title=\"\" class=\"wpex-lightbox-group-item\" data-type=\"image\"><img loading=\"lazy\" decoding=\"async\" src=\"https:\/\/tahitisailanddive.com\/wp-content\/uploads\/2016\/06\/tuamotu-croisiere-tahiti.jpg\" width=\"540\" height=\"360\" alt=\"Tuamotu Croisiere Tahiti\" \/><\/a><\/figure><figure class=\"gallery-item span_1_of_2 col col-2\"><a href=\"https:\/\/tahitisailanddive.com\/wp-content\/uploads\/2016\/06\/croisiere-tahiti-plongee.jpg\" title=\"\" class=\"wpex-lightbox-group-item\" data-type=\"image\"><img loading=\"lazy\" decoding=\"async\" src=\"https:\/\/tahitisailanddive.com\/wp-content\/uploads\/2016\/06\/croisiere-tahiti-plongee.jpg\" width=\"600\" height=\"400\" alt=\"Croisiere Tahiti Plongee\" \/><\/a><\/figure><figure class=\"gallery-item span_1_of_2 col col-1\"><a href=\"https:\/\/tahitisailanddive.com\/wp-content\/uploads\/2016\/06\/croisiere-tahiti-tuamotu-requin.jpg\" title=\"\" class=\"wpex-lightbox-group-item\" data-type=\"image\"><img loading=\"lazy\" decoding=\"async\" src=\"https:\/\/tahitisailanddive.com\/wp-content\/uploads\/2016\/06\/croisiere-tahiti-tuamotu-requin.jpg\" width=\"436\" height=\"291\" alt=\"Croisiere Tahiti Tuamotu Requin\" \/><\/a><\/figure><figure class=\"gallery-item span_1_of_2 col col-2\"><a href=\"https:\/\/tahitisailanddive.com\/wp-content\/uploads\/2016\/06\/croisiere-tahiti-plongee-tortue.jpg\" title=\"\" class=\"wpex-lightbox-group-item\" data-type=\"image\"><img loading=\"lazy\" decoding=\"async\" src=\"https:\/\/tahitisailanddive.com\/wp-content\/uploads\/2016\/06\/croisiere-tahiti-plongee-tortue.jpg\" width=\"400\" height=\"266\" alt=\"Croisiere Tahiti Plongee Tortue\" \/><\/a><\/figure><figure class=\"gallery-item span_1_of_2 col col-1\"><a href=\"https:\/\/tahitisailanddive.com\/wp-content\/uploads\/2016\/06\/croisiere-tahiti-plongee-tortue-3.jpg\" title=\"\" class=\"wpex-lightbox-group-item\" data-type=\"image\"><img loading=\"lazy\" decoding=\"async\" src=\"https:\/\/tahitisailanddive.com\/wp-content\/uploads\/2016\/06\/croisiere-tahiti-plongee-tortue-3.jpg\" width=\"600\" height=\"400\" alt=\"Croisiere Tahiti Plongee Tortue 3\" \/><\/a><\/figure><figure class=\"gallery-item span_1_of_2 col col-2\"><a href=\"https:\/\/tahitisailanddive.com\/wp-content\/uploads\/2016\/06\/croisiere-tahiti-plongee-safari-baleine.jpg\" title=\"\" class=\"wpex-lightbox-group-item\" data-type=\"image\"><img loading=\"lazy\" decoding=\"async\" src=\"https:\/\/tahitisailanddive.com\/wp-content\/uploads\/2016\/06\/croisiere-tahiti-plongee-safari-baleine.jpg\" width=\"598\" height=\"399\" alt=\"Croisiere Tahiti Plongee Safari Baleine\" \/><\/a><\/figure><figure class=\"gallery-item span_1_of_2 col col-1\"><a href=\"https:\/\/tahitisailanddive.com\/wp-content\/uploads\/2016\/06\/croisiere-tahiti-plongee-requin.jpg\" title=\"\" class=\"wpex-lightbox-group-item\" data-type=\"image\"><img loading=\"lazy\" decoding=\"async\" src=\"https:\/\/tahitisailanddive.com\/wp-content\/uploads\/2016\/06\/croisiere-tahiti-plongee-requin.jpg\" width=\"600\" height=\"400\" alt=\"Croisiere Tahiti Plongee Requin\" \/><\/a><\/figure><figure class=\"gallery-item span_1_of_2 col col-2\"><a href=\"https:\/\/tahitisailanddive.com\/wp-content\/uploads\/2016\/06\/croisiere-tahiti-plongee-requin-2.jpg\" title=\"\" class=\"wpex-lightbox-group-item\" data-type=\"image\"><img loading=\"lazy\" decoding=\"async\" src=\"https:\/\/tahitisailanddive.com\/wp-content\/uploads\/2016\/06\/croisiere-tahiti-plongee-requin-2.jpg\" width=\"600\" height=\"400\" alt=\"Croisiere Tahiti Plongee Requin 2\" \/><\/a><\/figure><figure class=\"gallery-item span_1_of_2 col col-1\"><a href=\"https:\/\/tahitisailanddive.com\/wp-content\/uploads\/2016\/06\/croisiere-rangiroa-catamaran-tahiti-napoleon.jpg\" title=\"\" class=\"wpex-lightbox-group-item\" data-type=\"image\"><img loading=\"lazy\" decoding=\"async\" src=\"https:\/\/tahitisailanddive.com\/wp-content\/uploads\/2016\/06\/croisiere-rangiroa-catamaran-tahiti-napoleon.jpg\" width=\"600\" height=\"400\" alt=\"Croisiere Rangiroa Catamaran Tahiti Napoleon\" \/><\/a><\/figure><figure class=\"gallery-item span_1_of_2 col col-2\"><a href=\"https:\/\/tahitisailanddive.com\/wp-content\/uploads\/2016\/06\/croisiere-rangiroa-catamaran-tahiti-dauphin.jpg\" title=\"\" class=\"wpex-lightbox-group-item\" data-type=\"image\"><img loading=\"lazy\" decoding=\"async\" src=\"https:\/\/tahitisailanddive.com\/wp-content\/uploads\/2016\/06\/croisiere-rangiroa-catamaran-tahiti-dauphin.jpg\" width=\"600\" height=\"400\" alt=\"Croisiere Rangiroa Catamaran Tahiti Dauphin\" \/><\/a><\/figure><figure class=\"gallery-item span_1_of_2 col col-1\"><a href=\"https:\/\/tahitisailanddive.com\/wp-content\/uploads\/2016\/06\/croisiere-rangiroa-catamaran-tahiti-dauphin-2.jpg\" title=\"\" class=\"wpex-lightbox-group-item\" data-type=\"image\"><img loading=\"lazy\" decoding=\"async\" src=\"https:\/\/tahitisailanddive.com\/wp-content\/uploads\/2016\/06\/croisiere-rangiroa-catamaran-tahiti-dauphin-2.jpg\" width=\"600\" height=\"400\" alt=\"Croisiere Rangiroa Catamaran Tahiti Dauphin 2\" \/><\/a><\/figure><\/div>\n\n[\/vc_column_text][vc_empty_space][\/vc_column][\/vc_row][vc_row][vc_column][vc_separator][\/vc_column][\/vc_row][vc_row][vc_column][vc_column_text]\n<p style=\"text-align: center;\">The photos and programs presented on www.tahitisailanddive.com are non-contractual and subject to modification without notice.<\/p>\n[\/vc_column_text][\/vc_column][\/vc_row]\n","protected":false},"excerpt":{"rendered":"<p>[vc_row css=&#8221;.vc_custom_1466725656010{padding-top: 30px !important;padding-right: 30px !important;padding-bottom: 30px !important;padding-left: 30px !important;background-color: rgba(255,255,255,0.8) !important;*background-color: rgb(255,255,255) !important;border-radius: 5px !important;}&#8221;][vc_column width=&#8221;2\/3&#8243; css=&#8221;.vc_custom_1466112189810{padding-top: 30px !important;}&#8221;][vc_column_text] Sailing and Diving Cruise TUAMOTU &#8211; RANGIROA &#8211; TIKEHAU CATAMARAN RENTAL WITH SKIPPER AND HOSTESS 7-day circuit with 8-dive Pack&hellip;<\/p>\n","protected":false},"author":3,"featured_media":0,"parent":0,"menu_order":0,"comment_status":"closed","ping_status":"closed","template":"","meta":{"footnotes":""},"yoast_head":"<!-- This site is optimized with the Yoast SEO plugin v17.7.1 - https:\/\/yoast.com\/wordpress\/plugins\/seo\/ -->\n<title>Catamaran cruise Tahiti - Sailing and diving Tuamotu - Rangirao - Tikehau - Croisi\u00e8re Tahiti catamaran location voile et plong\u00e9e charter skipper \u00e0 Tahiti<\/title>\n<meta name=\"description\" content=\"Catamaran cruise Tahiti - Sailing and diving Tuamotu - Rangirao - Tikehau. CATAMARAN RENTAL WITH SKIPPER AND HOSTESS\" \/>\n<meta name=\"robots\" content=\"index, follow, max-snippet:-1, max-image-preview:large, max-video-preview:-1\" \/>\n<link rel=\"canonical\" href=\"https:\/\/tahitisailanddive.com\/en\/tahiti-catamaran-cruise-sail-and-diving-tuamotu-rangirao-tikehau\/\" \/>\n<meta property=\"og:locale\" content=\"en_US\" \/>\n<meta property=\"og:type\" content=\"article\" \/>\n<meta property=\"og:title\" content=\"Catamaran cruise Tahiti - Sailing and diving Tuamotu - Rangirao - Tikehau - Croisi\u00e8re Tahiti catamaran location voile et plong\u00e9e charter skipper \u00e0 Tahiti\" \/>\n<meta property=\"og:description\" content=\"Catamaran cruise Tahiti - Sailing and diving Tuamotu - Rangirao - Tikehau. CATAMARAN RENTAL WITH SKIPPER AND HOSTESS\" \/>\n<meta property=\"og:url\" content=\"https:\/\/tahitisailanddive.com\/en\/tahiti-catamaran-cruise-sail-and-diving-tuamotu-rangirao-tikehau\/\" \/>\n<meta property=\"og:site_name\" content=\"Croisi\u00e8re Tahiti catamaran location voile et plong\u00e9e charter skipper \u00e0 Tahiti\" \/>\n<meta property=\"article:publisher\" content=\"https:\/\/fr-fr.facebook.com\/people\/Tahitisailanddive-Sailanddive\/100007454959306\" \/>\n<meta property=\"article:modified_time\" content=\"2023-11-22T17:19:54+00:00\" \/>\n<meta property=\"og:image\" content=\"https:\/\/tahitisailanddive.com\/wp-content\/uploads\/2016\/06\/croisiere-club-rangiroa-catamaran-tahiti-dauphin.jpg\" \/>\n<meta name=\"twitter:label1\" content=\"Est. reading time\" \/>\n\t<meta name=\"twitter:data1\" content=\"4 minutes\" \/>\n<script type=\"application\/ld+json\" class=\"yoast-schema-graph\">{\"@context\":\"https:\/\/schema.org\",\"@graph\":[{\"@type\":\"WebSite\",\"@id\":\"https:\/\/tahitisailanddive.com\/#website\",\"url\":\"https:\/\/tahitisailanddive.com\/\",\"name\":\"Croisi\\u00e8re Tahiti catamaran location voile et plong\\u00e9e charter skipper \\u00e0 Tahiti\",\"description\":\"Croisi\\u00e8re Tahiti en catamaran. Venez admirer Tahiti en croisi\\u00e8re sur nos catamarans, voile et plong\\u00e9e \\u00e0 : Tahiti, Moorea, Bora Bora, Rangiroa, Fakarava, Tetiaora\\u2026\",\"potentialAction\":[{\"@type\":\"SearchAction\",\"target\":{\"@type\":\"EntryPoint\",\"urlTemplate\":\"https:\/\/tahitisailanddive.com\/?s={search_term_string}\"},\"query-input\":\"required name=search_term_string\"}],\"inLanguage\":\"en-US\"},{\"@type\":\"ImageObject\",\"@id\":\"https:\/\/tahitisailanddive.com\/en\/tahiti-catamaran-cruise-sail-and-diving-tuamotu-rangirao-tikehau\/#primaryimage\",\"inLanguage\":\"en-US\",\"url\":\"https:\/\/tahitisailanddive.com\/wp-content\/uploads\/2016\/06\/croisiere-tuamotu-rangiroa-tikehau-catamaran.jpg\",\"contentUrl\":\"https:\/\/tahitisailanddive.com\/wp-content\/uploads\/2016\/06\/croisiere-tuamotu-rangiroa-tikehau-catamaran.jpg\",\"width\":800,\"height\":561,\"caption\":\"croisiere-tuamotu-rangiroa-tikehau-catamaran\"},{\"@type\":\"WebPage\",\"@id\":\"https:\/\/tahitisailanddive.com\/en\/tahiti-catamaran-cruise-sail-and-diving-tuamotu-rangirao-tikehau\/#webpage\",\"url\":\"https:\/\/tahitisailanddive.com\/en\/tahiti-catamaran-cruise-sail-and-diving-tuamotu-rangirao-tikehau\/\",\"name\":\"Catamaran cruise Tahiti - Sailing and diving Tuamotu - Rangirao - Tikehau - Croisi\\u00e8re Tahiti catamaran location voile et plong\\u00e9e charter skipper \\u00e0 Tahiti\",\"isPartOf\":{\"@id\":\"https:\/\/tahitisailanddive.com\/#website\"},\"primaryImageOfPage\":{\"@id\":\"https:\/\/tahitisailanddive.com\/en\/tahiti-catamaran-cruise-sail-and-diving-tuamotu-rangirao-tikehau\/#primaryimage\"},\"datePublished\":\"2018-03-24T11:14:05+00:00\",\"dateModified\":\"2023-11-22T17:19:54+00:00\",\"description\":\"Catamaran cruise Tahiti - Sailing and diving Tuamotu - Rangirao - Tikehau. CATAMARAN RENTAL WITH SKIPPER AND HOSTESS\",\"breadcrumb\":{\"@id\":\"https:\/\/tahitisailanddive.com\/en\/tahiti-catamaran-cruise-sail-and-diving-tuamotu-rangirao-tikehau\/#breadcrumb\"},\"inLanguage\":\"en-US\",\"potentialAction\":[{\"@type\":\"ReadAction\",\"target\":[\"https:\/\/tahitisailanddive.com\/en\/tahiti-catamaran-cruise-sail-and-diving-tuamotu-rangirao-tikehau\/\"]}]},{\"@type\":\"BreadcrumbList\",\"@id\":\"https:\/\/tahitisailanddive.com\/en\/tahiti-catamaran-cruise-sail-and-diving-tuamotu-rangirao-tikehau\/#breadcrumb\",\"itemListElement\":[{\"@type\":\"ListItem\",\"position\":1,\"name\":\"Accueil\",\"item\":\"https:\/\/tahitisailanddive.com\/en\/\"},{\"@type\":\"ListItem\",\"position\":2,\"name\":\"Catamaran cruise Tahiti &#8211; Sailing and diving Tuamotu &#8211; Rangirao &#8211; Tikehau\"}]}]}<\/script>\n<!-- \/ Yoast SEO plugin. -->","yoast_head_json":{"title":"Catamaran cruise Tahiti - Sailing and diving Tuamotu - Rangirao - Tikehau - Croisi\u00e8re Tahiti catamaran location voile et plong\u00e9e charter skipper \u00e0 Tahiti","description":"Catamaran cruise Tahiti - Sailing and diving Tuamotu - Rangirao - Tikehau. CATAMARAN RENTAL WITH SKIPPER AND HOSTESS","robots":{"index":"index","follow":"follow","max-snippet":"max-snippet:-1","max-image-preview":"max-image-preview:large","max-video-preview":"max-video-preview:-1"},"canonical":"https:\/\/tahitisailanddive.com\/en\/tahiti-catamaran-cruise-sail-and-diving-tuamotu-rangirao-tikehau\/","og_locale":"en_US","og_type":"article","og_title":"Catamaran cruise Tahiti - Sailing and diving Tuamotu - Rangirao - Tikehau - Croisi\u00e8re Tahiti catamaran location voile et plong\u00e9e charter skipper \u00e0 Tahiti","og_description":"Catamaran cruise Tahiti - Sailing and diving Tuamotu - Rangirao - Tikehau. CATAMARAN RENTAL WITH SKIPPER AND HOSTESS","og_url":"https:\/\/tahitisailanddive.com\/en\/tahiti-catamaran-cruise-sail-and-diving-tuamotu-rangirao-tikehau\/","og_site_name":"Croisi\u00e8re Tahiti catamaran location voile et plong\u00e9e charter skipper \u00e0 Tahiti","article_publisher":"https:\/\/fr-fr.facebook.com\/people\/Tahitisailanddive-Sailanddive\/100007454959306","article_modified_time":"2023-11-22T17:19:54+00:00","og_image":[{"url":"https:\/\/tahitisailanddive.com\/wp-content\/uploads\/2016\/06\/croisiere-club-rangiroa-catamaran-tahiti-dauphin.jpg"}],"twitter_misc":{"Est. reading time":"4 minutes"},"schema":{"@context":"https:\/\/schema.org","@graph":[{"@type":"WebSite","@id":"https:\/\/tahitisailanddive.com\/#website","url":"https:\/\/tahitisailanddive.com\/","name":"Croisi\u00e8re Tahiti catamaran location voile et plong\u00e9e charter skipper \u00e0 Tahiti","description":"Croisi\u00e8re Tahiti en catamaran. Venez admirer Tahiti en croisi\u00e8re sur nos catamarans, voile et plong\u00e9e \u00e0 : Tahiti, Moorea, Bora Bora, Rangiroa, Fakarava, Tetiaora\u2026","potentialAction":[{"@type":"SearchAction","target":{"@type":"EntryPoint","urlTemplate":"https:\/\/tahitisailanddive.com\/?s={search_term_string}"},"query-input":"required name=search_term_string"}],"inLanguage":"en-US"},{"@type":"ImageObject","@id":"https:\/\/tahitisailanddive.com\/en\/tahiti-catamaran-cruise-sail-and-diving-tuamotu-rangirao-tikehau\/#primaryimage","inLanguage":"en-US","url":"https:\/\/tahitisailanddive.com\/wp-content\/uploads\/2016\/06\/croisiere-tuamotu-rangiroa-tikehau-catamaran.jpg","contentUrl":"https:\/\/tahitisailanddive.com\/wp-content\/uploads\/2016\/06\/croisiere-tuamotu-rangiroa-tikehau-catamaran.jpg","width":800,"height":561,"caption":"croisiere-tuamotu-rangiroa-tikehau-catamaran"},{"@type":"WebPage","@id":"https:\/\/tahitisailanddive.com\/en\/tahiti-catamaran-cruise-sail-and-diving-tuamotu-rangirao-tikehau\/#webpage","url":"https:\/\/tahitisailanddive.com\/en\/tahiti-catamaran-cruise-sail-and-diving-tuamotu-rangirao-tikehau\/","name":"Catamaran cruise Tahiti - Sailing and diving Tuamotu - Rangirao - Tikehau - Croisi\u00e8re Tahiti catamaran location voile et plong\u00e9e charter skipper \u00e0 Tahiti","isPartOf":{"@id":"https:\/\/tahitisailanddive.com\/#website"},"primaryImageOfPage":{"@id":"https:\/\/tahitisailanddive.com\/en\/tahiti-catamaran-cruise-sail-and-diving-tuamotu-rangirao-tikehau\/#primaryimage"},"datePublished":"2018-03-24T11:14:05+00:00","dateModified":"2023-11-22T17:19:54+00:00","description":"Catamaran cruise Tahiti - Sailing and diving Tuamotu - Rangirao - Tikehau. CATAMARAN RENTAL WITH SKIPPER AND HOSTESS","breadcrumb":{"@id":"https:\/\/tahitisailanddive.com\/en\/tahiti-catamaran-cruise-sail-and-diving-tuamotu-rangirao-tikehau\/#breadcrumb"},"inLanguage":"en-US","potentialAction":[{"@type":"ReadAction","target":["https:\/\/tahitisailanddive.com\/en\/tahiti-catamaran-cruise-sail-and-diving-tuamotu-rangirao-tikehau\/"]}]},{"@type":"BreadcrumbList","@id":"https:\/\/tahitisailanddive.com\/en\/tahiti-catamaran-cruise-sail-and-diving-tuamotu-rangirao-tikehau\/#breadcrumb","itemListElement":[{"@type":"ListItem","position":1,"name":"Accueil","item":"https:\/\/tahitisailanddive.com\/en\/"},{"@type":"ListItem","position":2,"name":"Catamaran cruise Tahiti &#8211; Sailing and diving Tuamotu &#8211; Rangirao &#8211; Tikehau"}]}]}},"_links":{"self":[{"href":"https:\/\/tahitisailanddive.com\/en\/wp-json\/wp\/v2\/pages\/4382"}],"collection":[{"href":"https:\/\/tahitisailanddive.com\/en\/wp-json\/wp\/v2\/pages"}],"about":[{"href":"https:\/\/tahitisailanddive.com\/en\/wp-json\/wp\/v2\/types\/page"}],"author":[{"embeddable":true,"href":"https:\/\/tahitisailanddive.com\/en\/wp-json\/wp\/v2\/users\/3"}],"replies":[{"embeddable":true,"href":"https:\/\/tahitisailanddive.com\/en\/wp-json\/wp\/v2\/comments?post=4382"}],"version-history":[{"count":3,"href":"https:\/\/tahitisailanddive.com\/en\/wp-json\/wp\/v2\/pages\/4382\/revisions"}],"predecessor-version":[{"id":6330,"href":"https:\/\/tahitisailanddive.com\/en\/wp-json\/wp\/v2\/pages\/4382\/revisions\/6330"}],"wp:attachment":[{"href":"https:\/\/tahitisailanddive.com\/en\/wp-json\/wp\/v2\/media?parent=4382"}],"curies":[{"name":"wp","href":"https:\/\/api.w.org\/{rel}","templated":true}]}}