{"id":4342,"date":"2018-03-24T00:19:55","date_gmt":"2018-03-24T10:19:55","guid":{"rendered":"http:\/\/tahitisailanddive.com\/holidays-safari-humpback-whale-cruise\/"},"modified":"2023-11-22T06:07:57","modified_gmt":"2023-11-22T16:07:57","slug":"holidays-safari-humpback-whale-cruise","status":"publish","type":"page","link":"https:\/\/tahitisailanddive.com\/en\/holidays-safari-humpback-whale-cruise\/","title":{"rendered":"Catamaran cruise &#8211; Whale safari"},"content":{"rendered":"[vc_row css=&#8221;.vc_custom_1466725611910{padding-top: 30px !important;padding-right: 30px !important;padding-bottom: 30px !important;padding-left: 30px !important;background-color: rgba(255,255,255,0.8) !important;*background-color: rgb(255,255,255) !important;border-radius: 5px !important;}&#8221;][vc_column width=&#8221;2\/3&#8243; css=&#8221;.vc_custom_1466113602123{padding-top: 30px !important;}&#8221;][vc_column_text]\n<h1><span style=\"font-size: 32px; color: #0489c1;\"><em><span style=\"font-family: georgia,palatino;\">Humpback whale<\/span><\/em> <span style=\"font-family: Open Sans;\">stays and safaris<\/span><br \/>\n<span style=\"font-family: Open Sans;\">Tahiti \/ Moorea\/ Tetiaroa<\/span><br \/>\n<\/span><\/h1>\n<h3><span style=\"color: #333333;\"><strong><span style=\"font-size: 21px;\">RENTAL WITH SKIPPER ONLY<\/span><br \/>\n<span style=\"font-size: 21px;\">WHALE WATCHING TRIPS<\/span><br \/>\n<span style=\"font-size: 21px;\">3 days 2 nights tour<\/span><br \/>\n<\/strong><\/span><\/h3>\n<p><span style=\"color: #333333;\"><strong>As our outings only take place on certain dates, it is important to book well in advance to be sure of getting your place.<br \/>\nResidence on board the catamaran with Diving Pack<\/strong><\/span><\/p>\n<p style=\"text-align: justify;\"><span style=\"color: #333333;\">Like every year during the Southern winter, humpback whales (megaptera) migrate between Antarctica and the warm Polynesian waters. <strong>TAHITI Sail &amp; Dive<\/strong> offers you from August to witness the fascinating spectacle offered by these impressive marine mammals off the coasts of <strong>Tahiti<\/strong> and <strong>Moorea<\/strong>, <strong>Tetiaroa<\/strong> until the end of October.<\/span><\/p>\n<p><a href=\"https:\/\/tahitisailanddive.com\/wp-content\/uploads\/2016\/06\/croisiere-tahiti-safari-baleine-catamaran.jpg\"><img loading=\"lazy\" decoding=\"async\" class=\"alignnone wp-image-3368 size-full\" src=\"https:\/\/tahitisailanddive.com\/wp-content\/uploads\/2016\/06\/croisiere-tahiti-safari-baleine-catamaran.jpg\" alt=\"cruise-tahiti-safari-whale-catamaran\" width=\"800\" height=\"561\" srcset=\"https:\/\/tahitisailanddive.com\/wp-content\/uploads\/2016\/06\/croisiere-tahiti-safari-baleine-catamaran.jpg 800w, https:\/\/tahitisailanddive.com\/wp-content\/uploads\/2016\/06\/croisiere-tahiti-safari-baleine-catamaran-300x210.jpg 300w, https:\/\/tahitisailanddive.com\/wp-content\/uploads\/2016\/06\/croisiere-tahiti-safari-baleine-catamaran-768x539.jpg 768w\" sizes=\"(max-width: 800px) 100vw, 800px\" \/><\/a>We offer catamaran whale watching trips over several days in the Society Archipelago (<strong>Tahiti<\/strong>, <strong>Moorea<\/strong>, <strong>Tetiaroa<\/strong>).<br \/>\nWhale research and observation is carried out along the coasts of <strong>Tahiti<\/strong>.<\/p>\n<p>Our catamaran, with a maximum capacity of 8 passengers, is approved by the Ministry of the Environment of French Polynesia for \u201capproaching and observing cetaceans around <strong>Tahiti<\/strong>\u201d.<\/p>\n<p>Supervision is provided by a skipper and a guide, both graduates (BC 200).[\/vc_column_text][vc_single_image image=&#8221;2359&#8243; title=&#8221;Watch our whale watching video:&#8221; lightbox_video=&#8221;http:\/\/www.tahitisailanddive.com\/wp-content\/uploads\/Croisiere-catamaran-tahiti-video-baleines\/baleines.m4v&#8221;][vc_empty_space][vc_toggle title=&#8221;Progress of the cruise&#8221; color=&#8221;peacoc&#8221; el_id=&#8221;1466440852918-43f1d48a-7771&#8243;]\n<h2><span style=\"color: #0489c1;\">Progress of the cruise<\/span><\/h2>\n<p><strong>Day 1 :<\/strong><br \/>\nThe Whale Safari departs from the Papeete Seafront around 6:30 a.m.<br \/>\nNavigation in search of Whales, Sperm Whales, Dolphins, in the Tahiti, Moorea and Tetiaroa triangle.<br \/>\nArrival and anchorage in Moorea around 12:30 p.m. after approximately 6 hours of navigation. Lunch will then be served to you on board. Visit the bays of Cook and Opunou, then anchor for the quiet evening in the lagoon.<\/p>\n<p><strong>Day 2 :<\/strong><\/p>\n<p>Sailing towards Tetiaroa, in search of whales, sperm whales, dolphins, pilot whales\u2026<br \/>\nVisit to Bird Island and anchorage in front of the atoll.<\/p>\n<p><strong>Day 3 :<\/strong><\/p>\n<p>Breakfast at anchor \u2013 Excursion to the Marlon Brando Tetiaroa atoll then return to Papeete.<\/p>\n<p><strong>As our outings only take place on certain dates, it is important to book well in advance to be sure of getting your place.<\/strong><\/p>\n<h3><\/h3>\n[\/vc_toggle][vc_btn title=&#8221;REQUEST A QUOTE FOR THE WHALE SAFARI&#8221; color=&#8221;primary&#8221; css_animation=&#8221;appear&#8221; link=&#8221;url:http%3A%2F%2Ftahitisailanddive.com%2Fcontact-tahiti-sail-and-dive-croisieres-tahiti%2F|&#8221;][\/vc_column][vc_column width=&#8221;1\/3&#8243; css=&#8221;.vc_custom_1466725619177{margin-top: 200px !important;padding-top: 5px !important;padding-right: 20px !important;padding-bottom: 20px !important;padding-left: 20px !important;background-color: #0489c1 !important;border-radius: 5px !important;}&#8221;][vc_column_text css=&#8221;.vc_custom_1466723217527{padding-top: 0px !important;}&#8221;]\n<h4><span style=\"color: #ffffff;\">INCLUDED IN THIS CRUISE:<\/span><\/h4>\n<h4><span style=\"color: #ffffff;\"><span class=\"fa fa-check\"  style=\"color: #ffffff;font-size: 16px;\"><\/span> Civil liability insurance<\/span><\/h4>\n<h4><span style=\"color: #ffffff;\"><span class=\"fa fa-check\"  style=\"color: #ffffff;font-size: 16px;\"><\/span> Sheets and towels provided<\/span><\/h4>\n<h4><span style=\"color: #ffffff;\"><span class=\"fa fa-check\"  style=\"color: #ffffff;font-size: 16px;\"><\/span> Water and gas<br \/>\n<\/span><\/h4>\n<h4><span style=\"color: #ffffff;\"><span class=\"fa fa-check\"  style=\"color: #ffffff;font-size: 16px;\"><\/span> Fuel for the main engine<br \/>\n<\/span><\/h4>\n<h4><span style=\"color: #ffffff;\"><span class=\"fa fa-check\"  style=\"color: #ffffff;font-size: 16px;\"><\/span> Catamaran rental with skipper and hostess<br \/>\n<\/span><\/h4>\n<h4><span style=\"color: #ffffff;\"><span class=\"fa fa-check\"  style=\"color: #ffffff;font-size: 16px;\"><\/span> Full board with cooker on board<\/span><\/h4>\n<h4><span style=\"color: #0489c1;\"><span style=\"color: #ffffff;\"><span class=\"fa fa-check\"  style=\"color: #ffffff;font-size: 16px;\"><\/span> Pre-refueling service<\/span><br \/>\n<\/span><\/h4>\n[\/vc_column_text][vc_empty_space][vc_separator color=&#8221;white&#8221;][vc_column_text]\n<h4><span style=\"color: #ffffff;\">OUR HUMPBACK WHALE SAFARIS CRUISES IN IMAGES:<\/span><\/h4>\n<div id=\"gallery-0\" class=\"wpex-gallery wpex-row lightbox-group clr\"><figure class=\"gallery-item span_1_of_2 col col-1\"><a href=\"https:\/\/tahitisailanddive.com\/wp-content\/uploads\/2016\/06\/croisiere-safari-baleine-a-bosse.jpg\" title=\"\" class=\"wpex-lightbox-group-item\" data-type=\"image\"><img loading=\"lazy\" decoding=\"async\" src=\"https:\/\/tahitisailanddive.com\/wp-content\/uploads\/2016\/06\/croisiere-safari-baleine-a-bosse-1024x1024.jpg\" width=\"1024\" height=\"1024\" alt=\"Croisiere Safari Baleine A Bosse\" \/><\/a><\/figure><figure class=\"gallery-item span_1_of_2 col col-2\"><a href=\"https:\/\/tahitisailanddive.com\/wp-content\/uploads\/2016\/06\/croisiere-tahiti-baleine-9.jpg\" title=\"\" class=\"wpex-lightbox-group-item\" data-type=\"image\"><img loading=\"lazy\" decoding=\"async\" src=\"https:\/\/tahitisailanddive.com\/wp-content\/uploads\/2016\/06\/croisiere-tahiti-baleine-9.jpg\" width=\"902\" height=\"600\" alt=\"Croisiere Tahiti Baleine 9\" \/><\/a><\/figure><figure class=\"gallery-item span_1_of_2 col col-1\"><a href=\"https:\/\/tahitisailanddive.com\/wp-content\/uploads\/2016\/06\/croisiere-tahiti-baleine-8.jpg\" title=\"\" class=\"wpex-lightbox-group-item\" data-type=\"image\"><img loading=\"lazy\" decoding=\"async\" src=\"https:\/\/tahitisailanddive.com\/wp-content\/uploads\/2016\/06\/croisiere-tahiti-baleine-8.jpg\" width=\"902\" height=\"600\" alt=\"Croisiere Tahiti Baleine 8\" \/><\/a><\/figure><figure class=\"gallery-item span_1_of_2 col col-2\"><a href=\"https:\/\/tahitisailanddive.com\/wp-content\/uploads\/2016\/06\/croisiere-tahiti-baleine-7.jpg\" title=\"\" class=\"wpex-lightbox-group-item\" data-type=\"image\"><img loading=\"lazy\" decoding=\"async\" src=\"https:\/\/tahitisailanddive.com\/wp-content\/uploads\/2016\/06\/croisiere-tahiti-baleine-7.jpg\" width=\"902\" height=\"600\" alt=\"Croisiere Tahiti Baleine 7\" \/><\/a><\/figure><figure class=\"gallery-item span_1_of_2 col col-1\"><a href=\"https:\/\/tahitisailanddive.com\/wp-content\/uploads\/2016\/06\/croisiere-tahiti-baleine-6.jpg\" title=\"\" class=\"wpex-lightbox-group-item\" data-type=\"image\"><img loading=\"lazy\" decoding=\"async\" src=\"https:\/\/tahitisailanddive.com\/wp-content\/uploads\/2016\/06\/croisiere-tahiti-baleine-6.jpg\" width=\"902\" height=\"600\" alt=\"Croisiere Tahiti Baleine 6\" \/><\/a><\/figure><figure class=\"gallery-item span_1_of_2 col col-2\"><a href=\"https:\/\/tahitisailanddive.com\/wp-content\/uploads\/2016\/06\/croisiere-tahiti-baleine-5.jpg\" title=\"\" class=\"wpex-lightbox-group-item\" data-type=\"image\"><img loading=\"lazy\" decoding=\"async\" src=\"https:\/\/tahitisailanddive.com\/wp-content\/uploads\/2016\/06\/croisiere-tahiti-baleine-5.jpg\" width=\"399\" height=\"600\" alt=\"Croisiere Tahiti Baleine 5\" \/><\/a><\/figure><figure class=\"gallery-item span_1_of_2 col col-1\"><a href=\"https:\/\/tahitisailanddive.com\/wp-content\/uploads\/2016\/06\/croisiere-tahiti-baleine-4.jpg\" title=\"\" class=\"wpex-lightbox-group-item\" data-type=\"image\"><img loading=\"lazy\" decoding=\"async\" src=\"https:\/\/tahitisailanddive.com\/wp-content\/uploads\/2016\/06\/croisiere-tahiti-baleine-4.jpg\" width=\"902\" height=\"600\" alt=\"Croisiere Tahiti Baleine 4\" \/><\/a><\/figure><figure class=\"gallery-item span_1_of_2 col col-2\"><a href=\"https:\/\/tahitisailanddive.com\/wp-content\/uploads\/2016\/06\/croisiere-tahiti-baleine-3.jpg\" title=\"\" class=\"wpex-lightbox-group-item\" data-type=\"image\"><img loading=\"lazy\" decoding=\"async\" src=\"https:\/\/tahitisailanddive.com\/wp-content\/uploads\/2016\/06\/croisiere-tahiti-baleine-3.jpg\" width=\"902\" height=\"600\" alt=\"Croisiere Tahiti Baleine 3\" \/><\/a><\/figure><figure class=\"gallery-item span_1_of_2 col col-1\"><a href=\"https:\/\/tahitisailanddive.com\/wp-content\/uploads\/2016\/06\/croisiere-tahiti-baleine-2.jpg\" title=\"\" class=\"wpex-lightbox-group-item\" data-type=\"image\"><img loading=\"lazy\" decoding=\"async\" src=\"https:\/\/tahitisailanddive.com\/wp-content\/uploads\/2016\/06\/croisiere-tahiti-baleine-2.jpg\" width=\"897\" height=\"600\" alt=\"Croisiere Tahiti Baleine 2\" \/><\/a><\/figure><figure class=\"gallery-item span_1_of_2 col col-2\"><a href=\"https:\/\/tahitisailanddive.com\/wp-content\/uploads\/2016\/06\/croisiere-tahiti-baleine-1.jpg\" title=\"\" class=\"wpex-lightbox-group-item\" data-type=\"image\"><img loading=\"lazy\" decoding=\"async\" src=\"https:\/\/tahitisailanddive.com\/wp-content\/uploads\/2016\/06\/croisiere-tahiti-baleine-1.jpg\" width=\"902\" height=\"600\" alt=\"Croisiere Tahiti Baleine 1\" \/><\/a><\/figure><figure class=\"gallery-item span_1_of_2 col col-1\"><a href=\"https:\/\/tahitisailanddive.com\/wp-content\/uploads\/2016\/06\/croisiere-tahiti-catamaran-sailanddive-baleine-1.jpg\" title=\"\" class=\"wpex-lightbox-group-item\" data-type=\"image\"><img loading=\"lazy\" decoding=\"async\" src=\"https:\/\/tahitisailanddive.com\/wp-content\/uploads\/2016\/06\/croisiere-tahiti-catamaran-sailanddive-baleine-1-1024x500.jpg\" width=\"1024\" height=\"500\" alt=\"Croisiere Tahiti Catamaran Sailanddive Baleine\" \/><\/a><\/figure><\/div>\n\n[\/vc_column_text][\/vc_column][\/vc_row][vc_row][vc_column][vc_separator][\/vc_column][\/vc_row][vc_row][vc_column][vc_column_text]\n<p style=\"text-align: center;\">The photos and programs presented on www.tahitisailanddive.com are non-contractual and subject to modification without notice.<\/p>\n[\/vc_column_text][\/vc_column][\/vc_row]\n","protected":false},"excerpt":{"rendered":"<p>[vc_row css=&#8221;.vc_custom_1466725611910{padding-top: 30px !important;padding-right: 30px !important;padding-bottom: 30px !important;padding-left: 30px !important;background-color: rgba(255,255,255,0.8) !important;*background-color: rgb(255,255,255) !important;border-radius: 5px !important;}&#8221;][vc_column width=&#8221;2\/3&#8243; css=&#8221;.vc_custom_1466113602123{padding-top: 30px !important;}&#8221;][vc_column_text] Humpback whale stays and safaris Tahiti \/ Moorea\/ Tetiaroa RENTAL WITH SKIPPER ONLY WHALE WATCHING TRIPS 3 days 2 nights&hellip;<\/p>\n","protected":false},"author":3,"featured_media":0,"parent":0,"menu_order":0,"comment_status":"closed","ping_status":"closed","template":"","meta":{"footnotes":""},"yoast_head":"<!-- This site is optimized with the Yoast SEO plugin v17.7.1 - https:\/\/yoast.com\/wordpress\/plugins\/seo\/ -->\n<title>Catamaran cruise - Whale safari - Croisi\u00e8re Tahiti catamaran location voile et plong\u00e9e charter skipper \u00e0 Tahiti<\/title>\n<meta name=\"description\" content=\"Cruise stay and humpback whale safari - Tahiti \/ Moorea \/ Tetiaroa. WHALE WATCHING TRIPS IN TAHITI\" \/>\n<meta name=\"robots\" content=\"index, follow, max-snippet:-1, max-image-preview:large, max-video-preview:-1\" \/>\n<link rel=\"canonical\" href=\"https:\/\/tahitisailanddive.com\/en\/holidays-safari-humpback-whale-cruise\/\" \/>\n<meta property=\"og:locale\" content=\"en_US\" \/>\n<meta property=\"og:type\" content=\"article\" \/>\n<meta property=\"og:title\" content=\"Catamaran cruise - Whale safari - Croisi\u00e8re Tahiti catamaran location voile et plong\u00e9e charter skipper \u00e0 Tahiti\" \/>\n<meta property=\"og:description\" content=\"Cruise stay and humpback whale safari - Tahiti \/ Moorea \/ Tetiaroa. WHALE WATCHING TRIPS IN TAHITI\" \/>\n<meta property=\"og:url\" content=\"https:\/\/tahitisailanddive.com\/en\/holidays-safari-humpback-whale-cruise\/\" \/>\n<meta property=\"og:site_name\" content=\"Croisi\u00e8re Tahiti catamaran location voile et plong\u00e9e charter skipper \u00e0 Tahiti\" \/>\n<meta property=\"article:publisher\" content=\"https:\/\/fr-fr.facebook.com\/people\/Tahitisailanddive-Sailanddive\/100007454959306\" \/>\n<meta property=\"article:modified_time\" content=\"2023-11-22T16:07:57+00:00\" \/>\n<meta property=\"og:image\" content=\"https:\/\/tahitisailanddive.com\/wp-content\/uploads\/2016\/06\/croisiere-safari-baleine-a-bosse-1024x1024.jpg\" \/>\n<meta name=\"twitter:label1\" content=\"Est. reading time\" \/>\n\t<meta name=\"twitter:data1\" content=\"3 minutes\" \/>\n<script type=\"application\/ld+json\" class=\"yoast-schema-graph\">{\"@context\":\"https:\/\/schema.org\",\"@graph\":[{\"@type\":\"WebSite\",\"@id\":\"https:\/\/tahitisailanddive.com\/#website\",\"url\":\"https:\/\/tahitisailanddive.com\/\",\"name\":\"Croisi\\u00e8re Tahiti catamaran location voile et plong\\u00e9e charter skipper \\u00e0 Tahiti\",\"description\":\"Croisi\\u00e8re Tahiti en catamaran. Venez admirer Tahiti en croisi\\u00e8re sur nos catamarans, voile et plong\\u00e9e \\u00e0 : Tahiti, Moorea, Bora Bora, Rangiroa, Fakarava, Tetiaora\\u2026\",\"potentialAction\":[{\"@type\":\"SearchAction\",\"target\":{\"@type\":\"EntryPoint\",\"urlTemplate\":\"https:\/\/tahitisailanddive.com\/?s={search_term_string}\"},\"query-input\":\"required name=search_term_string\"}],\"inLanguage\":\"en-US\"},{\"@type\":\"ImageObject\",\"@id\":\"https:\/\/tahitisailanddive.com\/en\/holidays-safari-humpback-whale-cruise\/#primaryimage\",\"inLanguage\":\"en-US\",\"url\":\"https:\/\/tahitisailanddive.com\/wp-content\/uploads\/2016\/06\/croisiere-tahiti-safari-baleine-catamaran.jpg\",\"contentUrl\":\"https:\/\/tahitisailanddive.com\/wp-content\/uploads\/2016\/06\/croisiere-tahiti-safari-baleine-catamaran.jpg\",\"width\":800,\"height\":561,\"caption\":\"croisiere-tahiti-safari-baleine-catamaran\"},{\"@type\":\"WebPage\",\"@id\":\"https:\/\/tahitisailanddive.com\/en\/holidays-safari-humpback-whale-cruise\/#webpage\",\"url\":\"https:\/\/tahitisailanddive.com\/en\/holidays-safari-humpback-whale-cruise\/\",\"name\":\"Catamaran cruise - Whale safari - Croisi\\u00e8re Tahiti catamaran location voile et plong\\u00e9e charter skipper \\u00e0 Tahiti\",\"isPartOf\":{\"@id\":\"https:\/\/tahitisailanddive.com\/#website\"},\"primaryImageOfPage\":{\"@id\":\"https:\/\/tahitisailanddive.com\/en\/holidays-safari-humpback-whale-cruise\/#primaryimage\"},\"datePublished\":\"2018-03-24T10:19:55+00:00\",\"dateModified\":\"2023-11-22T16:07:57+00:00\",\"description\":\"Cruise stay and humpback whale safari - Tahiti \/ Moorea \/ Tetiaroa. WHALE WATCHING TRIPS IN TAHITI\",\"breadcrumb\":{\"@id\":\"https:\/\/tahitisailanddive.com\/en\/holidays-safari-humpback-whale-cruise\/#breadcrumb\"},\"inLanguage\":\"en-US\",\"potentialAction\":[{\"@type\":\"ReadAction\",\"target\":[\"https:\/\/tahitisailanddive.com\/en\/holidays-safari-humpback-whale-cruise\/\"]}]},{\"@type\":\"BreadcrumbList\",\"@id\":\"https:\/\/tahitisailanddive.com\/en\/holidays-safari-humpback-whale-cruise\/#breadcrumb\",\"itemListElement\":[{\"@type\":\"ListItem\",\"position\":1,\"name\":\"Accueil\",\"item\":\"https:\/\/tahitisailanddive.com\/en\/\"},{\"@type\":\"ListItem\",\"position\":2,\"name\":\"Catamaran cruise &#8211; Whale safari\"}]}]}<\/script>\n<!-- \/ Yoast SEO plugin. -->","yoast_head_json":{"title":"Catamaran cruise - Whale safari - Croisi\u00e8re Tahiti catamaran location voile et plong\u00e9e charter skipper \u00e0 Tahiti","description":"Cruise stay and humpback whale safari - Tahiti \/ Moorea \/ Tetiaroa. WHALE WATCHING TRIPS IN TAHITI","robots":{"index":"index","follow":"follow","max-snippet":"max-snippet:-1","max-image-preview":"max-image-preview:large","max-video-preview":"max-video-preview:-1"},"canonical":"https:\/\/tahitisailanddive.com\/en\/holidays-safari-humpback-whale-cruise\/","og_locale":"en_US","og_type":"article","og_title":"Catamaran cruise - Whale safari - Croisi\u00e8re Tahiti catamaran location voile et plong\u00e9e charter skipper \u00e0 Tahiti","og_description":"Cruise stay and humpback whale safari - Tahiti \/ Moorea \/ Tetiaroa. WHALE WATCHING TRIPS IN TAHITI","og_url":"https:\/\/tahitisailanddive.com\/en\/holidays-safari-humpback-whale-cruise\/","og_site_name":"Croisi\u00e8re Tahiti catamaran location voile et plong\u00e9e charter skipper \u00e0 Tahiti","article_publisher":"https:\/\/fr-fr.facebook.com\/people\/Tahitisailanddive-Sailanddive\/100007454959306","article_modified_time":"2023-11-22T16:07:57+00:00","og_image":[{"url":"https:\/\/tahitisailanddive.com\/wp-content\/uploads\/2016\/06\/croisiere-safari-baleine-a-bosse-1024x1024.jpg"}],"twitter_misc":{"Est. reading time":"3 minutes"},"schema":{"@context":"https:\/\/schema.org","@graph":[{"@type":"WebSite","@id":"https:\/\/tahitisailanddive.com\/#website","url":"https:\/\/tahitisailanddive.com\/","name":"Croisi\u00e8re Tahiti catamaran location voile et plong\u00e9e charter skipper \u00e0 Tahiti","description":"Croisi\u00e8re Tahiti en catamaran. Venez admirer Tahiti en croisi\u00e8re sur nos catamarans, voile et plong\u00e9e \u00e0 : Tahiti, Moorea, Bora Bora, Rangiroa, Fakarava, Tetiaora\u2026","potentialAction":[{"@type":"SearchAction","target":{"@type":"EntryPoint","urlTemplate":"https:\/\/tahitisailanddive.com\/?s={search_term_string}"},"query-input":"required name=search_term_string"}],"inLanguage":"en-US"},{"@type":"ImageObject","@id":"https:\/\/tahitisailanddive.com\/en\/holidays-safari-humpback-whale-cruise\/#primaryimage","inLanguage":"en-US","url":"https:\/\/tahitisailanddive.com\/wp-content\/uploads\/2016\/06\/croisiere-tahiti-safari-baleine-catamaran.jpg","contentUrl":"https:\/\/tahitisailanddive.com\/wp-content\/uploads\/2016\/06\/croisiere-tahiti-safari-baleine-catamaran.jpg","width":800,"height":561,"caption":"croisiere-tahiti-safari-baleine-catamaran"},{"@type":"WebPage","@id":"https:\/\/tahitisailanddive.com\/en\/holidays-safari-humpback-whale-cruise\/#webpage","url":"https:\/\/tahitisailanddive.com\/en\/holidays-safari-humpback-whale-cruise\/","name":"Catamaran cruise - Whale safari - Croisi\u00e8re Tahiti catamaran location voile et plong\u00e9e charter skipper \u00e0 Tahiti","isPartOf":{"@id":"https:\/\/tahitisailanddive.com\/#website"},"primaryImageOfPage":{"@id":"https:\/\/tahitisailanddive.com\/en\/holidays-safari-humpback-whale-cruise\/#primaryimage"},"datePublished":"2018-03-24T10:19:55+00:00","dateModified":"2023-11-22T16:07:57+00:00","description":"Cruise stay and humpback whale safari - Tahiti \/ Moorea \/ Tetiaroa. WHALE WATCHING TRIPS IN TAHITI","breadcrumb":{"@id":"https:\/\/tahitisailanddive.com\/en\/holidays-safari-humpback-whale-cruise\/#breadcrumb"},"inLanguage":"en-US","potentialAction":[{"@type":"ReadAction","target":["https:\/\/tahitisailanddive.com\/en\/holidays-safari-humpback-whale-cruise\/"]}]},{"@type":"BreadcrumbList","@id":"https:\/\/tahitisailanddive.com\/en\/holidays-safari-humpback-whale-cruise\/#breadcrumb","itemListElement":[{"@type":"ListItem","position":1,"name":"Accueil","item":"https:\/\/tahitisailanddive.com\/en\/"},{"@type":"ListItem","position":2,"name":"Catamaran cruise &#8211; Whale safari"}]}]}},"_links":{"self":[{"href":"https:\/\/tahitisailanddive.com\/en\/wp-json\/wp\/v2\/pages\/4342"}],"collection":[{"href":"https:\/\/tahitisailanddive.com\/en\/wp-json\/wp\/v2\/pages"}],"about":[{"href":"https:\/\/tahitisailanddive.com\/en\/wp-json\/wp\/v2\/types\/page"}],"author":[{"embeddable":true,"href":"https:\/\/tahitisailanddive.com\/en\/wp-json\/wp\/v2\/users\/3"}],"replies":[{"embeddable":true,"href":"https:\/\/tahitisailanddive.com\/en\/wp-json\/wp\/v2\/comments?post=4342"}],"version-history":[{"count":8,"href":"https:\/\/tahitisailanddive.com\/en\/wp-json\/wp\/v2\/pages\/4342\/revisions"}],"predecessor-version":[{"id":6319,"href":"https:\/\/tahitisailanddive.com\/en\/wp-json\/wp\/v2\/pages\/4342\/revisions\/6319"}],"wp:attachment":[{"href":"https:\/\/tahitisailanddive.com\/en\/wp-json\/wp\/v2\/media?parent=4342"}],"curies":[{"name":"wp","href":"https:\/\/api.w.org\/{rel}","templated":true}]}}