{"id":4071,"date":"2016-06-16T12:15:35","date_gmt":"2016-06-16T22:15:35","guid":{"rendered":"http:\/\/tahitisailanddive.com\/croisiere-catamaran-tahiti-iles-vent-vent\/"},"modified":"2023-11-22T06:25:30","modified_gmt":"2023-11-22T16:25:30","slug":"windward-and-leeward-islands-cruise","status":"publish","type":"page","link":"https:\/\/tahitisailanddive.com\/en\/windward-and-leeward-islands-cruise\/","title":{"rendered":"Tahiti catamaran cruise &#8211; Windward and Leeward Islands"},"content":{"rendered":"[vc_row css=&#8221;.vc_custom_1466725568032{padding-top: 30px !important;padding-right: 30px !important;padding-bottom: 30px !important;padding-left: 30px !important;background-color: rgba(255,255,255,0.8) !important;*background-color: rgb(255,255,255) !important;border-radius: 5px !important;}&#8221;][vc_column width=&#8221;2\/3&#8243; css=&#8221;.vc_custom_1466113602123{padding-top: 30px !important;}&#8221;][vc_column_text]\n<h1><span style=\"font-size: 32px; color: #0489c1;\"><em><span style=\"font-family: georgia,palatino;\">Windward and Leeward Islands<\/span><\/em> <span style=\"font-family: Open Sans;\">Cruise<\/span><br \/>\n<span style=\"font-family: Open Sans;\">Tahiti \/ Moorea\/ Huahine \/ Raiatea \/ Taha\u2019a \/ Bora Bora<\/span><br \/>\n<\/span><\/h1>\n<h3><span style=\"color: #333333;\"><strong><span style=\"font-size: 21px;\">CATAMARAN RENTAL WITH SKIPPER AND HOSTESS<\/span><br \/>\n<span style=\"font-size: 21px;\">7 day tour<\/span><br \/>\n<\/strong><\/span><\/h3>\n<p><span style=\"color: #333333;\"><strong>Residence on board the catamaran with Diving Pack<\/strong><\/span><\/p>\n<h3><span style=\"color: #333333;\">Come discover and explore the society archipelago by sailing aboard a catamaran with skipper and hostess between paradise islands.<\/span><\/h3>\n<p style=\"text-align: justify;\"><span style=\"color: #333333;\"><strong>TAHITI<\/strong>, <strong>MOOREA<\/strong>, the mythical island of <strong>Marlon Brando<\/strong> <strong>TETIAROA<\/strong>, <strong>TAHAA<\/strong>, <strong>RAIATEA<\/strong> and the unmissable and no less mythical <strong>BORA BORA<\/strong>&#8230; So many enchanting names which will no longer hold any secrets for you.<\/span><\/p>\n<h2><a href=\"https:\/\/tahitisailanddive.com\/wp-content\/uploads\/2016\/06\/croisiere-tahiti-iles-vent-sous-vent-catamaran.jpg\"><img loading=\"lazy\" decoding=\"async\" class=\"alignnone wp-image-3366 size-full\" src=\"https:\/\/tahitisailanddive.com\/wp-content\/uploads\/2016\/06\/croisiere-tahiti-iles-vent-sous-vent-catamaran.jpg\" alt=\"cruise-tahiti-windward-islands-catamaran\" width=\"800\" height=\"561\" srcset=\"https:\/\/tahitisailanddive.com\/wp-content\/uploads\/2016\/06\/croisiere-tahiti-iles-vent-sous-vent-catamaran.jpg 800w, https:\/\/tahitisailanddive.com\/wp-content\/uploads\/2016\/06\/croisiere-tahiti-iles-vent-sous-vent-catamaran-300x210.jpg 300w, https:\/\/tahitisailanddive.com\/wp-content\/uploads\/2016\/06\/croisiere-tahiti-iles-vent-sous-vent-catamaran-768x539.jpg 768w\" sizes=\"(max-width: 800px) 100vw, 800px\" \/><\/a><\/h2>\n[\/vc_column_text][vc_empty_space][vc_toggle title=&#8221;Progress of the cruise&#8221; color=&#8221;peacoc&#8221; el_id=&#8221;1466441155253-179ba1fd-8476&#8243;]<span style=\"color: #333333;\"><strong>Day 1 &#8211; TAHITI and MOOREA:<br \/>\n<\/strong><\/span><\/p>\n<p><span style=\"color: #333333;\">Reception of customers and installation on board.<\/span><br \/>\n<span style=\"color: #333333;\">Navigation towards the island of Moorea. Anchorage and Lunch Opunohu Bay.<\/span><br \/>\n<span style=\"color: #333333;\">Snorkeling in the lagoon.<\/span><br \/>\n<span style=\"color: #333333;\">Departure around 5 p.m. for Huahine Island.<\/span><\/p>\n<p><span style=\"color: #333333;\"><strong>Day 2 &#8211; HUAHINE:<br \/>\n<\/strong><\/span><\/p>\n<p><span style=\"color: #333333;\">Arrival around 7am. Disembarkation at FARE visit the village and the market.<\/span><br \/>\n<span style=\"color: #333333;\">Navigation in the lagoon towards Hana Iti beach, lunch at anchor. Snorkeling.<\/span><br \/>\n<span style=\"color: #333333;\">Return around 5 p.m. to FARE for anchorage in front of the MAITAI hotel. Swimming on the hotel beach.<\/span><\/p>\n<p><span style=\"color: #333333;\"><strong>Day 3 &#8211; RAIATEA and TAHA\u2019A:<br \/>\n<\/strong><\/span><\/p>\n<p><span style=\"color: #333333;\">After breakfast, navigation towards RAIATEA.<\/span><br \/>\n<span style=\"color: #333333;\">Arrival towards UTUROA visit of the market.<\/span><br \/>\n<span style=\"color: #333333;\">After lunch navigation towards TAHAA. Anchorage at motu CERANT.<\/span><\/p>\n<p><span style=\"color: #333333;\"><strong>Day 4 &#8211; TAHA\u2019A:<br \/>\n<\/strong><\/span><\/p>\n<p><span style=\"color: #333333;\">Sailing around the island in the lagoon.<\/span><br \/>\n<span style=\"color: #333333;\">Anchorage opposite the Relais ch\u00e2teau TAHA\u2019A RESORT &amp; SPA hotel.<\/span><br \/>\n<span style=\"color: #333333;\">Visit to the coral garden.<\/span><\/p>\n<p><span style=\"color: #333333;\"><strong>Day 5 &#8211; BORA BORA:<br \/>\n<\/strong><\/span><\/p>\n<p><span style=\"color: #333333;\">Departure for BORA BORA.<\/span><br \/>\n<span style=\"color: #333333;\">Arrival around 11 a.m. and lunch at Motu Tapu.<\/span><\/p>\n<p><span style=\"color: #333333;\"><strong>Day 6 &#8211; BORA BORA:<\/strong><\/span><\/p>\n<p><span style=\"color: #333333;\">Sailing in the lagoon.<\/span><br \/>\n<span style=\"color: #333333;\">Snorkeling with Manta rays.<\/span><br \/>\n<span style=\"color: #333333;\">Lunch on the motu lagoonarium and visit.<\/span><\/p>\n<p><span style=\"color: #333333;\"><strong>Day 7 &#8211; BORA BORA:<\/strong><\/span><\/p>\n<p><span style=\"color: #333333;\">Navigation towards the BLUE HEAVEN ISLAND motu.<\/span><br \/>\n<span style=\"color: #333333;\">Snorkeling in a natural aquarium.<\/span><br \/>\n<span style=\"color: #333333;\">Disembarkation at the airport<\/span><br \/>\n<span style=\"color: #333333;\">Return to Cruise and Reservation page<\/span>[\/vc_toggle][vc_btn title=&#8221;BOOK YOUR CRUISE WINDWARD AND LEEWARD ISLANDS&#8221; color=&#8221;primary&#8221; css_animation=&#8221;appear&#8221; link=&#8221;url:http%3A%2F%2Ftahitisailanddive.com%2Fcontact-tahiti-sail-and-dive-croisieres-tahiti%2F|&#8221;][\/vc_column][vc_column width=&#8221;1\/3&#8243; css_animation=&#8221;right-to-left&#8221; css=&#8221;.vc_custom_1466725575917{margin-top: 200px !important;padding-top: 5px !important;padding-right: 20px !important;padding-bottom: 20px !important;padding-left: 20px !important;background-color: #0489c1 !important;border-radius: 5px !important;}&#8221;][vc_column_text css=&#8221;.vc_custom_1466723041116{padding-top: 0px !important;}&#8221;]\n<h4><span style=\"color: #ffffff;\">INCLUDED IN THIS CRUISE:<\/span><\/h4>\n<h4><span style=\"color: #ffffff;\"><span class=\"fa fa-check\"  style=\"color: #ffffff;font-size: 16px;\"><\/span> Civil liability insurance<\/span><\/h4>\n<h4><span style=\"color: #ffffff;\"><span class=\"fa fa-check\"  style=\"color: #ffffff;font-size: 16px;\"><\/span> Conveying the catamaran BORA BORA \/ TAHITI<br \/>\n<\/span><\/h4>\n<h4><span style=\"color: #ffffff;\"><span class=\"fa fa-check\"  style=\"color: #ffffff;font-size: 16px;\"><\/span> Sheets and towels provided<\/span><\/h4>\n<h4><span style=\"color: #ffffff;\"><span class=\"fa fa-check\"  style=\"color: #ffffff;font-size: 16px;\"><\/span> Guide and hostess<\/span><\/h4>\n<h4><span style=\"color: #ffffff;\"><span class=\"fa fa-check\"  style=\"color: #ffffff;font-size: 16px;\"><\/span> Kayaks &#8211; Fishing and snorkeling equipment<br \/>\n<\/span><\/h4>\n<h4><span style=\"color: #ffffff;\"><span class=\"fa fa-check\"  style=\"color: #ffffff;font-size: 16px;\"><\/span> Water and gas<br \/>\n<\/span><\/h4>\n<h4><span style=\"color: #ffffff;\"><span class=\"fa fa-check\"  style=\"color: #ffffff;font-size: 16px;\"><\/span> Gasoline for the annex with 15 HP outboard<br \/>\n<\/span><\/h4>\n<h4><span style=\"color: #ffffff;\"><span class=\"fa fa-check\"  style=\"color: #ffffff;font-size: 16px;\"><\/span> Fuel for the main engine<br \/>\n<\/span><\/h4>\n<h4><span style=\"color: #ffffff;\"><span class=\"fa fa-check\"  style=\"color: #ffffff;font-size: 16px;\"><\/span> Full board with cooker on board<br \/>\n<\/span><\/h4>\n<h4><span style=\"color: #0489c1;\"><span style=\"color: #ffffff;\"><span class=\"fa fa-check\"  style=\"color: #ffffff;font-size: 16px;\"><\/span> Sailboat with skipper<\/span><br \/>\n<\/span><\/h4>\n[\/vc_column_text][vc_empty_space][vc_separator][vc_column_text]\n<h4><span style=\"color: #333333;\"><span style=\"color: #ffffff;\">OUR LEEWIND CRUISES IN PICTURES:<\/span><br \/>\n<\/span><\/h4>\n<div id=\"gallery-0\" class=\"wpex-gallery wpex-row lightbox-group clr\"><figure class=\"gallery-item span_1_of_2 col col-1\"><a href=\"https:\/\/tahitisailanddive.com\/wp-content\/uploads\/2016\/06\/bora-bora-croisiere-catamaran-tahiti.jpg\" title=\"\" class=\"wpex-lightbox-group-item\" data-type=\"image\"><img loading=\"lazy\" decoding=\"async\" src=\"https:\/\/tahitisailanddive.com\/wp-content\/uploads\/2016\/06\/bora-bora-croisiere-catamaran-tahiti.jpg\" width=\"600\" height=\"300\" alt=\"Bora Bora Croisiere Catamaran Tahiti\" \/><\/a><\/figure><figure class=\"gallery-item span_1_of_2 col col-2\"><a href=\"https:\/\/tahitisailanddive.com\/wp-content\/uploads\/2016\/06\/huanine-croisiere-catamaran-tahiti.jpg\" title=\"\" class=\"wpex-lightbox-group-item\" data-type=\"image\"><img loading=\"lazy\" decoding=\"async\" src=\"https:\/\/tahitisailanddive.com\/wp-content\/uploads\/2016\/06\/huanine-croisiere-catamaran-tahiti.jpg\" width=\"600\" height=\"300\" alt=\"Huanine Croisiere Catamaran Tahiti\" \/><\/a><\/figure><figure class=\"gallery-item span_1_of_2 col col-1\"><a href=\"https:\/\/tahitisailanddive.com\/wp-content\/uploads\/2016\/06\/Croisiere-tahiti-catamaran-4.jpg\" title=\"\" class=\"wpex-lightbox-group-item\" data-type=\"image\"><img loading=\"lazy\" decoding=\"async\" src=\"https:\/\/tahitisailanddive.com\/wp-content\/uploads\/2016\/06\/Croisiere-tahiti-catamaran-4.jpg\" width=\"600\" height=\"300\" alt=\"Croisiere Tahiti Catamaran 4\" \/><\/a><\/figure><figure class=\"gallery-item span_1_of_2 col col-2\"><a href=\"https:\/\/tahitisailanddive.com\/wp-content\/uploads\/2016\/06\/croisiere-moorea-catamaran-voile-plongee.jpg\" title=\"\" class=\"wpex-lightbox-group-item\" data-type=\"image\"><img loading=\"lazy\" decoding=\"async\" src=\"https:\/\/tahitisailanddive.com\/wp-content\/uploads\/2016\/06\/croisiere-moorea-catamaran-voile-plongee.jpg\" width=\"600\" height=\"300\" alt=\"Croisiere Moorea Catamaran Voile Plongee\" \/><\/a><\/figure><figure class=\"gallery-item span_1_of_2 col col-1\"><a href=\"https:\/\/tahitisailanddive.com\/wp-content\/uploads\/2016\/06\/croisiere-bora-bora-catamaran-voile-plongee.jpg\" title=\"\" class=\"wpex-lightbox-group-item\" data-type=\"image\"><img loading=\"lazy\" decoding=\"async\" src=\"https:\/\/tahitisailanddive.com\/wp-content\/uploads\/2016\/06\/croisiere-bora-bora-catamaran-voile-plongee.jpg\" width=\"600\" height=\"300\" alt=\"Croisiere Bora Bora Catamaran Voile Plongee\" \/><\/a><\/figure><figure class=\"gallery-item span_1_of_2 col col-2\"><a href=\"https:\/\/tahitisailanddive.com\/wp-content\/uploads\/2016\/06\/Croisiere-bora-bora-catamaran-tahiti.jpg\" title=\"\" class=\"wpex-lightbox-group-item\" data-type=\"image\"><img loading=\"lazy\" decoding=\"async\" src=\"https:\/\/tahitisailanddive.com\/wp-content\/uploads\/2016\/06\/Croisiere-bora-bora-catamaran-tahiti.jpg\" width=\"600\" height=\"300\" alt=\"Croisiere Bora Bora Catamaran Tahiti\" \/><\/a><\/figure><figure class=\"gallery-item span_1_of_2 col col-1\"><a href=\"https:\/\/tahitisailanddive.com\/wp-content\/uploads\/2016\/06\/carte-polynesie-croisiere-catamaran-tahiti.jpg\" title=\"\" class=\"wpex-lightbox-group-item\" data-type=\"image\"><img loading=\"lazy\" decoding=\"async\" src=\"https:\/\/tahitisailanddive.com\/wp-content\/uploads\/2016\/06\/carte-polynesie-croisiere-catamaran-tahiti.jpg\" width=\"600\" height=\"300\" alt=\"Carte Polynesie Croisiere Catamaran Tahiti\" \/><\/a><\/figure><\/div>\n\n[\/vc_column_text][\/vc_column][\/vc_row][vc_row][vc_column][vc_separator][\/vc_column][\/vc_row][vc_row][vc_column][vc_column_text]\n<p style=\"text-align: center;\">The photos and programs presented on www.tahitisailanddive.com are non-contractual and subject to modification without notice.<\/p>\n[\/vc_column_text][\/vc_column][\/vc_row]\n","protected":false},"excerpt":{"rendered":"<p>[vc_row css=&#8221;.vc_custom_1466725568032{padding-top: 30px !important;padding-right: 30px !important;padding-bottom: 30px !important;padding-left: 30px !important;background-color: rgba(255,255,255,0.8) !important;*background-color: rgb(255,255,255) !important;border-radius: 5px !important;}&#8221;][vc_column width=&#8221;2\/3&#8243; css=&#8221;.vc_custom_1466113602123{padding-top: 30px !important;}&#8221;][vc_column_text] Windward and Leeward Islands Cruise Tahiti \/ Moorea\/ Huahine \/ Raiatea \/ Taha\u2019a \/ Bora Bora CATAMARAN RENTAL WITH SKIPPER&hellip;<\/p>\n","protected":false},"author":3,"featured_media":0,"parent":0,"menu_order":0,"comment_status":"closed","ping_status":"closed","template":"","meta":{"footnotes":""},"yoast_head":"<!-- This site is optimized with the Yoast SEO plugin v17.7.1 - https:\/\/yoast.com\/wordpress\/plugins\/seo\/ -->\n<title>Tahiti catamaran cruise - Windward and Leeward Islands - Croisi\u00e8re Tahiti catamaran location voile et plong\u00e9e charter skipper \u00e0 Tahiti<\/title>\n<meta name=\"description\" content=\"Tahiti catamaran cruise - Windward and Leeward Islands - Tahiti \/ Moorea \/ Huahine \/ Raiatea \/ Taha\u2019a \/ Bora Bora. CATAMARAN RENTAL\" \/>\n<meta name=\"robots\" content=\"index, follow, max-snippet:-1, max-image-preview:large, max-video-preview:-1\" \/>\n<link rel=\"canonical\" href=\"https:\/\/tahitisailanddive.com\/en\/windward-and-leeward-islands-cruise\/\" \/>\n<meta property=\"og:locale\" content=\"en_US\" \/>\n<meta property=\"og:type\" content=\"article\" \/>\n<meta property=\"og:title\" content=\"Tahiti catamaran cruise - Windward and Leeward Islands - Croisi\u00e8re Tahiti catamaran location voile et plong\u00e9e charter skipper \u00e0 Tahiti\" \/>\n<meta property=\"og:description\" content=\"Tahiti catamaran cruise - Windward and Leeward Islands - Tahiti \/ Moorea \/ Huahine \/ Raiatea \/ Taha\u2019a \/ Bora Bora. CATAMARAN RENTAL\" \/>\n<meta property=\"og:url\" content=\"https:\/\/tahitisailanddive.com\/en\/windward-and-leeward-islands-cruise\/\" \/>\n<meta property=\"og:site_name\" content=\"Croisi\u00e8re Tahiti catamaran location voile et plong\u00e9e charter skipper \u00e0 Tahiti\" \/>\n<meta property=\"article:publisher\" content=\"https:\/\/fr-fr.facebook.com\/people\/Tahitisailanddive-Sailanddive\/100007454959306\" \/>\n<meta property=\"article:modified_time\" content=\"2023-11-22T16:25:30+00:00\" \/>\n<meta property=\"og:image\" content=\"https:\/\/tahitisailanddive.com\/wp-content\/uploads\/2016\/06\/bora-bora-croisiere-catamaran-tahiti.jpg\" \/>\n<meta name=\"twitter:label1\" content=\"Est. reading time\" \/>\n\t<meta name=\"twitter:data1\" content=\"3 minutes\" \/>\n<script type=\"application\/ld+json\" class=\"yoast-schema-graph\">{\"@context\":\"https:\/\/schema.org\",\"@graph\":[{\"@type\":\"WebSite\",\"@id\":\"https:\/\/tahitisailanddive.com\/#website\",\"url\":\"https:\/\/tahitisailanddive.com\/\",\"name\":\"Croisi\\u00e8re Tahiti catamaran location voile et plong\\u00e9e charter skipper \\u00e0 Tahiti\",\"description\":\"Croisi\\u00e8re Tahiti en catamaran. Venez admirer Tahiti en croisi\\u00e8re sur nos catamarans, voile et plong\\u00e9e \\u00e0 : Tahiti, Moorea, Bora Bora, Rangiroa, Fakarava, Tetiaora\\u2026\",\"potentialAction\":[{\"@type\":\"SearchAction\",\"target\":{\"@type\":\"EntryPoint\",\"urlTemplate\":\"https:\/\/tahitisailanddive.com\/?s={search_term_string}\"},\"query-input\":\"required name=search_term_string\"}],\"inLanguage\":\"en-US\"},{\"@type\":\"ImageObject\",\"@id\":\"https:\/\/tahitisailanddive.com\/en\/windward-and-leeward-islands-cruise\/#primaryimage\",\"inLanguage\":\"en-US\",\"url\":\"https:\/\/tahitisailanddive.com\/wp-content\/uploads\/2016\/06\/croisiere-tahiti-iles-vent-sous-vent-catamaran.jpg\",\"contentUrl\":\"https:\/\/tahitisailanddive.com\/wp-content\/uploads\/2016\/06\/croisiere-tahiti-iles-vent-sous-vent-catamaran.jpg\",\"width\":800,\"height\":561,\"caption\":\"croisiere-tahiti-iles-vent-sous-vent-catamaran\"},{\"@type\":\"WebPage\",\"@id\":\"https:\/\/tahitisailanddive.com\/en\/windward-and-leeward-islands-cruise\/#webpage\",\"url\":\"https:\/\/tahitisailanddive.com\/en\/windward-and-leeward-islands-cruise\/\",\"name\":\"Tahiti catamaran cruise - Windward and Leeward Islands - Croisi\\u00e8re Tahiti catamaran location voile et plong\\u00e9e charter skipper \\u00e0 Tahiti\",\"isPartOf\":{\"@id\":\"https:\/\/tahitisailanddive.com\/#website\"},\"primaryImageOfPage\":{\"@id\":\"https:\/\/tahitisailanddive.com\/en\/windward-and-leeward-islands-cruise\/#primaryimage\"},\"datePublished\":\"2016-06-16T22:15:35+00:00\",\"dateModified\":\"2023-11-22T16:25:30+00:00\",\"description\":\"Tahiti catamaran cruise - Windward and Leeward Islands - Tahiti \/ Moorea \/ Huahine \/ Raiatea \/ Taha\\u2019a \/ Bora Bora. CATAMARAN RENTAL\",\"breadcrumb\":{\"@id\":\"https:\/\/tahitisailanddive.com\/en\/windward-and-leeward-islands-cruise\/#breadcrumb\"},\"inLanguage\":\"en-US\",\"potentialAction\":[{\"@type\":\"ReadAction\",\"target\":[\"https:\/\/tahitisailanddive.com\/en\/windward-and-leeward-islands-cruise\/\"]}]},{\"@type\":\"BreadcrumbList\",\"@id\":\"https:\/\/tahitisailanddive.com\/en\/windward-and-leeward-islands-cruise\/#breadcrumb\",\"itemListElement\":[{\"@type\":\"ListItem\",\"position\":1,\"name\":\"Accueil\",\"item\":\"https:\/\/tahitisailanddive.com\/en\/\"},{\"@type\":\"ListItem\",\"position\":2,\"name\":\"Tahiti catamaran cruise &#8211; Windward and Leeward Islands\"}]}]}<\/script>\n<!-- \/ Yoast SEO plugin. -->","yoast_head_json":{"title":"Tahiti catamaran cruise - Windward and Leeward Islands - Croisi\u00e8re Tahiti catamaran location voile et plong\u00e9e charter skipper \u00e0 Tahiti","description":"Tahiti catamaran cruise - Windward and Leeward Islands - Tahiti \/ Moorea \/ Huahine \/ Raiatea \/ Taha\u2019a \/ Bora Bora. CATAMARAN RENTAL","robots":{"index":"index","follow":"follow","max-snippet":"max-snippet:-1","max-image-preview":"max-image-preview:large","max-video-preview":"max-video-preview:-1"},"canonical":"https:\/\/tahitisailanddive.com\/en\/windward-and-leeward-islands-cruise\/","og_locale":"en_US","og_type":"article","og_title":"Tahiti catamaran cruise - Windward and Leeward Islands - Croisi\u00e8re Tahiti catamaran location voile et plong\u00e9e charter skipper \u00e0 Tahiti","og_description":"Tahiti catamaran cruise - Windward and Leeward Islands - Tahiti \/ Moorea \/ Huahine \/ Raiatea \/ Taha\u2019a \/ Bora Bora. CATAMARAN RENTAL","og_url":"https:\/\/tahitisailanddive.com\/en\/windward-and-leeward-islands-cruise\/","og_site_name":"Croisi\u00e8re Tahiti catamaran location voile et plong\u00e9e charter skipper \u00e0 Tahiti","article_publisher":"https:\/\/fr-fr.facebook.com\/people\/Tahitisailanddive-Sailanddive\/100007454959306","article_modified_time":"2023-11-22T16:25:30+00:00","og_image":[{"url":"https:\/\/tahitisailanddive.com\/wp-content\/uploads\/2016\/06\/bora-bora-croisiere-catamaran-tahiti.jpg"}],"twitter_misc":{"Est. reading time":"3 minutes"},"schema":{"@context":"https:\/\/schema.org","@graph":[{"@type":"WebSite","@id":"https:\/\/tahitisailanddive.com\/#website","url":"https:\/\/tahitisailanddive.com\/","name":"Croisi\u00e8re Tahiti catamaran location voile et plong\u00e9e charter skipper \u00e0 Tahiti","description":"Croisi\u00e8re Tahiti en catamaran. Venez admirer Tahiti en croisi\u00e8re sur nos catamarans, voile et plong\u00e9e \u00e0 : Tahiti, Moorea, Bora Bora, Rangiroa, Fakarava, Tetiaora\u2026","potentialAction":[{"@type":"SearchAction","target":{"@type":"EntryPoint","urlTemplate":"https:\/\/tahitisailanddive.com\/?s={search_term_string}"},"query-input":"required name=search_term_string"}],"inLanguage":"en-US"},{"@type":"ImageObject","@id":"https:\/\/tahitisailanddive.com\/en\/windward-and-leeward-islands-cruise\/#primaryimage","inLanguage":"en-US","url":"https:\/\/tahitisailanddive.com\/wp-content\/uploads\/2016\/06\/croisiere-tahiti-iles-vent-sous-vent-catamaran.jpg","contentUrl":"https:\/\/tahitisailanddive.com\/wp-content\/uploads\/2016\/06\/croisiere-tahiti-iles-vent-sous-vent-catamaran.jpg","width":800,"height":561,"caption":"croisiere-tahiti-iles-vent-sous-vent-catamaran"},{"@type":"WebPage","@id":"https:\/\/tahitisailanddive.com\/en\/windward-and-leeward-islands-cruise\/#webpage","url":"https:\/\/tahitisailanddive.com\/en\/windward-and-leeward-islands-cruise\/","name":"Tahiti catamaran cruise - Windward and Leeward Islands - Croisi\u00e8re Tahiti catamaran location voile et plong\u00e9e charter skipper \u00e0 Tahiti","isPartOf":{"@id":"https:\/\/tahitisailanddive.com\/#website"},"primaryImageOfPage":{"@id":"https:\/\/tahitisailanddive.com\/en\/windward-and-leeward-islands-cruise\/#primaryimage"},"datePublished":"2016-06-16T22:15:35+00:00","dateModified":"2023-11-22T16:25:30+00:00","description":"Tahiti catamaran cruise - Windward and Leeward Islands - Tahiti \/ Moorea \/ Huahine \/ Raiatea \/ Taha\u2019a \/ Bora Bora. CATAMARAN RENTAL","breadcrumb":{"@id":"https:\/\/tahitisailanddive.com\/en\/windward-and-leeward-islands-cruise\/#breadcrumb"},"inLanguage":"en-US","potentialAction":[{"@type":"ReadAction","target":["https:\/\/tahitisailanddive.com\/en\/windward-and-leeward-islands-cruise\/"]}]},{"@type":"BreadcrumbList","@id":"https:\/\/tahitisailanddive.com\/en\/windward-and-leeward-islands-cruise\/#breadcrumb","itemListElement":[{"@type":"ListItem","position":1,"name":"Accueil","item":"https:\/\/tahitisailanddive.com\/en\/"},{"@type":"ListItem","position":2,"name":"Tahiti catamaran cruise &#8211; Windward and Leeward Islands"}]}]}},"_links":{"self":[{"href":"https:\/\/tahitisailanddive.com\/en\/wp-json\/wp\/v2\/pages\/4071"}],"collection":[{"href":"https:\/\/tahitisailanddive.com\/en\/wp-json\/wp\/v2\/pages"}],"about":[{"href":"https:\/\/tahitisailanddive.com\/en\/wp-json\/wp\/v2\/types\/page"}],"author":[{"embeddable":true,"href":"https:\/\/tahitisailanddive.com\/en\/wp-json\/wp\/v2\/users\/3"}],"replies":[{"embeddable":true,"href":"https:\/\/tahitisailanddive.com\/en\/wp-json\/wp\/v2\/comments?post=4071"}],"version-history":[{"count":7,"href":"https:\/\/tahitisailanddive.com\/en\/wp-json\/wp\/v2\/pages\/4071\/revisions"}],"predecessor-version":[{"id":6327,"href":"https:\/\/tahitisailanddive.com\/en\/wp-json\/wp\/v2\/pages\/4071\/revisions\/6327"}],"wp:attachment":[{"href":"https:\/\/tahitisailanddive.com\/en\/wp-json\/wp\/v2\/media?parent=4071"}],"curies":[{"name":"wp","href":"https:\/\/api.w.org\/{rel}","templated":true}]}}