{"id":4064,"date":"2016-06-23T04:42:14","date_gmt":"2016-06-23T14:42:14","guid":{"rendered":"http:\/\/tahitisailanddive.com\/croisiere-tuamotu-iles-vent\/"},"modified":"2024-05-05T00:21:11","modified_gmt":"2024-05-05T10:21:11","slug":"society-archipelago-and-tuamotu","status":"publish","type":"page","link":"https:\/\/tahitisailanddive.com\/en\/society-archipelago-and-tuamotu\/","title":{"rendered":"SOCIETY ARCHIPELAGO AND TUAMOTU CRUISE"},"content":{"rendered":"[vc_row css=&#8221;.vc_custom_1466725519888{padding-top: 30px !important;padding-right: 30px !important;padding-bottom: 30px !important;padding-left: 30px !important;background-color: rgba(255,255,255,0.8) !important;*background-color: rgb(255,255,255) !important;border-radius: 5px !important;}&#8221;][vc_column width=&#8221;2\/3&#8243; css=&#8221;.vc_custom_1466113602123{padding-top: 30px !important;}&#8221;][vc_column_text]\n<h1><span style=\"font-size: 32px; color: #0489c1;\"><span style=\"font-family: georgia,palatino;\"><em>Society Archipelago and Tuamotu<\/em><\/span> <span style=\"font-family: Open Sans;\">Cruise<br \/>\n<\/span><\/span><\/h1>\n<h3><span style=\"color: #333333; font-size: 21px;\"><strong>CATAMARAN RENTAL WITH SKIPPER AND HOSTESS SAILING AND DIVING PACKAGE &#8211; 20 days<br \/>\n<\/strong><\/span><\/h3>\n<p><span style=\"color: #333333;\">Come EXPLORE, by sail, the magnificent <strong>Tuamotu<\/strong> atolls and other exceptional seabeds whose visibility is beyond belief.<\/span><\/p>\n<p style=\"text-align: justify;\">Your arrival by plane from mainland France or Europe will be guaranteed according to Polynesian traditions, flower necklaces and local songs.<\/p>\n<h2><a href=\"https:\/\/tahitisailanddive.com\/wp-content\/uploads\/2016\/06\/croisiere-tahiti-tuamotu-iles-vent-catamaran.jpg\"><img loading=\"lazy\" decoding=\"async\" class=\"alignnone size-full wp-image-3363\" src=\"https:\/\/tahitisailanddive.com\/wp-content\/uploads\/2016\/06\/croisiere-tahiti-tuamotu-iles-vent-catamaran.jpg\" alt=\"cruise-tahiti-tuamotu-wind-iles-catamaran\" width=\"800\" height=\"561\" srcset=\"https:\/\/tahitisailanddive.com\/wp-content\/uploads\/2016\/06\/croisiere-tahiti-tuamotu-iles-vent-catamaran.jpg 800w, https:\/\/tahitisailanddive.com\/wp-content\/uploads\/2016\/06\/croisiere-tahiti-tuamotu-iles-vent-catamaran-300x210.jpg 300w, https:\/\/tahitisailanddive.com\/wp-content\/uploads\/2016\/06\/croisiere-tahiti-tuamotu-iles-vent-catamaran-768x539.jpg 768w\" sizes=\"(max-width: 800px) 100vw, 800px\" \/><\/a><\/h2>\n[\/vc_column_text][vc_empty_space][vc_toggle title=&#8221;Progress of the cruise&#8221; color=&#8221;peacoc&#8221; el_id=&#8221;1466693646367-2c6a057f-46d9&#8243;]<span style=\"color: #333333;\"><strong>Residence on board the catamaran with Diving Pack<\/strong><\/span><br \/>\n<span style=\"color: #333333;\"><strong>20 day tour<\/strong><\/span><\/p>\n<p><span style=\"color: #333333;\"><strong>Day 1 :<br \/>\n<\/strong><\/span><\/p>\n<p><span style=\"color: #333333;\"><strong>Arrival at 10:30 p.m. at the port of Papeete.<\/strong><br \/>\nOur boat will welcome you directly to TAHITI Marina in Papeete with a welcome punch and installation on board.<\/span><\/p>\n<p><span style=\"color: #333333;\"><strong>Day 2 :<\/strong><\/span><\/p>\n<p><span style=\"color: #333333;\"><strong>Departure for Marina Taina<\/strong> via the lagoon to reach the <strong>Eleuthera Diving center.<\/strong><strong><br \/>\n<\/strong><em>2 dives <\/em> <\/span><\/p>\n<p><span style=\"color: #333333;\"><strong>Day 3 :<\/strong><\/span><\/p>\n<p><span style=\"color: #333333;\">Departure for <strong>Moorea<\/strong> (2 hours of navigation) to reach <strong>Cook Bay<\/strong>.<\/span><\/p>\n<p><span style=\"color: #333333;\"><strong>Day 4:<\/strong><\/span><\/p>\n<p><span style=\"color: #333333;\">Discovery of Moorea.<\/span><br \/>\n<span style=\"color: #333333;\"><em>1 dive<\/em><\/span><\/p>\n<p><span style=\"color: #333333;\"><strong>Day 5 :<\/strong><\/span><\/p>\n<p><span style=\"color: #333333;\">Departure for the Atoll of <strong>Tetiaora<\/strong> (4 hours of navigation) and discovery of the Atoll.<\/span><\/p>\n<p><span style=\"color: #333333;\"><strong>Day 6 :<\/strong><\/span><\/p>\n<p><span style=\"color: #333333;\">Morning <strong>Tetiaroa<\/strong> Atoll and departure for <strong>Rangiroa<\/strong> (26 hours of navigation with night navigation). \u200b<\/span><\/p>\n<p><span style=\"color: #333333;\"><strong>Day 7 :<\/strong><\/span><\/p>\n<p><span style=\"color: #333333;\">Navigation for <strong>Rangiroa<\/strong> and arrival on the 9th late afternoon.<\/span><\/p>\n<p><span style=\"color: #333333;\"><strong>Day 8 :<\/strong><\/span><\/p>\n<p><span style=\"color: #333333;\">Sailing in the lagoon and visiting the blue lagoon.<\/span><br \/>\n<span style=\"color: #333333;\"><strong>Rangiroa<\/strong> Atoll 6 dives planned.<\/span><\/p>\n<p><span style=\"color: #333333;\"><strong>Day 9 :<\/strong><\/span><\/p>\n<p><span style=\"color: #333333;\">Navigation towards the <strong>PALM motu<\/strong>. Discovery of fossilized reefs.<\/span><br \/>\n<span style=\"color: #333333;\">Trolling. <strong>Rangiroa<\/strong> Atoll 6 dives planned.<\/span><\/p>\n<p><span style=\"color: #333333;\"><strong>Day 10 :<\/strong><\/span><\/p>\n<p><span style=\"color: #333333;\">Navigation towards the southern tip of the atoll.<\/span><br \/>\n<span style=\"color: #333333;\">Discovery of pink sandbanks.<\/span><br \/>\n<span style=\"color: #333333;\"><strong>Rangiroa<\/strong> Atoll 6 dives planned.<\/span><br \/>\n<span style=\"color: #333333;\">Departure for <strong>Huahine<\/strong> (26 hours of night navigation)<\/span><\/p>\n<p><span style=\"color: #333333;\"><strong>Day 11 :<\/strong><\/span><\/p>\n<p><span style=\"color: #333333;\">Navigation for <strong>Huahine<\/strong><\/span><\/p>\n<p><span style=\"color: #333333;\"><strong>Days 12-13 :<\/strong><\/span><\/p>\n<p><span style=\"color: #333333;\"><strong>Huahine<\/strong> North and South and <strong>Huahine<\/strong> dives past <strong>Fiti<\/strong> and discovery of the island.<\/span><br \/>\n<span style=\"color: #333333;\"><em>1 dive<\/em><\/span><br \/>\n<span style=\"color: #333333;\">Arrival around 7am.<\/span><br \/>\n<span style=\"color: #333333;\">Disembarkation at <strong>FARE<\/strong> visit the village and the market.<\/span><br \/>\n<span style=\"color: #333333;\">Navigation in the lagoon towards <strong>Hana Iti<\/strong> beach, lunch at anchor.<\/span><br \/>\n<span style=\"color: #333333;\">Snorkeling.<\/span><br \/>\n<span style=\"color: #333333;\">Return around 5 p.m. to <strong>FARE<\/strong> for anchorage in front of the <strong>MAITAI<\/strong> hotel.<\/span><br \/>\n<span style=\"color: #333333;\">Swimming on the hotel beach.<\/span><\/p>\n<p><span style=\"color: #333333;\"><strong>Day 14 :<\/strong><\/span><\/p>\n<p><span style=\"color: #333333;\"><strong>Huahine &#8211; Raiatea<\/strong> (4 hours of navigation).<\/span><br \/>\n<span style=\"color: #333333;\">Discovery of <strong>Raiatea<\/strong> and 1 dive planned<\/span><\/p>\n<p><span style=\"color: #333333;\"><strong>Day 15 :<\/strong><\/span><\/p>\n<p><span style=\"color: #333333;\"><strong>Raiatea<\/strong> and <strong>Tahaa<\/strong> visit the Vanilla Grove.<\/span><\/p>\n<p><span style=\"color: #333333;\"><strong>Day 16 :<\/strong><\/span><\/p>\n<p><span style=\"color: #333333;\"><strong>Tahaa<\/strong> visits <strong>motu<\/strong> and PMT.<\/span><br \/>\n<span style=\"color: #333333;\">Departure for Bora Bora (4 hours of navigation)<\/span><\/p>\n<p><span style=\"color: #333333;\"><strong>Days 17 -19 :<\/strong><\/span><\/p>\n<p><span style=\"color: #333333;\">Discovery of <strong>Bora<\/strong> 4 dives.<\/span><br \/>\n<span style=\"color: #333333;\">Sailing in the lagoon.<\/span><br \/>\n<span style=\"color: #333333;\">Snorkeling with Manta rays.<\/span><br \/>\n<span style=\"color: #333333;\">Lunch on the <strong>motu lagoonarium<\/strong> and visit.<\/span><\/p>\n<p><span style=\"color: #333333;\"><strong>Day 20 :<\/strong><\/span><\/p>\n<p><span style=\"color: #333333;\">Departure for Tahiti for 8 people inter-island flight.<\/span><br \/>\n<span style=\"color: #333333;\">Navigation towards the <strong>BLUE HEAVEN ISLAND motu<\/strong>.<\/span><br \/>\n<span style=\"color: #333333;\">Snorkeling in a natural aquarium.<\/span><br \/>\n<span style=\"color: #333333;\">Navigation towards the <strong>BLUE HEAVEN ISLAND motu<\/strong>.<\/span><br \/>\n<span style=\"color: #333333;\">Snorkeling in a natural aquarium.<\/span><br \/>\n<span style=\"color: #333333;\">Disembarkation at the airport.<\/span>[\/vc_toggle][vc_btn title=&#8221;BOOK YOUR SOCIETY ARCHIPELAGO AND TUAMOTU CRUISE&#8221; color=&#8221;primary&#8221; css_animation=&#8221;appear&#8221; link=&#8221;url:http%3A%2F%2Ftahitisailanddive.com%2Fcontact-tahiti-sail-and-dive-croisieres-tahiti%2F|&#8221;][\/vc_column][vc_column width=&#8221;1\/3&#8243; css=&#8221;.vc_custom_1466725527585{margin-top: 200px !important;padding-top: 5px !important;padding-right: 20px !important;padding-bottom: 20px !important;padding-left: 20px !important;background-color: #0489c1 !important;border-radius: 5px !important;}&#8221;][vc_column_text css=&#8221;.vc_custom_1466722900636{padding-top: 0px !important;}&#8221;]\n<h4><span style=\"color: #ffffff;\">INCLUDED IN THIS CRUISE:<\/span><\/h4>\n<h4><span style=\"color: #ffffff;\"><span class=\"fa fa-check\"  style=\"color: #ffffff;font-size: 16px;\"><\/span> Civil liability insurance<\/span><\/h4>\n<h4><span style=\"color: #ffffff;\"><span class=\"fa fa-check\"  style=\"color: #ffffff;font-size: 16px;\"><\/span> Conveying the catamaran BORA BORA \/ TAHITI<br \/>\n<\/span><\/h4>\n<h4><span style=\"color: #ffffff;\"><span class=\"fa fa-check\"  style=\"color: #ffffff;font-size: 16px;\"><\/span> Sheets and towels provided<\/span><\/h4>\n<h4><span style=\"color: #ffffff;\"><span class=\"fa fa-check\"  style=\"color: #ffffff;font-size: 16px;\"><\/span> Guide and hostess<\/span><\/h4>\n<h4><span style=\"color: #ffffff;\"><span class=\"fa fa-check\"  style=\"color: #ffffff;font-size: 16px;\"><\/span> Kayaks &#8211; Fishing and snorkeling equipment<br \/>\n<\/span><\/h4>\n<h4><span style=\"color: #ffffff;\"><span class=\"fa fa-check\"  style=\"color: #ffffff;font-size: 16px;\"><\/span> Water and gas<br \/>\n<\/span><\/h4>\n<h4><span style=\"color: #ffffff;\"><span class=\"fa fa-check\"  style=\"color: #ffffff;font-size: 16px;\"><\/span> Gasoline for the annex with 15 HP outboard<br \/>\n<\/span><\/h4>\n<h4><span style=\"color: #ffffff;\"><span class=\"fa fa-check\"  style=\"color: #ffffff;font-size: 16px;\"><\/span> Fuel for the main engine<br \/>\n<\/span><\/h4>\n<h4><span style=\"color: #ffffff;\"><span class=\"fa fa-check\"  style=\"color: #ffffff;font-size: 16px;\"><\/span> Full board with cooker on board<br \/>\n<\/span><\/h4>\n<h4><span style=\"color: #0489c1;\"><span style=\"color: #ffffff;\"><span class=\"fa fa-check\"  style=\"color: #ffffff;font-size: 16px;\"><\/span> Sailboat with skipper<\/span><br \/>\n<\/span><\/h4>\n[\/vc_column_text][vc_empty_space][vc_separator][vc_column_text]\n<h4><span style=\"color: #333333;\"><span style=\"color: #ffffff;\">OUR TUAMOTU CRUISES &#8211; LEEWIND IN PICTURES:<\/span><br \/>\n<\/span><\/h4>\n<div id=\"gallery-0\" class=\"wpex-gallery wpex-row lightbox-group clr\"><figure class=\"gallery-item span_1_of_2 col col-1\"><a href=\"https:\/\/tahitisailanddive.com\/wp-content\/uploads\/2016\/06\/bora-bora-croisiere-catamaran-tahiti.jpg\" title=\"\" class=\"wpex-lightbox-group-item\" data-type=\"image\"><img loading=\"lazy\" decoding=\"async\" src=\"https:\/\/tahitisailanddive.com\/wp-content\/uploads\/2016\/06\/bora-bora-croisiere-catamaran-tahiti.jpg\" width=\"600\" height=\"300\" alt=\"Bora Bora Croisiere Catamaran Tahiti\" \/><\/a><\/figure><figure class=\"gallery-item span_1_of_2 col col-2\"><a href=\"https:\/\/tahitisailanddive.com\/wp-content\/uploads\/2016\/06\/huanine-croisiere-catamaran-tahiti.jpg\" title=\"\" class=\"wpex-lightbox-group-item\" data-type=\"image\"><img loading=\"lazy\" decoding=\"async\" src=\"https:\/\/tahitisailanddive.com\/wp-content\/uploads\/2016\/06\/huanine-croisiere-catamaran-tahiti.jpg\" width=\"600\" height=\"300\" alt=\"Huanine Croisiere Catamaran Tahiti\" \/><\/a><\/figure><figure class=\"gallery-item span_1_of_2 col col-1\"><a href=\"https:\/\/tahitisailanddive.com\/wp-content\/uploads\/2016\/06\/Croisiere-tahiti-catamaran-4.jpg\" title=\"\" class=\"wpex-lightbox-group-item\" data-type=\"image\"><img loading=\"lazy\" decoding=\"async\" src=\"https:\/\/tahitisailanddive.com\/wp-content\/uploads\/2016\/06\/Croisiere-tahiti-catamaran-4.jpg\" width=\"600\" height=\"300\" alt=\"Croisiere Tahiti Catamaran 4\" \/><\/a><\/figure><figure class=\"gallery-item span_1_of_2 col col-2\"><a href=\"https:\/\/tahitisailanddive.com\/wp-content\/uploads\/2016\/06\/croisiere-moorea-catamaran-voile-plongee.jpg\" title=\"\" class=\"wpex-lightbox-group-item\" data-type=\"image\"><img loading=\"lazy\" decoding=\"async\" src=\"https:\/\/tahitisailanddive.com\/wp-content\/uploads\/2016\/06\/croisiere-moorea-catamaran-voile-plongee.jpg\" width=\"600\" height=\"300\" alt=\"Croisiere Moorea Catamaran Voile Plongee\" \/><\/a><\/figure><figure class=\"gallery-item span_1_of_2 col col-1\"><a href=\"https:\/\/tahitisailanddive.com\/wp-content\/uploads\/2016\/06\/croisiere-bora-bora-catamaran-voile-plongee.jpg\" title=\"\" class=\"wpex-lightbox-group-item\" data-type=\"image\"><img loading=\"lazy\" decoding=\"async\" src=\"https:\/\/tahitisailanddive.com\/wp-content\/uploads\/2016\/06\/croisiere-bora-bora-catamaran-voile-plongee.jpg\" width=\"600\" height=\"300\" alt=\"Croisiere Bora Bora Catamaran Voile Plongee\" \/><\/a><\/figure><figure class=\"gallery-item span_1_of_2 col col-2\"><a href=\"https:\/\/tahitisailanddive.com\/wp-content\/uploads\/2016\/06\/Croisiere-bora-bora-catamaran-tahiti.jpg\" title=\"\" class=\"wpex-lightbox-group-item\" data-type=\"image\"><img loading=\"lazy\" decoding=\"async\" src=\"https:\/\/tahitisailanddive.com\/wp-content\/uploads\/2016\/06\/Croisiere-bora-bora-catamaran-tahiti.jpg\" width=\"600\" height=\"300\" alt=\"Croisiere Bora Bora Catamaran Tahiti\" \/><\/a><\/figure><figure class=\"gallery-item span_1_of_2 col col-1\"><a href=\"https:\/\/tahitisailanddive.com\/wp-content\/uploads\/2016\/06\/carte-polynesie-croisiere-catamaran-tahiti.jpg\" title=\"\" class=\"wpex-lightbox-group-item\" data-type=\"image\"><img loading=\"lazy\" decoding=\"async\" src=\"https:\/\/tahitisailanddive.com\/wp-content\/uploads\/2016\/06\/carte-polynesie-croisiere-catamaran-tahiti.jpg\" width=\"600\" height=\"300\" alt=\"Carte Polynesie Croisiere Catamaran Tahiti\" \/><\/a><\/figure><\/div>\n\n[\/vc_column_text][\/vc_column][\/vc_row][vc_row][vc_column][vc_separator][\/vc_column][\/vc_row][vc_row][vc_column][vc_column_text]\n<p style=\"text-align: center;\">The photos and programs presented on www.tahitisailanddive.com are non-contractual and subject to modification without notice.<\/p>\n[\/vc_column_text][\/vc_column][\/vc_row]\n","protected":false},"excerpt":{"rendered":"<p>[vc_row css=&#8221;.vc_custom_1466725519888{padding-top: 30px !important;padding-right: 30px !important;padding-bottom: 30px !important;padding-left: 30px !important;background-color: rgba(255,255,255,0.8) !important;*background-color: rgb(255,255,255) !important;border-radius: 5px !important;}&#8221;][vc_column width=&#8221;2\/3&#8243; css=&#8221;.vc_custom_1466113602123{padding-top: 30px !important;}&#8221;][vc_column_text] Society Archipelago and Tuamotu Cruise CATAMARAN RENTAL WITH SKIPPER AND HOSTESS SAILING AND DIVING PACKAGE &#8211; 20 days Come EXPLORE,&hellip;<\/p>\n","protected":false},"author":3,"featured_media":0,"parent":0,"menu_order":0,"comment_status":"closed","ping_status":"closed","template":"","meta":{"footnotes":""},"yoast_head":"<!-- This site is optimized with the Yoast SEO plugin v17.7.1 - https:\/\/yoast.com\/wordpress\/plugins\/seo\/ -->\n<title>SOCIETY ARCHIPELAGO AND TUAMOTU CRUISE - Croisi\u00e8re Tahiti catamaran location voile et plong\u00e9e charter skipper \u00e0 Tahiti<\/title>\n<meta name=\"description\" content=\"Tuamotu Cruise - Leeward Islands - Tahiti Catamaran Cruise - CATAMARAN RENTAL WITH SKIPPER AND HOSTESS\" \/>\n<meta name=\"robots\" content=\"index, follow, max-snippet:-1, max-image-preview:large, max-video-preview:-1\" \/>\n<link rel=\"canonical\" href=\"https:\/\/tahitisailanddive.com\/en\/tuamotu-cruise-leeward-islands\/\" \/>\n<meta property=\"og:locale\" content=\"en_US\" \/>\n<meta property=\"og:type\" content=\"article\" \/>\n<meta property=\"og:title\" content=\"SOCIETY ARCHIPELAGO AND TUAMOTU CRUISE - Croisi\u00e8re Tahiti catamaran location voile et plong\u00e9e charter skipper \u00e0 Tahiti\" \/>\n<meta property=\"og:description\" content=\"Tuamotu Cruise - Leeward Islands - Tahiti Catamaran Cruise - CATAMARAN RENTAL WITH SKIPPER AND HOSTESS\" \/>\n<meta property=\"og:url\" content=\"https:\/\/tahitisailanddive.com\/en\/tuamotu-cruise-leeward-islands\/\" \/>\n<meta property=\"og:site_name\" content=\"Croisi\u00e8re Tahiti catamaran location voile et plong\u00e9e charter skipper \u00e0 Tahiti\" \/>\n<meta property=\"article:publisher\" content=\"https:\/\/fr-fr.facebook.com\/people\/Tahitisailanddive-Sailanddive\/100007454959306\" \/>\n<meta property=\"article:modified_time\" content=\"2024-05-05T10:21:11+00:00\" \/>\n<meta property=\"og:image\" content=\"https:\/\/tahitisailanddive.com\/wp-content\/uploads\/2016\/06\/croisiere-tahiti-tuamotu-iles-vent-catamaran.jpg\" \/>\n<meta name=\"twitter:label1\" content=\"Est. reading time\" \/>\n\t<meta name=\"twitter:data1\" content=\"4 minutes\" \/>\n<script type=\"application\/ld+json\" class=\"yoast-schema-graph\">{\"@context\":\"https:\/\/schema.org\",\"@graph\":[{\"@type\":\"WebSite\",\"@id\":\"https:\/\/tahitisailanddive.com\/#website\",\"url\":\"https:\/\/tahitisailanddive.com\/\",\"name\":\"Croisi\\u00e8re Tahiti catamaran location voile et plong\\u00e9e charter skipper \\u00e0 Tahiti\",\"description\":\"Croisi\\u00e8re Tahiti en catamaran. Venez admirer Tahiti en croisi\\u00e8re sur nos catamarans, voile et plong\\u00e9e \\u00e0 : Tahiti, Moorea, Bora Bora, Rangiroa, Fakarava, Tetiaora\\u2026\",\"potentialAction\":[{\"@type\":\"SearchAction\",\"target\":{\"@type\":\"EntryPoint\",\"urlTemplate\":\"https:\/\/tahitisailanddive.com\/?s={search_term_string}\"},\"query-input\":\"required name=search_term_string\"}],\"inLanguage\":\"en-US\"},{\"@type\":\"ImageObject\",\"@id\":\"https:\/\/tahitisailanddive.com\/en\/tuamotu-cruise-leeward-islands\/#primaryimage\",\"inLanguage\":\"en-US\",\"url\":\"https:\/\/tahitisailanddive.com\/wp-content\/uploads\/2016\/06\/croisiere-tahiti-tuamotu-iles-vent-catamaran.jpg\",\"contentUrl\":\"https:\/\/tahitisailanddive.com\/wp-content\/uploads\/2016\/06\/croisiere-tahiti-tuamotu-iles-vent-catamaran.jpg\",\"width\":800,\"height\":561,\"caption\":\"croisiere-tahiti-tuamotu-iles-vent-catamaran\"},{\"@type\":\"WebPage\",\"@id\":\"https:\/\/tahitisailanddive.com\/en\/tuamotu-cruise-leeward-islands\/#webpage\",\"url\":\"https:\/\/tahitisailanddive.com\/en\/tuamotu-cruise-leeward-islands\/\",\"name\":\"SOCIETY ARCHIPELAGO AND TUAMOTU CRUISE - Croisi\\u00e8re Tahiti catamaran location voile et plong\\u00e9e charter skipper \\u00e0 Tahiti\",\"isPartOf\":{\"@id\":\"https:\/\/tahitisailanddive.com\/#website\"},\"primaryImageOfPage\":{\"@id\":\"https:\/\/tahitisailanddive.com\/en\/tuamotu-cruise-leeward-islands\/#primaryimage\"},\"datePublished\":\"2016-06-23T14:42:14+00:00\",\"dateModified\":\"2024-05-05T10:21:11+00:00\",\"description\":\"Tuamotu Cruise - Leeward Islands - Tahiti Catamaran Cruise - CATAMARAN RENTAL WITH SKIPPER AND HOSTESS\",\"breadcrumb\":{\"@id\":\"https:\/\/tahitisailanddive.com\/en\/tuamotu-cruise-leeward-islands\/#breadcrumb\"},\"inLanguage\":\"en-US\",\"potentialAction\":[{\"@type\":\"ReadAction\",\"target\":[\"https:\/\/tahitisailanddive.com\/en\/tuamotu-cruise-leeward-islands\/\"]}]},{\"@type\":\"BreadcrumbList\",\"@id\":\"https:\/\/tahitisailanddive.com\/en\/tuamotu-cruise-leeward-islands\/#breadcrumb\",\"itemListElement\":[{\"@type\":\"ListItem\",\"position\":1,\"name\":\"Accueil\",\"item\":\"https:\/\/tahitisailanddive.com\/en\/\"},{\"@type\":\"ListItem\",\"position\":2,\"name\":\"Tuamotu Cruise &#8211; Leeward Islands\"}]}]}<\/script>\n<!-- \/ Yoast SEO plugin. -->","yoast_head_json":{"title":"SOCIETY ARCHIPELAGO AND TUAMOTU CRUISE - Croisi\u00e8re Tahiti catamaran location voile et plong\u00e9e charter skipper \u00e0 Tahiti","description":"Tuamotu Cruise - Leeward Islands - Tahiti Catamaran Cruise - CATAMARAN RENTAL WITH SKIPPER AND HOSTESS","robots":{"index":"index","follow":"follow","max-snippet":"max-snippet:-1","max-image-preview":"max-image-preview:large","max-video-preview":"max-video-preview:-1"},"canonical":"https:\/\/tahitisailanddive.com\/en\/tuamotu-cruise-leeward-islands\/","og_locale":"en_US","og_type":"article","og_title":"SOCIETY ARCHIPELAGO AND TUAMOTU CRUISE - Croisi\u00e8re Tahiti catamaran location voile et plong\u00e9e charter skipper \u00e0 Tahiti","og_description":"Tuamotu Cruise - Leeward Islands - Tahiti Catamaran Cruise - CATAMARAN RENTAL WITH SKIPPER AND HOSTESS","og_url":"https:\/\/tahitisailanddive.com\/en\/tuamotu-cruise-leeward-islands\/","og_site_name":"Croisi\u00e8re Tahiti catamaran location voile et plong\u00e9e charter skipper \u00e0 Tahiti","article_publisher":"https:\/\/fr-fr.facebook.com\/people\/Tahitisailanddive-Sailanddive\/100007454959306","article_modified_time":"2024-05-05T10:21:11+00:00","og_image":[{"url":"https:\/\/tahitisailanddive.com\/wp-content\/uploads\/2016\/06\/croisiere-tahiti-tuamotu-iles-vent-catamaran.jpg"}],"twitter_misc":{"Est. reading time":"4 minutes"},"schema":{"@context":"https:\/\/schema.org","@graph":[{"@type":"WebSite","@id":"https:\/\/tahitisailanddive.com\/#website","url":"https:\/\/tahitisailanddive.com\/","name":"Croisi\u00e8re Tahiti catamaran location voile et plong\u00e9e charter skipper \u00e0 Tahiti","description":"Croisi\u00e8re Tahiti en catamaran. Venez admirer Tahiti en croisi\u00e8re sur nos catamarans, voile et plong\u00e9e \u00e0 : Tahiti, Moorea, Bora Bora, Rangiroa, Fakarava, Tetiaora\u2026","potentialAction":[{"@type":"SearchAction","target":{"@type":"EntryPoint","urlTemplate":"https:\/\/tahitisailanddive.com\/?s={search_term_string}"},"query-input":"required name=search_term_string"}],"inLanguage":"en-US"},{"@type":"ImageObject","@id":"https:\/\/tahitisailanddive.com\/en\/tuamotu-cruise-leeward-islands\/#primaryimage","inLanguage":"en-US","url":"https:\/\/tahitisailanddive.com\/wp-content\/uploads\/2016\/06\/croisiere-tahiti-tuamotu-iles-vent-catamaran.jpg","contentUrl":"https:\/\/tahitisailanddive.com\/wp-content\/uploads\/2016\/06\/croisiere-tahiti-tuamotu-iles-vent-catamaran.jpg","width":800,"height":561,"caption":"croisiere-tahiti-tuamotu-iles-vent-catamaran"},{"@type":"WebPage","@id":"https:\/\/tahitisailanddive.com\/en\/tuamotu-cruise-leeward-islands\/#webpage","url":"https:\/\/tahitisailanddive.com\/en\/tuamotu-cruise-leeward-islands\/","name":"SOCIETY ARCHIPELAGO AND TUAMOTU CRUISE - Croisi\u00e8re Tahiti catamaran location voile et plong\u00e9e charter skipper \u00e0 Tahiti","isPartOf":{"@id":"https:\/\/tahitisailanddive.com\/#website"},"primaryImageOfPage":{"@id":"https:\/\/tahitisailanddive.com\/en\/tuamotu-cruise-leeward-islands\/#primaryimage"},"datePublished":"2016-06-23T14:42:14+00:00","dateModified":"2024-05-05T10:21:11+00:00","description":"Tuamotu Cruise - Leeward Islands - Tahiti Catamaran Cruise - CATAMARAN RENTAL WITH SKIPPER AND HOSTESS","breadcrumb":{"@id":"https:\/\/tahitisailanddive.com\/en\/tuamotu-cruise-leeward-islands\/#breadcrumb"},"inLanguage":"en-US","potentialAction":[{"@type":"ReadAction","target":["https:\/\/tahitisailanddive.com\/en\/tuamotu-cruise-leeward-islands\/"]}]},{"@type":"BreadcrumbList","@id":"https:\/\/tahitisailanddive.com\/en\/tuamotu-cruise-leeward-islands\/#breadcrumb","itemListElement":[{"@type":"ListItem","position":1,"name":"Accueil","item":"https:\/\/tahitisailanddive.com\/en\/"},{"@type":"ListItem","position":2,"name":"Tuamotu Cruise &#8211; Leeward Islands"}]}]}},"_links":{"self":[{"href":"https:\/\/tahitisailanddive.com\/en\/wp-json\/wp\/v2\/pages\/4064"}],"collection":[{"href":"https:\/\/tahitisailanddive.com\/en\/wp-json\/wp\/v2\/pages"}],"about":[{"href":"https:\/\/tahitisailanddive.com\/en\/wp-json\/wp\/v2\/types\/page"}],"author":[{"embeddable":true,"href":"https:\/\/tahitisailanddive.com\/en\/wp-json\/wp\/v2\/users\/3"}],"replies":[{"embeddable":true,"href":"https:\/\/tahitisailanddive.com\/en\/wp-json\/wp\/v2\/comments?post=4064"}],"version-history":[{"count":34,"href":"https:\/\/tahitisailanddive.com\/en\/wp-json\/wp\/v2\/pages\/4064\/revisions"}],"predecessor-version":[{"id":6537,"href":"https:\/\/tahitisailanddive.com\/en\/wp-json\/wp\/v2\/pages\/4064\/revisions\/6537"}],"wp:attachment":[{"href":"https:\/\/tahitisailanddive.com\/en\/wp-json\/wp\/v2\/media?parent=4064"}],"curies":[{"name":"wp","href":"https:\/\/api.w.org\/{rel}","templated":true}]}}