{"id":4055,"date":"2014-12-02T09:25:09","date_gmt":"2014-12-02T08:25:09","guid":{"rendered":"http:\/\/tahitisailanddive.com\/croisieres-catamaran-tahiti\/"},"modified":"2025-07-10T20:53:53","modified_gmt":"2025-07-11T06:53:53","slug":"tahiti-catamaran-cruises","status":"publish","type":"page","link":"https:\/\/tahitisailanddive.com\/en\/tahiti-catamaran-cruises\/","title":{"rendered":"Catamaran Cruises Tahiti"},"content":{"rendered":"[vc_row css=&#8221;.vc_custom_1466672174094{margin-top: -20px !important;}&#8221;][vc_column typography_style=&#8221;white-shadow&#8221; css=&#8221;.vc_custom_1466672704508{padding-top: 30px !important;}&#8221;][vc_column_text css_animation=&#8221;left-to-right&#8221;]\n<h1 style=\"text-align: left;\"><span style=\"font-family: Open Sans; font-size: 32px; color: #ffffff;\"> <em><span style=\"font-family: georgia,palatino;\"><span style=\"font-size: 56px; line-height: 0.7em;\"> Choose<\/span><br \/>\n<span style=\"font-size: 48px; line-height: 0.7em;\"> <\/span><\/span><\/em><span style=\"font-family: georgia,palatino;\"><span style=\"font-size: 52px; line-height: 0.7em;\"><span style=\"font-family: Open Sans;\">your cruise in Tahiti:<\/span><\/span><\/span><em><span style=\"font-family: georgia,palatino;\"><br \/>\n<span style=\"font-size: 44px; line-height: 0.7em;\"> themed, <\/span><\/span> <span style=\"font-size: 48px; line-height: 0.7em; font-family: georgia,palatino;\">or your choice&#8230;<\/span><\/em><br \/>\n<\/span><\/h1>\n[\/vc_column_text][\/vc_column][\/vc_row][vc_row][vc_column width=&#8221;1\/2&#8243; css_animation=&#8221;left-to-right&#8221;][vc_cta h2=&#8221;TAHITI CRUISE &gt; SOCIETY ARCHIPELAGO AND TUAMOTU&#8221; txt_align=&#8221;center&#8221; shape=&#8221;square&#8221; css=&#8221;.vc_custom_1714900983927{background-color: rgba(255,255,255,0.75) !important;*background-color: rgb(255,255,255) !important;border-radius: 5px !important;}&#8221;]\n<p style=\"text-align: center;\"><a href=\"https:\/\/tahitisailanddive.com\/en\/society-archipelago-and-tuamotu\/\"><span style=\"color: #0489c1;\"><strong><img loading=\"lazy\" decoding=\"async\" class=\"aligncenter size-medium wp-image-2380\" src=\"https:\/\/tahitisailanddive.com\/wp-content\/uploads\/2014\/12\/croisiere-a-la-carte-300x200.jpg\" alt=\"cruise-a-la-carte\" width=\"300\" height=\"200\" srcset=\"https:\/\/tahitisailanddive.com\/wp-content\/uploads\/2014\/12\/croisiere-a-la-carte-300x200.jpg 300w, https:\/\/tahitisailanddive.com\/wp-content\/uploads\/2014\/12\/croisiere-a-la-carte.jpg 600w\" sizes=\"(max-width: 300px) 100vw, 300px\" \/><\/strong><\/span><\/a><\/p>\n<p style=\"text-align: center;\"><span style=\"color: #0489c1;\"><strong><span style=\"font-size: 21px;\">Sailing and diving cruise<br \/>\nRangiroa &#8211; Tuamotu<\/span><br \/>\n<\/strong><span style=\"color: #333333;\">CATAMARAN RENTAL WITH SKIPPER AND HOSTESS<br \/>\n<span style=\"color: #0489c1; font-size: 18px;\"><strong>Tour 20 days<\/strong><\/span><\/span><\/span><\/p>\n[\/vc_cta][\/vc_column][vc_column width=&#8221;1\/2&#8243; css_animation=&#8221;right-to-left&#8221;][vc_cta h2=&#8221;TAHITI CRUISE &gt; WINDOW AND LEEWARD ISLANDS&#8221; txt_align=&#8221;center&#8221; shape=&#8221;square&#8221; css=&#8221;.vc_custom_1538584402914{background-color: rgba(255,255,255,0.75) !important;*background-color: rgb(255,255,255) !important;border-radius: 5px !important;}&#8221;]\n<p style=\"text-align: center;\"><strong><a href=\"https:\/\/tahitisailanddive.com\/en\/windward-and-leeward-islands-cruise\/\"><img loading=\"lazy\" decoding=\"async\" class=\"size-medium wp-image-2365 aligncenter\" src=\"https:\/\/tahitisailanddive.com\/wp-content\/uploads\/2014\/12\/Ilessouslevent-croisiere-catamaran-300x200.jpg\" alt=\"Leeward-Islands-cruise-catamaran\" width=\"300\" height=\"200\" srcset=\"https:\/\/tahitisailanddive.com\/wp-content\/uploads\/2014\/12\/Ilessouslevent-croisiere-catamaran-300x200.jpg 300w, https:\/\/tahitisailanddive.com\/wp-content\/uploads\/2014\/12\/Ilessouslevent-croisiere-catamaran.jpg 600w\" sizes=\"(max-width: 300px) 100vw, 300px\" \/><\/a><\/strong><\/p>\n<p style=\"text-align: center;\"><span style=\"font-size: 21px;\"><a href=\"https:\/\/tahitisailanddive.com\/en\/windward-and-leeward-islands-cruise\/\"><span style=\"color: #0489c1;\"><strong>Cruise Tahiti \/ Moorea \/ Huahine \/<br \/>\nRaiatea \/ Taha\u2019a \/ Bora Bora<\/strong><\/span><\/a><\/span><br \/>\nCATAMARAN RENTAL WITH SKIPPER AND HOSTESS<br \/>\n<span style=\"font-size: 18px; color: #0489c1;\"><strong>7 day tour<\/strong><\/span><\/p>\n[\/vc_cta][\/vc_column][\/vc_row][vc_row][vc_column width=&#8221;1\/2&#8243; css_animation=&#8221;left-to-right&#8221;][vc_cta h2=&#8221;CROISI\u00c8RE TUAMOTU &#8211; RANGIROA &#8211; TIKEHAU&#8221; txt_align=&#8221;center&#8221; shape=&#8221;square&#8221; css=&#8221;.vc_custom_1752216365311{background-color: rgba(255,255,255,0.75) !important;*background-color: rgb(255,255,255) !important;border-radius: 5px !important;}&#8221;]<strong><a href=\"https:\/\/tahitisailanddive.com\/en\/tahiti-catamaran-cruise-sail-and-diving-tuamotu-rangirao-tikehau\/\"><img loading=\"lazy\" decoding=\"async\" class=\"aligncenter wp-image-2170 size-medium\" src=\"https:\/\/tahitisailanddive.com\/wp-content\/uploads\/2016\/06\/croisiere-tahiti-plongee-tortue-3-300x200.jpg\" alt=\"cruise-tahiti-turtle-diving-3\" width=\"300\" height=\"200\" srcset=\"https:\/\/tahitisailanddive.com\/wp-content\/uploads\/2016\/06\/croisiere-tahiti-plongee-tortue-3-300x200.jpg 300w, https:\/\/tahitisailanddive.com\/wp-content\/uploads\/2016\/06\/croisiere-tahiti-plongee-tortue-3.jpg 600w\" sizes=\"(max-width: 300px) 100vw, 300px\" \/><\/a><\/strong><\/p>\n<p style=\"text-align: center;\"><span style=\"font-size: 21px; color: #0089be;\"><a style=\"color: #0089be;\" href=\"https:\/\/tahitisailanddive.com\/en\/tahiti-catamaran-cruise-sail-and-diving-tuamotu-rangirao-tikehau\/\"><strong>Sailing and Diving Cruise<br \/>\nRangiroa Tuamotu<\/strong><\/a><\/span><br \/>\nCATAMARAN RENTAL WITH SKIPPER AND HOSTESS<br \/>\n<span style=\"font-size: 18px; color: #0089be;\"><strong>7 day tour<\/strong><\/span><\/p>\n[\/vc_cta][\/vc_column][vc_column width=&#8221;1\/2&#8243; css_animation=&#8221;right-to-left&#8221;][vc_cta h2=&#8221;CRUISE &#8220;TAHITI OF YOUR CHOICE&#8220;&#8221; txt_align=&#8221;center&#8221; shape=&#8221;square&#8221; css=&#8221;.vc_custom_1752216425061{background-color: rgba(255,255,255,0.75) !important;*background-color: rgb(255,255,255) !important;border-radius: 5px !important;}&#8221;]<strong><a href=\"https:\/\/tahitisailanddive.com\/en\/on-demand-cruise-in-tahiti\/\"><img loading=\"lazy\" decoding=\"async\" class=\"aligncenter wp-image-2380 size-medium\" src=\"https:\/\/tahitisailanddive.com\/wp-content\/uploads\/2014\/12\/croisiere-a-la-carte-300x200.jpg\" alt=\"cruise-a-la-carte\" width=\"300\" height=\"200\" srcset=\"https:\/\/tahitisailanddive.com\/wp-content\/uploads\/2014\/12\/croisiere-a-la-carte-300x200.jpg 300w, https:\/\/tahitisailanddive.com\/wp-content\/uploads\/2014\/12\/croisiere-a-la-carte.jpg 600w\" sizes=\"(max-width: 300px) 100vw, 300px\" \/><\/a><\/strong><\/p>\n<p style=\"text-align: center;\"><span style=\"font-size: 21px; color: #0089be;\"><a style=\"color: #0089be;\" href=\"https:\/\/tahitisailanddive.com\/en\/on-demand-cruise-in-tahiti\/\"><strong>Be the inventor of cruising<br \/>\nof your dreams\u2026<\/strong><\/a><\/span><\/p>\n[\/vc_cta][\/vc_column][\/vc_row][vc_row][vc_column typography_style=&#8221;white-shadow&#8221;][vc_column_text]\n<h1 style=\"text-align: center;\"><span style=\"color: #ffffff;\"><em><span style=\"font-size: 44px; font-family: georgia,palatino; line-height: 0.9em;\">Feeling of total freedom&#8230;<\/span><\/em><\/span><\/h1>\n<h1 style=\"text-align: center;\"><span style=\"font-size: 40px; color: #ffffff; line-height: 0.9em;\">Explore the magic of Polynesia with us<br \/>\n<em><span style=\"font-size: 36px; font-family: georgia,palatino;\">in complete immersion in authentic Tahiti&#8230;<\/span><\/em><\/span><\/h1>\n[\/vc_column_text][\/vc_column][\/vc_row][vc_row css=&#8221;.vc_custom_1467493517611{background-color: rgba(255,255,255,0.8) !important;*background-color: rgb(255,255,255) !important;border-radius: 5px !important;}&#8221;][vc_column][vc_column_text]\n<h2 style=\"text-align: justify;\">Very attentive to the quality of our cruises and your comfort throughout your stay, we offer you \u201cthemed\u201d cruises with circuits from <strong>Tahiti<\/strong> and its islands that we have already traveled to atolls which, we are certain, will offer you the best sailing and diving spots!<\/h2>\n<h2 style=\"text-align: justify;\">You can choose to charter one of <a href=\"https:\/\/tahitisailanddive.com\/en\/tahiti-catamaran-cruises-fleet\/\">our catamarans<\/a> with just a skipper or a skipper assisted by a hostess who will take care of all your personal needs as well as cooking and cleaning. Our crews have expert knowledge of <a href=\"https:\/\/tahitisailanddive.com\/en\/tahiti-and-its-islands\/\">Tahiti and its islands<\/a>, they will be your guides in the lagoons or on land to introduce you to or deepen Polynesian culture.<\/h2>\n<h2 style=\"text-align: justify;\">If you are already familiar with Tahiti and its islands, <strong>Tahiti Sail And dive<\/strong> also offers you the opportunity to create your own cruise \u201c <a href=\"https:\/\/tahitisailanddive.com\/en\/on-demand-cruise-in-tahiti\/\">your selection<\/a> , catamaran cruise that we can define together for new routes, and thus meet all of your vacation wishes (sailing, diving, authentic stopovers, relaxing in preserved and magnificent atolls, kitesurfing spots, etc.).<\/h2>\n<h1 style=\"text-align: center;\"><span class=\"HwtZe\" lang=\"en\" style=\"font-size: 28px; color: #0089be;\"><span class=\"jCAhz ChMk0b\"><span class=\"ryNqvb\">Each of our cruises aboard our catamarans will be<br \/>\na wonderful human adventure in Polynesia<br \/>\nfor you and your loved ones!<\/span><\/span><\/span><\/h1>\n[\/vc_column_text][\/vc_column][\/vc_row][vc_row][vc_column][vc_separator][\/vc_column][\/vc_row][vc_row][vc_column][vc_column_text]\n<p style=\"text-align: center;\"><span style=\"color: #ffffff;\"><strong>The photos and programs presented on www.tahitisailanddive.com are non-contractual and subject to modification without notice.<\/strong><\/span><\/p>\n[\/vc_column_text][\/vc_column][\/vc_row]\n","protected":false},"excerpt":{"rendered":"<p>[vc_row css=&#8221;.vc_custom_1466672174094{margin-top: -20px !important;}&#8221;][vc_column typography_style=&#8221;white-shadow&#8221; css=&#8221;.vc_custom_1466672704508{padding-top: 30px !important;}&#8221;][vc_column_text css_animation=&#8221;left-to-right&#8221;] Choose your cruise in Tahiti: themed, or your choice&#8230; [\/vc_column_text][\/vc_column][\/vc_row][vc_row][vc_column width=&#8221;1\/2&#8243; css_animation=&#8221;left-to-right&#8221;][vc_cta h2=&#8221;TAHITI CRUISE &gt; SOCIETY ARCHIPELAGO AND TUAMOTU&#8221; txt_align=&#8221;center&#8221; shape=&#8221;square&#8221; css=&#8221;.vc_custom_1714900983927{background-color: rgba(255,255,255,0.75) !important;*background-color: rgb(255,255,255) !important;border-radius: 5px !important;}&#8221;] Sailing and diving&hellip;<\/p>\n","protected":false},"author":2,"featured_media":0,"parent":0,"menu_order":0,"comment_status":"closed","ping_status":"open","template":"","meta":{"footnotes":""},"yoast_head":"<!-- This site is optimized with the Yoast SEO plugin v17.7.1 - https:\/\/yoast.com\/wordpress\/plugins\/seo\/ -->\n<title>Catamaran Cruises Tahiti - Croisi\u00e8re Tahiti catamaran location voile et plong\u00e9e charter skipper \u00e0 Tahiti<\/title>\n<meta name=\"description\" content=\"Catamaran cruise Tahiti, Tuamotu, Rangiroa, Tikehau, Windward Islands, Leeward Islands, humpback whale safari cruise, catamotel package and Tahiti diving\" \/>\n<meta name=\"robots\" content=\"index, follow, max-snippet:-1, max-image-preview:large, max-video-preview:-1\" \/>\n<link rel=\"canonical\" href=\"https:\/\/tahitisailanddive.com\/en\/tahiti-catamaran-cruises\/\" \/>\n<meta property=\"og:locale\" content=\"en_US\" \/>\n<meta property=\"og:type\" content=\"article\" \/>\n<meta property=\"og:title\" content=\"Catamaran Cruises Tahiti - Croisi\u00e8re Tahiti catamaran location voile et plong\u00e9e charter skipper \u00e0 Tahiti\" \/>\n<meta property=\"og:description\" content=\"Catamaran cruise Tahiti, Tuamotu, Rangiroa, Tikehau, Windward Islands, Leeward Islands, humpback whale safari cruise, catamotel package and Tahiti diving\" \/>\n<meta property=\"og:url\" content=\"https:\/\/tahitisailanddive.com\/en\/tahiti-catamaran-cruises\/\" \/>\n<meta property=\"og:site_name\" content=\"Croisi\u00e8re Tahiti catamaran location voile et plong\u00e9e charter skipper \u00e0 Tahiti\" \/>\n<meta property=\"article:publisher\" content=\"https:\/\/fr-fr.facebook.com\/people\/Tahitisailanddive-Sailanddive\/100007454959306\" \/>\n<meta property=\"article:modified_time\" content=\"2025-07-11T06:53:53+00:00\" \/>\n<meta property=\"og:image\" content=\"https:\/\/tahitisailanddive.com\/wp-content\/uploads\/2014\/12\/croisiere-a-la-carte-300x200.jpg\" \/>\n<meta name=\"twitter:label1\" content=\"Est. reading time\" \/>\n\t<meta name=\"twitter:data1\" content=\"3 minutes\" \/>\n<script type=\"application\/ld+json\" class=\"yoast-schema-graph\">{\"@context\":\"https:\/\/schema.org\",\"@graph\":[{\"@type\":\"WebSite\",\"@id\":\"https:\/\/tahitisailanddive.com\/#website\",\"url\":\"https:\/\/tahitisailanddive.com\/\",\"name\":\"Croisi\\u00e8re Tahiti catamaran location voile et plong\\u00e9e charter skipper \\u00e0 Tahiti\",\"description\":\"Croisi\\u00e8re Tahiti en catamaran. Venez admirer Tahiti en croisi\\u00e8re sur nos catamarans, voile et plong\\u00e9e \\u00e0 : Tahiti, Moorea, Bora Bora, Rangiroa, Fakarava, Tetiaora\\u2026\",\"potentialAction\":[{\"@type\":\"SearchAction\",\"target\":{\"@type\":\"EntryPoint\",\"urlTemplate\":\"https:\/\/tahitisailanddive.com\/?s={search_term_string}\"},\"query-input\":\"required name=search_term_string\"}],\"inLanguage\":\"en-US\"},{\"@type\":\"ImageObject\",\"@id\":\"https:\/\/tahitisailanddive.com\/en\/tahiti-catamaran-cruises\/#primaryimage\",\"inLanguage\":\"en-US\",\"url\":\"https:\/\/tahitisailanddive.com\/wp-content\/uploads\/2014\/12\/croisiere-a-la-carte.jpg\",\"contentUrl\":\"https:\/\/tahitisailanddive.com\/wp-content\/uploads\/2014\/12\/croisiere-a-la-carte.jpg\",\"width\":600,\"height\":400},{\"@type\":\"WebPage\",\"@id\":\"https:\/\/tahitisailanddive.com\/en\/tahiti-catamaran-cruises\/#webpage\",\"url\":\"https:\/\/tahitisailanddive.com\/en\/tahiti-catamaran-cruises\/\",\"name\":\"Catamaran Cruises Tahiti - Croisi\\u00e8re Tahiti catamaran location voile et plong\\u00e9e charter skipper \\u00e0 Tahiti\",\"isPartOf\":{\"@id\":\"https:\/\/tahitisailanddive.com\/#website\"},\"primaryImageOfPage\":{\"@id\":\"https:\/\/tahitisailanddive.com\/en\/tahiti-catamaran-cruises\/#primaryimage\"},\"datePublished\":\"2014-12-02T08:25:09+00:00\",\"dateModified\":\"2025-07-11T06:53:53+00:00\",\"description\":\"Catamaran cruise Tahiti, Tuamotu, Rangiroa, Tikehau, Windward Islands, Leeward Islands, humpback whale safari cruise, catamotel package and Tahiti diving\",\"breadcrumb\":{\"@id\":\"https:\/\/tahitisailanddive.com\/en\/tahiti-catamaran-cruises\/#breadcrumb\"},\"inLanguage\":\"en-US\",\"potentialAction\":[{\"@type\":\"ReadAction\",\"target\":[\"https:\/\/tahitisailanddive.com\/en\/tahiti-catamaran-cruises\/\"]}]},{\"@type\":\"BreadcrumbList\",\"@id\":\"https:\/\/tahitisailanddive.com\/en\/tahiti-catamaran-cruises\/#breadcrumb\",\"itemListElement\":[{\"@type\":\"ListItem\",\"position\":1,\"name\":\"Accueil\",\"item\":\"https:\/\/tahitisailanddive.com\/en\/\"},{\"@type\":\"ListItem\",\"position\":2,\"name\":\"Catamaran Cruises Tahiti\"}]}]}<\/script>\n<!-- \/ Yoast SEO plugin. -->","yoast_head_json":{"title":"Catamaran Cruises Tahiti - Croisi\u00e8re Tahiti catamaran location voile et plong\u00e9e charter skipper \u00e0 Tahiti","description":"Catamaran cruise Tahiti, Tuamotu, Rangiroa, Tikehau, Windward Islands, Leeward Islands, humpback whale safari cruise, catamotel package and Tahiti diving","robots":{"index":"index","follow":"follow","max-snippet":"max-snippet:-1","max-image-preview":"max-image-preview:large","max-video-preview":"max-video-preview:-1"},"canonical":"https:\/\/tahitisailanddive.com\/en\/tahiti-catamaran-cruises\/","og_locale":"en_US","og_type":"article","og_title":"Catamaran Cruises Tahiti - Croisi\u00e8re Tahiti catamaran location voile et plong\u00e9e charter skipper \u00e0 Tahiti","og_description":"Catamaran cruise Tahiti, Tuamotu, Rangiroa, Tikehau, Windward Islands, Leeward Islands, humpback whale safari cruise, catamotel package and Tahiti diving","og_url":"https:\/\/tahitisailanddive.com\/en\/tahiti-catamaran-cruises\/","og_site_name":"Croisi\u00e8re Tahiti catamaran location voile et plong\u00e9e charter skipper \u00e0 Tahiti","article_publisher":"https:\/\/fr-fr.facebook.com\/people\/Tahitisailanddive-Sailanddive\/100007454959306","article_modified_time":"2025-07-11T06:53:53+00:00","og_image":[{"url":"https:\/\/tahitisailanddive.com\/wp-content\/uploads\/2014\/12\/croisiere-a-la-carte-300x200.jpg"}],"twitter_misc":{"Est. reading time":"3 minutes"},"schema":{"@context":"https:\/\/schema.org","@graph":[{"@type":"WebSite","@id":"https:\/\/tahitisailanddive.com\/#website","url":"https:\/\/tahitisailanddive.com\/","name":"Croisi\u00e8re Tahiti catamaran location voile et plong\u00e9e charter skipper \u00e0 Tahiti","description":"Croisi\u00e8re Tahiti en catamaran. Venez admirer Tahiti en croisi\u00e8re sur nos catamarans, voile et plong\u00e9e \u00e0 : Tahiti, Moorea, Bora Bora, Rangiroa, Fakarava, Tetiaora\u2026","potentialAction":[{"@type":"SearchAction","target":{"@type":"EntryPoint","urlTemplate":"https:\/\/tahitisailanddive.com\/?s={search_term_string}"},"query-input":"required name=search_term_string"}],"inLanguage":"en-US"},{"@type":"ImageObject","@id":"https:\/\/tahitisailanddive.com\/en\/tahiti-catamaran-cruises\/#primaryimage","inLanguage":"en-US","url":"https:\/\/tahitisailanddive.com\/wp-content\/uploads\/2014\/12\/croisiere-a-la-carte.jpg","contentUrl":"https:\/\/tahitisailanddive.com\/wp-content\/uploads\/2014\/12\/croisiere-a-la-carte.jpg","width":600,"height":400},{"@type":"WebPage","@id":"https:\/\/tahitisailanddive.com\/en\/tahiti-catamaran-cruises\/#webpage","url":"https:\/\/tahitisailanddive.com\/en\/tahiti-catamaran-cruises\/","name":"Catamaran Cruises Tahiti - Croisi\u00e8re Tahiti catamaran location voile et plong\u00e9e charter skipper \u00e0 Tahiti","isPartOf":{"@id":"https:\/\/tahitisailanddive.com\/#website"},"primaryImageOfPage":{"@id":"https:\/\/tahitisailanddive.com\/en\/tahiti-catamaran-cruises\/#primaryimage"},"datePublished":"2014-12-02T08:25:09+00:00","dateModified":"2025-07-11T06:53:53+00:00","description":"Catamaran cruise Tahiti, Tuamotu, Rangiroa, Tikehau, Windward Islands, Leeward Islands, humpback whale safari cruise, catamotel package and Tahiti diving","breadcrumb":{"@id":"https:\/\/tahitisailanddive.com\/en\/tahiti-catamaran-cruises\/#breadcrumb"},"inLanguage":"en-US","potentialAction":[{"@type":"ReadAction","target":["https:\/\/tahitisailanddive.com\/en\/tahiti-catamaran-cruises\/"]}]},{"@type":"BreadcrumbList","@id":"https:\/\/tahitisailanddive.com\/en\/tahiti-catamaran-cruises\/#breadcrumb","itemListElement":[{"@type":"ListItem","position":1,"name":"Accueil","item":"https:\/\/tahitisailanddive.com\/en\/"},{"@type":"ListItem","position":2,"name":"Catamaran Cruises Tahiti"}]}]}},"_links":{"self":[{"href":"https:\/\/tahitisailanddive.com\/en\/wp-json\/wp\/v2\/pages\/4055"}],"collection":[{"href":"https:\/\/tahitisailanddive.com\/en\/wp-json\/wp\/v2\/pages"}],"about":[{"href":"https:\/\/tahitisailanddive.com\/en\/wp-json\/wp\/v2\/types\/page"}],"author":[{"embeddable":true,"href":"https:\/\/tahitisailanddive.com\/en\/wp-json\/wp\/v2\/users\/2"}],"replies":[{"embeddable":true,"href":"https:\/\/tahitisailanddive.com\/en\/wp-json\/wp\/v2\/comments?post=4055"}],"version-history":[{"count":25,"href":"https:\/\/tahitisailanddive.com\/en\/wp-json\/wp\/v2\/pages\/4055\/revisions"}],"predecessor-version":[{"id":6593,"href":"https:\/\/tahitisailanddive.com\/en\/wp-json\/wp\/v2\/pages\/4055\/revisions\/6593"}],"wp:attachment":[{"href":"https:\/\/tahitisailanddive.com\/en\/wp-json\/wp\/v2\/media?parent=4055"}],"curies":[{"name":"wp","href":"https:\/\/api.w.org\/{rel}","templated":true}]}}